{"id":175,"date":"2023-09-27T19:17:53","date_gmt":"2023-09-27T19:17:53","guid":{"rendered":"https:\/\/www.unioviedo.es\/alama2024\/?page_id=175"},"modified":"2024-03-04T08:48:44","modified_gmt":"2024-03-04T08:48:44","slug":"propuestas-cientificas","status":"publish","type":"page","link":"https:\/\/www.unioviedo.es\/alama2024\/index.php\/programa-cientifico\/propuestas-cientificas\/","title":{"rendered":"Propuestas cient\u00edficas"},"content":{"rendered":"\n<p><strong>Mini simposios<\/strong><\/p>\n\n\n\n<p>Un mini simposio se compone de <strong>una o varias sesiones<\/strong> de <strong>cuatro presentaciones coordinadas<\/strong> sobre un mismo tema con un inter\u00e9s e importancia dentro de los temas de inter\u00e9s del congreso: \u00e1lgebra lineal, an\u00e1lisis matricial y sus aplicaciones. Cada sesi\u00f3n de un mini simposio tendr\u00e1 una duraci\u00f3n de 120 minutos. Cada ponente dispondr\u00e1 de 20 minutos de presentaci\u00f3n y discusi\u00f3n.<\/p>\n\n\n\n<p>Se solicita a los posibles organizadores del mini simposio que env\u00eden una <strong>propuesta<\/strong>, utilizando esta <a href=\"https:\/\/www.unioviedo.es\/alama2024\/wp-content\/uploads\/2023\/10\/epsconf-template-alama2024.zip\">plantilla Zip<\/a>, por correo electr\u00f3nico a la organizaci\u00f3n <strong>del 15 de octubre al 14 de febrero<\/strong> <strong>(extendido hasta el 21 de febrero)<\/strong> con los siguientes datos:<\/p>\n\n\n\n<ul class=\"wp-block-list\">\n<li><strong>Nombre, organizaci\u00f3n y correo electr\u00f3nico<\/strong> de cada uno de los <strong>organizadores<\/strong> (m\u00e1x. 3).<\/li>\n\n\n\n<li><strong>T\u00edtulo<\/strong> y <strong>descripci\u00f3n<\/strong>.&nbsp;<\/li>\n\n\n\n<li>Para cada uno de los <strong>ponentes<\/strong>, Nombre, Organizaci\u00f3n, Correo electr\u00f3nico, T\u00edtulo.<\/li>\n<\/ul>\n\n\n\n<p>Por favor, trate de seguir la regla de mantener el n\u00famero de ponentes un m\u00faltiplo de cuatro.<\/p>\n\n\n\n<p>El <strong>Comit\u00e9 Cient\u00edfico<\/strong> arbitrar\u00e1 todas las propuestas de minisimposios. La notificaci\u00f3n de aceptaci\u00f3n se enviar\u00e1 antes del 14 de marzo de 2023.<\/p>\n\n\n\n<p>Tras la aceptaci\u00f3n, los res\u00famenes de los ponentes, elaborados con la plantilla TeX adecuada de este <a href=\"https:\/\/www.unioviedo.es\/alama2024\/wp-content\/uploads\/2023\/10\/epsconf-template-alama2024.zip\">archivo Zip<\/a>, ser\u00e1n enviados a los organizadores del mini-simposio, quienes los aprobar\u00e1n y los enviar\u00e1n a la organizaci\u00f3n.<\/p>\n\n\n\n<p><strong>Contribuciones individuales<\/strong><\/p>\n\n\n\n<p>Se estudiar\u00e1n las presentaciones en formato de conferencia asociadas a cualquiera de las \u00e1reas relacionadas con el tema del congreso.<\/p>\n\n\n\n<p>El autor que tenga la intenci\u00f3n de presentar una contribuci\u00f3n debe enviar un resumen de una o dos p\u00e1ginas por correo electr\u00f3nico a la organizaci\u00f3n <strong>del 15 de octubre al 14 de febrero (extendido hasta el 21 de febrero)<\/strong>. Deber\u00e1 asimismo utilizar la plantilla TeX que encontrar\u00e1 en este <a href=\"https:\/\/www.unioviedo.es\/alama2024\/wp-content\/uploads\/2023\/10\/epsconf-template-alama2024.zip\">archivo Zip<\/a>.<\/p>\n\n\n\n<p>Las conferencias aceptadas se agrupar\u00e1n en sesiones de 120 minutos, seg\u00fan afinidad de los temas de las conferencias. Cada ponente dispondr\u00e1 de 20 minutos de presentaci\u00f3n y discusi\u00f3n. El <strong>Comit\u00e9 Cient\u00edfico<\/strong> arbitrar\u00e1 todas las propuestas de contribuci\u00f3n individuales. La notificaci\u00f3n de aceptaci\u00f3n se enviar\u00e1 antes del 14 de marzo de 2023.<\/p>\n","protected":false},"excerpt":{"rendered":"<p>Mini simposios Un mini simposio se compone de una o varias sesiones de cuatro presentaciones coordinadas sobre un mismo tema con un inter\u00e9s e importancia dentro de los temas de inter\u00e9s del congreso: \u00e1lgebra lineal, an\u00e1lisis matricial y sus aplicaciones. Cada sesi\u00f3n de un mini simposio tendr\u00e1 una duraci\u00f3n de 120 minutos. Cada ponente dispondr\u00e1 &hellip; <\/p>\n<p class=\"link-more\"><a href=\"https:\/\/www.unioviedo.es\/alama2024\/index.php\/programa-cientifico\/propuestas-cientificas\/\" class=\"more-link\">Leer m\u00e1s<span class=\"screen-reader-text\"> \u00abPropuestas cient\u00edficas\u00bb<\/span><\/a><\/p>\n","protected":false},"author":1,"featured_media":0,"parent":46,"menu_order":0,"comment_status":"closed","ping_status":"closed","template":"","meta":{"footnotes":""},"class_list":["post-175","page","type-page","status-publish","hentry"],"_links":{"self":[{"href":"https:\/\/www.unioviedo.es\/alama2024\/index.php\/wp-json\/wp\/v2\/pages\/175","targetHints":{"allow":["GET"]}}],"collection":[{"href":"https:\/\/www.unioviedo.es\/alama2024\/index.php\/wp-json\/wp\/v2\/pages"}],"about":[{"href":"https:\/\/www.unioviedo.es\/alama2024\/index.php\/wp-json\/wp\/v2\/types\/page"}],"author":[{"embeddable":true,"href":"https:\/\/www.unioviedo.es\/alama2024\/index.php\/wp-json\/wp\/v2\/users\/1"}],"replies":[{"embeddable":true,"href":"https:\/\/www.unioviedo.es\/alama2024\/index.php\/wp-json\/wp\/v2\/comments?post=175"}],"version-history":[{"count":12,"href":"https:\/\/www.unioviedo.es\/alama2024\/index.php\/wp-json\/wp\/v2\/pages\/175\/revisions"}],"predecessor-version":[{"id":291,"href":"https:\/\/www.unioviedo.es\/alama2024\/index.php\/wp-json\/wp\/v2\/pages\/175\/revisions\/291"}],"up":[{"embeddable":true,"href":"https:\/\/www.unioviedo.es\/alama2024\/index.php\/wp-json\/wp\/v2\/pages\/46"}],"wp:attachment":[{"href":"https:\/\/www.unioviedo.es\/alama2024\/index.php\/wp-json\/wp\/v2\/media?parent=175"}],"curies":[{"name":"wp","href":"https:\/\/api.w.org\/{rel}","templated":true}]}}