{"id":302,"date":"2024-04-30T12:51:01","date_gmt":"2024-04-30T12:51:01","guid":{"rendered":"https:\/\/www.unioviedo.es\/alama2024\/?page_id=302"},"modified":"2024-06-12T13:10:07","modified_gmt":"2024-06-12T13:10:07","slug":"programa","status":"publish","type":"page","link":"https:\/\/www.unioviedo.es\/alama2024\/index.php\/programa-cientifico\/programa\/","title":{"rendered":"Programa"},"content":{"rendered":"\n<h3 class=\"wp-block-heading\"><mark style=\"background-color:rgba(0, 0, 0, 0)\" class=\"has-inline-color has-vivid-cyan-blue-color\">Mi\u00e9rcoles, 12 de Junio<\/mark><\/h3>\n\n\n\n<div class=\"wp-block-columns\">\n<table style=\"border-collapse: collapse; width: 100%; height: 190px;\">\n<tbody>\n<tr style=\"height: 20px;\">\n<td style=\"width: 30%; text-align: center; height: 20px;\">9:30-10:00<\/td>\n<td style=\"width: 70%; height: 20px;\">Apertura<\/td>\n<\/tr>\n<tr style=\"height: 20px;\">\n<td style=\"width: 30%; text-align: center; height: 20px;\">10:00-11:00<\/td>\n<td style=\"width: 70%; height: 20px;\">\u201cDQDS Algorithms and High Relative Accuracy Computations\u201d,&nbsp;<strong>Plamen Koev<\/strong><\/td>\n<\/tr>\n<tr style=\"height: 20px;\">\n<td style=\"width: 30%; text-align: center; height: 20px;\">11:00-11:30<\/td>\n<td style=\"width: 70%; height: 20px;\">Coffee Break<\/td>\n<\/tr>\n<tr style=\"height: 20px;\">\n<td style=\"width: 30%; text-align: center; height: 20px;\">11:30-13:10<\/td>\n<td style=\"width: 70%; height: 20px;\"><a href=\"https:\/\/www.unioviedo.es\/alama2024\/wp-content\/uploads\/2024\/06\/Session1.pdf\" target=\"_blank\" rel=\"noopener\">Sesi\u00f3n 1<\/a><\/td>\n<\/tr>\n<tr style=\"height: 10px;\">\n<td style=\"width: 30%; text-align: center; height: 10px;\">&nbsp;<\/td>\n<td style=\"width: 70%; height: 10px;\">&nbsp;<\/td>\n<\/tr>\n<tr style=\"height: 20px;\">\n<td style=\"width: 30%; text-align: center; height: 20px;\">13:30<\/td>\n<td style=\"width: 70%; height: 20px;\">Almuerzo<\/td>\n<\/tr>\n<tr style=\"height: 3px;\">\n<td style=\"width: 30%; text-align: center; height: 20px;\">&nbsp;<\/td>\n<td style=\"width: 70%; height: 20px;\">&nbsp;<\/td>\n<\/tr>\n<tr style=\"height: 20px;\">\n<td style=\"width: 30%; text-align: center; height: 20px;\">15:30-17:00<\/td>\n<td style=\"width: 70%; height: 20px;\"><a href=\"https:\/\/www.unioviedo.es\/alama2024\/wp-content\/uploads\/2024\/06\/Session2.pdf\" target=\"_blank\" rel=\"noopener\">Sesi\u00f3n 2<\/a><\/td>\n<\/tr>\n<tr style=\"height: 20px;\">\n<td style=\"width: 30%; text-align: center; height: 20px;\">17:00-17:30<\/td>\n<td style=\"width: 70%; height: 20px;\">Coffee Break<\/td>\n<\/tr>\n<tr style=\"height: 20px;\">\n<td style=\"width: 30%; text-align: center; height: 20px;\">17:30-19:30<\/td>\n<td style=\"width: 70%; height: 20px;\"><a href=\"https:\/\/www.unioviedo.es\/alama2024\/wp-content\/uploads\/2024\/06\/Session3.pdf\" target=\"_blank\" rel=\"noopener\">Sesi\u00f3n 3<\/a><\/td>\n<\/tr>\n<\/tbody>\n<\/table>\n<\/div>\n<p>&nbsp;<\/p>\n\n\n\n<h3 class=\"wp-block-heading\"><mark style=\"background-color:rgba(0, 0, 0, 0)\" class=\"has-inline-color has-vivid-cyan-blue-color\">Jueves, 13 de Junio<\/mark><\/h3>\n\n\n\n<div class=\"wp-block-columns\">\n<table style=\"border-collapse: collapse; width: 100%; height: 210px;\">\n<tbody>\n<tr style=\"height: 20px;\">\n<td style=\"width: 30%; text-align: center; height: 20px;\">9:30 &#8211; 10:30<\/td>\n<td style=\"width: 70%; height: 20px;\">\u201cRandomized methods for matrix computations\u201d, <strong>Yuji Nakatsukasa<\/strong><\/td>\n<\/tr>\n<tr style=\"height: 20px;\">\n<td style=\"width: 30%; text-align: center; height: 20px;\">10:30 &#8211; 11:00<\/td>\n<td style=\"width: 70%; height: 20px;\">Coffee Break<\/td>\n<\/tr>\n<tr style=\"height: 20px;\">\n<td style=\"width: 30%; text-align: center; height: 20px;\">11:00 &#8211; 13:00<\/td>\n<td style=\"width: 70%; height: 20px;\"><a href=\"https:\/\/www.unioviedo.es\/alama2024\/wp-content\/uploads\/2024\/06\/Session4.pdf\" target=\"_blank\" rel=\"noopener\">Sesi\u00f3n 4<\/a><\/td>\n<\/tr>\n<tr style=\"height: 10px;\">\n<td style=\"width: 30%; text-align: center; height: 10px;\">\u00a0<\/td>\n<td style=\"width: 70%; height: 10px;\">\u00a0<\/td>\n<\/tr>\n<tr style=\"height: 20px;\">\n<td style=\"width: 30%; text-align: center; height: 20px;\">13:30<\/td>\n<td style=\"width: 70%; height: 20px;\">Almuerzo<\/td>\n<\/tr>\n<tr style=\"height: 3px;\">\n<td style=\"width: 30%; text-align: center; height: 20px;\">\u00a0<\/td>\n<td style=\"width: 70%; height: 20px;\">\u00a0<\/td>\n<\/tr>\n<tr style=\"height: 20px;\">\n<td style=\"width: 30%; text-align: center; height: 20px;\">15:30 &#8211; 17:00<\/td>\n<td style=\"width: 70%; height: 20px;\"><a href=\"https:\/\/www.unioviedo.es\/alama2024\/wp-content\/uploads\/2024\/06\/Session5.pdf\" target=\"_blank\" rel=\"noopener\">Sesi\u00f3n 5<\/a><\/td>\n<\/tr>\n<tr style=\"height: 20px;\">\n<td style=\"width: 30%; text-align: center; height: 20px;\">17:00 &#8211; 18:30<\/td>\n<td style=\"width: 70%; height: 20px;\">Reuni\u00f3n de la Red ALAMA<\/td>\n<\/tr>\n<tr style=\"height: 20px;\">\n<td style=\"width: 30%; text-align: center; height: 20px;\">18:30-20:30<\/td>\n<td style=\"width: 70%; height: 20px;\">Visita a Gij\u00f3n (<a href=\"https:\/\/maps.app.goo.gl\/YbJ3gqBo7qZ95Hi4A\">punto de encuentro<\/a> a las 18:00, parada en la Escuela Polit\u00e9cnica de Ingenier\u00eda de Gij\u00f3n a las 18:30)<\/td>\n<\/tr>\n<tr style=\"height: 20px;\">\n<td style=\"width: 30%; text-align: center; height: 20px;\">\u00a0<\/td>\n<td style=\"width: 70%; height: 20px;\">\u00a0<\/td>\n<\/tr>\n<tr style=\"height: 20px;\">\n<td style=\"width: 30%; text-align: center; height: 20px;\">21:30<\/td>\n<td style=\"width: 70%; height: 20px;\">Cena Social &#8211; <a href=\"https:\/\/bellavista-gijon.com\/\" target=\"_blank\" rel=\"noopener\">Restaurante Bellavista<\/a><\/td>\n<\/tr>\n<\/tbody>\n<\/table>\n<\/div>\n<p>\u00a0<\/p>\n\n\n\n<h3 class=\"wp-block-heading\"><mark style=\"background-color:rgba(0, 0, 0, 0)\" class=\"has-inline-color has-vivid-cyan-blue-color\">Viernes, 14 de Junio<\/mark><\/h3>\n\n\n\n<div class=\"wp-block-columns\">\n<table style=\"border-collapse: collapse; width: 100%; height: 100px;\">\n<tbody>\n<tr style=\"height: 20px;\">\n<td style=\"text-align: center; width: 30%; height: 20px;\">9:30\u00a0&#8211;\u00a010:30<\/td>\n<td style=\"width: 70%; height: 20px;\">\u00abChallenges and strategies in ranking aggregation: from fairness to<br \/>computational efficiency\u00bb,<strong> S. Irene D\u00edaz<\/strong><\/td>\n<\/tr>\n<tr style=\"height: 20px;\">\n<td style=\"text-align: center; width: 30%; height: 20px;\">10:30 &#8211; 11:00<\/td>\n<td style=\"width: 70%; height: 20px;\">Coffee Break<\/td>\n<\/tr>\n<tr style=\"height: 20px;\">\n<td style=\"text-align: center; width: 30%; height: 20px;\">11:00 &#8211; 13:00<\/td>\n<td style=\"width: 70%; height: 20px;\"><a href=\"https:\/\/www.unioviedo.es\/alama2024\/wp-content\/uploads\/2024\/06\/Session6.pdf\" target=\"_blank\" rel=\"noopener\">Sesi\u00f3n 6<\/a><\/td>\n<\/tr>\n<tr style=\"height: 20px;\">\n<td style=\"text-align: center; width: 30%; height: 20px;\">\u00a0<\/td>\n<td style=\"width: 70%; height: 20px;\">\u00a0<\/td>\n<\/tr>\n<tr style=\"height: 20px;\">\n<td style=\"text-align: center; width: 30%; height: 20px;\">13:00<\/td>\n<td style=\"width: 70%; height: 20px;\">Cocktail<\/td>\n<\/tr>\n<\/tbody>\n<\/table>\n<\/div>\n<p>\u00a0<\/p>\n","protected":false},"excerpt":{"rendered":"<p>Mi\u00e9rcoles, 12 de Junio 9:30-10:00 Apertura 10:00-11:00 \u201cDQDS Algorithms and High Relative Accuracy Computations\u201d,&nbsp;Plamen Koev 11:00-11:30 Coffee Break 11:30-13:10 Sesi\u00f3n 1 &nbsp; &nbsp; 13:30 Almuerzo &nbsp; &nbsp; 15:30-17:00 Sesi\u00f3n 2 17:00-17:30 Coffee Break 17:30-19:30 Sesi\u00f3n 3 &nbsp; Jueves, 13 de Junio 9:30 &#8211; 10:30 \u201cRandomized methods for matrix computations\u201d, Yuji Nakatsukasa 10:30 &#8211; 11:00 Coffee &hellip; <\/p>\n<p class=\"link-more\"><a href=\"https:\/\/www.unioviedo.es\/alama2024\/index.php\/programa-cientifico\/programa\/\" class=\"more-link\">Leer m\u00e1s<span class=\"screen-reader-text\"> \u00abPrograma\u00bb<\/span><\/a><\/p>\n","protected":false},"author":1,"featured_media":0,"parent":46,"menu_order":0,"comment_status":"closed","ping_status":"closed","template":"","meta":{"footnotes":""},"class_list":["post-302","page","type-page","status-publish","hentry"],"_links":{"self":[{"href":"https:\/\/www.unioviedo.es\/alama2024\/index.php\/wp-json\/wp\/v2\/pages\/302","targetHints":{"allow":["GET"]}}],"collection":[{"href":"https:\/\/www.unioviedo.es\/alama2024\/index.php\/wp-json\/wp\/v2\/pages"}],"about":[{"href":"https:\/\/www.unioviedo.es\/alama2024\/index.php\/wp-json\/wp\/v2\/types\/page"}],"author":[{"embeddable":true,"href":"https:\/\/www.unioviedo.es\/alama2024\/index.php\/wp-json\/wp\/v2\/users\/1"}],"replies":[{"embeddable":true,"href":"https:\/\/www.unioviedo.es\/alama2024\/index.php\/wp-json\/wp\/v2\/comments?post=302"}],"version-history":[{"count":40,"href":"https:\/\/www.unioviedo.es\/alama2024\/index.php\/wp-json\/wp\/v2\/pages\/302\/revisions"}],"predecessor-version":[{"id":495,"href":"https:\/\/www.unioviedo.es\/alama2024\/index.php\/wp-json\/wp\/v2\/pages\/302\/revisions\/495"}],"up":[{"embeddable":true,"href":"https:\/\/www.unioviedo.es\/alama2024\/index.php\/wp-json\/wp\/v2\/pages\/46"}],"wp:attachment":[{"href":"https:\/\/www.unioviedo.es\/alama2024\/index.php\/wp-json\/wp\/v2\/media?parent=302"}],"curies":[{"name":"wp","href":"https:\/\/api.w.org\/{rel}","templated":true}]}}