{"id":47,"date":"2023-05-18T17:27:16","date_gmt":"2023-05-18T17:27:16","guid":{"rendered":"https:\/\/www.unioviedo.es\/alama2024\/?page_id=47"},"modified":"2024-02-07T19:13:40","modified_gmt":"2024-02-07T19:13:40","slug":"informacion-util","status":"publish","type":"page","link":"https:\/\/www.unioviedo.es\/alama2024\/index.php\/informacion-util\/","title":{"rendered":"Informaci\u00f3n \u00fatil"},"content":{"rendered":"\n<h2 class=\"wp-block-heading\">Sede<\/h2>\n\n\n\n<div class=\"wp-block-columns is-layout-flex wp-container-core-columns-is-layout-9d6595d7 wp-block-columns-is-layout-flex\">\n<div class=\"wp-block-column is-layout-flow wp-block-column-is-layout-flow\">\n<h3 class=\"wp-block-heading has-text-align-center\">Escuela Polit\u00e9cnica de Ingenier\u00eda de Gij\u00f3n<\/h3>\n\n\n\n<p class=\"has-text-align-center\">Campus de Gij\u00f3n<br>33203, Gij\u00f3n, Asturias<\/p>\n\n\n\n<figure class=\"wp-block-table is-style-stripes\"><table><tbody><tr><td>GPS<\/td><td>Lat. 43.52438030819107, Lon. -5.635068036523716<\/td><\/tr><tr><td>\ufeff<\/td><td>N 43\u00ba 31&#8242; 27.769\u00bb, W 5\u00ba 38&#8242; 6.244&#8242;<\/td><\/tr><\/tbody><\/table><\/figure>\n<\/div>\n\n\n\n<div class=\"wp-block-column is-layout-flow wp-block-column-is-layout-flow\">\n<iframe src=\"https:\/\/www.google.com\/maps\/embed?pb=!1m14!1m8!1m3!1d11571.720350251366!2d-5.6441063!3d43.5246506!3m2!1i1024!2i768!4f13.1!3m3!1m2!1s0xd367b6b44aee247%3A0x6a4209b2b9c2d12d!2sGij%C3%B3n%20Polytechnic%20School%20of%20Engineering!5e0!3m2!1sen!2ses!4v1707308898247!5m2!1sen!2ses\" width=\"600\" height=\"450\" style=\"border:0;\" allowfullscreen=\"\" loading=\"lazy\" referrerpolicy=\"no-referrer-when-downgrade\"><\/iframe>\n<\/div>\n<\/div>\n\n\n\n<p>\u00bfC\u00f3mo llegar a Gij\u00f3n o al Campus? \u00bfD\u00f3nde alojarse?<\/p>\n\n\n\n<h1 class=\"wp-block-heading\">Traslados<\/h1>\n\n\n\n<h2 class=\"wp-block-heading\">Viajar a Gij\u00f3n<\/h2>\n\n\n\n<p>Se puede encontrar informaci\u00f3n detallada para llegar a la ciudad a trav\u00e9s de la p\u00e1gina web oficial de la&nbsp;<a href=\"http:\/\/en.turismo.gijon.es\/page\/7212-communications\" target=\"_blank\" rel=\"noreferrer noopener\">Oficina de turismo de Gij\u00f3n<\/a>.<\/p>\n\n\n\n<blockquote class=\"wp-block-quote is-layout-flow wp-block-quote-is-layout-flow\">\n<p>Hay vuelos directos conectando varias ciudades europeas con el aeropuerto de Asturias OVD, incluyendo Madrid y Barcelona.<\/p>\n<\/blockquote>\n\n\n\n<h2 class=\"wp-block-heading\">&nbsp;Llegando al Campus:<\/h2>\n\n\n\n<p>Las l\u00edneas 2, 4, 18 de autob\u00fas urbano de la ciudad tienen parada en el lugar de la conferencia. En el mapa adjunto en pdf, aparece con el nombre&nbsp;E.U. Ingenieros T\u00e9cnicos. En la app \u00abGijon EMTUSA\u00bb, es la parada Escuela Politecnica de Ingenieria (P27).<\/p>\n\n\n\n<p><strong>L\u00ednea 2<\/strong>&nbsp;&#8211; El Corte Ingl\u00e9s &#8211; Hospital de Cabue\u00f1es&nbsp;<a href=\"https:\/\/documentos.gijon.es\/doc\/LineasBus\/l2.pdf\" target=\"_blank\" rel=\"noreferrer noopener\">ver ruta<\/a>&nbsp;<\/p>\n\n\n\n<p><strong>L\u00ednea 4<\/strong>&nbsp;&#8211; El Lauredal &#8211; Campus Universitario&nbsp;<a href=\"https:\/\/documentos.gijon.es\/doc\/LineasBus\/l4.pdf\" target=\"_blank\" rel=\"noreferrer noopener\">ver ruta<\/a>&nbsp;<\/p>\n\n\n\n<p><strong>L\u00ednea 18<\/strong>&nbsp;&#8211; Nuevo Gij\u00f3n &#8211; Hospital de Cabue\u00f1es&nbsp;<a href=\"https:\/\/documentos.gijon.es\/doc\/LineasBus\/l18.pdf\" target=\"_blank\" rel=\"noreferrer noopener\">ver ruta<\/a>&nbsp;<\/p>\n\n\n\n<p>La l\u00edneas 1, 15, 26 tienen una parada en la Escuela de Marina, a 10 minutos andando de nuestro edificio.<\/p>\n\n\n\n<p><strong>L\u00ednea 1<\/strong>&nbsp;&#8211; El Cerillero &#8211; Hospital de Cabue\u00f1es&nbsp;<a href=\"https:\/\/documentos.gijon.es\/doc\/LineasBus\/l1.pdf\" target=\"_blank\" rel=\"noreferrer noopener\">ver ruta<\/a>&nbsp;<\/p>\n\n\n\n<p><strong>L\u00ednea 15<\/strong>&nbsp;&#8211; Nuevo Roces &#8211; Hospital de Cabue\u00f1es&nbsp;<a href=\"https:\/\/documentos.gijon.es\/doc\/LineasBus\/l15.pdf\" target=\"_blank\" rel=\"noreferrer noopener\">ver ruta<\/a>&nbsp;<\/p>\n\n\n\n<p><strong>L\u00ednea 26<\/strong>&nbsp;&#8211; Gij\u00f3n &#8211; Deva&nbsp;<a href=\"https:\/\/documentos.gijon.es\/doc\/LineasBus\/l26.pdf\" target=\"_blank\" rel=\"noreferrer noopener\">ver ruta<\/a><\/p>\n\n\n\n<h1 class=\"wp-block-heading\">Alojamiento <\/h1>\n\n\n\n<p>En el municipio de Gij\u00f3n encontrar\u00e1s una amplia oferta de alojamientos de todo tipo.<\/p>\n\n\n\n<p>La Secretar\u00eda T\u00e9cnica del ALAMA2024 ha negociado precios especiales con distintos hoteles en Gij\u00f3n. A continuaci\u00f3n, se encuentra una lista de estos hoteles, a los que agradecemos su disposici\u00f3n. Seg\u00fan vayamos recibiendo nuevas opciones las iremos publicando aqu\u00ed.<\/p>\n\n\n\n<div class=\"wp-block-columns is-layout-flex wp-container-core-columns-is-layout-9d6595d7 wp-block-columns-is-layout-flex\">\n<div class=\"wp-block-column is-layout-flow wp-block-column-is-layout-flow\" style=\"flex-basis:50%\"><div class=\"wp-block-image is-style-default\">\n<figure class=\"aligncenter size-full is-resized\"><img decoding=\"async\" src=\"https:\/\/www.unioviedo.es\/fgs2024\/wp-content\/uploads\/2023\/12\/Zentral_ReyPelayo-edited-1.jpg\" alt=\"\" class=\"wp-image-863\" style=\"width:auto;height:200px\"\/><\/figure>\n<\/div>\n\n\n<h2 class=\"wp-block-heading\">Hotel Zentral Rey Pelayo ****<\/h2>\n\n\n\n<h3 class=\"wp-block-heading\"><strong>Habitaci\u00f3n doble, uso individual<\/strong><\/h3>\n\n\n\n<figure class=\"wp-block-table\"><table><tbody><tr><td>Precio por noche incluyendo desayuno<\/td><td><strong>&nbsp;95 \u20ac<\/strong><\/td><\/tr><\/tbody><\/table><\/figure>\n\n\n\n<p>\u00a0Impuestos incluidos<\/p>\n\n\n\n<h3 class=\"wp-block-heading\">Habitaci\u00f3n doble<\/h3>\n\n\n\n<figure class=\"wp-block-table\"><table><tbody><tr><td>Precio por noche incluyendo desayuno<\/td><td><strong>105&nbsp;\u20ac<\/strong><\/td><\/tr><\/tbody><\/table><\/figure>\n\n\n\n<p>\u00a0Impuestos incluidos<\/p>\n\n\n\n<p><em><strong>Las reservas ser\u00e1n hechas a trav\u00e9s del correo\u00a0<a href=\"mailto:reservas@hotelzentralgijon.com\">reservas@hotelzentralgijon.com<\/a>. Indicar en el correo la referencia ALAMA 2024.<\/strong><\/em><\/p>\n\n\n\n<ul class=\"wp-block-list\">\n<li><strong>Contacto<\/strong><\/li>\n\n\n\n<li>Av. Torcuato Fdez. Miranda, 26. 33203 Gij\u00f3n. Asturias<\/li>\n\n\n\n<li><strong>Tel\u00e9fono<\/strong>: +34985199800<\/li>\n\n\n\n<li><strong>Email<\/strong>:&nbsp;<a href=\"mailto:reservas@hotelzentralgijon.com\">reservas@hotelzentralgijon.com<\/a><\/li>\n<\/ul>\n\n\n\n<p class=\"has-text-align-right\"><a href=\"https:\/\/hotelzentralgijon.com\/\">Web<\/a><\/p>\n<\/div>\n\n\n\n<div class=\"wp-block-column is-layout-flow wp-block-column-is-layout-flow\" style=\"flex-basis:50%\"><div class=\"wp-block-image is-style-default\">\n<figure class=\"aligncenter size-full is-resized\"><img decoding=\"async\" src=\"https:\/\/www.unioviedo.es\/fgs2024\/wp-content\/uploads\/2023\/12\/Abba-playa-Gijon-edited-1.jpg\" alt=\"\" class=\"wp-image-864\" style=\"width:auto;height:200px\"\/><\/figure>\n<\/div>\n\n\n<h2 class=\"wp-block-heading\">Hotel Abba Playa Gij\u00f3n ****<\/h2>\n\n\n\n<h3 class=\"wp-block-heading\">\u00a0Habitaci\u00f3n individual<\/h3>\n\n\n\n<figure class=\"wp-block-table\"><table><tbody><tr><td>Precio por noche incluyendo desayuno<\/td><td><strong>99 \u20ac<\/strong><\/td><\/tr><\/tbody><\/table><\/figure>\n\n\n\n<p>\u00a0Impuestos incluidos<\/p>\n\n\n\n<h3 class=\"wp-block-heading\">Habitaci\u00f3n doble<\/h3>\n\n\n\n<figure class=\"wp-block-table\"><table><tbody><tr><td>Precio por noche incluyendo desayuno<\/td><td><strong>111 \u20ac<\/strong><\/td><\/tr><\/tbody><\/table><\/figure>\n\n\n\n<p>\u00a0Impuestos incluidos<\/p>\n\n\n\n<p><em><strong><em><strong>Las reservas ser\u00e1n hechas a trav\u00e9s del <\/strong><\/em>tel\u00e9fono +34985000000 o del <em><strong>correo<\/strong><\/em>:\u00a0<a href=\"mailto:playagijon@abbahoteles.com\">playagijon@abbahoteles.com<\/a>. <em><strong> Indicar en el correo la referencia ALAMA 2024.<\/strong><\/em><\/strong><\/em><\/p>\n\n\n\n<ul class=\"wp-block-list\">\n<li><strong>Contacto<\/strong><\/li>\n\n\n\n<li>Paseo Dr. Fleming, 37, 33203 Gij\u00f3n, Asturias<\/li>\n\n\n\n<li><strong>Tel\u00e9fono<\/strong>: +34985000000<\/li>\n\n\n\n<li><strong>Email<\/strong>:&nbsp;<a href=\"mailto:playagijon@abbahoteles.com\">playagijon@abbahoteles.com<\/a><\/li>\n<\/ul>\n\n\n\n<p class=\"has-text-align-right\"><a href=\"https:\/\/www.abbahoteles.com\/es\/destinos\/abba-playa-gijon-hotel\/hotel.html\">Web<\/a><\/p>\n<\/div>\n<\/div>\n\n\n\n<div class=\"wp-block-columns is-layout-flex wp-container-core-columns-is-layout-9d6595d7 wp-block-columns-is-layout-flex\">\n<div class=\"wp-block-column is-layout-flow wp-block-column-is-layout-flow\" style=\"flex-basis:50%\"><div class=\"wp-block-image is-style-default\">\n<figure class=\"aligncenter size-full is-resized\"><img decoding=\"async\" src=\"https:\/\/www.unioviedo.es\/fgs2024\/wp-content\/uploads\/2024\/01\/moderne.jpg\" alt=\"\" class=\"wp-image-875\" style=\"width:212px;height:auto\"\/><\/figure>\n<\/div>\n\n\n<h2 class=\"wp-block-heading\">Hotel El M\u00f4derne ****<\/h2>\n\n\n\n<h3 class=\"wp-block-heading\"><strong>Habitaci\u00f3n doble, uso individual o doble<\/strong><\/h3>\n\n\n\n<div class=\"wp-block-columns is-layout-flex wp-container-core-columns-is-layout-9d6595d7 wp-block-columns-is-layout-flex\">\n<div class=\"wp-block-column is-layout-flow wp-block-column-is-layout-flow\" style=\"flex-basis:100%\">\n<figure class=\"wp-block-table\"><table><tbody><tr><td>Precio por noche<\/td><td><strong>&nbsp;80 \u20ac<\/strong><\/td><\/tr><tr><td>Desayuno, por persona y noche<\/td><td><strong>+12\u20ac<\/strong><\/td><\/tr><\/tbody><\/table><\/figure>\n<\/div>\n<\/div>\n\n\n\n<p>Impuestos incluidos<\/p>\n\n\n\n<h3 class=\"wp-block-heading\"><strong>Junior Suite, uso individual o doble<\/strong><\/h3>\n\n\n\n<figure class=\"wp-block-table\"><table><tbody><tr><td>Precio por noche<\/td><td><strong>100&nbsp;\u20ac<\/strong><\/td><\/tr><tr><td>Desayuno, por persona y noche<\/td><td><strong>+12\u20ac<\/strong><\/td><\/tr><\/tbody><\/table><\/figure>\n\n\n\n<p>Impuestos incluidos<\/p>\n\n\n\n<p><strong>La reserva se realizar\u00e1 por correo electr\u00f3nico<\/strong><em><strong>\u00a0<a href=\"mailto:info@elmodernehotel.com\">info@elmodernehotel.com<\/a>. Por favor, referenciar el evento ALAMA2024<\/strong><\/em><\/p>\n\n\n\n<ul class=\"wp-block-list\">\n<li><strong>Contacto<\/strong><\/li>\n\n\n\n<li>Calle Marqu\u00e9s de San Esteban, 27, 33206 Gij\u00f3n. Asturias<\/li>\n\n\n\n<li><strong>Tel\u00e9fono<\/strong>: +34984080809<\/li>\n\n\n\n<li><strong>Email<\/strong>: <a href=\"mailto:info@elmodernehotel.com\">info@elmodernehotel.com<\/a><\/li>\n<\/ul>\n\n\n\n<p class=\"has-text-align-right\"><a href=\"https:\/\/elmodernehotel.com\/\">Web<\/a><\/p>\n<\/div>\n\n\n\n<div class=\"wp-block-column is-layout-flow wp-block-column-is-layout-flow\" style=\"flex-basis:50%\"><div class=\"wp-block-image is-style-default\">\n<figure class=\"aligncenter size-full is-resized\"><img decoding=\"async\" src=\"https:\/\/www.unioviedo.es\/fgs2024\/wp-content\/uploads\/2024\/02\/hotel-numa-gijon-4.webp\" alt=\"\" class=\"wp-image-882\" style=\"width:311px;height:auto\"\/><\/figure>\n<\/div>\n\n\n<h2 class=\"wp-block-heading\">Hotel NUMA ****<\/h2>\n\n\n\n<h3 class=\"wp-block-heading\"><strong>Habitaci\u00f3n doble uso individual<\/strong><\/h3>\n\n\n\n<div class=\"wp-block-columns is-layout-flex wp-container-core-columns-is-layout-9d6595d7 wp-block-columns-is-layout-flex\">\n<div class=\"wp-block-column is-layout-flow wp-block-column-is-layout-flow\" style=\"flex-basis:100%\">\n<figure class=\"wp-block-table\"><table><tbody><tr><td>Precio por noche, desayuno inclu\u00eddo<\/td><td><strong>&nbsp;90 \u20ac<\/strong><\/td><\/tr><\/tbody><\/table><\/figure>\n<\/div>\n<\/div>\n\n\n\n<p>\u00a0<em>Impuestos inclu\u00eddos<\/em><\/p>\n\n\n\n<h3 class=\"wp-block-heading\"><strong>Habitaci\u00f3n doble, uso doble<\/strong><\/h3>\n\n\n\n<figure class=\"wp-block-table\"><table><tbody><tr><td>Precio por noche, desayuno inclu\u00eddo<\/td><td><strong>105&nbsp;\u20ac<\/strong><\/td><\/tr><\/tbody><\/table><\/figure>\n\n\n\n<p>Impuestos incluidos<\/p>\n\n\n\n<p><em><strong>Reserva via correo\u00a0<a href=\"mailto:hotelnuma@bluehoteles.es\">hotelnuma@bluehoteles.es<\/a> o tel\u00e9fono +34 985090099. Por favor, referenciando el evento: ALAMA2024<\/strong><\/em><\/p>\n\n\n\n<ul class=\"wp-block-list\">\n<li><strong>Contacto<\/strong><\/li>\n\n\n\n<li>Calle Carmen, 5-7, 33206 Gij\u00f3n. Asturias<\/li>\n\n\n\n<li><strong>Tel\u00e9fono<\/strong>: +34985090099<\/li>\n\n\n\n<li><strong>Email<\/strong>: <a href=\"mailto:hotelnuma@bluehoteles.es\">hotelnuma@bluehoteles.es<\/a><\/li>\n<\/ul>\n\n\n\n<p class=\"has-text-align-right\"><a href=\"https:\/\/www.bluehoteles.es\/numa\/\">Web<\/a><\/p>\n<\/div>\n<\/div>\n\n\n\n<div class=\"wp-block-columns is-layout-flex wp-container-core-columns-is-layout-9d6595d7 wp-block-columns-is-layout-flex\">\n<div class=\"wp-block-column is-layout-flow wp-block-column-is-layout-flow\" style=\"flex-basis:50%\"><div class=\"wp-block-image is-style-default\">\n<figure class=\"aligncenter size-full is-resized\"><img decoding=\"async\" src=\"https:\/\/www.unioviedo.es\/fgs2024\/wp-content\/uploads\/2024\/02\/HotelMarques-83-683x1024-1.jpg\" alt=\"\" class=\"wp-image-884\" style=\"width:212px;height:auto\"\/><\/figure>\n<\/div>\n\n\n<h2 class=\"wp-block-heading\">Hotel Marqu\u00e9s ***<\/h2>\n\n\n\n<h3 class=\"wp-block-heading\"><strong>Habitaci\u00f3n doble, uso individual<\/strong><\/h3>\n\n\n\n<div class=\"wp-block-columns is-layout-flex wp-container-core-columns-is-layout-9d6595d7 wp-block-columns-is-layout-flex\">\n<div class=\"wp-block-column is-layout-flow wp-block-column-is-layout-flow\" style=\"flex-basis:100%\">\n<figure class=\"wp-block-table\"><table><tbody><tr><td>Precio por noche, desayuno incluido<\/td><td><strong>&nbsp;68 \u20ac<\/strong><\/td><\/tr><\/tbody><\/table><\/figure>\n<\/div>\n<\/div>\n\n\n\n<p>\u00a0<em>Impuestos incluidos<\/em><\/p>\n\n\n\n<h3 class=\"wp-block-heading\"><strong><strong>Habitaci\u00f3n doble, uso<\/strong><\/strong> doble<\/h3>\n\n\n\n<figure class=\"wp-block-table\"><table><tbody><tr><td>Precio por noche, desayuno incluido<\/td><td><strong>79&nbsp;\u20ac<\/strong><\/td><\/tr><\/tbody><\/table><\/figure>\n\n\n\n<p><em>\u00a0<em>Impuestos incluidos<\/em><\/em><\/p>\n\n\n\n<p><em><strong>Las reservas se har\u00e1n a trav\u00e9s de correo electr\u00f3nico\u00a0<a href=\"mailto:hotelmarques@bluehoteles.es\">hotelmarques@bluehoteles.es<\/a><em><strong> o tel\u00e9fono +34 985090929<\/strong><\/em>. Hacer referencia al evento: ALAMA2024<\/strong><\/em><\/p>\n\n\n\n<ul class=\"wp-block-list\">\n<li><strong>Contacto<\/strong><\/li>\n\n\n\n<li>Calle Marqu\u00e9s de San Esteban, 11, 33206 Gij\u00f3n. Asturias<\/li>\n\n\n\n<li><strong>Tel\u00e9fono<\/strong>: +34985090929<\/li>\n\n\n\n<li><strong>Email<\/strong>: <em><strong><a href=\"mailto:hotelmarques@bluehoteles.es\">hotelmarques@bluehoteles.es<\/a><\/strong><\/em><\/li>\n<\/ul>\n\n\n\n<p class=\"has-text-align-right\"><a href=\"https:\/\/www.bluehoteles.es\/marques-de-san-esteban\/\">Web<\/a><\/p>\n<\/div>\n\n\n\n<div class=\"wp-block-column is-layout-flow wp-block-column-is-layout-flow\" style=\"flex-basis:50%\"><div class=\"wp-block-image is-style-default\">\n<figure class=\"aligncenter size-full is-resized\"><img decoding=\"async\" src=\"https:\/\/www.unioviedo.es\/fgs2024\/wp-content\/uploads\/2024\/02\/new-BLUE.-StaRosa-28-1024x683-1.jpg\" alt=\"\" class=\"wp-image-885\" style=\"width:311px;height:auto\"\/><\/figure>\n<\/div>\n\n\n<h2 class=\"wp-block-heading\">Hotel Santa Rosa ***<\/h2>\n\n\n\n<h3 class=\"wp-block-heading\"><strong><strong>Habitaci\u00f3n doble, uso individual<\/strong><\/strong><\/h3>\n\n\n\n<div class=\"wp-block-columns is-layout-flex wp-container-core-columns-is-layout-9d6595d7 wp-block-columns-is-layout-flex\">\n<div class=\"wp-block-column is-layout-flow wp-block-column-is-layout-flow\" style=\"flex-basis:100%\">\n<figure class=\"wp-block-table\"><table><tbody><tr><td>Precio por noche, desayuno incluido<\/td><td><strong>&nbsp;68 \u20ac<\/strong><\/td><\/tr><\/tbody><\/table><\/figure>\n<\/div>\n<\/div>\n\n\n\n<p>\u00a0<em>Impuestos incluidos<\/em><\/p>\n\n\n\n<h3 class=\"wp-block-heading\"><strong><strong><strong>Habitaci\u00f3n doble, uso<\/strong><\/strong> doble<\/strong><\/h3>\n\n\n\n<figure class=\"wp-block-table\"><table><tbody><tr><td>Precio por noche, desayuno incluido<\/td><td><strong>79\u20ac<\/strong><\/td><\/tr><\/tbody><\/table><\/figure>\n\n\n\n<p><em>\u00a0<em>Impuestos incluidos<\/em><\/em><\/p>\n\n\n\n<p><em><strong><em><strong>Las reservas se har\u00e1n a trav\u00e9s de correo electr\u00f3nico<\/strong><\/em>\u00a0<a href=\"mailto:hotelsantarosa@bluehoteles.es\">hotelsantarosa@bluehoteles.es<\/a> <em><strong><em><strong>o tel\u00e9fono<\/strong><\/em><\/strong><\/em> +34 985091919. Hacer referencia al evento: ALAMA2024<\/strong><\/em><\/p>\n\n\n\n<ul class=\"wp-block-list\">\n<li><strong>Contacto<\/strong><\/li>\n\n\n\n<li>Calle Santa Rosa, 4, 33206 Gij\u00f3n. Asturias<\/li>\n\n\n\n<li><strong>Tel\u00e9fono<\/strong>: +34985090099<\/li>\n\n\n\n<li><strong>Email<\/strong>: <a href=\"mailto:hotelsantarosa@bluehoteles.es\">hotelsantarosa@bluehoteles.es<\/a><\/li>\n<\/ul>\n\n\n\n<p class=\"has-text-align-right\"><a href=\"https:\/\/www.bluehoteles.es\/santa-rosa\/\">Web<\/a><\/p>\n<\/div>\n<\/div>\n\n\n\n<div class=\"wp-block-columns is-layout-flex wp-container-core-columns-is-layout-9d6595d7 wp-block-columns-is-layout-flex\">\n<div class=\"wp-block-column is-layout-flow wp-block-column-is-layout-flow\" style=\"flex-basis:50%\"><div class=\"wp-block-image is-style-default\">\n<figure class=\"aligncenter size-full is-resized\"><img decoding=\"async\" src=\"https:\/\/www.unioviedo.es\/fgs2024\/wp-content\/uploads\/2024\/02\/BEgona_Park.jpg\" alt=\"\" class=\"wp-image-888\" style=\"width:275px;height:auto\"\/><\/figure>\n<\/div>\n\n\n<h2 class=\"wp-block-heading\">Hotel Bego\u00f1a Park ****<\/h2>\n\n\n\n<h3 class=\"wp-block-heading\"><strong><strong>Habitaci\u00f3n doble, uso individual<\/strong><\/strong><\/h3>\n\n\n\n<div class=\"wp-block-columns is-layout-flex wp-container-core-columns-is-layout-9d6595d7 wp-block-columns-is-layout-flex\">\n<div class=\"wp-block-column is-layout-flow wp-block-column-is-layout-flow\" style=\"flex-basis:100%\">\n<figure class=\"wp-block-table\"><table><tbody><tr><td>Precio por noche, desayuno incluido<\/td><td><strong>&nbsp;80 \u20ac<\/strong><\/td><\/tr><\/tbody><\/table><\/figure>\n<\/div>\n<\/div>\n\n\n\n<p>Impuestos incluidos<\/p>\n\n\n\n<h3 class=\"wp-block-heading\"><strong><strong>Habitaci\u00f3n doble, uso <\/strong><\/strong>doble<\/h3>\n\n\n\n<figure class=\"wp-block-table\"><table><tbody><tr><td>Precio por noche, desayuno incluido<\/td><td><strong>99&nbsp;\u20ac<\/strong><\/td><\/tr><\/tbody><\/table><\/figure>\n\n\n\n<p><em>Impuestos incluidos<\/em><\/p>\n\n\n\n<p><strong>Para reservas usar el correo<\/strong><strong style=\"font-style: italic;\">\u00a0<\/strong><a href=\"mailto:begonapark@hotelesbegona.com\" target=\"_blank\" rel=\"noreferrer noopener\">begonapark@hotelesbegona.com<\/a><em><strong><em><strong> <\/strong><\/em><\/strong><\/em><strong> o el tel\u00e9fono<\/strong><em><strong><em><strong> +34 985133909<\/strong><\/em>. Referenciar el evento: ALAMA2024<\/strong><\/em><\/p>\n\n\n\n<ul class=\"wp-block-list\">\n<li><strong>Contacto<\/strong><\/li>\n\n\n\n<li>Carretera de la Providencia, 566, 33203 Gij\u00f3n. Asturias<\/li>\n\n\n\n<li><strong>Tel\u00e9fono<\/strong>: +34985133909<\/li>\n\n\n\n<li><strong>Email<\/strong>: <em><strong><a href=\"mailto:begonapark@hotelesbegona.com\"><\/a><a href=\"mailto:begonapark@hotelesbegona.com\" target=\"_blank\" rel=\"noreferrer noopener\">begonapark@hotelesbegona.com<\/a><\/strong><\/em><\/li>\n<\/ul>\n\n\n\n<p class=\"has-text-align-right\"><a href=\"https:\/\/www.hotelbegonapark.es\/en\/\">Web<\/a><\/p>\n<\/div>\n\n\n\n<div class=\"wp-block-column is-layout-flow wp-block-column-is-layout-flow\" style=\"flex-basis:50%\"><div class=\"wp-block-image is-style-default\">\n<figure class=\"aligncenter size-full is-resized\"><img decoding=\"async\" src=\"https:\/\/www.unioviedo.es\/fgs2024\/wp-content\/uploads\/2024\/02\/NH.webp\" alt=\"\" class=\"wp-image-889\" style=\"width:241px;height:auto\"\/><\/figure>\n<\/div>\n\n\n<h2 class=\"wp-block-heading\">Hotel NH ****<\/h2>\n\n\n\n<h3 class=\"wp-block-heading\"><strong><strong>Habitaci\u00f3n doble, uso individual<\/strong><\/strong> o doble<\/h3>\n\n\n\n<div class=\"wp-block-columns is-layout-flex wp-container-core-columns-is-layout-9d6595d7 wp-block-columns-is-layout-flex\">\n<div class=\"wp-block-column is-layout-flow wp-block-column-is-layout-flow\" style=\"flex-basis:100%\">\n<figure class=\"wp-block-table\"><table><tbody><tr><td>Precio por noche<\/td><td><strong>\u00a0100 \u20ac<\/strong><\/td><\/tr><tr><td>Desayuno, por persona y noche<\/td><td><strong>+14 \u20ac<\/strong><\/td><\/tr><\/tbody><\/table><\/figure>\n<\/div>\n<\/div>\n\n\n\n<p>\u00a0Impuestos <strong>no<\/strong> incluidos, +10%<\/p>\n\n\n\n<p><strong>Las reservas se har\u00e1n a trav\u00e9s del correo<\/strong><em><strong>\u00a0<a href=\"mailto:nhgijon@nh-hotels.com\">nhgijon@nh-hotels.com<\/a> o el tel\u00e9fono +34 985195755. <\/strong><\/em><strong>Por favor, hacer referencia del evento ALAMA<em>2024<\/em><\/strong><\/p>\n\n\n\n<ul class=\"wp-block-list\">\n<li><strong>Contact<\/strong>o<\/li>\n\n\n\n<li>Calle Dr. Fleming, 71, 33203 Gij\u00f3n. Asturias<\/li>\n\n\n\n<li><strong>Tel\u00e9fono<\/strong>: +34985195755<\/li>\n\n\n\n<li><strong>Email<\/strong>: <a href=\"mailto:nhgijon@nh-hotels.com\">nhgijon@nh-hotels.com<\/a><\/li>\n<\/ul>\n\n\n\n<p class=\"has-text-align-right\"><a href=\"https:\/\/www.nh-hotels.com\/es\/hotel\/nh-gijon\">Web<\/a><\/p>\n<\/div>\n<\/div>\n\n\n\n<div class=\"wp-block-columns is-layout-flex wp-container-core-columns-is-layout-9d6595d7 wp-block-columns-is-layout-flex\">\n<div class=\"wp-block-column is-layout-flow wp-block-column-is-layout-flow\" style=\"flex-basis:50%\"><div class=\"wp-block-image is-style-default\">\n<figure class=\"aligncenter size-full is-resized\"><img decoding=\"async\" src=\"https:\/\/www.unioviedo.es\/fgs2024\/wp-content\/uploads\/2024\/02\/Principe.jpg\" alt=\"\" class=\"wp-image-890\" style=\"width:306px;height:auto\"\/><\/figure>\n<\/div>\n\n\n<h2 class=\"wp-block-heading\">Hotel Pr\u00edncipe de Asturias ****<\/h2>\n\n\n\n<h3 class=\"wp-block-heading\"><strong>Habitaci\u00f3n doble, uso individual o doble<\/strong><\/h3>\n\n\n\n<div class=\"wp-block-columns is-layout-flex wp-container-core-columns-is-layout-9d6595d7 wp-block-columns-is-layout-flex\">\n<div class=\"wp-block-column is-layout-flow wp-block-column-is-layout-flow\" style=\"flex-basis:100%\">\n<figure class=\"wp-block-table\"><table><tbody><tr><td>Precio por noche<\/td><td><strong>\u00a095 \u20ac<\/strong><\/td><\/tr><tr><td>Desayuno, por persona y noche<\/td><td><strong>+11.90 \u20ac<\/strong><\/td><\/tr><\/tbody><\/table><\/figure>\n<\/div>\n<\/div>\n\n\n\n<p>Impuestos incluidos<\/p>\n\n\n\n<h3 class=\"wp-block-heading\">Habitaci\u00f3n doble con vistas al mar, uso individual o doble<\/h3>\n\n\n\n<div class=\"wp-block-columns is-layout-flex wp-container-core-columns-is-layout-9d6595d7 wp-block-columns-is-layout-flex\">\n<div class=\"wp-block-column is-layout-flow wp-block-column-is-layout-flow\" style=\"flex-basis:100%\">\n<figure class=\"wp-block-table\"><table><tbody><tr><td>Precio por noche<\/td><td><strong>\u00a0105 \u20ac<\/strong><\/td><\/tr><tr><td>Desayuno, por persona y noche<\/td><td><strong>+11.90 \u20ac<\/strong><\/td><\/tr><\/tbody><\/table><\/figure>\n<\/div>\n<\/div>\n\n\n\n<p>Impuestos incluidos<\/p>\n\n\n\n<p><strong>Reservas al correo<\/strong><em><strong>\u00a0<a href=\"mailto:reservas@hotelprincipeasturias.com\">reservas@hotelprincipeasturias.com<\/a> o al tel\u00e9fono +34 985367111. Referenciar el evento: ALAMA<\/strong><\/em><\/p>\n\n\n\n<ul class=\"wp-block-list\">\n<li><strong>Contacto<\/strong><\/li>\n\n\n\n<li>Calle Manso, 2, 33203 Gij\u00f3n. Asturias<\/li>\n\n\n\n<li><strong>Tel\u00e9fono<\/strong>: +34985367111<\/li>\n\n\n\n<li><strong>Email<\/strong>: <a href=\"mailto:reservas@hotelprincipeasturias.com\">reservas@hotelprincipeasturias.com<\/a><\/li>\n<\/ul>\n\n\n\n<p class=\"has-text-align-right\"><a href=\"http:\/\/www.hotelprincipeasturias.com\">Web<\/a><\/p>\n<\/div>\n<\/div>\n\n\n\n<h1 class=\"wp-block-heading\">P\u00e1gina web del ayuntamiento de Gij\u00f3n<\/h1>\n\n\n\n<p>Puede ampliar esta informaci\u00f3n en la p\u00e1gina web del ayuntamiento <a rel=\"noreferrer noopener\" href=\"https:\/\/www.gijon.es\/en\" data-type=\"URL\" data-id=\"https:\/\/www.gijon.es\/en\" target=\"_blank\">gijon.es<\/a><\/p>\n","protected":false},"excerpt":{"rendered":"<p>Sede Escuela Polit\u00e9cnica de Ingenier\u00eda de Gij\u00f3n Campus de Gij\u00f3n33203, Gij\u00f3n, Asturias GPS Lat. 43.52438030819107, Lon. -5.635068036523716 \ufeff N 43\u00ba 31&#8242; 27.769\u00bb, W 5\u00ba 38&#8242; 6.244&#8242; \u00bfC\u00f3mo llegar a Gij\u00f3n o al Campus? \u00bfD\u00f3nde alojarse? Traslados Viajar a Gij\u00f3n Se puede encontrar informaci\u00f3n detallada para llegar a la ciudad a trav\u00e9s de la p\u00e1gina web &hellip; <\/p>\n<p class=\"link-more\"><a href=\"https:\/\/www.unioviedo.es\/alama2024\/index.php\/informacion-util\/\" class=\"more-link\">Leer m\u00e1s<span class=\"screen-reader-text\"> \u00abInformaci\u00f3n \u00fatil\u00bb<\/span><\/a><\/p>\n","protected":false},"author":1,"featured_media":0,"parent":0,"menu_order":0,"comment_status":"closed","ping_status":"closed","template":"","meta":{"footnotes":""},"class_list":["post-47","page","type-page","status-publish","hentry"],"_links":{"self":[{"href":"https:\/\/www.unioviedo.es\/alama2024\/index.php\/wp-json\/wp\/v2\/pages\/47","targetHints":{"allow":["GET"]}}],"collection":[{"href":"https:\/\/www.unioviedo.es\/alama2024\/index.php\/wp-json\/wp\/v2\/pages"}],"about":[{"href":"https:\/\/www.unioviedo.es\/alama2024\/index.php\/wp-json\/wp\/v2\/types\/page"}],"author":[{"embeddable":true,"href":"https:\/\/www.unioviedo.es\/alama2024\/index.php\/wp-json\/wp\/v2\/users\/1"}],"replies":[{"embeddable":true,"href":"https:\/\/www.unioviedo.es\/alama2024\/index.php\/wp-json\/wp\/v2\/comments?post=47"}],"version-history":[{"count":9,"href":"https:\/\/www.unioviedo.es\/alama2024\/index.php\/wp-json\/wp\/v2\/pages\/47\/revisions"}],"predecessor-version":[{"id":275,"href":"https:\/\/www.unioviedo.es\/alama2024\/index.php\/wp-json\/wp\/v2\/pages\/47\/revisions\/275"}],"wp:attachment":[{"href":"https:\/\/www.unioviedo.es\/alama2024\/index.php\/wp-json\/wp\/v2\/media?parent=47"}],"curies":[{"name":"wp","href":"https:\/\/api.w.org\/{rel}","templated":true}]}}