{"id":6,"date":"2023-05-18T15:53:46","date_gmt":"2023-05-18T15:53:46","guid":{"rendered":"https:\/\/www.unioviedo.es\/alama2024\/?page_id=6"},"modified":"2024-05-17T11:53:04","modified_gmt":"2024-05-17T11:53:04","slug":"hermosos-portafolios-para-creativos-excepcionales","status":"publish","type":"page","link":"https:\/\/www.unioviedo.es\/alama2024\/","title":{"rendered":"8\u00ba Encuentro ALAMA: \u00c1lgebra Lineal, An\u00e1lisis Matricial y Aplicaciones"},"content":{"rendered":"\n<div class=\"wp-block-columns is-layout-flex wp-container-core-columns-is-layout-9d6595d7 wp-block-columns-is-layout-flex\">\n<div class=\"wp-block-column is-vertically-aligned-center is-layout-flow wp-block-column-is-layout-flow\" style=\"flex-basis:25%\">\n<figure class=\"wp-block-image size-large\"><img loading=\"lazy\" decoding=\"async\" width=\"1024\" height=\"936\" src=\"https:\/\/www.unioviedo.es\/alama2024\/wp-content\/uploads\/2023\/05\/Logo-ALAMA-1024x936.png\" alt=\"\" class=\"wp-image-118\" srcset=\"https:\/\/www.unioviedo.es\/alama2024\/wp-content\/uploads\/2023\/05\/Logo-ALAMA-1024x936.png 1024w, https:\/\/www.unioviedo.es\/alama2024\/wp-content\/uploads\/2023\/05\/Logo-ALAMA-300x274.png 300w, https:\/\/www.unioviedo.es\/alama2024\/wp-content\/uploads\/2023\/05\/Logo-ALAMA-768x702.png 768w, https:\/\/www.unioviedo.es\/alama2024\/wp-content\/uploads\/2023\/05\/Logo-ALAMA-1536x1404.png 1536w, https:\/\/www.unioviedo.es\/alama2024\/wp-content\/uploads\/2023\/05\/Logo-ALAMA-2048x1872.png 2048w, https:\/\/www.unioviedo.es\/alama2024\/wp-content\/uploads\/2023\/05\/Logo-ALAMA-2000x1828.png 2000w\" sizes=\"auto, (max-width: 1024px) 100vw, 1024px\" \/><\/figure>\n<\/div>\n\n\n\n<div class=\"wp-block-column is-vertically-aligned-center is-layout-flow wp-block-column-is-layout-flow\" style=\"flex-basis:50%\">\n<p class=\"has-text-align-center\">12-14 de Junio de 2024<br>Universidad de Oviedo<br>Gij\u00f3n (Asturias)<\/p>\n<\/div>\n\n\n\n<div class=\"wp-block-column is-vertically-aligned-center is-layout-flow wp-block-column-is-layout-flow\" style=\"flex-basis:25%\">\n<figure class=\"wp-block-image size-large\"><img loading=\"lazy\" decoding=\"async\" width=\"1024\" height=\"722\" src=\"https:\/\/www.unioviedo.es\/alama2024\/wp-content\/uploads\/2023\/06\/logo_texto-1024x722.png\" alt=\"\" class=\"wp-image-150\" srcset=\"https:\/\/www.unioviedo.es\/alama2024\/wp-content\/uploads\/2023\/06\/logo_texto-1024x722.png 1024w, https:\/\/www.unioviedo.es\/alama2024\/wp-content\/uploads\/2023\/06\/logo_texto-300x212.png 300w, https:\/\/www.unioviedo.es\/alama2024\/wp-content\/uploads\/2023\/06\/logo_texto-768x542.png 768w, https:\/\/www.unioviedo.es\/alama2024\/wp-content\/uploads\/2023\/06\/logo_texto-1536x1083.png 1536w, https:\/\/www.unioviedo.es\/alama2024\/wp-content\/uploads\/2023\/06\/logo_texto.png 1706w\" sizes=\"auto, (max-width: 1024px) 100vw, 1024px\" \/><\/figure>\n<\/div>\n<\/div>\n\n\n\n<div class=\"wp-block-group alignfull has-background\" style=\"background-color:#e5e9ec\"><div class=\"wp-block-group__inner-container is-layout-flow wp-block-group-is-layout-flow\">\n<div class=\"wp-block-columns is-layout-flex wp-container-core-columns-is-layout-9d6595d7 wp-block-columns-is-layout-flex\">\n<div class=\"wp-block-column is-vertically-aligned-center is-layout-flow wp-block-column-is-layout-flow\">\n<h2 class=\"wp-block-heading\">Bienvenidos<\/h2>\n\n\n\n<p>La&nbsp;<strong>Red Tem\u00e1tica de \u00c1lgebra Lineal, An\u00e1lisis Matricial y Aplicaciones (ALAMA)<\/strong>&nbsp;organiza&nbsp;<strong>en junio de 2024<\/strong>&nbsp;su octavo encuentro en Gij\u00f3n, Asturias. Esta edici\u00f3n continua la sucesi\u00f3n bienal tras las ediciones de Vitoria-Gasteiz (2008), Valencia (2010), Legan\u00e9s (2012), Barcelona (2014), Le\u00f3n (2016), Alicante (2018) y Alcal\u00e1 de Henares (2022).<\/p>\n\n\n\n<div class=\"wp-block-buttons is-horizontal is-content-justification-left is-layout-flex wp-container-core-buttons-is-layout-7e5fce0a wp-block-buttons-is-layout-flex\">\n<div class=\"wp-block-button is-style-outline is-style-outline--1\"><a class=\"wp-block-button__link wp-element-button\" href=\"https:\/\/www.unioviedo.es\/alama2024\/index.php\/acerca-de\/\">ACERCA DE<\/a><\/div>\n<\/div>\n\n\n\n<p><\/p>\n<\/div>\n\n\n\n<div class=\"wp-block-column is-layout-flow wp-block-column-is-layout-flow\">\n<div style=\"height:48px\" aria-hidden=\"true\" class=\"wp-block-spacer\"><\/div>\n\n\n\n<figure class=\"wp-block-image size-large\"><img loading=\"lazy\" decoding=\"async\" width=\"1024\" height=\"683\" src=\"https:\/\/www.unioviedo.es\/alama2024\/wp-content\/uploads\/2023\/05\/Puerto-Deportivo-de-Gijon_Felix_Gonzalez-1024x683.jpg\" alt=\"\" class=\"wp-image-78\" srcset=\"https:\/\/www.unioviedo.es\/alama2024\/wp-content\/uploads\/2023\/05\/Puerto-Deportivo-de-Gijon_Felix_Gonzalez-1024x683.jpg 1024w, https:\/\/www.unioviedo.es\/alama2024\/wp-content\/uploads\/2023\/05\/Puerto-Deportivo-de-Gijon_Felix_Gonzalez-300x200.jpg 300w, https:\/\/www.unioviedo.es\/alama2024\/wp-content\/uploads\/2023\/05\/Puerto-Deportivo-de-Gijon_Felix_Gonzalez-768x512.jpg 768w, https:\/\/www.unioviedo.es\/alama2024\/wp-content\/uploads\/2023\/05\/Puerto-Deportivo-de-Gijon_Felix_Gonzalez-1536x1024.jpg 1536w, https:\/\/www.unioviedo.es\/alama2024\/wp-content\/uploads\/2023\/05\/Puerto-Deportivo-de-Gijon_Felix_Gonzalez-2048x1365.jpg 2048w, https:\/\/www.unioviedo.es\/alama2024\/wp-content\/uploads\/2023\/05\/Puerto-Deportivo-de-Gijon_Felix_Gonzalez-2000x1333.jpg 2000w\" sizes=\"auto, (max-width: 1024px) 100vw, 1024px\" \/><figcaption class=\"wp-element-caption\">Puerto de Gij\u00f3n y Palacio de Revillagigedo, Gij\u00f3n, Asturias, Espa\u00f1a<\/figcaption><\/figure>\n<\/div>\n<\/div>\n<\/div><\/div>\n\n\n\n<div class=\"wp-block-group alignfull has-cyan-bluish-gray-background-color has-background\"><div class=\"wp-block-group__inner-container is-layout-flow wp-block-group-is-layout-flow\">\n<h2 class=\"wp-block-heading has-text-align-center has-white-color has-text-color\">Ponentes invitados<\/h2>\n\n\n\n<figure class=\"wp-block-gallery aligncenter has-nested-images columns-default is-cropped wp-block-gallery-2 is-layout-flex wp-block-gallery-is-layout-flex\">\n<figure class=\"wp-block-image size-full is-style-rounded\"><a href=\"https:\/\/people.maths.ox.ac.uk\/nakatsukasa\/\" target=\"_blank\" rel=\"noopener\"><img loading=\"lazy\" decoding=\"async\" width=\"338\" height=\"502\" data-id=\"182\" src=\"https:\/\/www.unioviedo.es\/alama2024\/wp-content\/uploads\/2023\/09\/Yuji1.jpg\" alt=\"\" class=\"wp-image-182\" srcset=\"https:\/\/www.unioviedo.es\/alama2024\/wp-content\/uploads\/2023\/09\/Yuji1.jpg 338w, https:\/\/www.unioviedo.es\/alama2024\/wp-content\/uploads\/2023\/09\/Yuji1-202x300.jpg 202w\" sizes=\"auto, (max-width: 338px) 100vw, 338px\" \/><\/a><figcaption class=\"wp-element-caption\"><strong><mark style=\"background-color:rgba(0, 0, 0, 0)\" class=\"has-inline-color has-black-color\">Yuji Nakatsukasa<\/mark><\/strong><\/figcaption><\/figure>\n\n\n\n<figure class=\"wp-block-image size-full is-style-rounded\"><a href=\"http:\/\/di002.edv.uniovi.es\/~sirene\/\" target=\"_blank\" rel=\"noopener\"><img loading=\"lazy\" decoding=\"async\" width=\"333\" height=\"309\" data-id=\"184\" src=\"https:\/\/www.unioviedo.es\/alama2024\/wp-content\/uploads\/2023\/09\/irene.jpg\" alt=\"\" class=\"wp-image-184\" srcset=\"https:\/\/www.unioviedo.es\/alama2024\/wp-content\/uploads\/2023\/09\/irene.jpg 333w, https:\/\/www.unioviedo.es\/alama2024\/wp-content\/uploads\/2023\/09\/irene-300x278.jpg 300w\" sizes=\"auto, (max-width: 333px) 100vw, 333px\" \/><\/a><figcaption class=\"wp-element-caption\"><strong><mark style=\"background-color:rgba(0, 0, 0, 0)\" class=\"has-inline-color has-black-color\">S. Irene D\u00edaz<\/mark><\/strong><\/figcaption><\/figure>\n\n\n\n<figure class=\"wp-block-image size-full is-style-rounded\"><a href=\"https:\/\/www.sjsu.edu\/math\/about-us\/faculty\/plamen-koev.php\" target=\"_blank\" rel=\"noopener\"><img loading=\"lazy\" decoding=\"async\" width=\"238\" height=\"217\" data-id=\"183\" src=\"https:\/\/www.unioviedo.es\/alama2024\/wp-content\/uploads\/2023\/09\/plamen.koev_.jpg\" alt=\"\" class=\"wp-image-183\"\/><\/a><figcaption class=\"wp-element-caption\"><strong><mark style=\"background-color:rgba(0, 0, 0, 0)\" class=\"has-inline-color has-black-color\">Plamen Koev<\/mark><\/strong><\/figcaption><\/figure>\n<\/figure>\n<\/div><\/div>\n\n\n\n<div class=\"wp-block-cover alignfull has-parallax is-position-center-center\" style=\"min-height:375px;aspect-ratio:unset;\"><span aria-hidden=\"true\" class=\"wp-block-cover__background has-black-background-color has-background-dim-40 has-background-dim\"><\/span><div class=\"wp-block-cover__image-background wp-image-80 has-parallax\" style=\"background-position:50% 50%;background-image:url(https:\/\/www.unioviedo.es\/alama2024\/wp-content\/uploads\/2023\/05\/Polivalente.jpg)\"><\/div><div class=\"wp-block-cover__inner-container is-layout-flow wp-block-cover-is-layout-flow\">\n<p class=\"has-text-align-center has-text-color has-huge-font-size\" style=\"color:#fffffa;line-height:1.1\"><strong>Informaci\u00f3n \u00fatil<\/strong><\/p>\n\n\n\n<div class=\"wp-block-columns is-layout-flex wp-container-core-columns-is-layout-9d6595d7 wp-block-columns-is-layout-flex\">\n<div class=\"wp-block-column has-white-color has-text-color has-background is-layout-flow wp-block-column-is-layout-flow\" style=\"background:linear-gradient(135deg,rgba(7,146,227,0.55) 0%,rgba(7,9,215,0.55) 100%)\">\n<div class=\"wp-block-group is-vertical is-content-justification-center is-layout-flex wp-container-core-group-is-layout-dae89687 wp-block-group-is-layout-flex\">\n<div style=\"height:0px\" aria-hidden=\"true\" class=\"wp-block-spacer wp-container-content-1b8dd66d\"><\/div>\n\n\n\n<h2 class=\"wp-block-heading has-text-align-center\">Env\u00edo de propuestas<\/h2>\n\n\n\n<p>Del 15 de octubre de 2023 al 21 de febrero de 2024 est\u00e1 abierto el plazo de recepci\u00f3n de propuestas de mini simposios y de contribuciones individuales.<\/p>\n\n\n\n<div class=\"wp-block-buttons is-layout-flex wp-block-buttons-is-layout-flex\">\n<div class=\"wp-block-button\"><a class=\"wp-block-button__link wp-element-button\" href=\"https:\/\/www.unioviedo.es\/alama2024\/index.php\/programa-cientifico\/propuestas-cientificas\/\">Leer m\u00e1s<\/a><\/div>\n<\/div>\n\n\n\n<div style=\"height:0px\" aria-hidden=\"true\" class=\"wp-block-spacer wp-container-content-1b8dd66d\"><\/div>\n<\/div>\n<\/div>\n\n\n\n<div class=\"wp-block-column has-white-color has-text-color has-background is-layout-flow wp-block-column-is-layout-flow\" style=\"background:linear-gradient(135deg,rgba(7,146,227,0.55) 0%,rgba(7,9,215,0.55) 100%)\">\n<div class=\"wp-block-group is-vertical is-content-justification-center is-layout-flex wp-container-core-group-is-layout-dae89687 wp-block-group-is-layout-flex\">\n<div style=\"height:0px\" aria-hidden=\"true\" class=\"wp-block-spacer wp-container-content-1b8dd66d\"><\/div>\n\n\n\n<h2 class=\"wp-block-heading has-text-align-center\">Fechas importantes<\/h2>\n\n\n\n<p>Calendario de fechas importantes a tener en cuenta.<\/p>\n\n\n\n<div class=\"wp-block-buttons is-layout-flex wp-block-buttons-is-layout-flex\">\n<div class=\"wp-block-button\"><a class=\"wp-block-button__link wp-element-button\" href=\"https:\/\/www.unioviedo.es\/alama2024\/index.php\/fechas-importantes\/\">Leer m\u00e1s<\/a><\/div>\n<\/div>\n\n\n\n<div style=\"height:0px\" aria-hidden=\"true\" class=\"wp-block-spacer wp-container-content-1b8dd66d\"><\/div>\n<\/div>\n<\/div>\n\n\n\n<div class=\"wp-block-column has-white-color has-text-color has-background is-layout-flow wp-block-column-is-layout-flow\" style=\"background:linear-gradient(135deg,rgba(7,146,227,0.55) 0%,rgba(7,9,215,0.55) 100%)\">\n<div class=\"wp-block-group is-vertical is-content-justification-center is-layout-flex wp-container-core-group-is-layout-dae89687 wp-block-group-is-layout-flex\">\n<div style=\"height:0px\" aria-hidden=\"true\" class=\"wp-block-spacer wp-container-content-1b8dd66d\"><\/div>\n\n\n\n<h2 class=\"wp-block-heading has-text-align-center\">Programa cient\u00edfico<\/h2>\n\n\n\n<p>Puede consultarse en la secci\u00f3n Programa.<\/p>\n\n\n\n<div class=\"wp-block-buttons is-layout-flex wp-block-buttons-is-layout-flex\">\n<div class=\"wp-block-button\"><a class=\"wp-block-button__link wp-element-button\" href=\"https:\/\/www.unioviedo.es\/alama2024\/index.php\/programa\/\">Leer m\u00e1s<\/a><\/div>\n<\/div>\n\n\n\n<div style=\"height:0px\" aria-hidden=\"true\" class=\"wp-block-spacer wp-container-content-1b8dd66d\"><\/div>\n<\/div>\n<\/div>\n<\/div>\n<\/div><\/div>\n\n\n\n<div class=\"wp-block-group alignfull has-background\" style=\"background-color:#282b2c\"><div class=\"wp-block-group__inner-container is-layout-flow wp-block-group-is-layout-flow\">\n<h2 class=\"wp-block-heading has-text-align-center has-white-color has-text-color\">Nuestros patrocinadores<\/h2>\n\n\n\n<div class=\"wp-block-columns is-layout-flex wp-container-core-columns-is-layout-9d6595d7 wp-block-columns-is-layout-flex\">\n<div class=\"wp-block-column is-layout-flow wp-block-column-is-layout-flow\" style=\"flex-basis:100%\">\n<figure class=\"wp-block-gallery alignwide has-nested-images columns-2 has-white-background-color has-background wp-block-gallery-3 is-layout-flex wp-block-gallery-is-layout-flex\"><div class=\"wp-block-image\">\n<figure class=\"aligncenter size-full is-resized\"><img loading=\"lazy\" decoding=\"async\" width=\"2648\" height=\"2420\" data-id=\"118\" src=\"https:\/\/www.unioviedo.es\/alama2024\/wp-content\/uploads\/2023\/05\/Logo-ALAMA.png\" alt=\"\" class=\"wp-image-118\" style=\"object-fit:contain;width:264px;height:242px\" srcset=\"https:\/\/www.unioviedo.es\/alama2024\/wp-content\/uploads\/2023\/05\/Logo-ALAMA.png 2648w, https:\/\/www.unioviedo.es\/alama2024\/wp-content\/uploads\/2023\/05\/Logo-ALAMA-300x274.png 300w, https:\/\/www.unioviedo.es\/alama2024\/wp-content\/uploads\/2023\/05\/Logo-ALAMA-1024x936.png 1024w, https:\/\/www.unioviedo.es\/alama2024\/wp-content\/uploads\/2023\/05\/Logo-ALAMA-768x702.png 768w, https:\/\/www.unioviedo.es\/alama2024\/wp-content\/uploads\/2023\/05\/Logo-ALAMA-1536x1404.png 1536w, https:\/\/www.unioviedo.es\/alama2024\/wp-content\/uploads\/2023\/05\/Logo-ALAMA-2048x1872.png 2048w, https:\/\/www.unioviedo.es\/alama2024\/wp-content\/uploads\/2023\/05\/Logo-ALAMA-2000x1828.png 2000w\" sizes=\"auto, (max-width: 2648px) 100vw, 2648px\" \/><\/figure>\n<\/div>\n\n<div class=\"wp-block-image\">\n<figure class=\"aligncenter size-full is-resized\"><img loading=\"lazy\" decoding=\"async\" width=\"591\" height=\"247\" data-id=\"446\" src=\"https:\/\/www.unioviedo.es\/alama2024\/wp-content\/uploads\/2024\/05\/logo_uo_clasico.png\" alt=\"\" class=\"wp-image-446\" style=\"object-fit:contain;width:591px;height:247px\" srcset=\"https:\/\/www.unioviedo.es\/alama2024\/wp-content\/uploads\/2024\/05\/logo_uo_clasico.png 591w, https:\/\/www.unioviedo.es\/alama2024\/wp-content\/uploads\/2024\/05\/logo_uo_clasico-300x125.png 300w\" sizes=\"auto, (max-width: 591px) 100vw, 591px\" \/><\/figure>\n<\/div>\n\n<div class=\"wp-block-image\">\n<figure class=\"aligncenter size-full is-resized\"><img loading=\"lazy\" decoding=\"async\" width=\"3081\" height=\"1400\" data-id=\"464\" src=\"https:\/\/www.unioviedo.es\/alama2024\/wp-content\/uploads\/2024\/05\/micin-aei_proyecto.png\" alt=\"\" class=\"wp-image-464\" style=\"object-fit:contain;width:510px;height:240px\" srcset=\"https:\/\/www.unioviedo.es\/alama2024\/wp-content\/uploads\/2024\/05\/micin-aei_proyecto.png 3081w, https:\/\/www.unioviedo.es\/alama2024\/wp-content\/uploads\/2024\/05\/micin-aei_proyecto-300x136.png 300w, https:\/\/www.unioviedo.es\/alama2024\/wp-content\/uploads\/2024\/05\/micin-aei_proyecto-1024x465.png 1024w, https:\/\/www.unioviedo.es\/alama2024\/wp-content\/uploads\/2024\/05\/micin-aei_proyecto-768x349.png 768w, https:\/\/www.unioviedo.es\/alama2024\/wp-content\/uploads\/2024\/05\/micin-aei_proyecto-1536x698.png 1536w, https:\/\/www.unioviedo.es\/alama2024\/wp-content\/uploads\/2024\/05\/micin-aei_proyecto-2048x931.png 2048w, https:\/\/www.unioviedo.es\/alama2024\/wp-content\/uploads\/2024\/05\/micin-aei_proyecto-2000x909.png 2000w\" sizes=\"auto, (max-width: 3081px) 100vw, 3081px\" \/><\/figure>\n<\/div>\n\n<div class=\"wp-block-image\">\n<figure class=\"aligncenter size-full is-resized\"><img loading=\"lazy\" decoding=\"async\" width=\"1181\" height=\"240\" data-id=\"358\" src=\"https:\/\/www.unioviedo.es\/alama2024\/wp-content\/uploads\/2024\/05\/cajastur.png\" alt=\"\" class=\"wp-image-358\" style=\"object-fit:contain;width:616px;height:240px\"\/><\/figure>\n<\/div>\n\n<div class=\"wp-block-image\">\n<figure class=\"aligncenter size-full\"><img loading=\"lazy\" decoding=\"async\" width=\"400\" height=\"241\" data-id=\"452\" src=\"https:\/\/www.unioviedo.es\/alama2024\/wp-content\/uploads\/2024\/05\/LOGO_SeMA_Mesa-de-trabajo-2.png\" alt=\"\" class=\"wp-image-452\" srcset=\"https:\/\/www.unioviedo.es\/alama2024\/wp-content\/uploads\/2024\/05\/LOGO_SeMA_Mesa-de-trabajo-2.png 400w, https:\/\/www.unioviedo.es\/alama2024\/wp-content\/uploads\/2024\/05\/LOGO_SeMA_Mesa-de-trabajo-2-300x181.png 300w\" sizes=\"auto, (max-width: 400px) 100vw, 400px\" \/><\/figure>\n<\/div>\n\n\n<figure class=\"wp-block-image size-full is-style-default\"><img loading=\"lazy\" decoding=\"async\" width=\"1356\" height=\"373\" data-id=\"106\" src=\"https:\/\/www.unioviedo.es\/alama2024\/wp-content\/uploads\/2023\/05\/visitagijon.ConventionBureau.jpg\" alt=\"\" class=\"wp-image-106\" srcset=\"https:\/\/www.unioviedo.es\/alama2024\/wp-content\/uploads\/2023\/05\/visitagijon.ConventionBureau.jpg 1356w, https:\/\/www.unioviedo.es\/alama2024\/wp-content\/uploads\/2023\/05\/visitagijon.ConventionBureau-300x83.jpg 300w, https:\/\/www.unioviedo.es\/alama2024\/wp-content\/uploads\/2023\/05\/visitagijon.ConventionBureau-1024x282.jpg 1024w, https:\/\/www.unioviedo.es\/alama2024\/wp-content\/uploads\/2023\/05\/visitagijon.ConventionBureau-768x211.jpg 768w\" sizes=\"auto, (max-width: 1356px) 100vw, 1356px\" \/><\/figure>\n<\/figure>\n<\/div>\n<\/div>\n<\/div><\/div>\n","protected":false},"excerpt":{"rendered":"<p>12-14 de Junio de 2024Universidad de OviedoGij\u00f3n (Asturias) Bienvenidos La&nbsp;Red Tem\u00e1tica de \u00c1lgebra Lineal, An\u00e1lisis Matricial y Aplicaciones (ALAMA)&nbsp;organiza&nbsp;en junio de 2024&nbsp;su octavo encuentro en Gij\u00f3n, Asturias. Esta edici\u00f3n continua la sucesi\u00f3n bienal tras las ediciones de Vitoria-Gasteiz (2008), Valencia (2010), Legan\u00e9s (2012), Barcelona (2014), Le\u00f3n (2016), Alicante (2018) y Alcal\u00e1 de Henares (2022). Ponentes &hellip; <\/p>\n<p class=\"link-more\"><a href=\"https:\/\/www.unioviedo.es\/alama2024\/\" class=\"more-link\">Leer m\u00e1s<span class=\"screen-reader-text\"> \u00ab8\u00ba Encuentro ALAMA: \u00c1lgebra Lineal, An\u00e1lisis Matricial y Aplicaciones\u00bb<\/span><\/a><\/p>\n","protected":false},"author":1,"featured_media":5,"parent":0,"menu_order":0,"comment_status":"closed","ping_status":"closed","template":"","meta":{"footnotes":""},"class_list":["post-6","page","type-page","status-publish","has-post-thumbnail","hentry"],"_links":{"self":[{"href":"https:\/\/www.unioviedo.es\/alama2024\/index.php\/wp-json\/wp\/v2\/pages\/6","targetHints":{"allow":["GET"]}}],"collection":[{"href":"https:\/\/www.unioviedo.es\/alama2024\/index.php\/wp-json\/wp\/v2\/pages"}],"about":[{"href":"https:\/\/www.unioviedo.es\/alama2024\/index.php\/wp-json\/wp\/v2\/types\/page"}],"author":[{"embeddable":true,"href":"https:\/\/www.unioviedo.es\/alama2024\/index.php\/wp-json\/wp\/v2\/users\/1"}],"replies":[{"embeddable":true,"href":"https:\/\/www.unioviedo.es\/alama2024\/index.php\/wp-json\/wp\/v2\/comments?post=6"}],"version-history":[{"count":90,"href":"https:\/\/www.unioviedo.es\/alama2024\/index.php\/wp-json\/wp\/v2\/pages\/6\/revisions"}],"predecessor-version":[{"id":465,"href":"https:\/\/www.unioviedo.es\/alama2024\/index.php\/wp-json\/wp\/v2\/pages\/6\/revisions\/465"}],"wp:featuredmedia":[{"embeddable":true,"href":"https:\/\/www.unioviedo.es\/alama2024\/index.php\/wp-json\/wp\/v2\/media\/5"}],"wp:attachment":[{"href":"https:\/\/www.unioviedo.es\/alama2024\/index.php\/wp-json\/wp\/v2\/media?parent=6"}],"curies":[{"name":"wp","href":"https:\/\/api.w.org\/{rel}","templated":true}]}}