{"id":62,"date":"2023-05-19T07:40:46","date_gmt":"2023-05-19T07:40:46","guid":{"rendered":"https:\/\/www.unioviedo.es\/alama2024\/?page_id=62"},"modified":"2024-04-05T11:22:54","modified_gmt":"2024-04-05T11:22:54","slug":"registro","status":"publish","type":"page","link":"https:\/\/www.unioviedo.es\/alama2024\/index.php\/registro\/","title":{"rendered":"Proceso de registro"},"content":{"rendered":"\n<figure class=\"wp-block-table\"><table><tbody><tr><td>&nbsp;<\/td><td>General<\/td><td>Estudiante<\/td><td>Acompa\u00f1ante<\/td><\/tr><tr><td>Cuota reducida (antes 12 de abril)<\/td><td>300 EUR<\/td><td>125 EUR<\/td><td>110 EUR<\/td><\/tr><tr><td>Cuota completa (despu\u00e9s 12 de abril)<\/td><td>350 EUR<\/td><td>175 EUR<\/td><td>135 EUR<\/td><\/tr><\/tbody><\/table><\/figure>\n\n\n\n<p>El proceso de registro, que es independiente del env\u00edo de trabajos para las sesiones cient\u00edficas, debe ser realizado a trav\u00e9s de la plataforma de la Fundaci\u00f3n Universidad de Oviedo. <\/p>\n\n\n\n<p>Plataforma en espa\u00f1ol <a href=\"https:\/\/intranetfuo.uniovi.es\/web\/intranet-fuo\/congresos\/alama_2024\" target=\"_blank\" rel=\"noreferrer noopener\">link<\/a><br>Plataforma en ingl\u00e9s <a href=\"https:\/\/intranetfuo.uniovi.es\/en\/web\/intranet-fuo\/congresos\/alama_2024\" target=\"_blank\" rel=\"noreferrer noopener\">link<\/a><\/p>\n\n\n\n<p>El registro se abrir\u00e1 el 7 de febrero de 2024. La fecha l\u00edmite para el pago de la cuota reducida ser\u00e1 el 12 de abril de 2024. El registro para asistir se cerrar\u00e1 el 12 de mayo de 2024.<\/p>\n\n\n\n<p>Los estudiantes deber\u00e1n de enviar alg\u00fan documento que pruebe su estatus al correo electr\u00f3nico de la secretar\u00eda t\u00e9cnica. Los investigadores postdoctorales no ser\u00e1n considerados estudiantes.<\/p>\n\n\n\n<p>La cuota incluye los materiales de la conferencia, coffee breaks, almuerzos del mi\u00e9rcoles, jueves y viernes, as\u00ed como la cena institucional. El programa social del congreso est\u00e1 incluido tanto en las inscripciones generales como en las de estudiantes.<\/p>\n\n\n\n<p>La persona acompa\u00f1ante tiene derecho a los almuerzos de los d\u00edas del congreso y al programa social.<\/p>\n\n\n\n<p><strong>Po\u00edtica de cancelaciones<\/strong><\/p>\n\n\n\n<p>El reembolso de la cuota de inscripci\u00f3n menos 60 EUR en concepto de gastos ser\u00e1 posible para solicitudes enviadas a la secretaria t\u00e9cnica hasta el 12 de mayo de 2024. Despu\u00e9s de esa fecha no se realizar\u00e1n reembolsos.<\/p>\n","protected":false},"excerpt":{"rendered":"<p>&nbsp; General Estudiante Acompa\u00f1ante Cuota reducida (antes 12 de abril) 300 EUR 125 EUR 110 EUR Cuota completa (despu\u00e9s 12 de abril) 350 EUR 175 EUR 135 EUR El proceso de registro, que es independiente del env\u00edo de trabajos para las sesiones cient\u00edficas, debe ser realizado a trav\u00e9s de la plataforma de la Fundaci\u00f3n Universidad &hellip; <\/p>\n<p class=\"link-more\"><a href=\"https:\/\/www.unioviedo.es\/alama2024\/index.php\/registro\/\" class=\"more-link\">Leer m\u00e1s<span class=\"screen-reader-text\"> \u00abProceso de registro\u00bb<\/span><\/a><\/p>\n","protected":false},"author":1,"featured_media":0,"parent":0,"menu_order":0,"comment_status":"closed","ping_status":"closed","template":"","meta":{"footnotes":""},"class_list":["post-62","page","type-page","status-publish","hentry"],"_links":{"self":[{"href":"https:\/\/www.unioviedo.es\/alama2024\/index.php\/wp-json\/wp\/v2\/pages\/62","targetHints":{"allow":["GET"]}}],"collection":[{"href":"https:\/\/www.unioviedo.es\/alama2024\/index.php\/wp-json\/wp\/v2\/pages"}],"about":[{"href":"https:\/\/www.unioviedo.es\/alama2024\/index.php\/wp-json\/wp\/v2\/types\/page"}],"author":[{"embeddable":true,"href":"https:\/\/www.unioviedo.es\/alama2024\/index.php\/wp-json\/wp\/v2\/users\/1"}],"replies":[{"embeddable":true,"href":"https:\/\/www.unioviedo.es\/alama2024\/index.php\/wp-json\/wp\/v2\/comments?post=62"}],"version-history":[{"count":19,"href":"https:\/\/www.unioviedo.es\/alama2024\/index.php\/wp-json\/wp\/v2\/pages\/62\/revisions"}],"predecessor-version":[{"id":293,"href":"https:\/\/www.unioviedo.es\/alama2024\/index.php\/wp-json\/wp\/v2\/pages\/62\/revisions\/293"}],"wp:attachment":[{"href":"https:\/\/www.unioviedo.es\/alama2024\/index.php\/wp-json\/wp\/v2\/media?parent=62"}],"curies":[{"name":"wp","href":"https:\/\/api.w.org\/{rel}","templated":true}]}}