{"id":66,"date":"2023-05-19T07:41:51","date_gmt":"2023-05-19T07:41:51","guid":{"rendered":"https:\/\/www.unioviedo.es\/alama2024\/?page_id=66"},"modified":"2024-02-15T10:58:03","modified_gmt":"2024-02-15T10:58:03","slug":"fechas-importantes","status":"publish","type":"page","link":"https:\/\/www.unioviedo.es\/alama2024\/index.php\/fechas-importantes\/","title":{"rendered":"Fechas importantes"},"content":{"rendered":"\n<p>15 de octubre 2023: apertura de propuestas de mini simposios y contribuciones individuales.<\/p>\n\n\n\n<p>7 de febrero 2024: apertura del periodo de inscripci\u00f3n.<\/p>\n\n\n\n<p>14 de febrero 2024: fecha l\u00edmite para propuestas de mini simposios y contribuciones individuales (<strong>extendido hasta el 21 de febrero<\/strong>)<\/p>\n\n\n\n<p>14 de marzo 2024: notificaci\u00f3n de las aceptaciones de contribuciones.<\/p>\n\n\n\n<p>24 de marzo 2024: fecha l\u00edmite para el env\u00edo de res\u00famenes de contribuciones en mini simposios.<\/p>\n\n\n\n<p>12 de abril 2024: fecha l\u00edmite para el pago de la cuota reducida.<\/p>\n\n\n\n<p>12 de mayo 2024: cierre del periodo de registro.<\/p>\n\n\n\n<p>12 de junio 2024: comienzo de la conferencia.<\/p>\n\n\n\n<p>14 de junio 2024: fin de la conferencia.<\/p>\n","protected":false},"excerpt":{"rendered":"<p>15 de octubre 2023: apertura de propuestas de mini simposios y contribuciones individuales. 7 de febrero 2024: apertura del periodo de inscripci\u00f3n. 14 de febrero 2024: fecha l\u00edmite para propuestas de mini simposios y contribuciones individuales (extendido hasta el 21 de febrero) 14 de marzo 2024: notificaci\u00f3n de las aceptaciones de contribuciones. 24 de marzo &hellip; <\/p>\n<p class=\"link-more\"><a href=\"https:\/\/www.unioviedo.es\/alama2024\/index.php\/fechas-importantes\/\" class=\"more-link\">Leer m\u00e1s<span class=\"screen-reader-text\"> \u00abFechas importantes\u00bb<\/span><\/a><\/p>\n","protected":false},"author":1,"featured_media":0,"parent":0,"menu_order":0,"comment_status":"closed","ping_status":"closed","template":"","meta":{"footnotes":""},"class_list":["post-66","page","type-page","status-publish","hentry"],"_links":{"self":[{"href":"https:\/\/www.unioviedo.es\/alama2024\/index.php\/wp-json\/wp\/v2\/pages\/66","targetHints":{"allow":["GET"]}}],"collection":[{"href":"https:\/\/www.unioviedo.es\/alama2024\/index.php\/wp-json\/wp\/v2\/pages"}],"about":[{"href":"https:\/\/www.unioviedo.es\/alama2024\/index.php\/wp-json\/wp\/v2\/types\/page"}],"author":[{"embeddable":true,"href":"https:\/\/www.unioviedo.es\/alama2024\/index.php\/wp-json\/wp\/v2\/users\/1"}],"replies":[{"embeddable":true,"href":"https:\/\/www.unioviedo.es\/alama2024\/index.php\/wp-json\/wp\/v2\/comments?post=66"}],"version-history":[{"count":6,"href":"https:\/\/www.unioviedo.es\/alama2024\/index.php\/wp-json\/wp\/v2\/pages\/66\/revisions"}],"predecessor-version":[{"id":278,"href":"https:\/\/www.unioviedo.es\/alama2024\/index.php\/wp-json\/wp\/v2\/pages\/66\/revisions\/278"}],"wp:attachment":[{"href":"https:\/\/www.unioviedo.es\/alama2024\/index.php\/wp-json\/wp\/v2\/media?parent=66"}],"curies":[{"name":"wp","href":"https:\/\/api.w.org\/{rel}","templated":true}]}}