{"id":7,"date":"2023-05-18T15:53:47","date_gmt":"2023-05-18T15:53:47","guid":{"rendered":"https:\/\/www.unioviedo.es\/alama2024\/?page_id=7"},"modified":"2024-05-16T09:29:40","modified_gmt":"2024-05-16T09:29:40","slug":"acerca-de","status":"publish","type":"page","link":"https:\/\/www.unioviedo.es\/alama2024\/index.php\/acerca-de\/","title":{"rendered":"Acerca de"},"content":{"rendered":"\n<h2 class=\"wp-block-heading has-large-font-size\" id=\"inspiro-is-a-digital-product-agency-that-focuses-on-strategy-and-design\" style=\"font-style:normal;font-weight:100\"><strong>8\u00ba Encuentro ALAMA: \u00c1lgebra Lineal, An\u00e1lisis Matricial y Aplicaciones<\/strong><\/h2>\n\n\n\n<div class=\"wp-block-columns is-layout-flex wp-container-core-columns-is-layout-9d6595d7 wp-block-columns-is-layout-flex\">\n<div class=\"wp-block-column is-layout-flow wp-block-column-is-layout-flow\" style=\"flex-basis:80%\">\n<p>La\u00a0<strong>Red Tem\u00e1tica de \u00c1lgebra Lineal, An\u00e1lisis Matricial y Aplicaciones (ALAMA)<\/strong>\u00a0organiza\u00a0<strong>en junio de 2024<\/strong>\u00a0su octavo encuentro en Gij\u00f3n, Asturias. Esta edici\u00f3n continua la sucesi\u00f3n bienal tras las ediciones de <a href=\"http:\/\/www.vc.ehu.es\/campus\/centros\/farmacia\/deptos-f\/depme\/alama\/alama2008.htm\">Vitoria-Gasteiz<\/a> (2008), Valencia (2010), <a href=\"http:\/\/www.red-alama.es\/encuentro2012\">Legan\u00e9s<\/a> (2012), Barcelona (2014), Le\u00f3n (2016), Alicante (2018) y <a href=\"https:\/\/congresosalcala.fgua.es\/alama2022\/?idioma=es\">Alcal\u00e1 de Henares<\/a> (2022).<\/p>\n\n\n\n<p>Esta reuni\u00f3n ha sido respaldada por la Sociedad Internacional de \u00c1lgebra Lineal (<a href=\"https:\/\/ilasic.org\/conferences\/#ilas-endorsed-meetings\">https:\/\/ilasic.org\/conferences\/#ilas-endorsed-meetings<\/a>)<\/p>\n<\/div>\n\n\n\n<div class=\"wp-block-column is-layout-flow wp-block-column-is-layout-flow\" style=\"flex-basis:20%\">\n<figure class=\"wp-block-image size-large\"><img loading=\"lazy\" decoding=\"async\" width=\"1008\" height=\"1024\" src=\"https:\/\/www.unioviedo.es\/alama2024\/wp-content\/uploads\/2023\/06\/Patio-U-Laboral-1008x1024.jpg\" alt=\"\" class=\"wp-image-158\" srcset=\"https:\/\/www.unioviedo.es\/alama2024\/wp-content\/uploads\/2023\/06\/Patio-U-Laboral-1008x1024.jpg 1008w, https:\/\/www.unioviedo.es\/alama2024\/wp-content\/uploads\/2023\/06\/Patio-U-Laboral-295x300.jpg 295w, https:\/\/www.unioviedo.es\/alama2024\/wp-content\/uploads\/2023\/06\/Patio-U-Laboral-768x780.jpg 768w, https:\/\/www.unioviedo.es\/alama2024\/wp-content\/uploads\/2023\/06\/Patio-U-Laboral-1512x1536.jpg 1512w, https:\/\/www.unioviedo.es\/alama2024\/wp-content\/uploads\/2023\/06\/Patio-U-Laboral.jpg 1658w\" sizes=\"auto, (max-width: 1008px) 100vw, 1008px\" \/><\/figure>\n<\/div>\n<\/div>\n\n\n\n<div style=\"height:100px\" aria-hidden=\"true\" class=\"wp-block-spacer\"><\/div>\n\n\n\n<div class=\"wp-block-cover alignfull\" style=\"padding-top:50px;padding-right:50px;padding-bottom:50px;padding-left:50px;min-height:316px;aspect-ratio:unset;\"><span aria-hidden=\"true\" class=\"wp-block-cover__background has-black-background-color has-background-dim-100 has-background-dim\"><\/span><div class=\"wp-block-cover__inner-container is-layout-flow wp-block-cover-is-layout-flow\">\n<figure class=\"wp-block-image size-large\"><img loading=\"lazy\" decoding=\"async\" width=\"1024\" height=\"198\" src=\"https:\/\/www.unioviedo.es\/alama2024\/wp-content\/uploads\/2023\/06\/Xurde-Margaride_Xixon1921-1024x198.jpg\" alt=\"\" class=\"wp-image-157\" srcset=\"https:\/\/www.unioviedo.es\/alama2024\/wp-content\/uploads\/2023\/06\/Xurde-Margaride_Xixon1921-1024x198.jpg 1024w, https:\/\/www.unioviedo.es\/alama2024\/wp-content\/uploads\/2023\/06\/Xurde-Margaride_Xixon1921-300x58.jpg 300w, https:\/\/www.unioviedo.es\/alama2024\/wp-content\/uploads\/2023\/06\/Xurde-Margaride_Xixon1921-768x149.jpg 768w, https:\/\/www.unioviedo.es\/alama2024\/wp-content\/uploads\/2023\/06\/Xurde-Margaride_Xixon1921-1536x297.jpg 1536w, https:\/\/www.unioviedo.es\/alama2024\/wp-content\/uploads\/2023\/06\/Xurde-Margaride_Xixon1921.jpg 1921w\" sizes=\"auto, (max-width: 1024px) 100vw, 1024px\" \/><\/figure>\n<\/div><\/div>\n","protected":false},"excerpt":{"rendered":"<p>8\u00ba Encuentro ALAMA: \u00c1lgebra Lineal, An\u00e1lisis Matricial y Aplicaciones La\u00a0Red Tem\u00e1tica de \u00c1lgebra Lineal, An\u00e1lisis Matricial y Aplicaciones (ALAMA)\u00a0organiza\u00a0en junio de 2024\u00a0su octavo encuentro en Gij\u00f3n, Asturias. Esta edici\u00f3n continua la sucesi\u00f3n bienal tras las ediciones de Vitoria-Gasteiz (2008), Valencia (2010), Legan\u00e9s (2012), Barcelona (2014), Le\u00f3n (2016), Alicante (2018) y Alcal\u00e1 de Henares (2022). Esta &hellip; <\/p>\n<p class=\"link-more\"><a href=\"https:\/\/www.unioviedo.es\/alama2024\/index.php\/acerca-de\/\" class=\"more-link\">Leer m\u00e1s<span class=\"screen-reader-text\"> \u00abAcerca de\u00bb<\/span><\/a><\/p>\n","protected":false},"author":1,"featured_media":12,"parent":0,"menu_order":0,"comment_status":"closed","ping_status":"closed","template":"","meta":{"footnotes":""},"class_list":["post-7","page","type-page","status-publish","has-post-thumbnail","hentry"],"_links":{"self":[{"href":"https:\/\/www.unioviedo.es\/alama2024\/index.php\/wp-json\/wp\/v2\/pages\/7","targetHints":{"allow":["GET"]}}],"collection":[{"href":"https:\/\/www.unioviedo.es\/alama2024\/index.php\/wp-json\/wp\/v2\/pages"}],"about":[{"href":"https:\/\/www.unioviedo.es\/alama2024\/index.php\/wp-json\/wp\/v2\/types\/page"}],"author":[{"embeddable":true,"href":"https:\/\/www.unioviedo.es\/alama2024\/index.php\/wp-json\/wp\/v2\/users\/1"}],"replies":[{"embeddable":true,"href":"https:\/\/www.unioviedo.es\/alama2024\/index.php\/wp-json\/wp\/v2\/comments?post=7"}],"version-history":[{"count":4,"href":"https:\/\/www.unioviedo.es\/alama2024\/index.php\/wp-json\/wp\/v2\/pages\/7\/revisions"}],"predecessor-version":[{"id":441,"href":"https:\/\/www.unioviedo.es\/alama2024\/index.php\/wp-json\/wp\/v2\/pages\/7\/revisions\/441"}],"wp:featuredmedia":[{"embeddable":true,"href":"https:\/\/www.unioviedo.es\/alama2024\/index.php\/wp-json\/wp\/v2\/media\/12"}],"wp:attachment":[{"href":"https:\/\/www.unioviedo.es\/alama2024\/index.php\/wp-json\/wp\/v2\/media?parent=7"}],"curies":[{"name":"wp","href":"https:\/\/api.w.org\/{rel}","templated":true}]}}