{"id":10338,"date":"2024-11-09T16:05:07","date_gmt":"2024-11-09T16:05:07","guid":{"rendered":"https:\/\/www.unioviedo.es\/alumni\/?page_id=10338"},"modified":"2025-11-21T15:47:17","modified_gmt":"2025-11-21T15:47:17","slug":"empleabilidad","status":"publish","type":"page","link":"https:\/\/www.unioviedo.es\/alumni\/index.php\/empleabilidad\/","title":{"rendered":"Empleabilidad"},"content":{"rendered":"\t\t<div data-elementor-type=\"wp-page\" data-elementor-id=\"10338\" class=\"elementor elementor-10338\">\n\t\t\t\t\t\t<section class=\"elementor-section elementor-top-section elementor-element elementor-element-6886efb elementor-section-boxed elementor-section-height-default elementor-section-height-default\" data-id=\"6886efb\" data-element_type=\"section\" data-e-type=\"section\">\n\t\t\t\t\t\t<div class=\"elementor-container elementor-column-gap-default\">\n\t\t\t\t\t<div class=\"elementor-column elementor-col-100 elementor-top-column elementor-element elementor-element-3da5d2f\" data-id=\"3da5d2f\" data-element_type=\"column\" data-e-type=\"column\">\n\t\t\t<div class=\"elementor-widget-wrap elementor-element-populated\">\n\t\t\t\t\t\t<div class=\"elementor-element elementor-element-ed31758 elementor-widget elementor-widget-html\" data-id=\"ed31758\" data-element_type=\"widget\" data-e-type=\"widget\" data-widget_type=\"html.default\">\n\t\t\t\t\t<!DOCTYPE html>\r\n<html lang=\"es\">\r\n<head>\r\n  <meta charset=\"utf-8\">\r\n  <meta name=\"viewport\" content=\"width=device-width, initial-scale=1\">\r\n  <title>Club Alumni: Empleabilidad<\/title>\r\n  <!-- Google Font -->\r\n  <link href=\"https:\/\/fonts.googleapis.com\/css2?family=Inter:wght@400;600;700&display=swap\" rel=\"stylesheet\">\r\n  <style>\r\n    :root {\r\n      --button-color: #03827C;\r\n      --background: #;\r\n      --card-bg: #ffffff;\r\n      --text-color: #333333;\r\n      --radius: 0.5rem;\r\n      --shadow: rgba(0, 0, 0, 0.1);\r\n      --gradient-start: #03827C;\r\n      --gradient-end: #003366;\r\n    }\r\n\r\n    * {\r\n      box-sizing: border-box;\r\n      margin: 0;\r\n      padding: 0;\r\n    }\r\n\r\n    body {\r\n      font-family: 'Inter', sans-serif;\r\n      background-color: var(--background);\r\n      color: var(--text-color);\r\n      line-height: 1.6;\r\n    }\r\n\r\n    .container {\r\n      max-width: 1200px;\r\n      margin: 2rem auto;\r\n      padding: 0 1rem;\r\n    }\r\n\r\n    .hero {\r\n      text-align: center;\r\n      margin-bottom: 2rem;\r\n    }\r\n\r\n    .hero h1 {\r\n      font-size: 3rem;\r\n      font-weight: 700;\r\n      text-transform: uppercase;\r\n      letter-spacing: 2px;\r\n      background: linear-gradient(45deg, var(--gradient-start), var(--gradient-end));\r\n      -webkit-background-clip: text;\r\n      -webkit-text-fill-color: transparent;\r\n      position: relative;\r\n      display: inline-block;\r\n      padding-bottom: 0.5rem;\r\n    }\r\n\r\n    .hero h1::after {\r\n      content: \"\";\r\n      display: block;\r\n      width: 80px;\r\n      height: 4px;\r\n      background: var(--gradient-start);\r\n      margin: 0.5rem auto 0;\r\n      border-radius: 2px;\r\n    }\r\n\r\n    .grid {\r\n      display: grid;\r\n      grid-template-columns: repeat(auto-fit, minmax(280px, 1fr));\r\n      gap: 2rem;\r\n    }\r\n\r\n    .card {\r\n      background: var(--card-bg);\r\n      border-radius: var(--radius);\r\n      box-shadow: 0 4px 10px var(--shadow);\r\n      padding: 2rem;\r\n      display: flex;\r\n      flex-direction: column;\r\n      align-items: center;\r\n      text-align: center;\r\n      transition: transform 0.3s ease, box-shadow 0.3s ease;\r\n    }\r\n\r\n    .card:hover {\r\n      transform: translateY(-5px);\r\n      box-shadow: 0 8px 20px var(--shadow);\r\n    }\r\n\r\n    .card img {\r\n      width: 80px;\r\n      height: 80px;\r\n      object-fit: contain;\r\n      margin-bottom: 1rem;\r\n    }\r\n\r\n    .card h2 {\r\n      font-size: 1.5rem;\r\n      margin-bottom: 1rem;\r\n      font-weight: 600;\r\n    }\r\n\r\n    .card p {\r\n      flex: 1;\r\n      margin-bottom: 1.5rem;\r\n    }\r\n\r\n    .btn {\r\n      display: inline-block;\r\n      padding: 0.75rem 1.5rem;\r\n      background: var(--button-color);\r\n      color: #ffffff;\r\n      border-radius: var(--radius);\r\n      text-decoration: none;\r\n      font-weight: 600;\r\n      transition: transform 0.3s ease;\r\n    }\r\n\r\n    .btn:hover {\r\n      transform: scale(1.05);\r\n    }\r\n  <\/style>\r\n<\/head>\r\n<body>\r\n\r\n  <div class=\"container\">\r\n    <!-- T\u00edtulo Principal -->\r\n    <section class=\"hero\">\r\n      <h1>Club Alumni: Empleabilidad<\/h1>\r\n    <\/section>\r\n\r\n    <!-- Tarjetas de Servicios -->\r\n    <section class=\"grid\">\r\n      <!-- Bolsa de Empleo -->\r\n      <div class=\"card\">\r\n        <img decoding=\"async\" src=\"https:\/\/www.unioviedo.es\/alumni\/wp-content\/uploads\/2024\/11\/1-3.png\" alt=\"Bolsa de Empleo\">\r\n        <h2>BOLSA DE EMPLEO<\/h2>\r\n        <p>La Agencia de Colocaci\u00f3n de la Universidad pone a disposici\u00f3n de los miembros del Club Alumni herramientas para acceder al empleo.<\/p>\r\n        <a href=\"https:\/\/www.unioviedo.es\/alumni\/index.php\/bolsa-de-empleo\/\" class=\"btn\">M\u00e1s informaci\u00f3n<\/a>\r\n      <\/div>\r\n\r\n      <!-- Orientaci\u00f3n Laboral -->\r\n      <div class=\"card\">\r\n        <img decoding=\"async\" src=\"https:\/\/www.unioviedo.es\/alumni\/wp-content\/uploads\/2024\/11\/1-6.png\" alt=\"Orientaci\u00f3n Laboral\">\r\n        <h2>ORIENTACI\u00d3N LABORAL<\/h2>\r\n        <p>Sesiones de orientaci\u00f3n y asesoramiento individualizado para ayudar a los Alumni a definir y alcanzar sus objetivos profesionales.<\/p>\r\n        <a href=\"https:\/\/www.unioviedo.es\/alumni\/index.php\/orientacion-laboral\/\" class=\"btn\">M\u00e1s informaci\u00f3n<\/a>\r\n      <\/div>\r\n\r\n      <!-- Pr\u00e1cticas Remuneradas -->\r\n      <div class=\"card\">\r\n        <img decoding=\"async\" src=\"https:\/\/www.unioviedo.es\/alumni\/wp-content\/uploads\/2024\/11\/2-5.png\" alt=\"Pr\u00e1cticas Remuneradas\">\r\n        <h2>PR\u00c1CTICAS REMUNERADAS<\/h2>\r\n        <p>\u00bfQuieres integrarte en el mercado de trabajo? \u00bfDeseas aplicar tus conocimientos a situaciones reales en una empresa u otro tipo de entidad?<\/p>\r\n        <a href=\"https:\/\/www.unioviedo.es\/alumni\/index.php\/practicas-remuneradas\/\" class=\"btn\">M\u00e1s informaci\u00f3n<\/a>\r\n      <\/div>\r\n\r\n      <!-- Publica tus Ofertas -->\r\n      <div class=\"card\">\r\n        <img decoding=\"async\" src=\"https:\/\/www.unioviedo.es\/alumni\/wp-content\/uploads\/2024\/11\/3-3.png\" alt=\"Publica tus Ofertas\">\r\n        <h2>PUBLICA TUS OFERTAS<\/h2>\r\n        <p>Si eres Alumni de la Universidad de Oviedo podr\u00e1s utilizar el portal de empleo de forma gratuita para publicar tus ofertas de trabajo.<\/p>\r\n        <a href=\"https:\/\/www.unioviedo.es\/alumni\/index.php\/publica-tus-ofertas\/\" class=\"btn\">M\u00e1s informaci\u00f3n<\/a>\r\n      <\/div>\r\n\r\n      <!-- Mentor\u00eda -->\r\n      <div class=\"card\">\r\n        <img decoding=\"async\" src=\"https:\/\/www.unioviedo.es\/alumni\/wp-content\/uploads\/2024\/11\/3-1.png\" alt=\"Mentor\u00eda\">\r\n        <h2>MENTOR\u00cdA<\/h2>\r\n        <p>Ampl\u00eda tus conocimientos con cursos, seminarios y programas de formaci\u00f3n online que te ayudar\u00e1n a mantenerte actualizado en un mundo laboral en constante cambio.<\/p>\r\n        <a href=\"https:\/\/www.unioviedo.es\/alumni\/index.php\/mentoring\/\" class=\"btn\">M\u00e1s informaci\u00f3n<\/a>\r\n      <\/div>\r\n\r\n      <!-- Networking -->\r\n      <div class=\"card\">\r\n        <img decoding=\"async\" src=\"https:\/\/www.unioviedo.es\/alumni\/wp-content\/uploads\/2024\/11\/4.png\" alt=\"Networking\">\r\n        <h2>NETWORKING<\/h2>\r\n        <p>Mantente informado con boletines peri\u00f3dicos que incluyen noticias, investigaciones y logros de otros Alumni, adem\u00e1s de novedades sobre la universidad.<\/p>\r\n        <a href=\"https:\/\/www.unioviedo.es\/alumni\/index.php\/networking\/\" class=\"btn\">M\u00e1s informaci\u00f3n<\/a>\r\n      <\/div>\r\n    <\/section>\r\n  <\/div>\r\n\r\n<\/body>\r\n<\/html>\r\n\t\t\t\t<\/div>\n\t\t\t\t\t<\/div>\n\t\t<\/div>\n\t\t\t\t\t<\/div>\n\t\t<\/section>\n\t\t\t\t<\/div>\n\t\t","protected":false},"excerpt":{"rendered":"<p>Club Alumni: Empleabilidad Club Alumni: Empleabilidad BOLSA DE EMPLEO La Agencia de Colocaci\u00f3n de la Universidad pone a disposici\u00f3n de los miembros del Club Alumni herramientas para acceder al empleo. M\u00e1s informaci\u00f3n ORIENTACI\u00d3N LABORAL Sesiones de orientaci\u00f3n y asesoramiento individualizado para ayudar a los Alumni a definir y alcanzar sus objetivos profesionales. M\u00e1s informaci\u00f3n PR\u00c1CTICAS&hellip;&nbsp;<a href=\"https:\/\/www.unioviedo.es\/alumni\/index.php\/empleabilidad\/\" rel=\"bookmark\">Leer m\u00e1s &raquo;<span class=\"screen-reader-text\">Empleabilidad<\/span><\/a><\/p>\n","protected":false},"author":49,"featured_media":0,"parent":0,"menu_order":0,"comment_status":"closed","ping_status":"closed","template":"page-templates\/template-pagebuilder-full-width.php","meta":{"neve_meta_sidebar":"","neve_meta_container":"","neve_meta_enable_content_width":"off","neve_meta_content_width":100,"neve_meta_title_alignment":"","neve_meta_author_avatar":"","neve_post_elements_order":"","neve_meta_disable_header":"","neve_meta_disable_footer":"","neve_meta_disable_title":"on","footnotes":""},"class_list":["post-10338","page","type-page","status-publish","hentry"],"_links":{"self":[{"href":"https:\/\/www.unioviedo.es\/alumni\/index.php\/wp-json\/wp\/v2\/pages\/10338","targetHints":{"allow":["GET"]}}],"collection":[{"href":"https:\/\/www.unioviedo.es\/alumni\/index.php\/wp-json\/wp\/v2\/pages"}],"about":[{"href":"https:\/\/www.unioviedo.es\/alumni\/index.php\/wp-json\/wp\/v2\/types\/page"}],"author":[{"embeddable":true,"href":"https:\/\/www.unioviedo.es\/alumni\/index.php\/wp-json\/wp\/v2\/users\/49"}],"replies":[{"embeddable":true,"href":"https:\/\/www.unioviedo.es\/alumni\/index.php\/wp-json\/wp\/v2\/comments?post=10338"}],"version-history":[{"count":9,"href":"https:\/\/www.unioviedo.es\/alumni\/index.php\/wp-json\/wp\/v2\/pages\/10338\/revisions"}],"predecessor-version":[{"id":11851,"href":"https:\/\/www.unioviedo.es\/alumni\/index.php\/wp-json\/wp\/v2\/pages\/10338\/revisions\/11851"}],"wp:attachment":[{"href":"https:\/\/www.unioviedo.es\/alumni\/index.php\/wp-json\/wp\/v2\/media?parent=10338"}],"curies":[{"name":"wp","href":"https:\/\/api.w.org\/{rel}","templated":true}]}}