{"id":10887,"date":"2024-11-26T14:54:06","date_gmt":"2024-11-26T14:54:06","guid":{"rendered":"https:\/\/www.unioviedo.es\/alumni\/?page_id=10887"},"modified":"2025-11-21T16:00:15","modified_gmt":"2025-11-21T16:00:15","slug":"contacto","status":"publish","type":"page","link":"https:\/\/www.unioviedo.es\/alumni\/index.php\/contacto\/","title":{"rendered":"Contacto"},"content":{"rendered":"\t\t<div data-elementor-type=\"wp-page\" data-elementor-id=\"10887\" class=\"elementor elementor-10887\">\n\t\t\t\t\t\t<section class=\"elementor-section elementor-top-section elementor-element elementor-element-9f8e86f elementor-section-full_width elementor-section-height-default elementor-section-height-default\" data-id=\"9f8e86f\" data-element_type=\"section\" data-e-type=\"section\">\n\t\t\t\t\t\t<div class=\"elementor-container elementor-column-gap-default\">\n\t\t\t\t\t<div class=\"elementor-column elementor-col-100 elementor-top-column elementor-element elementor-element-8db5db4\" data-id=\"8db5db4\" data-element_type=\"column\" data-e-type=\"column\">\n\t\t\t<div class=\"elementor-widget-wrap elementor-element-populated\">\n\t\t\t\t\t\t<div class=\"elementor-element elementor-element-b3821b4 elementor-widget elementor-widget-heading\" data-id=\"b3821b4\" data-element_type=\"widget\" data-e-type=\"widget\" data-widget_type=\"heading.default\">\n\t\t\t\t\t<h2 class=\"elementor-heading-title elementor-size-default\">CONTACTA DIRECTAMENTE<\/h2>\t\t\t\t<\/div>\n\t\t\t\t<div class=\"elementor-element elementor-element-8f8bf81 elementor-widget elementor-widget-html\" data-id=\"8f8bf81\" data-element_type=\"widget\" data-e-type=\"widget\" data-widget_type=\"html.default\">\n\t\t\t\t\t<!DOCTYPE html>\r\n<html lang=\"es\">\r\n<head>\r\n  <meta charset=\"UTF-8\">\r\n  <meta name=\"viewport\" content=\"width=device-width, initial-scale=1\">\r\n  <!-- Google Fonts -->\r\n  <link href=\"https:\/\/fonts.googleapis.com\/css2?family=Montserrat:wght@400;500;700&display=swap\" rel=\"stylesheet\">\r\n  <!-- Font Awesome -->\r\n  <script src=\"https:\/\/kit.fontawesome.com\/a076d05399.js\" crossorigin=\"anonymous\"><\/script>\r\n  <style>\r\n    \/* Scoped styles for Contact Section *\/\r\n    .contact-section {\r\n      font-family: 'Montserrat', sans-serif;\r\n      background: var(--bg-light, #);\r\n      color: var(--text-dark, #111827);\r\n      line-height: 1.5;\r\n      padding: 2rem;\r\n    }\r\n    .contact-section .grid {\r\n      display: grid;\r\n      grid-template-columns: repeat(auto-fit, minmax(320px, 1fr));\r\n      gap: 2rem;\r\n      max-width: 1000px;\r\n      margin: 0 auto;\r\n    }\r\n    .contact-section .glass {\r\n      background: rgba(255,255,255,0.15);\r\n      backdrop-filter: blur(20px);\r\n      border: 1px solid rgba(255,255,255,0.3);\r\n      border-radius: 12px;\r\n      padding: 2rem;\r\n      box-shadow: 0 8px 32px rgba(0,0,0,0.1);\r\n    }\r\n    .contact-section .glass .fluentform-shortcode {\r\n      width: 100%;\r\n    }\r\n    .contact-section .side {\r\n      display: grid;\r\n      gap: 1.5rem;\r\n      align-content: start;\r\n    }\r\n    .contact-section .social-bar {\r\n      display: flex;\r\n      gap: 1rem;\r\n      justify-content: center;\r\n      padding: 0;\r\n      background: none;\r\n      border-radius: 0;\r\n    }\r\n    .contact-section .social-bar a {\r\n      width: 48px;\r\n      height: 48px;\r\n      display: flex;\r\n      align-items: center;\r\n      justify-content: center;\r\n      transition: transform 0.2s;\r\n    }\r\n    .contact-section .social-bar a:hover { transform: scale(1.2); }\r\n    .contact-section .social-bar img { width: 40px; height: 40px; }\r\n    .contact-section .cta-whatsapp {\r\n      display: flex;\r\n      align-items: center;\r\n      justify-content: center;\r\n      gap: 0.5rem;\r\n      background: #FFFFFF;\r\n      color: #00827C;\r\n      border: 2px solid #00827C;\r\n      border-radius: 50px;\r\n      padding: 1rem;\r\n      text-decoration: none;\r\n      font-weight: 600;\r\n      transition: transform 0.3s;\r\n    }\r\n    .contact-section .cta-whatsapp i { font-size: 1.5rem; }\r\n    .contact-section .cta-whatsapp:hover { transform: scale(1.05); }\r\n    .contact-section .map {\r\n      width: 100%;\r\n      aspect-ratio: 16\/9;\r\n      border-radius: 12px;\r\n      overflow: hidden;\r\n      box-shadow: 0 8px 32px rgba(0,0,0,0.1);\r\n    }\r\n    .contact-section .map iframe { width: 100%; height: 100%; border: 0; }\r\n  <\/style>\r\n<\/head>\r\n<body>\r\n  <div class=\"contact-section\">\r\n    <div class=\"grid\">\r\n      <!-- Formulario con shortcode -->\r\n      <div class=\"glass\">\r\n        <div class=\"fluentform-shortcode\"><div class='fluentform ff-default fluentform_wrapper_37 ffs_default_wrap'><form data-form_id=\"37\" id=\"fluentform_37\" class=\"frm-fluent-form fluent_form_37 ff-el-form-top ff_form_instance_37_1 ff-form-loading ffs_default\" data-form_instance=\"ff_form_instance_37_1\" method=\"POST\" ><fieldset  style=\"border: none!important;margin: 0!important;padding: 0!important;background-color: transparent!important;box-shadow: none!important;outline: none!important; min-inline-size: 100%;\">\n                    <legend class=\"ff_screen_reader_title\" style=\"display: block; margin: 0!important;padding: 0!important;height: 0!important;text-indent: -999999px;width: 0!important;overflow:hidden;\">Mentor\u00eda para alumnos de la UO<\/legend><input type='hidden' name='__fluent_form_embded_post_id' value='10887' \/><input type=\"hidden\" id=\"_fluentform_37_fluentformnonce\" name=\"_fluentform_37_fluentformnonce\" value=\"16ef4d3a53\" \/><input type=\"hidden\" name=\"_wp_http_referer\" value=\"\/alumni\/index.php\/wp-json\/wp\/v2\/pages\/10887\" \/><div data-type=\"name-element\" data-name=\"names\" class=\" ff-field_container ff-name-field-wrapper\" ><div class='ff-t-container'><div class='ff-t-cell '><div class='ff-el-group ff-el-form-top'><div class=\"ff-el-input--label asterisk-right\"><label for='ff_37_names_first_name_' id='label_ff_37_names_first_name_' >Nombre<\/label><\/div><div class='ff-el-input--content'><input type=\"text\" name=\"names[first_name]\" id=\"ff_37_names_first_name_\" class=\"ff-el-form-control\" placeholder=\"Introduce tu nombre\" aria-invalid=\"false\" aria-required=false><\/div><\/div><\/div><div class='ff-t-cell '><div class='ff-el-group ff-el-form-top'><div class=\"ff-el-input--label asterisk-right\"><label for='ff_37_names_last_name_' id='label_ff_37_names_last_name_' >Apellidos<\/label><\/div><div class='ff-el-input--content'><input type=\"text\" name=\"names[last_name]\" id=\"ff_37_names_last_name_\" class=\"ff-el-form-control\" placeholder=\"Introduce tus apellidos\" aria-invalid=\"false\" aria-required=false><\/div><\/div><\/div><\/div><\/div><div class='ff-el-group'><div class=\"ff-el-input--label ff-el-is-required asterisk-right\"><label for='ff_37_correo' id='label_ff_37_correo' aria-label=\"Correo electr\u00f3nico (@uniovi.es)\">Correo electr\u00f3nico (@uniovi.es)<\/label><\/div><div class='ff-el-input--content'><input type=\"email\" name=\"correo\" id=\"ff_37_correo\" class=\"ff-el-form-control\" placeholder=\"Correo electr\u00f3nico institucional de la Universidad de Oviedo\" data-name=\"correo\"  aria-invalid=\"false\" aria-required=true><\/div><\/div><div class='ff-el-group'><div class=\"ff-el-input--label ff-el-is-required asterisk-right\"><label for='ff_37_centro' id='label_ff_37_centro' aria-label=\"Centro donde estudias\">Centro donde estudias<\/label><\/div><div class='ff-el-input--content'><select name=\"centro\" id=\"ff_37_centro\" class=\"ff-el-form-control\" data-name=\"centro\" data-calc_value=\"0\"  aria-invalid=\"false\" aria-required=\"true\" aria-labelledby=\"label_ff_37_centro\"><option value=\"\">- Elegir -<\/option><option value=\"Facultad de Biolog\u00eda\"  >Facultad de Biolog\u00eda<\/option><option value=\"Facultad de Ciencias\"  >Facultad de Ciencias<\/option><option value=\"Facultad de Comercio, Turismo y Ciencias Sociales Jovellanos\"  >Facultad de Comercio, Turismo y Ciencias Sociales Jovellanos<\/option><option value=\"Facultad de Derecho\"  >Facultad de Derecho<\/option><option value=\"Facultad de Econom\u00eda y Empresa\"  >Facultad de Econom\u00eda y Empresa<\/option><option value=\"Facultad de Filosof\u00eda y Letras\"  >Facultad de Filosof\u00eda y Letras<\/option><option value=\"Facultad de Formaci\u00f3n del Profesorado y Educaci\u00f3n\"  >Facultad de Formaci\u00f3n del Profesorado y Educaci\u00f3n<\/option><option value=\"Facultad de Geolog\u00eda\"  >Facultad de Geolog\u00eda<\/option><option value=\"Facultad de Medicina y Ciencias de la Salud\"  >Facultad de Medicina y Ciencias de la Salud<\/option><option value=\"Facultad de Psicolog\u00eda\"  >Facultad de Psicolog\u00eda<\/option><option value=\"Facultad de Qu\u00edmica\"  >Facultad de Qu\u00edmica<\/option><option value=\"Escuela de Ingenier\u00eda Inform\u00e1tica\"  >Escuela de Ingenier\u00eda Inform\u00e1tica<\/option><option value=\"Escuela Polit\u00e9cnica de Ingenier\u00eda de Gij\u00f3n\"  >Escuela Polit\u00e9cnica de Ingenier\u00eda de Gij\u00f3n<\/option><option value=\"Escuela Polit\u00e9cnica de Mieres\"  >Escuela Polit\u00e9cnica de Mieres<\/option><option value=\"Escuela Superior de la Marina Civil\"  >Escuela Superior de la Marina Civil<\/option><option value=\"Facultad &quot;Padre Oss\u00f3&quot;\"  >Facultad \"Padre Oss\u00f3\"<\/option><option value=\"Facultad de Enfermer\u00eda de Gij\u00f3n\"  >Facultad de Enfermer\u00eda de Gij\u00f3n<\/option><option value=\"Centro Internacional de Postgrado\"  >Centro Internacional de Postgrado<\/option><\/select><\/div><\/div><div class='ff-el-group'><div class=\"ff-el-input--label ff-el-is-required asterisk-right\"><label for='ff_37_titulacion' id='label_ff_37_titulacion' aria-label=\"Titulaci\u00f3n que vas a finalizar\">Titulaci\u00f3n que vas a finalizar<\/label><\/div><div class='ff-el-input--content'><input type=\"text\" name=\"titulacion\" class=\"ff-el-form-control\" data-name=\"titulacion\" id=\"ff_37_titulacion\"  aria-invalid=\"false\" aria-required=true><\/div><\/div><div class='ff-el-group'><div class=\"ff-el-input--label asterisk-right\"><label for='ff_37_caracteristicas' id='label_ff_37_caracteristicas' aria-label=\"\u00bfHay alg\u00fan Alumni en particular de quien te gustar\u00eda recibir mentor\u00eda? Tambi\u00e9n puedes indicarnos en qu\u00e9 campo o \u00e1mbito te gustar\u00eda que estuviese especializada la persona.\">\u00bfHay alg\u00fan Alumni en particular de quien te gustar\u00eda recibir mentor\u00eda? Tambi\u00e9n puedes indicarnos en qu\u00e9 campo o \u00e1mbito te gustar\u00eda que estuviese especializada la persona.<\/label><\/div><div class='ff-el-input--content'><input type=\"text\" name=\"caracteristicas\" class=\"ff-el-form-control\" data-name=\"caracteristicas\" id=\"ff_37_caracteristicas\"  aria-invalid=\"false\" aria-required=false><\/div><\/div><div class='ff-el-group ff-text-center ff_submit_btn_wrapper'><button type=\"submit\" class=\"ff-btn ff-btn-submit ff-btn-md ff_btn_style\"  aria-label=\"Enviar\">Enviar<\/button><\/div><\/fieldset><\/form><div id='fluentform_37_errors' class='ff-errors-in-stack ff_form_instance_37_1 ff-form-loading_errors ff_form_instance_37_1_errors'><\/div><\/div>            <script type=\"text\/javascript\">\n                window.fluent_form_ff_form_instance_37_1 = {\"id\":\"37\",\"ajaxUrl\":\"https:\\\/\\\/www.unioviedo.es\\\/alumni\\\/wp-admin\\\/admin-ajax.php\",\"settings\":{\"layout\":{\"labelPlacement\":\"top\",\"helpMessagePlacement\":\"with_label\",\"errorMessagePlacement\":\"inline\"},\"restrictions\":{\"denyEmptySubmission\":{\"enabled\":false}}},\"form_instance\":\"ff_form_instance_37_1\",\"form_id_selector\":\"fluentform_37\",\"rules\":{\"names[first_name]\":{\"required\":{\"value\":false,\"message\":\"Este campo es obligatorio\",\"global_message\":\"Este campo es obligatorio\",\"global\":true}},\"names[middle_name]\":{\"required\":{\"value\":false,\"message\":\"Este campo es obligatorio\",\"global_message\":\"Este campo es obligatorio\",\"global\":true}},\"names[last_name]\":{\"required\":{\"value\":false,\"message\":\"Este campo es obligatorio\",\"global_message\":\"Este campo es obligatorio\",\"global\":true}},\"correo\":{\"required\":{\"value\":true,\"message\":\"Este campo es obligatorio\",\"global_message\":\"Este campo es obligatorio\",\"global\":true},\"email\":{\"value\":true,\"message\":\"Este campo debe contener un correo electr\\u00f3nico v\\u00e1lido\",\"global_message\":\"Este campo debe contener un correo electr\\u00f3nico v\\u00e1lido\",\"global\":true}},\"centro\":{\"required\":{\"value\":true,\"message\":\"Este campo es obligatorio\",\"global_message\":\"Este campo es obligatorio\",\"global\":true}},\"titulacion\":{\"required\":{\"value\":true,\"message\":\"Este campo es obligatorio\",\"global_message\":\"Este campo es obligatorio\",\"global\":true}},\"caracteristicas\":{\"required\":{\"value\":false,\"message\":\"Este campo es obligatorio\",\"global_message\":\"Este campo es obligatorio\",\"global\":true}}},\"debounce_time\":300};\n                            <\/script>\n            <\/div>\r\n      <\/div>\r\n      <!-- Columna derecha: Redes, CTA, Mapa -->\r\n      <div class=\"side\">\r\n        <div class=\"social-bar\">\r\n          <a href=\"https:\/\/wa.me\/670821408\"><img decoding=\"async\" src=\"https:\/\/www.unioviedo.es\/cestudiantes\/wp-content\/uploads\/2024\/08\/was.png\" alt=\"WhatsApp\"><\/a>\r\n          <a href=\"https:\/\/www.instagram.com\/estudiantesovi\/\"><img decoding=\"async\" src=\"https:\/\/www.unioviedo.es\/cestudiantes\/wp-content\/uploads\/2024\/08\/insta.png\" alt=\"Instagram\"><\/a>\r\n          <a href=\"https:\/\/www.tiktok.com\/@estudiantesovi\"><img decoding=\"async\" src=\"https:\/\/www.unioviedo.es\/cestudiantes\/wp-content\/uploads\/2024\/08\/tiktok.png\" alt=\"TikTok\"><\/a>\r\n          <a href=\"https:\/\/bsky.app\/profile\/estudiantesovi.bsky.social\"><img decoding=\"async\" src=\"https:\/\/www.unioviedo.es\/cestudiantes\/wp-content\/uploads\/2025\/02\/bluesky.png\" alt=\"Bluesky\"><\/a>\r\n          <a href=\"https:\/\/www.facebook.com\/profile.php?id=100090571644546\"><img decoding=\"async\" src=\"https:\/\/www.unioviedo.es\/cestudiantes\/wp-content\/uploads\/2024\/08\/face.png\" alt=\"Facebook\"><\/a>\r\n          <a href=\"https:\/\/www.linkedin.com\/in\/cde-uniovi\"><img decoding=\"async\" src=\"https:\/\/www.unioviedo.es\/cestudiantes\/wp-content\/uploads\/2024\/08\/linkedin.png\" alt=\"LinkedIn\"><\/a>\r\n          <a href=\"https:\/\/open.spotify.com\/show\/4tIiXzoc2V3DACKU57JHax?si=08e0fa5eddeb4858\"><img decoding=\"async\" src=\"https:\/\/www.unioviedo.es\/cestudiantes\/wp-content\/uploads\/2024\/08\/81565.png\" alt=\"Spotify\"><\/a>\r\n        <\/div>\r\n        <a href=\"https:\/\/wa.me\/670821408\" class=\"cta-whatsapp\">\r\n          <i class=\"fab fa-whatsapp\"><\/i><span>Chatea con nosotros hoy<\/span>\r\n        <\/a>\r\n        <div class=\"map\">\r\n<iframe src=\"https:\/\/www.google.com\/maps\/embed?pb=!1m14!1m8!1m3!1d362.5949376184528!2d-5.845856!3d43.361141!3m2!1i1024!2i768!4f13.1!3m3!1m2!1s0xd368df59d7a5e7f%3A0xb4d73ae2be780c31!2sRegistro%20General%20de%20la%20Universidad%20de%20Oviedo!5e0!3m2!1ses!2ses!4v1763739766493!5m2!1ses!2ses\" width=\"600\" height=\"450\" style=\"border:0;\" allowfullscreen=\"\" loading=\"lazy\" referrerpolicy=\"no-referrer-when-downgrade\"><\/iframe>\r\n        <\/div>\r\n      <\/div>\r\n    <\/div>\r\n  <\/div>\r\n<\/body>\r\n<\/html>\r\n\t\t\t\t<\/div>\n\t\t\t\t\t<\/div>\n\t\t<\/div>\n\t\t\t\t\t<\/div>\n\t\t<\/section>\n\t\t\t\t<\/div>\n\t\t","protected":false},"excerpt":{"rendered":"<p>CONTACTA DIRECTAMENTE Chatea con nosotros hoy<\/p>\n","protected":false},"author":49,"featured_media":0,"parent":0,"menu_order":0,"comment_status":"closed","ping_status":"closed","template":"page-templates\/template-pagebuilder-full-width.php","meta":{"neve_meta_sidebar":"","neve_meta_container":"","neve_meta_enable_content_width":"off","neve_meta_content_width":100,"neve_meta_title_alignment":"","neve_meta_author_avatar":"","neve_post_elements_order":"","neve_meta_disable_header":"","neve_meta_disable_footer":"","neve_meta_disable_title":"on","footnotes":""},"class_list":["post-10887","page","type-page","status-publish","hentry"],"_links":{"self":[{"href":"https:\/\/www.unioviedo.es\/alumni\/index.php\/wp-json\/wp\/v2\/pages\/10887","targetHints":{"allow":["GET"]}}],"collection":[{"href":"https:\/\/www.unioviedo.es\/alumni\/index.php\/wp-json\/wp\/v2\/pages"}],"about":[{"href":"https:\/\/www.unioviedo.es\/alumni\/index.php\/wp-json\/wp\/v2\/types\/page"}],"author":[{"embeddable":true,"href":"https:\/\/www.unioviedo.es\/alumni\/index.php\/wp-json\/wp\/v2\/users\/49"}],"replies":[{"embeddable":true,"href":"https:\/\/www.unioviedo.es\/alumni\/index.php\/wp-json\/wp\/v2\/comments?post=10887"}],"version-history":[{"count":9,"href":"https:\/\/www.unioviedo.es\/alumni\/index.php\/wp-json\/wp\/v2\/pages\/10887\/revisions"}],"predecessor-version":[{"id":11878,"href":"https:\/\/www.unioviedo.es\/alumni\/index.php\/wp-json\/wp\/v2\/pages\/10887\/revisions\/11878"}],"wp:attachment":[{"href":"https:\/\/www.unioviedo.es\/alumni\/index.php\/wp-json\/wp\/v2\/media?parent=10887"}],"curies":[{"name":"wp","href":"https:\/\/api.w.org\/{rel}","templated":true}]}}