{"id":10970,"date":"2024-11-26T17:38:01","date_gmt":"2024-11-26T17:38:01","guid":{"rendered":"https:\/\/www.unioviedo.es\/alumni\/?page_id=10970"},"modified":"2025-06-14T09:31:44","modified_gmt":"2025-06-14T09:31:44","slug":"noticias","status":"publish","type":"page","link":"https:\/\/www.unioviedo.es\/alumni\/index.php\/noticias\/","title":{"rendered":"Noticias"},"content":{"rendered":"\t\t<div data-elementor-type=\"wp-page\" data-elementor-id=\"10970\" class=\"elementor elementor-10970\">\n\t\t\t\t\t\t<section class=\"elementor-section elementor-top-section elementor-element elementor-element-9f8e86f elementor-section-full_width elementor-section-height-default elementor-section-height-default\" data-id=\"9f8e86f\" data-element_type=\"section\" data-e-type=\"section\">\n\t\t\t\t\t\t<div class=\"elementor-container elementor-column-gap-default\">\n\t\t\t\t\t<div class=\"elementor-column elementor-col-100 elementor-top-column elementor-element elementor-element-8db5db4\" data-id=\"8db5db4\" data-element_type=\"column\" data-e-type=\"column\">\n\t\t\t<div class=\"elementor-widget-wrap elementor-element-populated\">\n\t\t\t\t\t\t<div class=\"elementor-element elementor-element-b3821b4 elementor-widget elementor-widget-heading\" data-id=\"b3821b4\" data-element_type=\"widget\" data-e-type=\"widget\" data-widget_type=\"heading.default\">\n\t\t\t\t\t<h2 class=\"elementor-heading-title elementor-size-default\">NOTICIAS Y BOLET\u00cdN<\/h2>\t\t\t\t<\/div>\n\t\t\t\t\t<\/div>\n\t\t<\/div>\n\t\t\t\t\t<\/div>\n\t\t<\/section>\n\t\t\t\t<section class=\"elementor-section elementor-top-section elementor-element elementor-element-d9fdd43 elementor-section-boxed elementor-section-height-default elementor-section-height-default\" data-id=\"d9fdd43\" data-element_type=\"section\" data-e-type=\"section\" data-settings=\"{&quot;background_background&quot;:&quot;classic&quot;}\">\n\t\t\t\t\t\t<div class=\"elementor-container elementor-column-gap-default\">\n\t\t\t\t\t<div class=\"elementor-column elementor-col-100 elementor-top-column elementor-element elementor-element-7dff6bfe\" data-id=\"7dff6bfe\" data-element_type=\"column\" data-e-type=\"column\">\n\t\t\t<div class=\"elementor-widget-wrap elementor-element-populated\">\n\t\t\t\t\t\t<div class=\"elementor-element elementor-element-847dbcf elementor-widget elementor-widget-html\" data-id=\"847dbcf\" data-element_type=\"widget\" data-e-type=\"widget\" data-widget_type=\"html.default\">\n\t\t\t\t\t<div style=\"\r\n    max-width: 1200px;\r\n    margin: 20px auto;\r\n    display: flex;\r\n    background-color: #ffffff;\r\n    border-radius: 12px;\r\n    font-family: Arial, sans-serif;\r\n    line-height: 1.8;\r\n    color: #4B77AA;\r\n    text-align: justify;\r\n    box-shadow: 0 4px 10px rgba(0, 0, 0, 0.1);\r\n    overflow: hidden;\r\n\">\r\n    <!-- Franja azul lateral -->\r\n    <div style=\"\r\n        width: 12px; \/* Ancho de la franja *\/\r\n        background-color: #4B77AA;\r\n    \"><\/div>\r\n\r\n    <!-- Contenido -->\r\n    <div style=\"padding: 20px; flex: 1;\">\r\n        <p style=\"\r\n            font-size: 16px;\r\n            margin-bottom: 10px;\r\n        \">\r\n            Como miembro del Club podr\u00e1s suscribirte al bolet\u00edn oficial y recibir\u00e1s cada mes un resumen exclusivo de las actividades, eventos y oportunidades m\u00e1s destacadas de nuestra comunidad. Mantente informado sobre las novedades y aprovecha todas las ventajas que ofrece el Club.\r\n        <\/p>\r\n        <p style=\"\r\n            font-size: 16px;\r\n            margin-bottom: 10px;\r\n        \">\r\n            Al suscribirte al bolet\u00edn del Club Alumni de la Universidad de Oviedo, recibir\u00e1s cada mes un resumen exclusivo de las actividades, eventos y oportunidades m\u00e1s destacadas de nuestra comunidad. Mantente informado sobre las novedades y aprovecha todas las ventajas que ofrece el Club.\r\n        <\/p>\r\n        <div style=\"text-align: center; margin-top: 20px;\">\r\n            <a href=\"https:\/\/www.unioviedo.es\/alumni\/index.php\/iniciar-sesion\/\" style=\"\r\n                display: inline-block;\r\n                margin: 10px 5px;\r\n                padding: 10px 20px;\r\n                background-color: rgba(3, 130, 124, 0.8); \/* Verde claro con transparencia *\/\r\n                color: white;\r\n                text-decoration: none;\r\n                font-size: 14px;\r\n                font-weight: bold;\r\n                border-radius: 4px;\r\n                transition: background-color 0.3s, transform 0.2s;\r\n                text-align: center;\r\n            \" onmouseover=\"this.style.backgroundColor='rgba(2, 106, 99, 0.9)'; this.style.transform='scale(1.05)';\" onmouseout=\"this.style.backgroundColor='rgba(3, 130, 124, 0.8)'; this.style.transform='scale(1)';\">\r\n                Iniciar Sesi\u00f3n\r\n            <\/a>\r\n            <a href=\"https:\/\/www.unioviedo.es\/alumni\/index.php\/inscripciones\/\" style=\"\r\n                display: inline-block;\r\n                margin: 10px 5px;\r\n                padding: 10px 20px;\r\n                background-color: rgba(3, 130, 124, 0.8); \/* Verde claro con transparencia *\/\r\n                color: white;\r\n                text-decoration: none;\r\n                font-size: 14px;\r\n                font-weight: bold;\r\n                border-radius: 4px;\r\n                transition: background-color 0.3s, transform 0.2s;\r\n                text-align: center;\r\n            \" onmouseover=\"this.style.backgroundColor='rgba(2, 106, 99, 0.9)'; this.style.transform='scale(1.05)';\" onmouseout=\"this.style.backgroundColor='rgba(3, 130, 124, 0.8)'; this.style.transform='scale(1)';\">\r\n                Registrarme\r\n            <\/a>\r\n        <\/div>\r\n    <\/div>\r\n<\/div>\r\n\t\t\t\t<\/div>\n\t\t\t\t<section class=\"elementor-section elementor-inner-section elementor-element elementor-element-df159ec elementor-section-boxed elementor-section-height-default elementor-section-height-default\" data-id=\"df159ec\" data-element_type=\"section\" data-e-type=\"section\">\n\t\t\t\t\t\t<div class=\"elementor-container elementor-column-gap-default\">\n\t\t\t\t\t<div class=\"elementor-column elementor-col-100 elementor-inner-column elementor-element elementor-element-7e39265d\" data-id=\"7e39265d\" data-element_type=\"column\" data-e-type=\"column\">\n\t\t\t<div class=\"elementor-widget-wrap elementor-element-populated\">\n\t\t\t\t\t\t<div class=\"elementor-element elementor-element-b27167a elementor-widget elementor-widget-html\" data-id=\"b27167a\" data-element_type=\"widget\" data-e-type=\"widget\" data-widget_type=\"html.default\">\n\t\t\t\t\t<!-- Secci\u00f3n \u201cInforme de empleabilidad\u201d con ajustes de bot\u00f3n \u201cSaber m\u00e1s\u201d en m\u00f3vil y tipograf\u00edas -->\r\n<style>\r\n  :root {\r\n    --primary: #4B77AA;\r\n    --accent: #03827C;\r\n    --text-light: #ffffff;\r\n    --text-dark: #333333;\r\n    --radius: 1rem;\r\n    --gap-lg: 2rem;\r\n    --gap-md: 1rem;\r\n    --gap-sm: 0.75rem;\r\n    --btn-font-size: 0.9rem;\r\n    --btn-line-height: 1.2;\r\n  }\r\n\r\n  \/* Reset *\/\r\n  .empleabilidad-section,\r\n  .empleabilidad-section * {\r\n    margin: 0;\r\n    padding: 0;\r\n    box-sizing: border-box;\r\n  }\r\n\r\n  \/* Contenedor principal *\/\r\n  .empleabilidad-section {\r\n    max-width: 1200px;\r\n    margin: 0 auto;\r\n    padding: var(--gap-lg) var(--gap-md);\r\n  }\r\n  .empleabilidad-section > h2 {\r\n    font-size: 2rem;\r\n    text-align: center;\r\n    text-transform: uppercase;\r\n    margin-bottom: var(--gap-lg);\r\n  }\r\n\r\n  \/* Layout desktop\/mobile *\/\r\n  .empleabilidad-content {\r\n    display: grid;\r\n    grid-template-columns: 1fr;\r\n    gap: var(--gap-lg);\r\n  }\r\n  @media (min-width: 768px) {\r\n    .empleabilidad-content {\r\n      grid-template-columns: 2fr 1fr;\r\n    }\r\n  }\r\n\r\n  \/* Tarjeta de informe *\/\r\n  .report-card {\r\n    position: relative;\r\n    border-radius: var(--radius);\r\n    overflow: hidden;\r\n  }\r\n  .report-card .report-img {\r\n    width: 100%;\r\n    display: block;\r\n    object-fit: cover;\r\n  }\r\n  \/* Overlay desktop *\/\r\n  .report-card .report-content {\r\n    position: absolute;\r\n    bottom: 0; left: 0;\r\n    width: 100%;\r\n    padding: var(--gap-md);\r\n    background: rgba(0,0,0,0.6);\r\n    color: var(--text-light);\r\n    text-align: left;\r\n  }\r\n  .report-card .report-content h3 {\r\n    font-size: 1.75rem;\r\n    margin-bottom: var(--gap-md);\r\n    text-transform: uppercase;\r\n  }\r\n  .report-card .report-content p {\r\n    font-size: 1rem;\r\n    line-height: 1.4;\r\n    margin-bottom: var(--gap-md);\r\n  }\r\n  .report-card .report-content a {\r\n    display: inline-block;\r\n    padding: 0.6rem 1rem;\r\n    font-size: var(--btn-font-size);\r\n    line-height: var(--btn-line-height);\r\n    background: var(--accent);\r\n    color: var(--text-light);\r\n    border-radius: var(--radius);\r\n    text-decoration: none;\r\n    font-weight: 600;\r\n    text-transform: uppercase;\r\n    transition: background 0.3s, transform 0.2s;\r\n  }\r\n  .report-card .report-content a:hover {\r\n    background: var(--primary);\r\n    transform: translateY(-2px);\r\n  }\r\n\r\n  \/* Panel de acciones y RRSS *\/\r\n  .actions-panel {\r\n    display: flex;\r\n    flex-direction: column;\r\n    gap: var(--gap-md);\r\n  }\r\n  .actions-panel .btn-gradient {\r\n    padding: 0.6rem 1rem;\r\n    font-size: var(--btn-font-size);\r\n    line-height: var(--btn-line-height);\r\n    background: linear-gradient(45deg, var(--accent), var(--primary));\r\n    color: var(--text-light);\r\n    text-align: center;\r\n    text-decoration: none;\r\n    font-weight: 600;\r\n    text-transform: uppercase;\r\n    border-radius: var(--radius);\r\n    transition: transform 0.3s;\r\n    white-space: normal;\r\n  }\r\n  .actions-panel .btn-gradient:hover {\r\n    transform: translateY(-2px) scale(1.02);\r\n  }\r\n  .actions-panel .socials {\r\n    display: flex;\r\n    gap: var(--gap-sm);\r\n    flex-wrap: wrap;\r\n    margin-top: var(--gap-md);\r\n  }\r\n  .actions-panel .socials a {\r\n    width: 56px; height: 56px;\r\n    display: inline-flex;\r\n    align-items: center; justify-content: center;\r\n    transition: transform 0.2s;\r\n  }\r\n  .actions-panel .socials a:hover {\r\n    transform: scale(1.1);\r\n  }\r\n  .actions-panel .socials img {\r\n    width: 32px; height: 32px;\r\n  }\r\n\r\n  \/* ===== Ajustes M\u00d3VIL ===== *\/\r\n  @media (max-width: 767px) {\r\n    \/* Una columna *\/\r\n    .empleabilidad-content {\r\n      grid-template-columns: 1fr;\r\n    }\r\n\r\n    \/* Informe: overlay bajo imagen, fondo blanco para contenido *\/\r\n    .report-card .report-content {\r\n      position: static;\r\n      background: #ffffff;\r\n      color: var(--text-dark);\r\n      padding: var(--gap-md);\r\n      border-radius: 0 0 var(--radius) var(--radius);\r\n      text-align: center;\r\n    }\r\n    .report-card .report-content h3 {\r\n      font-size: 1.5rem;\r\n      margin-bottom: var(--gap-sm);\r\n    }\r\n    .report-card .report-content p {\r\n      margin-bottom: var(--gap-md);\r\n    }\r\n    .report-card .report-content a {\r\n      \/* bot\u00f3n s\u00f3lido verde, sin degradado *\/\r\n      background: var(--accent);\r\n      color: var(--text-light);\r\n      width: auto;\r\n      max-width: 200px;\r\n      margin: 0 auto;\r\n      display: inline-block;\r\n      padding: 0.75rem 1rem;\r\n      font-size: var(--btn-font-size);\r\n      line-height: var(--btn-line-height);\r\n    }\r\n\r\n    \/* Botones CTA iguales a desktop\/tablet *\/\r\n    .actions-panel .btn-gradient {\r\n      background: linear-gradient(45deg, var(--accent), var(--primary));\r\n      width: auto;\r\n      max-width: 100%;\r\n      margin: 0 auto;\r\n      text-align: center;\r\n    }\r\n\r\n    \/* Ocultar redes sociales *\/\r\n    .actions-panel .socials {\r\n      display: none;\r\n    }\r\n  }\r\n<\/style>\r\n\r\n<section class=\"empleabilidad-section\" aria-labelledby=\"empleabilidad-title\">\r\n  <div class=\"empleabilidad-content\">\r\n    <!-- Tarjeta Informe -->\r\n    <div class=\"report-card\">\r\n      <img decoding=\"async\"\r\n        class=\"report-img\"\r\n        src=\"https:\/\/www.unioviedo.es\/alumni\/wp-content\/uploads\/2024\/11\/448933383_863363939150696_2468632555954473859_n.jpg\"\r\n        alt=\"Informe de Empleabilidad\"\r\n        loading=\"lazy\"\r\n      >\r\n      <div class=\"report-content\">\r\n        <h3>Informe de Empleabilidad<\/h3>\r\n        <p>\r\n          El <strong>74 %<\/strong> de los graduados y el <strong>77 %<\/strong> de los titulados de m\u00e1ster\r\n          en la Universidad de Oviedo trabajan en el primer a\u00f1o tras finalizar sus estudios.\r\n        <\/p>\r\n        <a\r\n          href=\"https:\/\/www.uniovi.es\/actualidad\/noticias\/-\/asset_publisher\/Ru0cAJNPrm1m\/content\/el-74-de-los-graduados-y-el-77-de-los-titulados-de-m%25C3%25A1ster-en-la-universidad-de-oviedo-trabajan-en-el-primer-a%25C3%25B1o-tras-finalizar-sus-estudios\"\r\n        >\r\n          Saber m\u00e1s\r\n        <\/a>\r\n      <\/div>\r\n    <\/div>\r\n\r\n    <!-- Botones y RRSS -->\r\n    <nav class=\"actions-panel\" aria-label=\"Acciones y redes sociales\">\r\n      <a href=\"https:\/\/www.uniovi.es\/actualidad\/duo\" class=\"btn-gradient\">\r\n        Consulta el Diario de la Universidad de Oviedo (DUO)\r\n      <\/a>\r\n      <a href=\"https:\/\/www.uniovi.es\/actualidad\/noticias\" class=\"btn-gradient\">\r\n        Consulta las noticias de la Universidad\r\n      <\/a>\r\n      <div class=\"socials\" aria-label=\"S\u00edguenos en redes sociales\">\r\n        <a href=\"https:\/\/www.instagram.com\/universidad_de_oviedo\/\" aria-label=\"Instagram\">\r\n          <img decoding=\"async\" src=\"https:\/\/www.unioviedo.es\/cestudiantes\/wp-content\/uploads\/2024\/08\/insta.png\" alt=\"Instagram\">\r\n        <\/a>\r\n        <a href=\"https:\/\/www.tiktok.com\/@uniovi\" aria-label=\"TikTok\">\r\n          <img decoding=\"async\" src=\"https:\/\/www.unioviedo.es\/cestudiantes\/wp-content\/uploads\/2024\/08\/tiktok.png\" alt=\"TikTok\">\r\n        <\/a>\r\n        <a href=\"https:\/\/bsky.app\/profile\/universidadoviedo.bsky.social\" aria-label=\"Bluesky\">\r\n          <img decoding=\"async\" src=\"https:\/\/www.unioviedo.es\/cestudiantes\/wp-content\/uploads\/2025\/02\/bluesky.png\" alt=\"Bluesky\">\r\n        <\/a>\r\n        <a href=\"https:\/\/www.facebook.com\/UniversidadOviedo\" aria-label=\"Facebook\">\r\n          <img decoding=\"async\" src=\"https:\/\/www.unioviedo.es\/cestudiantes\/wp-content\/uploads\/2024\/08\/face.png\" alt=\"Facebook\">\r\n        <\/a>\r\n        <a href=\"https:\/\/www.linkedin.com\/school\/uniovi\" aria-label=\"LinkedIn\">\r\n          <img decoding=\"async\" src=\"https:\/\/www.unioviedo.es\/cestudiantes\/wp-content\/uploads\/2024\/08\/linkedin.png\" alt=\"LinkedIn\">\r\n        <\/a>\r\n        <a href=\"https:\/\/www.youtube.com\/user\/uniovi\" aria-label=\"YouTube\">\r\n          <img decoding=\"async\" src=\"https:\/\/www.unioviedo.es\/fvoluntariado\/wp-content\/uploads\/2024\/09\/png-transparent-youtube-computer-icons-logo-silhouette-youtube-angle-desktop-wallpaper-w-kamau-bell-thumbnail-removebg-preview-1.png\" alt=\"YouTube\">\r\n        <\/a>\r\n      <\/div>\r\n    <\/nav>\r\n  <\/div>\r\n<\/section>\r\n\t\t\t\t<\/div>\n\t\t\t\t\t<\/div>\n\t\t<\/div>\n\t\t\t\t\t<\/div>\n\t\t<\/section>\n\t\t\t\t\t<\/div>\n\t\t<\/div>\n\t\t\t\t\t<\/div>\n\t\t<\/section>\n\t\t\t\t<\/div>\n\t\t","protected":false},"excerpt":{"rendered":"<p>NOTICIAS Y BOLET\u00cdN Como miembro del Club podr\u00e1s suscribirte al bolet\u00edn oficial y recibir\u00e1s cada mes un resumen exclusivo de las actividades, eventos y oportunidades m\u00e1s destacadas de nuestra comunidad. Mantente informado sobre las novedades y aprovecha todas las ventajas que ofrece el Club. Al suscribirte al bolet\u00edn del Club Alumni de la Universidad de&hellip;&nbsp;<a href=\"https:\/\/www.unioviedo.es\/alumni\/index.php\/noticias\/\" rel=\"bookmark\">Leer m\u00e1s &raquo;<span class=\"screen-reader-text\">Noticias<\/span><\/a><\/p>\n","protected":false},"author":49,"featured_media":0,"parent":0,"menu_order":0,"comment_status":"closed","ping_status":"closed","template":"page-templates\/template-pagebuilder-full-width.php","meta":{"neve_meta_sidebar":"","neve_meta_container":"","neve_meta_enable_content_width":"off","neve_meta_content_width":100,"neve_meta_title_alignment":"","neve_meta_author_avatar":"","neve_post_elements_order":"","neve_meta_disable_header":"","neve_meta_disable_footer":"","neve_meta_disable_title":"on","footnotes":""},"class_list":["post-10970","page","type-page","status-publish","hentry"],"_links":{"self":[{"href":"https:\/\/www.unioviedo.es\/alumni\/index.php\/wp-json\/wp\/v2\/pages\/10970","targetHints":{"allow":["GET"]}}],"collection":[{"href":"https:\/\/www.unioviedo.es\/alumni\/index.php\/wp-json\/wp\/v2\/pages"}],"about":[{"href":"https:\/\/www.unioviedo.es\/alumni\/index.php\/wp-json\/wp\/v2\/types\/page"}],"author":[{"embeddable":true,"href":"https:\/\/www.unioviedo.es\/alumni\/index.php\/wp-json\/wp\/v2\/users\/49"}],"replies":[{"embeddable":true,"href":"https:\/\/www.unioviedo.es\/alumni\/index.php\/wp-json\/wp\/v2\/comments?post=10970"}],"version-history":[{"count":9,"href":"https:\/\/www.unioviedo.es\/alumni\/index.php\/wp-json\/wp\/v2\/pages\/10970\/revisions"}],"predecessor-version":[{"id":11691,"href":"https:\/\/www.unioviedo.es\/alumni\/index.php\/wp-json\/wp\/v2\/pages\/10970\/revisions\/11691"}],"wp:attachment":[{"href":"https:\/\/www.unioviedo.es\/alumni\/index.php\/wp-json\/wp\/v2\/media?parent=10970"}],"curies":[{"name":"wp","href":"https:\/\/api.w.org\/{rel}","templated":true}]}}