{"id":10986,"date":"2024-11-26T17:53:49","date_gmt":"2024-11-26T17:53:49","guid":{"rendered":"https:\/\/www.unioviedo.es\/alumni\/?page_id=10986"},"modified":"2025-11-21T15:40:07","modified_gmt":"2025-11-21T15:40:07","slug":"actividades","status":"publish","type":"page","link":"https:\/\/www.unioviedo.es\/alumni\/index.php\/actividades\/","title":{"rendered":"Actividades"},"content":{"rendered":"\t\t<div data-elementor-type=\"wp-page\" data-elementor-id=\"10986\" class=\"elementor elementor-10986\">\n\t\t\t\t\t\t<section class=\"elementor-section elementor-top-section elementor-element elementor-element-9f8e86f elementor-section-full_width elementor-section-height-default elementor-section-height-default\" data-id=\"9f8e86f\" data-element_type=\"section\" data-e-type=\"section\">\n\t\t\t\t\t\t<div class=\"elementor-container elementor-column-gap-default\">\n\t\t\t\t\t<div class=\"elementor-column elementor-col-100 elementor-top-column elementor-element elementor-element-8db5db4\" data-id=\"8db5db4\" data-element_type=\"column\" data-e-type=\"column\">\n\t\t\t<div class=\"elementor-widget-wrap elementor-element-populated\">\n\t\t\t\t\t\t<div class=\"elementor-element elementor-element-b3821b4 elementor-widget elementor-widget-heading\" data-id=\"b3821b4\" data-element_type=\"widget\" data-e-type=\"widget\" data-widget_type=\"heading.default\">\n\t\t\t\t\t<h2 class=\"elementor-heading-title elementor-size-default\">ACTIVIDADES DEL CLUB ALUMNI 360 UO<\/h2>\t\t\t\t<\/div>\n\t\t\t\t<div class=\"elementor-element elementor-element-cde69a7 elementor-widget elementor-widget-html\" data-id=\"cde69a7\" data-element_type=\"widget\" data-e-type=\"widget\" data-widget_type=\"html.default\">\n\t\t\t\t\t<div style=\"\r\n    max-width: 1200px;\r\n    margin: 20px auto;\r\n    display: flex;\r\n    background-color: #ffffff;\r\n    border-radius: 12px;\r\n    font-family: Arial, sans-serif;\r\n    line-height: 1.8;\r\n    color: #4B77AA;\r\n    text-align: justify;\r\n    box-shadow: 0 4px 10px rgba(0, 0, 0, 0.1);\r\n    overflow: hidden;\r\n\">\r\n    <!-- Franja azul lateral -->\r\n    <div style=\"\r\n        width: 12px; \/* Ancho de la franja *\/\r\n        background-color: #4B77AA;\r\n    \"><\/div>\r\n\r\n    <!-- Contenido -->\r\n    <div style=\"padding: 20px;\">\r\n        <p style=\"\r\n            font-size: 16px;\r\n            margin-bottom: 10px;\r\n        \">\r\n            Al registrarte como miembro del Club Alumni de la Universidad de Oviedo, podr\u00e1s acceder a propuestas de actividades realizadas por otros miembros y participar activamente proponiendo tus propias ideas. Adem\u00e1s, tendr\u00e1s la posibilidad de mostrar tu inter\u00e9s en proyectos concretos, unirte a grupos tem\u00e1ticos y colaborar en discusiones dentro de nuestra plataforma interactiva.\r\n        <\/p>\r\n        <p style=\"\r\n            font-size: 16px;\r\n            margin-bottom: 10px;\r\n        \">\r\n            Si eres profesor\/a en activo de la Universidad de Oviedo, tambi\u00e9n podr\u00e1s registrar tu perfil, crear propuestas de actividades, formar grupos de inter\u00e9s y contribuir activamente en el desarrollo de nuestra comunidad Alumni.\r\n        <\/p>\r\n        <div style=\"text-align: center; margin-top: 20px;\">\r\n            <a href=\"https:\/\/www.unioviedo.es\/alumni\/index.php\/iniciar-sesion\/\" style=\"\r\n                display: inline-block;\r\n                margin: 0 10px;\r\n                padding: 8px 16px;\r\n                background-color: rgba(3, 130, 124, 0.8); \/* Verde claro con transparencia *\/\r\n                color: white;\r\n                text-decoration: none;\r\n                font-size: 14px;\r\n                font-weight: bold;\r\n                border-radius: 4px;\r\n                transition: background-color 0.3s, transform 0.2s;\r\n            \" onmouseover=\"this.style.backgroundColor='rgba(2, 106, 99, 0.9)'; this.style.transform='scale(1.05)';\" onmouseout=\"this.style.backgroundColor='rgba(3, 130, 124, 0.8)'; this.style.transform='scale(1)';\">\r\n                Iniciar Sesi\u00f3n\r\n            <\/a>\r\n            <a href=\"https:\/\/www.unioviedo.es\/alumni\/index.php\/inscripciones\/\" style=\"\r\n                display: inline-block;\r\n                margin: 0 10px;\r\n                padding: 8px 16px;\r\n                background-color: rgba(3, 130, 124, 0.8); \/* Verde claro con transparencia *\/\r\n                color: white;\r\n                text-decoration: none;\r\n                font-size: 14px;\r\n                font-weight: bold;\r\n                border-radius: 4px;\r\n                transition: background-color 0.3s, transform 0.2s;\r\n            \" onmouseover=\"this.style.backgroundColor='rgba(2, 106, 99, 0.9)'; this.style.transform='scale(1.05)';\" onmouseout=\"this.style.backgroundColor='rgba(3, 130, 124, 0.8)'; this.style.transform='scale(1)';\">\r\n                Registrarme\r\n            <\/a>\r\n        <\/div>\r\n    <\/div>\r\n<\/div>\r\n\t\t\t\t<\/div>\n\t\t\t\t<div class=\"elementor-element elementor-element-b1a8aac elementor-widget elementor-widget-html\" data-id=\"b1a8aac\" data-element_type=\"widget\" data-e-type=\"widget\" data-widget_type=\"html.default\">\n\t\t\t\t\t<!DOCTYPE html>\r\n<html lang=\"es\">\r\n<head>\r\n    <meta charset=\"UTF-8\">\r\n    <meta name=\"viewport\" content=\"width=device-width, initial-scale=1.0\">\r\n    <title>Actividades del Club Alumni<\/title>\r\n    <style>\r\n        .alumni-activities {\r\n            display: grid;\r\n            grid-template-columns: 1fr;\r\n            gap: 20px;\r\n            max-width: 1200px;\r\n            margin: 50px auto;\r\n            padding: 20px;\r\n        }\r\n\r\n        .activity-card {\r\n            display: flex;\r\n            flex-wrap: wrap;\r\n            background: #f9f9f9;\r\n            border-radius: 10px;\r\n            overflow: hidden;\r\n            box-shadow: 0 4px 12px rgba(0, 0, 0, 0.1);\r\n            transition: transform 0.3s ease, box-shadow 0.3s ease;\r\n        }\r\n\r\n        .activity-card:hover {\r\n            transform: translateY(-5px);\r\n            box-shadow: 0 6px 16px rgba(0, 0, 0, 0.2);\r\n        }\r\n\r\n        .activity-card img {\r\n            width: 100%;\r\n            max-width: 400px;\r\n            height: auto;\r\n            object-fit: cover;\r\n            flex-shrink: 0;\r\n        }\r\n\r\n        .activity-details {\r\n            flex: 1;\r\n            padding: 20px;\r\n        }\r\n\r\n        .activity-title {\r\n            font-size: 24px;\r\n            color: #03827C;\r\n            margin-bottom: 10px;\r\n        }\r\n\r\n        .activity-date,\r\n        .activity-location {\r\n            font-size: 16px;\r\n            color: #555;\r\n            margin-bottom: 10px;\r\n        }\r\n\r\n        .activity-description {\r\n            font-size: 14px;\r\n            color: #666;\r\n            line-height: 1.6;\r\n            margin-bottom: 20px;\r\n        }\r\n\r\n        .cta-button {\r\n            display: inline-block;\r\n            padding: 10px 20px;\r\n            background-color: #4B77AA;\r\n            color: white;\r\n            text-decoration: none;\r\n            font-size: 16px;\r\n            font-weight: bold;\r\n            border-radius: 8px;\r\n            transition: background-color 0.3s ease, transform 0.3s ease, color 0.3s ease;\r\n        }\r\n\r\n        .cta-button:hover {\r\n            background-color: #02675F;\r\n            color: white; \/* Asegura que la letra sea blanca al hacer hover *\/\r\n            transform: translateY(-2px);\r\n        }\r\n\r\n        @media (max-width: 768px) {\r\n            .activity-card {\r\n                flex-direction: column;\r\n            }\r\n\r\n            .activity-card img {\r\n                max-width: 100%;\r\n            }\r\n        }\r\n    <\/style>\r\n<\/head>\r\n<body>\r\n    <div class=\"alumni-activities\">\r\n        <!-- Activity Block -->\r\n        <div class=\"activity-card\">\r\n            <img decoding=\"async\" src=\"https:\/\/www.uniovi.es\/documents\/39158\/9897733\/2024-11-28-Facultad-Qu%C3%ADmica.jpg\/e2f4dc17-9748-b6c3-171e-8010363edd9b?t=1732875990193\">\r\n            <div class=\"activity-details\">\r\n                <h3 class=\"activity-title\">Acto acad\u00e9mico del 50 aniversario de la promoci\u00f3n 1969-1974 <\/h3>\r\n                <p class=\"activity-date\"><strong>Fecha:<\/strong> 29 de noviembre de 2024<\/p>\r\n                <p class=\"activity-location\"><strong>Lugar:<\/strong> Facultad de Qu\u00edmica (Oviedo)<\/p>\r\n                <p class=\"activity-description\">\r\n                    La Sala de Grados de la Facultad de Qu\u00edmica ha acogido el acto acad\u00e9mico con motivo del 50 aniversario de la promoci\u00f3n 1969-1974 de Licenciados y Licenciadas en Qu\u00edmica.\r\n                <\/p>\r\n                <a href=\"https:\/\/www.uniovi.es\/actualidad\/noticias\/-\/asset_publisher\/Ru0cAJNPrm1m\/content\/id\/10071102\" class=\"cta-button\">M\u00e1s Informaci\u00f3n<\/a>\r\n            <\/div>\r\n        <\/div>\r\n        <!-- Add more activity blocks below -->\r\n    <\/div>\r\n<\/body>\r\n<\/html>\r\n\t\t\t\t<\/div>\n\t\t\t\t<div class=\"elementor-element elementor-element-2c93935 elementor-widget elementor-widget-html\" data-id=\"2c93935\" data-element_type=\"widget\" data-e-type=\"widget\" data-widget_type=\"html.default\">\n\t\t\t\t\t<!DOCTYPE html>\r\n<html lang=\"es\">\r\n<head>\r\n    <meta charset=\"UTF-8\">\r\n    <meta name=\"viewport\" content=\"width=device-width, initial-scale=1.0\">\r\n    <title>Actividades del Club Alumni<\/title>\r\n    <style>\r\n        .alumni-activities {\r\n            display: grid;\r\n            grid-template-columns: 1fr;\r\n            gap: 20px;\r\n            max-width: 1200px;\r\n            margin: 0px auto;\r\n            padding: 20px;\r\n        }\r\n\r\n        .activity-card {\r\n            display: flex;\r\n            flex-wrap: wrap;\r\n            background: #f9f9f9;\r\n            border-radius: 10px;\r\n            overflow: hidden;\r\n            box-shadow: 0 4px 12px rgba(0, 0, 0, 0.1);\r\n            transition: transform 0.3s ease, box-shadow 0.3s ease;\r\n        }\r\n\r\n        .activity-card:hover {\r\n            transform: translateY(-5px);\r\n            box-shadow: 0 6px 16px rgba(0, 0, 0, 0.2);\r\n        }\r\n\r\n        .activity-card img {\r\n            width: 100%;\r\n            max-width: 400px;\r\n            height: auto;\r\n            object-fit: cover;\r\n            flex-shrink: 0;\r\n        }\r\n\r\n        .activity-details {\r\n            flex: 1;\r\n            padding: 20px;\r\n        }\r\n\r\n        .activity-title {\r\n            font-size: 24px;\r\n            color: #03827C;\r\n            margin-bottom: 10px;\r\n        }\r\n\r\n        .activity-date,\r\n        .activity-location {\r\n            font-size: 16px;\r\n            color: #555;\r\n            margin-bottom: 10px;\r\n        }\r\n\r\n        .activity-description {\r\n            font-size: 14px;\r\n            color: #666;\r\n            line-height: 1.6;\r\n            margin-bottom: 20px;\r\n        }\r\n\r\n        .cta-button {\r\n            display: inline-block;\r\n            padding: 10px 20px;\r\n            background-color: #4B77AA;\r\n            color: white;\r\n            text-decoration: none;\r\n            font-size: 16px;\r\n            font-weight: bold;\r\n            border-radius: 8px;\r\n            transition: background-color 0.3s ease, transform 0.3s ease, color 0.3s ease;\r\n        }\r\n\r\n        .cta-button:hover {\r\n            background-color: #02675F;\r\n            color: white; \/* Asegura que la letra sea blanca al hacer hover *\/\r\n            transform: translateY(-2px);\r\n        }\r\n\r\n        @media (max-width: 768px) {\r\n            .activity-card {\r\n                flex-direction: column;\r\n            }\r\n\r\n            .activity-card img {\r\n                max-width: 100%;\r\n            }\r\n        }\r\n    <\/style>\r\n<\/head>\r\n<body>\r\n    <div class=\"alumni-activities\">\r\n        <!-- Activity Block -->\r\n        <div class=\"activity-card\">\r\n            <img decoding=\"async\" src=\"https:\/\/www.uniovi.es\/o\/adaptive-media\/image\/6681570\/3\/2c2f1383-a91f-d6fc-9765-f1c52bcad712?t=1709728185722\">\r\n            <div class=\"activity-details\">\r\n                <h3 class=\"activity-title\">Foro de Empleo<\/h3>\r\n                <p class=\"activity-date\"><strong>Fecha:<\/strong> 6 de marzo de 2024<\/p>\r\n                <p class=\"activity-location\"><strong>Lugar:<\/strong> Palacio de Exposiciones y Congresos Ciudad de Oviedo<\/p>\r\n                <p class=\"activity-description\">\r\n                    Esta edici\u00f3n del Foro de Empleo, que se celebra por primera vez en Oviedo, cuenta con la presencia de 24 empresas e instituciones amigas, 48 empresas participantes y tres m\u00e1s de networking. El rector de la Universidad de Oviedo define este encuentro como \u201cel escaparate de la Asturias productiva y que funciona, y de lo mejor de la universidad asturiana, su estudiantado\u201d\r\n                <\/p>\r\n                <a href=\"https:\/\/www.uniovi.es\/actualidad\/noticias\/-\/asset_publisher\/Ru0cAJNPrm1m\/content\/la-universidad-de-oviedo-abre-hoy-su-foro-de-empleo-para-tender-puentes-entre-las-empresas-e-instituciones-y-los-estudiantes-y-egresados\" class=\"cta-button\">M\u00e1s Informaci\u00f3n<\/a>\r\n            <\/div>\r\n        <\/div>\r\n        <!-- Add more activity blocks below -->\r\n    <\/div>\r\n<\/body>\r\n<\/html>\r\n\t\t\t\t<\/div>\n\t\t\t\t<div class=\"elementor-element elementor-element-2e1c7fc elementor-widget elementor-widget-html\" data-id=\"2e1c7fc\" data-element_type=\"widget\" data-e-type=\"widget\" data-widget_type=\"html.default\">\n\t\t\t\t\t<!DOCTYPE html>\r\n<html lang=\"es\">\r\n<head>\r\n    <meta charset=\"UTF-8\">\r\n    <meta name=\"viewport\" content=\"width=device-width, initial-scale=1.0\">\r\n    <title>Actividades del Club Alumni<\/title>\r\n    <style>\r\n        .alumni-activities {\r\n            display: grid;\r\n            grid-template-columns: 1fr;\r\n            gap: 20px;\r\n            max-width: 1200px;\r\n            margin: 0px auto;\r\n            padding: 20px;\r\n        }\r\n\r\n        .activity-card {\r\n            display: flex;\r\n            flex-wrap: wrap;\r\n            background: #f9f9f9;\r\n            border-radius: 10px;\r\n            overflow: hidden;\r\n            box-shadow: 0 4px 12px rgba(0, 0, 0, 0.1);\r\n            transition: transform 0.3s ease, box-shadow 0.3s ease;\r\n        }\r\n\r\n        .activity-card:hover {\r\n            transform: translateY(-5px);\r\n            box-shadow: 0 6px 16px rgba(0, 0, 0, 0.2);\r\n        }\r\n\r\n        .activity-card img {\r\n            width: 100%;\r\n            max-width: 400px;\r\n            height: auto;\r\n            object-fit: cover;\r\n            flex-shrink: 0;\r\n        }\r\n\r\n        .activity-details {\r\n            flex: 1;\r\n            padding: 20px;\r\n        }\r\n\r\n        .activity-title {\r\n            font-size: 24px;\r\n            color: #03827C;\r\n            margin-bottom: 10px;\r\n        }\r\n\r\n        .activity-date,\r\n        .activity-location {\r\n            font-size: 16px;\r\n            color: #555;\r\n            margin-bottom: 10px;\r\n        }\r\n\r\n        .activity-description {\r\n            font-size: 14px;\r\n            color: #666;\r\n            line-height: 1.6;\r\n            margin-bottom: 20px;\r\n        }\r\n\r\n        .cta-button {\r\n            display: inline-block;\r\n            padding: 10px 20px;\r\n            background-color: #4B77AA;\r\n            color: white;\r\n            text-decoration: none;\r\n            font-size: 16px;\r\n            font-weight: bold;\r\n            border-radius: 8px;\r\n            transition: background-color 0.3s ease, transform 0.3s ease, color 0.3s ease;\r\n        }\r\n\r\n        .cta-button:hover {\r\n            background-color: #02675F;\r\n            color: white; \/* Asegura que la letra sea blanca al hacer hover *\/\r\n            transform: translateY(-2px);\r\n        }\r\n\r\n        @media (max-width: 768px) {\r\n            .activity-card {\r\n                flex-direction: column;\r\n            }\r\n\r\n            .activity-card img {\r\n                max-width: 100%;\r\n            }\r\n        }\r\n    <\/style>\r\n<\/head>\r\n<body>\r\n    <div class=\"alumni-activities\">\r\n        <!-- Activity Block -->\r\n        <div class=\"activity-card\">\r\n            <img decoding=\"async\" src=\"https:\/\/www.uniovi.es\/documents\/39158\/4437940\/fidma-web.jpg\/2f380e04-334b-f4ad-511a-f3af9db54e7f?t=1692009686472\">\r\n            <div class=\"activity-details\">\r\n                <h3 class=\"activity-title\">La Universidad de Oviedo analiza la visi\u00f3n internacional de la instituci\u00f3n en FIDMA 2023<\/h3>\r\n                <p class=\"activity-date\"><strong>Fecha:<\/strong> 14 de agosto de 2023<\/p>\r\n                <p class=\"activity-location\"><strong>Lugar:<\/strong> Recinto Ferial de Asturias Luis Adaro<\/p>\r\n                <p class=\"activity-description\">\r\n                    Tres Alumni de la Universidad de Oviedo  participan en un coloquio junto al rector Ignacio Villaverde en el que analizan c\u00f3mo se ve la instituci\u00f3n desde el exterior\r\n                <\/p>\r\n                <a href=\"https:\/\/www.uniovi.es\/actualidad\/noticias\/-\/asset_publisher\/Ru0cAJNPrm1m\/content\/id\/4539931\" class=\"cta-button\">M\u00e1s Informaci\u00f3n<\/a>\r\n            <\/div>\r\n        <\/div>\r\n        <!-- Add more activity blocks below -->\r\n    <\/div>\r\n<\/body>\r\n<\/html>\r\n\t\t\t\t<\/div>\n\t\t\t\t<div class=\"elementor-element elementor-element-b4b3a88 elementor-widget elementor-widget-shortcode\" data-id=\"b4b3a88\" data-element_type=\"widget\" data-e-type=\"widget\" data-widget_type=\"shortcode.default\">\n\t\t\t\t\t\t\t<div class=\"elementor-shortcode\">    <div style=\"display: flex; flex-direction: column; align-items: center; justify-content: center; text-align: center; padding: 40px; background: linear-gradient(135deg, #eef4fa, #dbeaf3); border-radius: 12px; box-shadow: 0 6px 15px rgba(0, 0, 0, 0.1); margin: 40px auto; max-width: 1200px; font-family: 'Arial', sans-serif;\">\n        <div style=\"display: flex; align-items: center; justify-content: center; gap: 15px; margin-bottom: 20px;\">\n            <img decoding=\"async\" src=\"https:\/\/www.unioviedo.es\/alumni\/wp-content\/uploads\/2024\/11\/cropped-Logo-Alumni-500x500-PixTeller-1-e1731151942980.png\" alt=\"Logo Alumni\" style=\"border-radius: 8px; box-shadow: 0 4px 10px rgba(0, 0, 0, 0.1); max-width: 180px; height: 60px;\">\n            <h2 style=\"color: #0073b1; font-size: 24px; font-weight: bold; line-height: 1.5; margin: 0;\">Estamos trabajando en ello<\/h2>\n        <\/div>\n        <p style=\"color: #444; font-size: 17px; line-height: 1.7; margin-bottom: 30px; max-width: 1100px; text-align: justify;\">\n            Estamos desarrollando m\u00e1s contenido relacionado con esta tem\u00e1tica para que los miembros del Club Alumni de la Universidad de Oviedo pod\u00e1is disfrutar de una experiencia enriquecedora. Nuestro objetivo es ofrecer herramientas, actividades y espacios \u00fanicos que promuevan la participaci\u00f3n y el intercambio de ideas. \u00a1Gracias por tu paciencia mientras trabajamos en ello!\n        <\/p>\n        <a href=\"https:\/\/www.unioviedo.es\/alumni\/index.php\/contacto\/\" style=\"display: inline-block; padding: 12px 28px; font-size: 16px; font-weight: bold; color: #fff; background-color: #03827C; text-decoration: none; border-radius: 8px; box-shadow: 0 4px 8px rgba(0, 0, 0, 0.2); transition: background-color 0.3s ease, transform 0.2s ease;\" onmouseover=\"this.style.backgroundColor='#02695E'; this.style.transform='translateY(-2px)';\" onmouseout=\"this.style.backgroundColor='#03827C'; this.style.transform='translateY(0)';\">\n            Contactar\n        <\/a>\n    <\/div>\n    <\/div>\n\t\t\t\t\t\t<\/div>\n\t\t\t\t\t<\/div>\n\t\t<\/div>\n\t\t\t\t\t<\/div>\n\t\t<\/section>\n\t\t\t\t<\/div>\n\t\t","protected":false},"excerpt":{"rendered":"<p>ACTIVIDADES DEL CLUB ALUMNI 360 UO Al registrarte como miembro del Club Alumni de la Universidad de Oviedo, podr\u00e1s acceder a propuestas de actividades realizadas por otros miembros y participar activamente proponiendo tus propias ideas. Adem\u00e1s, tendr\u00e1s la posibilidad de mostrar tu inter\u00e9s en proyectos concretos, unirte a grupos tem\u00e1ticos y colaborar en discusiones dentro&hellip;&nbsp;<a href=\"https:\/\/www.unioviedo.es\/alumni\/index.php\/actividades\/\" rel=\"bookmark\">Leer m\u00e1s &raquo;<span class=\"screen-reader-text\">Actividades<\/span><\/a><\/p>\n","protected":false},"author":49,"featured_media":0,"parent":0,"menu_order":0,"comment_status":"closed","ping_status":"closed","template":"page-templates\/template-pagebuilder-full-width.php","meta":{"neve_meta_sidebar":"","neve_meta_container":"","neve_meta_enable_content_width":"off","neve_meta_content_width":100,"neve_meta_title_alignment":"","neve_meta_author_avatar":"","neve_post_elements_order":"","neve_meta_disable_header":"","neve_meta_disable_footer":"","neve_meta_disable_title":"on","footnotes":""},"class_list":["post-10986","page","type-page","status-publish","hentry"],"_links":{"self":[{"href":"https:\/\/www.unioviedo.es\/alumni\/index.php\/wp-json\/wp\/v2\/pages\/10986","targetHints":{"allow":["GET"]}}],"collection":[{"href":"https:\/\/www.unioviedo.es\/alumni\/index.php\/wp-json\/wp\/v2\/pages"}],"about":[{"href":"https:\/\/www.unioviedo.es\/alumni\/index.php\/wp-json\/wp\/v2\/types\/page"}],"author":[{"embeddable":true,"href":"https:\/\/www.unioviedo.es\/alumni\/index.php\/wp-json\/wp\/v2\/users\/49"}],"replies":[{"embeddable":true,"href":"https:\/\/www.unioviedo.es\/alumni\/index.php\/wp-json\/wp\/v2\/comments?post=10986"}],"version-history":[{"count":5,"href":"https:\/\/www.unioviedo.es\/alumni\/index.php\/wp-json\/wp\/v2\/pages\/10986\/revisions"}],"predecessor-version":[{"id":11824,"href":"https:\/\/www.unioviedo.es\/alumni\/index.php\/wp-json\/wp\/v2\/pages\/10986\/revisions\/11824"}],"wp:attachment":[{"href":"https:\/\/www.unioviedo.es\/alumni\/index.php\/wp-json\/wp\/v2\/media?parent=10986"}],"curies":[{"name":"wp","href":"https:\/\/api.w.org\/{rel}","templated":true}]}}