{"id":11507,"date":"2024-12-08T12:57:05","date_gmt":"2024-12-08T12:57:05","guid":{"rendered":"https:\/\/www.unioviedo.es\/alumni\/?page_id=11507"},"modified":"2025-11-21T15:43:21","modified_gmt":"2025-11-21T15:43:21","slug":"restringido","status":"publish","type":"page","link":"https:\/\/www.unioviedo.es\/alumni\/index.php\/restringido\/","title":{"rendered":"Contenido restringido"},"content":{"rendered":"\t\t<div data-elementor-type=\"wp-page\" data-elementor-id=\"11507\" class=\"elementor elementor-11507\">\n\t\t\t\t\t\t<section class=\"elementor-section elementor-top-section elementor-element elementor-element-9f8e86f elementor-section-full_width elementor-section-height-default elementor-section-height-default\" data-id=\"9f8e86f\" data-element_type=\"section\" data-e-type=\"section\">\n\t\t\t\t\t\t<div class=\"elementor-container elementor-column-gap-default\">\n\t\t\t\t\t<div class=\"elementor-column elementor-col-100 elementor-top-column elementor-element elementor-element-8db5db4\" data-id=\"8db5db4\" data-element_type=\"column\" data-e-type=\"column\">\n\t\t\t<div class=\"elementor-widget-wrap elementor-element-populated\">\n\t\t\t\t\t\t<div class=\"elementor-element elementor-element-b3821b4 elementor-widget elementor-widget-heading\" data-id=\"b3821b4\" data-element_type=\"widget\" data-e-type=\"widget\" data-widget_type=\"heading.default\">\n\t\t\t\t\t<h2 class=\"elementor-heading-title elementor-size-default\">CONTENIDO RESTRINGIDO A MIEMBROS DEL CLUB<\/h2>\t\t\t\t<\/div>\n\t\t\t\t<div class=\"elementor-element elementor-element-cde69a7 elementor-widget elementor-widget-html\" data-id=\"cde69a7\" data-element_type=\"widget\" data-e-type=\"widget\" data-widget_type=\"html.default\">\n\t\t\t\t\t<div style=\"\r\n    max-width: 1200px;\r\n    margin: 20px auto;\r\n    display: flex;\r\n    background-color: #ffffff;\r\n    border-radius: 12px;\r\n    font-family: Arial, sans-serif;\r\n    line-height: 1.8;\r\n    color: #E63946; \/* Rojo para el texto *\/\r\n    text-align: justify;\r\n    box-shadow: 0 4px 10px rgba(0, 0, 0, 0.1);\r\n    overflow: hidden;\r\n\">\r\n    <!-- Franja roja lateral -->\r\n    <div style=\"\r\n        width: 12px; \/* Ancho de la franja *\/\r\n        background-color: #E63946; \/* Rojo *\/\r\n    \"><\/div>\r\n\r\n    <!-- Contenido -->\r\n    <div style=\"padding: 20px;\">\r\n        <p style=\"\r\n            font-size: 16px;\r\n            margin-bottom: 10px;\r\n        \">\r\n            El contenido que est\u00e1s intentando ver est\u00e1 limitado a usuarios registrados. Por favor, inicia sesi\u00f3n o reg\u00edstrate para acceder a esta secci\u00f3n y disfrutar de todos los beneficios que el Club Alumni tiene para ofrecer.\r\n        <\/p>\r\n        <div style=\"text-align: center; margin-top: 20px;\">\r\n            <a href=\"https:\/\/www.unioviedo.es\/alumni\/index.php\/iniciar-sesion\/\" style=\"\r\n                display: inline-block;\r\n                margin: 0 10px;\r\n                padding: 8px 16px;\r\n                background-color: rgba(230, 57, 70, 0.8); \/* Rojo claro con transparencia *\/\r\n                color: white;\r\n                text-decoration: none;\r\n                font-size: 14px;\r\n                font-weight: bold;\r\n                border-radius: 4px;\r\n                transition: background-color 0.3s, transform 0.2s;\r\n            \" onmouseover=\"this.style.backgroundColor='rgba(204, 51, 60, 0.9)'; this.style.transform='scale(1.05)';\" onmouseout=\"this.style.backgroundColor='rgba(230, 57, 70, 0.8)'; this.style.transform='scale(1)';\">\r\n                Iniciar Sesi\u00f3n\r\n            <\/a>\r\n            <a href=\"https:\/\/www.unioviedo.es\/alumni\/index.php\/inscripciones\/\" style=\"\r\n                display: inline-block;\r\n                margin: 0 10px;\r\n                padding: 8px 16px;\r\n                background-color: rgba(230, 57, 70, 0.8); \/* Rojo claro con transparencia *\/\r\n                color: white;\r\n                text-decoration: none;\r\n                font-size: 14px;\r\n                font-weight: bold;\r\n                border-radius: 4px;\r\n                transition: background-color 0.3s, transform 0.2s;\r\n            \" onmouseover=\"this.style.backgroundColor='rgba(204, 51, 60, 0.9)'; this.style.transform='scale(1.05)';\" onmouseout=\"this.style.backgroundColor='rgba(230, 57, 70, 0.8)'; this.style.transform='scale(1)';\">\r\n                Registrarme\r\n            <\/a>\r\n        <\/div>\r\n    <\/div>\r\n<\/div>\t\t\t\t<\/div>\n\t\t\t\t\t<\/div>\n\t\t<\/div>\n\t\t\t\t\t<\/div>\n\t\t<\/section>\n\t\t\t\t<\/div>\n\t\t","protected":false},"excerpt":{"rendered":"<p>CONTENIDO RESTRINGIDO A MIEMBROS DEL CLUB El contenido que est\u00e1s intentando ver est\u00e1 limitado a usuarios registrados. Por favor, inicia sesi\u00f3n o reg\u00edstrate para acceder a esta secci\u00f3n y disfrutar de todos los beneficios que el Club Alumni tiene para ofrecer. Iniciar Sesi\u00f3n Registrarme<\/p>\n","protected":false},"author":49,"featured_media":0,"parent":0,"menu_order":0,"comment_status":"closed","ping_status":"closed","template":"page-templates\/template-pagebuilder-full-width.php","meta":{"neve_meta_sidebar":"","neve_meta_container":"","neve_meta_enable_content_width":"off","neve_meta_content_width":100,"neve_meta_title_alignment":"","neve_meta_author_avatar":"","neve_post_elements_order":"","neve_meta_disable_header":"","neve_meta_disable_footer":"","neve_meta_disable_title":"on","footnotes":""},"class_list":["post-11507","page","type-page","status-publish","hentry"],"_links":{"self":[{"href":"https:\/\/www.unioviedo.es\/alumni\/index.php\/wp-json\/wp\/v2\/pages\/11507","targetHints":{"allow":["GET"]}}],"collection":[{"href":"https:\/\/www.unioviedo.es\/alumni\/index.php\/wp-json\/wp\/v2\/pages"}],"about":[{"href":"https:\/\/www.unioviedo.es\/alumni\/index.php\/wp-json\/wp\/v2\/types\/page"}],"author":[{"embeddable":true,"href":"https:\/\/www.unioviedo.es\/alumni\/index.php\/wp-json\/wp\/v2\/users\/49"}],"replies":[{"embeddable":true,"href":"https:\/\/www.unioviedo.es\/alumni\/index.php\/wp-json\/wp\/v2\/comments?post=11507"}],"version-history":[{"count":3,"href":"https:\/\/www.unioviedo.es\/alumni\/index.php\/wp-json\/wp\/v2\/pages\/11507\/revisions"}],"predecessor-version":[{"id":11838,"href":"https:\/\/www.unioviedo.es\/alumni\/index.php\/wp-json\/wp\/v2\/pages\/11507\/revisions\/11838"}],"wp:attachment":[{"href":"https:\/\/www.unioviedo.es\/alumni\/index.php\/wp-json\/wp\/v2\/media?parent=11507"}],"curies":[{"name":"wp","href":"https:\/\/api.w.org\/{rel}","templated":true}]}}