{"id":2,"date":"2017-01-27T17:50:12","date_gmt":"2017-01-27T17:50:12","guid":{"rendered":"https:\/\/www.unioviedo.es\/aunas\/?page_id=2"},"modified":"2020-09-02T10:35:17","modified_gmt":"2020-09-02T08:35:17","slug":"pagina-ejemplo","status":"publish","type":"page","link":"https:\/\/www.unioviedo.es\/aunas\/pagina-ejemplo\/","title":{"rendered":"La Investigaci\u00f3n"},"content":{"rendered":"\n<p>El primero de los retos que pretendemos abordar en la investigaci\u00f3n ser\u00e1 determinar los mecanismos y reglas id\u00f3neos para evitar una huida del convenio colectivo que precariza el empleo y degrada las condiciones de trabajo. Con ese fin se valorar\u00e1n los efectos que han tenido las reformas legales sobre el sistema de negociaci\u00f3n colectiva y su interactuaci\u00f3n con las nuevas realidades empresariales.<\/p>\n\n\n\n<p>En segundo lugar, se analizar\u00e1 tanto el modelo legal de representaci\u00f3n de los trabajadores en la empresa como la regulaci\u00f3n vigente de la huelga, pues toman como referente un patr\u00f3n tradicional de relaci\u00f3n laboral que dista de las que nacen en el marco de los fen\u00f3menos que ser\u00e1n investigados. Se replantear\u00e1 la conveniencia de adoptar una nueva ley de huelga que incorpore la jurisprudencia sentada en la etapa constitucional y resuelva los problemas planteados por las insuficiencias de la norma vigente en materias como la prestaci\u00f3n de servicios esenciales para la comunidad, la actuaci\u00f3n del comit\u00e9 de huelga y los servicios de mantenimiento o las nuevas formas de esquirolaje.<\/p>\n\n\n\n<p>Tambi\u00e9n se examinar\u00e1n las previsiones del T\u00edtulo II del Estatuto de los Trabajadores, estudiando la conveniencia de mantener el centro de trabajo como unidad electoral y la rigidez de algunas previsiones. Se valorar\u00e1 la conveniencia de fortalecer al sindicato en la empresa, con el objetivo \u00faltimo de que esta instituci\u00f3n, de m\u00e1xima relevancia constitucional, recupere la legitimaci\u00f3n ciudadana.<\/p>\n\n\n\n<p>Finalmente, se abordar\u00e1 su funci\u00f3n de nivelaci\u00f3n social, luchando contra la precariedad y combatiendo la discriminaci\u00f3n en todo tipo de entornos laborales, sopesando en qu\u00e9 medida esta se ha visto comprometida por las nuevas circunstancias y el efecto que ello pueda haber tenido sobre aquella legitimaci\u00f3n.<\/p>\n\n\n\n<p>Consulte aqu\u00ed nuestra <a href=\"https:\/\/www.unioviedo.es\/aunas\/?page_id=116\">hip\u00f3tesis de partida<\/a>, nuestros <a href=\"https:\/\/www.unioviedo.es\/aunas\/?page_id=116\">objetivos generales <\/a>y los <a href=\"https:\/\/www.unioviedo.es\/aunas\/?page_id=118\">objetivos espec\u00edficos<\/a><\/p>\n","protected":false},"excerpt":{"rendered":"<p>El primero de los retos que pretendemos abordar en la investigaci\u00f3n ser\u00e1 determinar los mecanismos y reglas id\u00f3neos para evitar una huida del convenio colectivo que precariza el empleo y degrada las condiciones de trabajo. Con ese fin se valorar\u00e1n los efectos que han tenido las reformas legales sobre el sistema de negociaci\u00f3n colectiva y &hellip; <\/p>\n<p class=\"link-more\"><a href=\"https:\/\/www.unioviedo.es\/aunas\/pagina-ejemplo\/\" class=\"more-link\">Continuar leyendo<span class=\"screen-reader-text\"> \u00abLa Investigaci\u00f3n\u00bb<\/span><\/a><\/p>\n","protected":false},"author":1,"featured_media":0,"parent":0,"menu_order":0,"comment_status":"closed","ping_status":"open","template":"","meta":{"footnotes":""},"_links":{"self":[{"href":"https:\/\/www.unioviedo.es\/aunas\/wp-json\/wp\/v2\/pages\/2"}],"collection":[{"href":"https:\/\/www.unioviedo.es\/aunas\/wp-json\/wp\/v2\/pages"}],"about":[{"href":"https:\/\/www.unioviedo.es\/aunas\/wp-json\/wp\/v2\/types\/page"}],"author":[{"embeddable":true,"href":"https:\/\/www.unioviedo.es\/aunas\/wp-json\/wp\/v2\/users\/1"}],"replies":[{"embeddable":true,"href":"https:\/\/www.unioviedo.es\/aunas\/wp-json\/wp\/v2\/comments?post=2"}],"version-history":[{"count":5,"href":"https:\/\/www.unioviedo.es\/aunas\/wp-json\/wp\/v2\/pages\/2\/revisions"}],"predecessor-version":[{"id":642,"href":"https:\/\/www.unioviedo.es\/aunas\/wp-json\/wp\/v2\/pages\/2\/revisions\/642"}],"wp:attachment":[{"href":"https:\/\/www.unioviedo.es\/aunas\/wp-json\/wp\/v2\/media?parent=2"}],"curies":[{"name":"wp","href":"https:\/\/api.w.org\/{rel}","templated":true}]}}