{"id":406,"date":"2019-11-29T13:12:42","date_gmt":"2019-11-29T12:12:42","guid":{"rendered":"https:\/\/www.unioviedo.es\/aunas\/?page_id=406"},"modified":"2021-10-25T10:14:35","modified_gmt":"2021-10-25T08:14:35","slug":"sergio-gonzalez-begega","status":"publish","type":"page","link":"https:\/\/www.unioviedo.es\/aunas\/sergio-gonzalez-begega\/","title":{"rendered":"Sergio Gonz\u00e1lez Begega"},"content":{"rendered":"\n<p>Profesor Titular de Universidad de Sociolog\u00eda, Universidad de Oviedo<\/p>\n\n\n\n<figure class=\"wp-block-image is-resized\"><img decoding=\"async\" loading=\"lazy\" src=\"https:\/\/www.unioviedo.es\/aunas\/wp-content\/uploads\/2019\/11\/Sergio_profile.photo_.AUNAS_.29.11.19-1024x768.jpg\" alt=\"\" class=\"wp-image-407\" width=\"163\" height=\"160\"\/><\/figure>\n\n\n\n<p>Sergio Gonz\u00e1lez Begega es Profesor Titular de Universidad del Departamento de Sociolog\u00eda (Universidad de Oviedo). Forma parte de las redes de investigaci\u00f3n PROMEBI (Uniovi), Working Participation in Europe-WPE y GoodCorp (ETUI-Brussels) y es co-Investigador Principal del proyecto SODITREC (Social Dialogue in the Transforming Economy), financiado por la Comisi\u00f3n Europea (https.\/\/<a rel=\"noreferrer noopener\" href=\"http:\/\/soditrec.eu\" target=\"_blank\">soditrec.eu<\/a>). Ha llevado a cabo estancias de investigaci\u00f3n en MBS-University of Manchester (Reino Unido), ETUI-Brussels (B\u00e9lgica), CSU-CNRS-Paris (Francia) e IPP-CSIC-Madrid (Espa\u00f1a). Sus l\u00edneas de investigaci\u00f3n incluyen las relaciones laborales europeas, el di\u00e1logo social, la movilizaci\u00f3n y el conflicto laboral en empresas transnacionales y la pol\u00edtica social comparada. Ha participado en libros editados por Edward Elgar, Routledge, OUP, Peter Lang, ETUI, Rainer Hampp Verlag, CIS y Thompson-Reuters, entre otros. Tambi\u00e9n es autor de art\u00edculos cient\u00edficos en revistas nacionales e internacionales como\u00a0 Employee Relations, Economic and Industrial Democracy, CPoIB, Transfer, EJSS, REIS, RIS, Empiria, Cuadernos de Relaciones Laborales, Sociolog\u00eda del Trabajo, entre otros. M\u00e1s informaci\u00f3n en Researchgate:\u00a0<a rel=\"noreferrer noopener\" href=\"https:\/\/www.researchgate.net\/profile\/Sergio_Begega\" target=\"_blank\">https:\/\/www.researchgate.net\/profile\/Sergio_Begega<\/a><\/p>\n\n\n\n<p>Ver el perfil de Sergio Gonz\u00e1lez Begega en la <a href=\"http:\/\/sociologia.uniovi.es\/areas\/sociologia\/-\/asset_publisher\/Wg5M\/content\/gonzalez-begega-sergio?r\">Universidad de Oviedo<\/a><\/p>\n\n\n\n<p><\/p>\n","protected":false},"excerpt":{"rendered":"<p>Profesor Titular de Universidad de Sociolog\u00eda, Universidad de Oviedo Sergio Gonz\u00e1lez Begega es Profesor Titular de Universidad del Departamento de Sociolog\u00eda (Universidad de Oviedo). Forma parte de las redes de investigaci\u00f3n PROMEBI (Uniovi), Working Participation in Europe-WPE y GoodCorp (ETUI-Brussels) y es co-Investigador Principal del proyecto SODITREC (Social Dialogue in the Transforming Economy), financiado por &hellip; <\/p>\n<p class=\"link-more\"><a href=\"https:\/\/www.unioviedo.es\/aunas\/sergio-gonzalez-begega\/\" class=\"more-link\">Continuar leyendo<span class=\"screen-reader-text\"> \u00abSergio Gonz\u00e1lez Begega\u00bb<\/span><\/a><\/p>\n","protected":false},"author":1,"featured_media":0,"parent":0,"menu_order":0,"comment_status":"closed","ping_status":"closed","template":"","meta":{"footnotes":""},"_links":{"self":[{"href":"https:\/\/www.unioviedo.es\/aunas\/wp-json\/wp\/v2\/pages\/406"}],"collection":[{"href":"https:\/\/www.unioviedo.es\/aunas\/wp-json\/wp\/v2\/pages"}],"about":[{"href":"https:\/\/www.unioviedo.es\/aunas\/wp-json\/wp\/v2\/types\/page"}],"author":[{"embeddable":true,"href":"https:\/\/www.unioviedo.es\/aunas\/wp-json\/wp\/v2\/users\/1"}],"replies":[{"embeddable":true,"href":"https:\/\/www.unioviedo.es\/aunas\/wp-json\/wp\/v2\/comments?post=406"}],"version-history":[{"count":6,"href":"https:\/\/www.unioviedo.es\/aunas\/wp-json\/wp\/v2\/pages\/406\/revisions"}],"predecessor-version":[{"id":894,"href":"https:\/\/www.unioviedo.es\/aunas\/wp-json\/wp\/v2\/pages\/406\/revisions\/894"}],"wp:attachment":[{"href":"https:\/\/www.unioviedo.es\/aunas\/wp-json\/wp\/v2\/media?parent=406"}],"curies":[{"name":"wp","href":"https:\/\/api.w.org\/{rel}","templated":true}]}}