{"id":415,"date":"2019-12-02T13:03:36","date_gmt":"2019-12-02T12:03:36","guid":{"rendered":"https:\/\/www.unioviedo.es\/aunas\/?page_id=415"},"modified":"2021-10-25T10:15:12","modified_gmt":"2021-10-25T08:15:12","slug":"vanesa-rodriguez-alvarez","status":"publish","type":"page","link":"https:\/\/www.unioviedo.es\/aunas\/vanesa-rodriguez-alvarez\/","title":{"rendered":"Vanesa Rodr\u00edguez \u00c1lvarez"},"content":{"rendered":"\n<p class=\"has-medium-font-size\">Profesora Contratada Doctora de Sociolog\u00eda, Universidad de Oviedo<\/p>\n\n\n\n<figure class=\"wp-block-image is-resized\"><img decoding=\"async\" loading=\"lazy\" src=\"https:\/\/www.unioviedo.es\/aunas\/wp-content\/uploads\/2019\/12\/Foto-Vanesa-Rodr\u00edguez.jpg\" alt=\"\" class=\"wp-image-419\" width=\"153\" height=\"156\"\/><\/figure>\n\n\n\n<p>Diplomada en Relaciones Laborales y Licenciada en Ciencias del Trabajo. Profesora Contratada Doctora de la Universidad de Oviedo, en el Departamento de Sociolog\u00eda y miembro del grupo de investigaci\u00f3n Promoviendo el Empleo y Bienestar en Europa (Promebi). Doctora por la Universidad de Oviedo, su Tesis Doctoral obtuvo el Premio Enrique Fuentes Quintana de Tesis Doctorales. Su actividad investigadora se centra en el an\u00e1lisis de la participaci\u00f3n laboral de grupos vulnerables, con especial atenci\u00f3n a las personas con discapacidad, y en la evaluaci\u00f3n de las pol\u00edticas p\u00fablicas. Entre los resultados de su investigaci\u00f3n cabe se\u00f1alar sus publicaciones en revistas acad\u00e9micas tales como Revista Espa\u00f1ola de Investigaciones Sociol\u00f3gicas, Cuadernos de Relaciones Laborales, Cuadernos de Econom\u00eda, Pol\u00edtica y Sociedad, Panorama Social, International Journal of Manpower, Journal of Vocational Rehabilitation o WORK: A Journal of Prevention, Assessment &amp; Rehabilitation entre otras. Por otra parte, ha participado en diversos proyectos de investigaci\u00f3n financiados por FIPROS y en el marco del Plan Nacional de I+D+i.<\/p>\n\n\n\n<p>Ver perfil de Vanesa Rodr\u00edguez en la<a href=\"https:\/\/sociologia.uniovi.es\/personal\/pdi\/-\/asset_publisher\/hAt6\/content\/rodriguez-alvarez-vanesa;jsessionid=B2F0388D56D730D4D508EB0EB85AF924?redirect=%2Fpersonal%2Fpdi\"> Universidad de Oviedo<\/a><\/p>\n","protected":false},"excerpt":{"rendered":"<p>Profesora Contratada Doctora de Sociolog\u00eda, Universidad de Oviedo Diplomada en Relaciones Laborales y Licenciada en Ciencias del Trabajo. Profesora Contratada Doctora de la Universidad de Oviedo, en el Departamento de Sociolog\u00eda y miembro del grupo de investigaci\u00f3n Promoviendo el Empleo y Bienestar en Europa (Promebi). Doctora por la Universidad de Oviedo, su Tesis Doctoral obtuvo &hellip; <\/p>\n<p class=\"link-more\"><a href=\"https:\/\/www.unioviedo.es\/aunas\/vanesa-rodriguez-alvarez\/\" class=\"more-link\">Continuar leyendo<span class=\"screen-reader-text\"> \u00abVanesa Rodr\u00edguez \u00c1lvarez\u00bb<\/span><\/a><\/p>\n","protected":false},"author":1,"featured_media":0,"parent":0,"menu_order":0,"comment_status":"closed","ping_status":"closed","template":"","meta":{"footnotes":""},"_links":{"self":[{"href":"https:\/\/www.unioviedo.es\/aunas\/wp-json\/wp\/v2\/pages\/415"}],"collection":[{"href":"https:\/\/www.unioviedo.es\/aunas\/wp-json\/wp\/v2\/pages"}],"about":[{"href":"https:\/\/www.unioviedo.es\/aunas\/wp-json\/wp\/v2\/types\/page"}],"author":[{"embeddable":true,"href":"https:\/\/www.unioviedo.es\/aunas\/wp-json\/wp\/v2\/users\/1"}],"replies":[{"embeddable":true,"href":"https:\/\/www.unioviedo.es\/aunas\/wp-json\/wp\/v2\/comments?post=415"}],"version-history":[{"count":6,"href":"https:\/\/www.unioviedo.es\/aunas\/wp-json\/wp\/v2\/pages\/415\/revisions"}],"predecessor-version":[{"id":895,"href":"https:\/\/www.unioviedo.es\/aunas\/wp-json\/wp\/v2\/pages\/415\/revisions\/895"}],"wp:attachment":[{"href":"https:\/\/www.unioviedo.es\/aunas\/wp-json\/wp\/v2\/media?parent=415"}],"curies":[{"name":"wp","href":"https:\/\/api.w.org\/{rel}","templated":true}]}}