{"id":489,"date":"2020-06-09T18:49:26","date_gmt":"2020-06-09T16:49:26","guid":{"rendered":"https:\/\/www.unioviedo.es\/aunas\/?page_id=489"},"modified":"2020-09-02T10:29:28","modified_gmt":"2020-09-02T08:29:28","slug":"seminario","status":"publish","type":"page","link":"https:\/\/www.unioviedo.es\/aunas\/seminario\/","title":{"rendered":"Seminario sobre \u201cLas relaciones colectivas de trabajo en las nuevas realidades empresariales\u201d"},"content":{"rendered":"\n<figure class=\"wp-block-image is-resized\"><img decoding=\"async\" loading=\"lazy\" src=\"https:\/\/www.unioviedo.es\/aunas\/wp-content\/uploads\/2020\/06\/1BB783BB-B219-48A0-B6A8-0ADD017F276F-873x1024.jpeg\" alt=\"\" class=\"wp-image-525\" width=\"437\" height=\"512\" srcset=\"https:\/\/www.unioviedo.es\/aunas\/wp-content\/uploads\/2020\/06\/1BB783BB-B219-48A0-B6A8-0ADD017F276F-873x1024.jpeg 873w, https:\/\/www.unioviedo.es\/aunas\/wp-content\/uploads\/2020\/06\/1BB783BB-B219-48A0-B6A8-0ADD017F276F-256x300.jpeg 256w, https:\/\/www.unioviedo.es\/aunas\/wp-content\/uploads\/2020\/06\/1BB783BB-B219-48A0-B6A8-0ADD017F276F-768x901.jpeg 768w, https:\/\/www.unioviedo.es\/aunas\/wp-content\/uploads\/2020\/06\/1BB783BB-B219-48A0-B6A8-0ADD017F276F.jpeg 1328w\" sizes=\"(max-width: 437px) 100vw, 437px\" \/><\/figure>\n\n\n\n<p>Jueves, 25 de junio de 2020<\/p>\n\n\n\n<p>Las sesiones se realizar\u00e1n a trav\u00e9s de la plataforma Microsoft Teams.<\/p>\n\n\n\n<h2 class=\"wp-block-heading\"><strong>PROGRAMA<\/strong><\/h2>\n\n\n\n<p>(Este programa incluye los enlaces a los v\u00eddeos de las sesiones, no de los debates, y a los materiales ofrecidos por los investigadores en su intervenci\u00f3n)<\/p>\n\n\n\n<div class=\"wp-block-file\"><a href=\"https:\/\/www.unioviedo.es\/aunas\/wp-content\/uploads\/2020\/06\/cartel-3.pdf\">Vea aqu\u00ed el cartel del seminario<\/a><a href=\"https:\/\/www.unioviedo.es\/aunas\/wp-content\/uploads\/2020\/06\/cartel-3.pdf\" class=\"wp-block-file__button\" download>Descarga<\/a><\/div>\n\n\n\n<p class=\"has-text-color has-very-dark-gray-color\"><strong>10:00 a 10:45.<\/strong> <strong>Mesa Redonda:<\/strong><em><strong> \u00ab<\/strong><\/em><strong>Sindicatos y asociaciones empresariales ante las nuevas realidades. Consideraciones sobre la crisis derivada del COVID-19&#8243;<\/strong><\/p>\n\n\n\n<figure class=\"wp-block-embed-youtube aligncenter wp-block-embed is-type-video is-provider-youtube wp-embed-aspect-16-9 wp-has-aspect-ratio\"><div class=\"wp-block-embed__wrapper\">\n<iframe loading=\"lazy\" title=\"Mesa Redonda: &quot;Sindicatos y asociaciones empresariales ante las nuevas realidades&quot;\" width=\"525\" height=\"295\" src=\"https:\/\/www.youtube.com\/embed\/BP5jEWi2oqg?feature=oembed\" frameborder=\"0\" allow=\"accelerometer; autoplay; encrypted-media; gyroscope; picture-in-picture\" allowfullscreen><\/iframe>\n<\/div><figcaption>Video de la primera mesa redonda<\/figcaption><\/figure>\n\n\n\n<p class=\"has-text-color has-vivid-cyan-blue-color\"><strong>Ponentes:<\/strong><\/p>\n\n\n\n<p>Jos\u00e9 Manuel Zapico, Secretario General de CC.OO. de Asturias<br><\/p>\n\n\n\n<div class=\"wp-block-file\"><a href=\"https:\/\/www.unioviedo.es\/aunas\/wp-content\/uploads\/2020\/09\/La-respuesta-del-sindicato-a-los-nuevos-desafios.-Seminario-Uniovi.pdf\">Texto escrito de la ponencia<\/a><a href=\"https:\/\/www.unioviedo.es\/aunas\/wp-content\/uploads\/2020\/09\/La-respuesta-del-sindicato-a-los-nuevos-desafios.-Seminario-Uniovi.pdf\" class=\"wp-block-file__button\" download>Descarga<\/a><\/div>\n\n\n\n<p>Javier Fern\u00e1ndez Lanero, Secretario General de UGT-Asturias<\/p>\n\n\n\n<p>Belarmino Feito \u00c1lvarez, Presidente de la Federaci\u00f3n Asturiana de Empresarios<\/p>\n\n\n\n<p class=\"has-text-color has-vivid-cyan-blue-color\"><strong>Modera:<\/strong><\/p>\n\n\n\n<p>Ana Rosa Arg\u00fcelles Blanco, IP2 del Proyecto AUNAS<br><\/p>\n\n\n\n<p><strong>10:45 a 11:15.<\/strong> Debate<\/p>\n\n\n\n<p><strong>11:15-11:30.<\/strong> Descanso<\/p>\n\n\n\n<p><strong>11:30 a 12:40.<\/strong> <strong>Mesa redonda: <\/strong><em><strong>\u00ab<\/strong><\/em><strong>Los fen\u00f3menos colectivos de las relaciones laborales en la jurisprudencia m\u00e1s reciente\u00bb<\/strong><\/p>\n\n\n\n<figure class=\"wp-block-embed-youtube aligncenter wp-block-embed is-type-video is-provider-youtube wp-embed-aspect-16-9 wp-has-aspect-ratio\"><div class=\"wp-block-embed__wrapper\">\n<iframe loading=\"lazy\" title=\"Mesa redonda: \u00abLos fen\u00f3menos colectivos de las relaciones laborales en la jurisprudencia reciente\u00bb\" width=\"525\" height=\"295\" src=\"https:\/\/www.youtube.com\/embed\/kn6uDVv9oDg?feature=oembed\" frameborder=\"0\" allow=\"accelerometer; autoplay; encrypted-media; gyroscope; picture-in-picture\" allowfullscreen><\/iframe>\n<\/div><figcaption>V\u00eddeo de la segunda mesa redonda<\/figcaption><\/figure>\n\n\n\n<p class=\"has-text-color has-vivid-cyan-blue-color\"><strong>Ponentes:<\/strong><\/p>\n\n\n\n<h6 class=\"wp-block-heading\">Libertad sindical<\/h6>\n\n\n\n<p>Luis Antonio Fern\u00e1ndez Villaz\u00f3n, Profesor T.U. Derecho del Trabajo, Universidad de Oviedo<\/p>\n\n\n\n<p><a href=\"https:\/\/www.unioviedo.es\/aunas\/?p=602\">Comentario a la STS 347\/2018, de 8 de mayo<\/a> (entrada de blog)<\/p>\n\n\n\n<p><a href=\"https:\/\/www.unioviedo.es\/aunas\/?p=623\">Representaci\u00f3n sindical y representaci\u00f3n unitaria. \u00daltimos avances jurisprudenciales <\/a>(entrada de blog)<\/p>\n\n\n\n<h6 class=\"wp-block-heading\">Representaci\u00f3n unitaria del personal<\/h6>\n\n\n\n<p>Natividad Mendoza Navas, Profesora T.U. Derecho del Trabajo, Universidad Castilla-La Mancha<\/p>\n\n\n\n<div class=\"wp-block-file\"><a href=\"https:\/\/www.unioviedo.es\/aunas\/wp-content\/uploads\/2020\/07\/AUNAS-25-junio-2020.pdf\">Presentaci\u00f3n Power Point<\/a><a href=\"https:\/\/www.unioviedo.es\/aunas\/wp-content\/uploads\/2020\/07\/AUNAS-25-junio-2020.pdf\" class=\"wp-block-file__button\" download>Descarga<\/a><\/div>\n\n\n\n<h6 class=\"wp-block-heading\">Negociaci\u00f3n colectiva<\/h6>\n\n\n\n<p>Carolina Mart\u00ednez Moreno, Catedr\u00e1tica de Derecho del Trabajo, Universidad de Oviedo<\/p>\n\n\n\n<div class=\"wp-block-file\"><a href=\"https:\/\/www.unioviedo.es\/aunas\/wp-content\/uploads\/2020\/07\/PRESENTACION-CAROLINA.pptx\">Presentaci\u00f3n Power Point<\/a><a href=\"https:\/\/www.unioviedo.es\/aunas\/wp-content\/uploads\/2020\/07\/PRESENTACION-CAROLINA.pptx\" class=\"wp-block-file__button\" download>Descarga<\/a><\/div>\n\n\n\n<p>Remedios Men\u00e9ndez Calvo, Profesora T.U. Derecho del Trabajo, Universidad de Alcal\u00e1 de Henares<\/p>\n\n\n\n<div class=\"wp-block-file\"><a href=\"https:\/\/www.unioviedo.es\/aunas\/wp-content\/uploads\/2020\/07\/Car\u00e1tula-presentaci\u00f3n-Ponencia.pdf\">Presentaci\u00f3n Power Point<\/a><a href=\"https:\/\/www.unioviedo.es\/aunas\/wp-content\/uploads\/2020\/07\/Car\u00e1tula-presentaci\u00f3n-Ponencia.pdf\" class=\"wp-block-file__button\" download>Descarga<\/a><\/div>\n\n\n\n<div class=\"wp-block-file\"><a href=\"https:\/\/www.unioviedo.es\/aunas\/wp-content\/uploads\/2020\/07\/Exposici\u00f3n-Ponencia-Sentencias-NEGOCIACI\u00d3N-COLECTIVA.pdf\">Resumen<\/a><a href=\"https:\/\/www.unioviedo.es\/aunas\/wp-content\/uploads\/2020\/07\/Exposici\u00f3n-Ponencia-Sentencias-NEGOCIACI\u00d3N-COLECTIVA.pdf\" class=\"wp-block-file__button\" download>Descarga<\/a><\/div>\n\n\n\n<p>Jos\u00e9 Antonio Soler Arrebola, Profesor T.U. Derecho del Trabajo, Universidad de Almer\u00eda<\/p>\n\n\n\n<div class=\"wp-block-file\"><a href=\"https:\/\/www.unioviedo.es\/aunas\/wp-content\/uploads\/2020\/07\/Presentaci\u00f3n-SOLER1.pptx\">Presentaci\u00f3n Power Point<\/a><a href=\"https:\/\/www.unioviedo.es\/aunas\/wp-content\/uploads\/2020\/07\/Presentaci\u00f3n-SOLER1.pptx\" class=\"wp-block-file__button\" download>Descarga<\/a><\/div>\n\n\n\n<h6 class=\"wp-block-heading\">Huelga y conflicto colectivo<\/h6>\n\n\n\n<p>Ana Rosa Arg\u00fcelles Blanco, Catedr\u00e1tica de Derecho del Trabajo, Universidad de Oviedo<\/p>\n\n\n\n<div class=\"wp-block-file\"><a href=\"https:\/\/www.unioviedo.es\/aunas\/wp-content\/uploads\/2020\/07\/JURISPRUDENCIA-SOBRE-HUELGA-2019-2020.pptx\">Presentaci\u00f3n Power Point<\/a><a href=\"https:\/\/www.unioviedo.es\/aunas\/wp-content\/uploads\/2020\/07\/JURISPRUDENCIA-SOBRE-HUELGA-2019-2020.pptx\" class=\"wp-block-file__button\" download>Descarga<\/a><\/div>\n\n\n\n<h6 class=\"wp-block-heading\">Los <em>riders<\/em> en la jurisprudencia del TJUE<\/h6>\n\n\n\n<p> Luc\u00eda Espina Viejo, Abogada y doctoranda de la Universidad de Oviedo<\/p>\n\n\n\n<p class=\"has-text-color has-vivid-cyan-blue-color\"><strong>Modera:<\/strong><\/p>\n\n\n\n<p>Luis Antonio Fern\u00e1ndez Villaz\u00f3n, IP1 del Proyecto AUNAS<br><\/p>\n\n\n\n<p><strong>12:40 a 13:10.<\/strong> Debate<\/p>\n\n\n\n<p><strong>13:10 a 13:30<\/strong>. Reuni\u00f3n de coordinaci\u00f3n del Proyecto AUNAS (solo para los integrantes del equipo de investigaci\u00f3n)<br><\/p>\n","protected":false},"excerpt":{"rendered":"<p>Jueves, 25 de junio de 2020 Las sesiones se realizar\u00e1n a trav\u00e9s de la plataforma Microsoft Teams. PROGRAMA (Este programa incluye los enlaces a los v\u00eddeos de las sesiones, no de los debates, y a los materiales ofrecidos por los investigadores en su intervenci\u00f3n) 10:00 a 10:45. Mesa Redonda: \u00abSindicatos y asociaciones empresariales ante las &hellip; <\/p>\n<p class=\"link-more\"><a href=\"https:\/\/www.unioviedo.es\/aunas\/seminario\/\" class=\"more-link\">Continuar leyendo<span class=\"screen-reader-text\"> \u00abSeminario sobre \u201cLas relaciones colectivas de trabajo en las nuevas realidades empresariales\u201d\u00bb<\/span><\/a><\/p>\n","protected":false},"author":1,"featured_media":0,"parent":0,"menu_order":0,"comment_status":"closed","ping_status":"closed","template":"","meta":{"footnotes":""},"_links":{"self":[{"href":"https:\/\/www.unioviedo.es\/aunas\/wp-json\/wp\/v2\/pages\/489"}],"collection":[{"href":"https:\/\/www.unioviedo.es\/aunas\/wp-json\/wp\/v2\/pages"}],"about":[{"href":"https:\/\/www.unioviedo.es\/aunas\/wp-json\/wp\/v2\/types\/page"}],"author":[{"embeddable":true,"href":"https:\/\/www.unioviedo.es\/aunas\/wp-json\/wp\/v2\/users\/1"}],"replies":[{"embeddable":true,"href":"https:\/\/www.unioviedo.es\/aunas\/wp-json\/wp\/v2\/comments?post=489"}],"version-history":[{"count":51,"href":"https:\/\/www.unioviedo.es\/aunas\/wp-json\/wp\/v2\/pages\/489\/revisions"}],"predecessor-version":[{"id":640,"href":"https:\/\/www.unioviedo.es\/aunas\/wp-json\/wp\/v2\/pages\/489\/revisions\/640"}],"wp:attachment":[{"href":"https:\/\/www.unioviedo.es\/aunas\/wp-json\/wp\/v2\/media?parent=489"}],"curies":[{"name":"wp","href":"https:\/\/api.w.org\/{rel}","templated":true}]}}