{"id":131,"date":"2025-02-10T12:14:22","date_gmt":"2025-02-10T11:14:22","guid":{"rendered":"https:\/\/www.unioviedo.es\/ballet-esp\/?page_id=131"},"modified":"2025-11-11T22:40:59","modified_gmt":"2025-11-11T21:40:59","slug":"tesis-doctorales","status":"publish","type":"page","link":"https:\/\/www.unioviedo.es\/ballet-esp\/index.php\/tesis-doctorales\/","title":{"rendered":"Tesis doctorales"},"content":{"rendered":"\n<p class=\"has-text-align-center has-heading-font-family\"><strong>EQUIPO DE INVESTIGACI\u00d3N<\/strong><\/p>\n\n\n\n<p class=\"has-contrast-color has-text-color has-link-color has-heading-font-family wp-elements-c94b9274f8fb89c1a3ecc134be6bc9a6\"><strong>Tesis dirigidas por Beatriz Mart\u00ednez del Fresno<\/strong><\/p>\n\n\n\n<ol class=\"wp-block-list\">\n<li class=\"has-contrast-2-color has-text-color has-link-color has-heading-font-family wp-elements-ba6e8559437e50b6baaf3023f488d699\"><a href=\"https:\/\/portalinvestigacion.uniovi.es\/documentos\/6622bcc3443d7a1d966c60c2\"><em>Antonio Gades: la danza espa\u00f1ola como arte esc\u00e9nico de vanguardia (1947-1965)<\/em> (2022<\/a>) . Universidad de Oviedo. Ana Rodrigo de la Casa<\/li>\n\n\n\n<li class=\"has-contrast-2-color has-text-color has-link-color has-heading-font-family wp-elements-4b9be868fcca77b0e5149bff73f9fc4d\"><a href=\"https:\/\/portalinvestigacion.uniovi.es\/documentos\/6622bcc2443d7a1d966c60b0\"><em>Danza tradicional en las escuelas de Catalunya. De los colectivos de \u201cEl Sac\u201d (1973-1994) a la ense\u00f1anza en la actualidad<\/em> (2022<\/a>). Universidad de Oviedo. Helena Patricio \u00c1vila<\/li>\n\n\n\n<li class=\"has-contrast-2-color has-text-color has-link-color has-heading-font-family wp-elements-40266581b6047d98b098dc693754eee9\"><a href=\"https:\/\/portalinvestigacion.uniovi.es\/documentos\/5e4e72282999524eaa94e221\"><em>M\u00fasica y pol\u00edtica en Madrid, de la guerra civil a la posguerra (1936-1945): propaganda, instituciones, represi\u00f3n y actitudes individuales<\/em> (2017<\/a>). Universidad de Oviedo. Atenea Fern\u00e1ndez Higuero<\/li>\n\n\n\n<li class=\"has-contrast-2-color has-text-color has-link-color has-heading-font-family wp-elements-073e89fae912bf2810aa71fbc4b72867\"><a href=\"https:\/\/portalinvestigacion.uniovi.es\/documentos\/5e4e71fc2999524eaa94b924\"><em>El baile en el Madrid rom\u00e1ntico (1833-1868): pr\u00e1cticas de sociabilidad, repertorio coreogr\u00e1fico y recepci\u00f3n literaria <\/em>(2015<\/a>). Universidad de Oviedo. Mar\u00eda Guadalupe Mera Felipe<\/li>\n\n\n\n<li class=\"has-contrast-2-color has-text-color has-link-color has-heading-font-family wp-elements-6a1c77dc812b01dc80615baed862b819\"><a href=\"https:\/\/portalinvestigacion.uniovi.es\/documentos\/5e57ae132999527d991a3a51\"><em>Canciones espa\u00f1olas para voz y piano sobre textos de Lope de Vega: catalogaci\u00f3n, estudio y propuesta de interpretaci\u00f3n<\/em> (2012<\/a>).Universidad de Murcia. Carlos L\u00f3pez Galarza<\/li>\n\n\n\n<li class=\"has-contrast-2-color has-text-color has-link-color has-heading-font-family wp-elements-90c61b0fc9ff17a351621b73ce4f1587\"><a href=\"https:\/\/portalinvestigacion.uniovi.es\/documentos\/5c13b17dc8914b6ed3776b0e\"><em>M\u00fasica y danza en el teatro breve espa\u00f1ol representado en la corte, 1650-1700. An\u00e1lisis de su funci\u00f3n en entremeses, bailes dram\u00e1ticos y mojigangas conservados en la Biblioteca Nacional<\/em> (2001<\/a>). Universidad de Oviedo. Susana Ant\u00f3n Priasco<\/li>\n<\/ol>\n\n\n\n<p class=\"has-contrast-color has-text-color has-link-color has-heading-font-family wp-elements-052f65c4531994bf27a7953948ee6b03\"><strong>Tesis en curso dirigidas por Beatriz Mart\u00ednez del Fresno<\/strong><\/p>\n\n\n\n<ol class=\"wp-block-list\">\n<li class=\"has-contrast-2-color has-text-color has-link-color has-heading-font-family wp-elements-8da2461c41115c39b93eadf642fb431b\"><em>Historia y pr\u00e1ctica de la Danza Educativa\/Creativa en Espa\u00f1a: desde su introducci\u00f3n en 1968 hasta su aplicaci\u00f3n actual en la Comunidad de Madrid<\/em>. Inscrita (a tiempo parcial) en el curso 2018\/2019. Programa de Doctorado en Historia del Arte y Musicolog\u00eda. Universidad de Oviedo. Mar\u00eda Rodr\u00edguez Gonz\u00e1lez.<\/li>\n\n\n\n<li class=\"has-contrast-2-color has-text-color has-link-color has-heading-font-family wp-elements-17cb4ae9318c164ddbb8f58c2ef7ecd6\"><em>Festivales de Espa\u00f1a en Asturias (1954-1976). M\u00fasica, danza y teatro en las pol\u00edticas culturales del franquismo<\/em>. Inscrita en el curso 2021\/2022. Programa de Doctorado en Historia del Arte y Musicolog\u00eda. Universidad de Oviedo. Elena Garc\u00eda \u00c1lvarez<\/li>\n\n\n\n<li class=\"has-contrast-2-color has-text-color has-link-color has-heading-font-family wp-elements-024f6424f862fff2dd6fcc0a159ae9b9\"><em>El control de los cuerpos en el baile tradicional asturiano desde la Transici\u00f3n Democr\u00e1tica hasta la crisis de 2008<\/em>. Inscrita en el curso 2023\/2024.  Programa de Doctorado en Historia del Arte y Musicolog\u00eda. Universidad de Oviedo. Aida Mari\u00f1o Ardura<\/li>\n\n\n\n<li class=\"has-contrast-2-color has-text-color has-link-color has-heading-font-family wp-elements-e103e611b795c1230d0fe46bbe275206\"><em>El legado de Eloy Pericet (1936-2016) en la ense\u00f1anza de la Escuela Bolera en Espa\u00f1a<\/em>. Dirigida por Beatriz Mart\u00ednez del Fresno y Guadalupe Mera Felipe. Inscrita (a tiempo parcial) en el curso 2023\/2024. Programa de Doctorado en Historia del Arte y Musicolog\u00eda. Universidad de Oviedo. Raquel Alarc\u00f3n Saguar<\/li>\n<\/ol>\n\n\n\n<p class=\"has-contrast-color has-text-color has-link-color has-heading-font-family wp-elements-607de1f629922356924e3916a62f806a\"><strong>Tesis dirigidas por Jos\u00e9 Antonio G\u00f3mez Rodr\u00edguez<\/strong><\/p>\n\n\n\n<ol class=\"wp-block-list\">\n<li class=\"has-contrast-2-color has-text-color has-link-color has-heading-font-family wp-elements-4410cf14dea9aec8ac05eded628d22ed\"><em>Acustemolox\u00eda de la nueche en danza: descripci\u00f3n etnogr\u00e1fica y recursivid\u00e1<\/em> (2025). Universidad de Oviedo. Llori\u00e1n Garc\u00eda Fl\u00f3rez<\/li>\n\n\n\n<li class=\"has-contrast-2-color has-text-color has-link-color has-heading-font-family wp-elements-89b31d70046d774130d62d01fdb462c3\"><a href=\"https:\/\/portalinvestigacion.uniovi.es\/documentos\/66db412305bb057c55ae6034\"><em>El Sonido Ancestral. Archivo y estudio de objetos sonoros del Ecuador prehisp\u00e1nico <\/em>(2024<\/a>). Universidad de Oviedo. Diego Eduardo Benalc\u00e1zar Vega<\/li>\n\n\n\n<li class=\"has-contrast-2-color has-text-color has-link-color has-heading-font-family wp-elements-33c71e553b7a132aca3c4fc6f2f413c8\"><a href=\"https:\/\/portalinvestigacion.uniovi.es\/documentos\/6626a674b70f9877bf768574\"><em>La m\u00fasica en el concejo de Quir\u00f3s (Asturias)<\/em> (2022<\/a>) .Universidad de Oviedo. Luis Francisco \u00c1lvarez Pola<\/li>\n\n\n\n<li class=\"has-contrast-2-color has-text-color has-link-color has-heading-font-family wp-elements-0bfe5b845e3e916ff37d564ea7e5a73f\"><a href=\"https:\/\/portalinvestigacion.uniovi.es\/documentos\/61de719ec73b271236f50e22\"><em>La asturianada. Estudio etnomusicol\u00f3gico de un g\u00e9nero vocal de tipolog\u00eda popular <\/em>(2020<\/a>).Universidad de Oviedo. H\u00e9ctor Braga Corral<\/li>\n\n\n\n<li class=\"has-contrast-2-color has-text-color has-link-color has-heading-font-family wp-elements-0602d89c8c7d504ffe55257fdc3a1e2b\"><a href=\"https:\/\/portalinvestigacion.uniovi.es\/documentos\/5e4e720d2999524eaa94caf6\"><em>La pedagog\u00eda de la percusi\u00f3n en el grado superior de los conservatorios espa\u00f1oles: el patrimonio como referencia para innovar con equidad<\/em> (2017<\/a>). Universidad de Oviedo. Julio Miguel S\u00e1nchez-Andrade Fern\u00e1ndez<\/li>\n\n\n\n<li class=\"has-contrast-2-color has-text-color has-link-color has-heading-font-family wp-elements-20ae482a30f4ff9cd0169a5d366c5879\"><a href=\"https:\/\/portalinvestigacion.uniovi.es\/documentos\/5e4e71f82999524eaa94b5c1\"><em>Culturas intangibles en movimiento: la m\u00fasica tradicional afroesmeralde\u00f1a, Ecuador <\/em>(2017<\/a>).Universidad de Oviedo. Fernando Palacios Mateos<\/li>\n\n\n\n<li class=\"has-contrast-2-color has-text-color has-link-color has-heading-font-family wp-elements-f8ea3efe3e75f33cfdfec404c93ee190\"><a href=\"https:\/\/portalinvestigacion.uniovi.es\/documentos\/5e4e71fc2999524eaa94b8ad\"><em>La musica de tradicion oral en el concejo de Somiedo, Asturias<\/em> (2016<\/a>). Universidad de Oviedo. Ana Bel\u00e9n L\u00f3pez D\u00edaz<\/li>\n\n\n\n<li class=\"has-contrast-2-color has-text-color has-link-color has-heading-font-family wp-elements-d40abfd7dd6571e2a54a775adb9856b0\"><a href=\"https:\/\/portalinvestigacion.uniovi.es\/documentos\/5e4e71fc2999524eaa94b8bf\"><em>Prensa y m\u00fasica en Asturias: siglo XIX <\/em>(2016<\/a>). Universidad de Oviedo. Sonia de Eusebio Vald\u00e9s<\/li>\n\n\n\n<li class=\"has-contrast-2-color has-text-color has-link-color has-heading-font-family wp-elements-6da45322eaadad2977d88fc190167167\"><a href=\"https:\/\/portalinvestigacion.uniovi.es\/documentos\/5e4e71fc2999524eaa94b8fe\"><em>Los idi\u00f3fonos de entrechoque o casta\u00f1uela y su uso en el folclore musical asturiano<\/em> (2016<\/a>). Universidad de Oviedo. Gabriel Alberto El\u00edas Casal<\/li>\n\n\n\n<li class=\"has-contrast-2-color has-text-color has-link-color has-heading-font-family wp-elements-888b7f00d2f5be4532c3550a0abe476a\"><a href=\"https:\/\/portalinvestigacion.uniovi.es\/documentos\/5e4e71fd2999524eaa94b961\"><em>La formaci\u00f3n del repertorio musical de la gaita asturiana <\/em>(2015<\/a>). Universidad de Oviedo. Juan Alfonso Fern\u00e1ndez Garc\u00eda<\/li>\n\n\n\n<li class=\"has-contrast-2-color has-text-color has-link-color has-heading-font-family wp-elements-5ef0f1250748aed7399bc14e67646cb1\"><a href=\"https:\/\/portalinvestigacion.uniovi.es\/documentos\/5d1df66429995204f766a99d\"><em>El m\u00fasico Jos\u00e9 Mar\u00eda Nemesio Ota\u00f1o Eguino (1880-1956). Perfil biogr\u00e1fico, pensamiento est\u00e9tico y an\u00e1lisis de su labor propagand\u00edstica y gestora <\/em>(2014<\/a>). Universidad de Oviedo. Albano Garc\u00eda S\u00e1nchez<\/li>\n\n\n\n<li class=\"has-contrast-2-color has-text-color has-link-color has-heading-font-family wp-elements-ac835bdced4ff14b5d0148cad1d65b1b\"><a href=\"https:\/\/portalinvestigacion.uniovi.es\/documentos\/5e4e71fb2999524eaa94b803\"><em>La percusi\u00f3n en la m\u00fasica tradicional de la cornisa cant\u00e1brica. Asturias <\/em>2004<\/a>. Universidad de Oviedo. Julio Miguel S\u00e1nchez-Andrade Fern\u00e1ndez<\/li>\n\n\n\n<li class=\"has-contrast-2-color has-text-color has-link-color has-heading-font-family wp-elements-48ac0003a2bd0dd133f18a07434338b0\"><a href=\"https:\/\/portalinvestigacion.uniovi.es\/documentos\/5e4e71f92999524eaa94b671\"><em>M\u00fasica de tradici\u00f3n oral en el Concejo de Lena (Asturias)<\/em> (1998<\/a>). Universidad de Oviedo. Carmen Prieto Gonz\u00e1lez<\/li>\n\n\n\n<li class=\"has-contrast-2-color has-text-color has-link-color has-heading-font-family wp-elements-a79cbccb4d70a56e5d54163f03d10d2f\"><a href=\"https:\/\/portalinvestigacion.uniovi.es\/documentos\/5e4e722b2999524eaa94e4ba\"><em>Relaciones ente lo popular y lo culto en la m\u00fasica asturiana de la segunda mitad del Siglo XIX y comienzos del XX<\/em> (1995<\/a>). Universidad de Oviedo. Fidela Ur\u00eda L\u00edbano<\/li>\n<\/ol>\n\n\n\n<p class=\"has-text-align-center has-heading-font-family\"><strong>EQUIPO DE TRABAJO<\/strong><\/p>\n\n\n\n<p class=\"has-contrast-color has-text-color has-link-color has-heading-font-family wp-elements-2db9e1d8468c7aff9f771e1eaf608166\"><strong>Tesis en curso dirigidas por Guadalupe Mera Felipe<\/strong><\/p>\n\n\n\n<ol class=\"wp-block-list\">\n<li class=\"has-contrast-2-color has-text-color has-link-color has-heading-font-family wp-elements-e103e611b795c1230d0fe46bbe275206\"><em>El legado de Eloy Pericet (1936-2016) en la ense\u00f1anza de la Escuela Bolera en Espa\u00f1a<\/em>. Dirigida por Beatriz Mart\u00ednez del Fresno y Guadalupe Mera Felipe. Inscrita (a tiempo parcial) en el curso 2023\/2024. Programa de Doctorado en Historia del Arte y Musicolog\u00eda. Universidad de Oviedo. Raquel Alarc\u00f3n Saguar<\/li>\n<\/ol>\n\n\n\n<p class=\"has-contrast-color has-text-color has-link-color has-heading-font-family wp-elements-7dcf01a177d3310079003edcbf24c4cb\"><strong>Tesis dirigidas por Margarita Tortajada Quiroz<\/strong><\/p>\n\n\n\n<ol class=\"wp-block-list\">\n<li class=\"has-contrast-2-color has-text-color has-link-color has-heading-font-family wp-elements-6bd41828ff63afeac9e1294e87adae81\"><em>Institucionalizaci\u00f3n de la formaci\u00f3n danc\u00edstica en M\u00e9xico. Protagonistas, escenarios y procesos (ca. 1919-1934)<\/em> (2007). Universidad Nacional Aut\u00f3noma de M\u00e9xico. Roxana Ramos Villalobos. <\/li>\n\n\n\n<li class=\"has-contrast-2-color has-text-color has-link-color has-heading-font-family wp-elements-ef9eb7e598e4397795298a968d22f507\"><a href=\"https:\/\/ru.dgb.unam.mx\/bitstream\/20.500.14330\/TES01000768194\/3\/0768194.pdf\"><em>Las condiciones de creaci\u00f3n de danza contempor\u00e1nea en M\u00e9xico (1988-2012) y su relaci\u00f3n con la pol\u00edtica cultural<\/em> (2018).<\/a> Universidad Nacional Aut\u00f3noma de M\u00e9xico. M\u00f3nica Rueda Taracena.  <\/li>\n\n\n\n<li class=\"has-contrast-2-color has-text-color has-link-color has-heading-font-family wp-elements-c83f140f523db55f6a93435d5113ee17\"><a href=\"http:\/\/www.repositorio.ugto.mx\/bitstream\/20.500.12059\/4925\/1\/GABRIELA%20PRIETO%20SORIANO_Tesis_24.pdf\"><em>Danza esc\u00e9nica y nuevas tecnolog\u00edas. La interacci\u00f3n de los elementos de la danza en el siglo XXI<\/em> (2020).<\/a> Universidad de Guanajuato. Gabriela Prieto Soriano. <\/li>\n\n\n\n<li class=\"has-contrast-2-color has-text-color has-link-color has-heading-font-family wp-elements-9607904a273844824ec359cae4519e26\"><a href=\"https:\/\/gestioncultural.udgvirtual.udg.mx\/contenido\/la-configuracion-del-campo-artistico-de-la-danza-contemporanea-en-guadalajara-1995-2019\"><em>La configuraci\u00f3n del campo art\u00edstico de la danza contempor\u00e1nea en Guadalajara (1995-2019) <\/em>(2022).<\/a> Universidad de Guadalajara. Martha Georgina Margarita Hickman Iglesias.<\/li>\n\n\n\n<li class=\"has-contrast-2-color has-text-color has-link-color has-heading-font-family wp-elements-78bdbd00a264ae2c12aeee8871ec4bc7\"><em>Ejercicio cartogr\u00e1fico sobre cuatro obras coreogr\u00e1ficas como una propuesta metodol\u00f3gica para el estudio de la danza contempor\u00e1nea hecha en M\u00e9xico<\/em> (2025). Instituto Nacional de Bellas Artes y Literatura. Ana Patricia Farf\u00e1n. <\/li>\n\n\n\n<li class=\"has-contrast-2-color has-text-color has-link-color has-heading-font-family wp-elements-c85f409638e581a80f478e5482113357\"><em>Artistas esc\u00e9nicos discrepantes y des-alineados en los largos a\u00f1os sesenta mexicanos (1956-1974)<\/em> (2025). Instituto de Investigaciones Hist\u00f3rico-Sociales. Universidad Veracruzana. Amayrani Peralta L\u00f3pez.<\/li>\n<\/ol>\n\n\n\n<p class=\"has-contrast-color has-text-color has-link-color has-heading-font-family wp-elements-51d55d280b592ce87c28274b612125cd\"><strong>Tesis en curso dirigidas por Margarita Tortajada Quiroz<\/strong><\/p>\n\n\n\n<ol class=\"wp-block-list\">\n<li class=\"has-contrast-2-color has-text-color has-link-color has-heading-font-family wp-elements-a84c065316a2ed999a6637e512f95607\"><em>El dolor, la herida y la desaparici\u00f3n en la videodanza en M\u00e9xico.<\/em> Instituto Nacional de Bellas Artes y Literatura-Universidad Aut\u00f3noma de Baja California. Ang\u00e9lica Basilia Madrid Navarro.<\/li>\n\n\n\n<li class=\"has-contrast-2-color has-text-color has-link-color has-heading-font-family wp-elements-cee90d7cc776ddce5823612fd586c9bf\"><em>Cuerpo que es instante. Representaciones visuales de la danza en el arte mexicano 1921-1932<\/em>. Universidad Nacional Aut\u00f3noma de M\u00e9xico.Erick Garc\u00eda S\u00e1nchez<\/li>\n\n\n\n<li class=\"has-contrast-2-color has-text-color has-link-color has-heading-font-family wp-elements-bcba899089980a167cef780b6c9adef4\"><em>Univerdanza. Compa\u00f1\u00eda de danza contempor\u00e1nea de la Universidad de Colima. Actividades de investigaci\u00f3n-creaci\u00f3n, docencia y difusi\u00f3n<\/em>. Instituto de Estudios Superiores Federico Rangel Fuentes. Campus Colima. Adriana Le\u00f3n Arana. <\/li>\n<\/ol>\n","protected":false},"excerpt":{"rendered":"<p>EQUIPO DE INVESTIGACI\u00d3N Tesis dirigidas por Beatriz Mart\u00ednez del Fresno Tesis en curso dirigidas por Beatriz Mart\u00ednez del Fresno Tesis dirigidas por Jos\u00e9 Antonio G\u00f3mez Rodr\u00edguez EQUIPO DE TRABAJO Tesis en curso dirigidas por Guadalupe Mera Felipe Tesis dirigidas por Margarita Tortajada Quiroz Tesis en curso dirigidas por Margarita Tortajada Quiroz<\/p>\n","protected":false},"author":1,"featured_media":133,"parent":0,"menu_order":0,"comment_status":"closed","ping_status":"closed","template":"","meta":{"footnotes":""},"class_list":["post-131","page","type-page","status-publish","has-post-thumbnail","hentry"],"_links":{"self":[{"href":"https:\/\/www.unioviedo.es\/ballet-esp\/index.php\/wp-json\/wp\/v2\/pages\/131","targetHints":{"allow":["GET"]}}],"collection":[{"href":"https:\/\/www.unioviedo.es\/ballet-esp\/index.php\/wp-json\/wp\/v2\/pages"}],"about":[{"href":"https:\/\/www.unioviedo.es\/ballet-esp\/index.php\/wp-json\/wp\/v2\/types\/page"}],"author":[{"embeddable":true,"href":"https:\/\/www.unioviedo.es\/ballet-esp\/index.php\/wp-json\/wp\/v2\/users\/1"}],"replies":[{"embeddable":true,"href":"https:\/\/www.unioviedo.es\/ballet-esp\/index.php\/wp-json\/wp\/v2\/comments?post=131"}],"version-history":[{"count":11,"href":"https:\/\/www.unioviedo.es\/ballet-esp\/index.php\/wp-json\/wp\/v2\/pages\/131\/revisions"}],"predecessor-version":[{"id":693,"href":"https:\/\/www.unioviedo.es\/ballet-esp\/index.php\/wp-json\/wp\/v2\/pages\/131\/revisions\/693"}],"wp:featuredmedia":[{"embeddable":true,"href":"https:\/\/www.unioviedo.es\/ballet-esp\/index.php\/wp-json\/wp\/v2\/media\/133"}],"wp:attachment":[{"href":"https:\/\/www.unioviedo.es\/ballet-esp\/index.php\/wp-json\/wp\/v2\/media?parent=131"}],"curies":[{"name":"wp","href":"https:\/\/api.w.org\/{rel}","templated":true}]}}