{"id":187,"date":"2025-02-18T11:34:00","date_gmt":"2025-02-18T10:34:00","guid":{"rendered":"https:\/\/www.unioviedo.es\/ballet-esp\/?page_id=187"},"modified":"2025-03-01T08:49:43","modified_gmt":"2025-03-01T07:49:43","slug":"margarita-tortajada-quiroz","status":"publish","type":"page","link":"https:\/\/www.unioviedo.es\/ballet-esp\/index.php\/equipo\/margarita-tortajada-quiroz\/","title":{"rendered":"Margarita Tortajada Quiroz"},"content":{"rendered":"\n<div class=\"wp-block-group alignfull has-accent-background-color has-background has-global-padding is-layout-constrained wp-container-core-group-is-layout-669513ed wp-block-group-is-layout-constrained\" style=\"margin-top:0;margin-bottom:0;padding-top:var(--wp--preset--spacing--50);padding-right:var(--wp--preset--spacing--50);padding-bottom:var(--wp--preset--spacing--50);padding-left:var(--wp--preset--spacing--50)\">\n<div class=\"wp-block-columns alignwide is-layout-flex wp-container-core-columns-is-layout-1da03c2a wp-block-columns-is-layout-flex\">\n<div class=\"wp-block-column is-vertically-aligned-stretch is-layout-flow wp-block-column-is-layout-flow\" style=\"flex-basis:50%\">\n<div class=\"wp-block-group is-vertical is-content-justification-stretch is-layout-flex wp-container-core-group-is-layout-444d5ee8 wp-block-group-is-layout-flex\" style=\"min-height:100%\">\n<p class=\"has-contrast-color has-text-color has-link-color has-heading-font-family wp-elements-c6514b30ed429baf8caba9aaa31f2254\"><strong>Margarita Tortajada Quiroz<\/strong><\/p>\n\n\n\n<div class=\"wp-block-group has-global-padding is-layout-constrained wp-block-group-is-layout-constrained\">\n<figure class=\"wp-block-image size-full is-resized\"><img loading=\"lazy\" decoding=\"async\" width=\"318\" height=\"242\" src=\"https:\/\/www.unioviedo.es\/ballet-esp\/wp-content\/uploads\/2025\/02\/Captura-de-pantalla-2025-02-19-a-las-9.11.00.png\" alt=\"\" class=\"wp-image-208\" style=\"width:26px;height:auto\" srcset=\"https:\/\/www.unioviedo.es\/ballet-esp\/wp-content\/uploads\/2025\/02\/Captura-de-pantalla-2025-02-19-a-las-9.11.00.png 318w, https:\/\/www.unioviedo.es\/ballet-esp\/wp-content\/uploads\/2025\/02\/Captura-de-pantalla-2025-02-19-a-las-9.11.00-300x228.png 300w\" sizes=\"auto, (max-width: 318px) 100vw, 318px\" \/><figcaption class=\"wp-element-caption\">margaritatortajada3@gmail.com<\/figcaption><\/figure>\n<\/div>\n\n\n\n<p class=\"has-contrast-color has-text-color has-link-color has-heading-font-family has-medium-font-size wp-elements-233b92df3c1f21765e83d8cec37b8ba0\" style=\"line-height:1.5\">Doctora en Ciencias Sociales. Investigadora del Cenidi Danza \u201cJos\u00e9 Lim\u00f3n\u201d del INBAL. Miembro del Sistema Nacional de Investigadores. Conjunta su experiencia danc\u00edstica y formaci\u00f3n acad\u00e9mica en numerosos art\u00edculos y 15 libros que reflexionan sobre aspectos te\u00f3ricos, pol\u00edticos e hist\u00f3ricos de la danza. Ha sido pionera en los estudios de g\u00e9nero dentro de este arte en M\u00e9xico. Docente de diversos programas de licenciatura y posgrado con especialidad en artes esc\u00e9nicas. Es coordinadora de Danza del Colectivo Mujeres en el Arte, A.C. Ha recibido premios y reconocimientos por su labor, como el Christena Lindborg Schlundt Lecture Award en Estudios de la Danza de la Universidad de California EUA (2010); el XXVI Premio Nacional de Danza Jos\u00e9 Lim\u00f3n del gobierno del estado de Sinaloa-Conaculta-INBA (2013), y la C\u00e1tedra Patrimonial de Danza \u201cMargarita Tortajada Quiroz\u201d de la Universidad Aut\u00f3noma del Estado de Hidalgo, que se realiza bianualmente desde 2019.<\/p>\n\n\n\n<div class=\"wp-block-group has-global-padding is-content-justification-left is-layout-constrained wp-container-core-group-is-layout-9fe8ed88 wp-block-group-is-layout-constrained\"><\/div>\n<\/div>\n<\/div>\n\n\n\n<div class=\"wp-block-column is-vertically-aligned-center is-layout-flow wp-block-column-is-layout-flow\" style=\"flex-basis:50%\">\n<figure class=\"wp-block-image aligncenter size-large is-resized is-style-rounded is-style-rounded--1\"><img loading=\"lazy\" decoding=\"async\" width=\"1024\" height=\"681\" src=\"https:\/\/www.unioviedo.es\/ballet-esp\/wp-content\/uploads\/2025\/02\/MargaritaTortajada-1024x681.jpg\" alt=\"\" class=\"wp-image-165\" style=\"aspect-ratio:3\/4;object-fit:cover;width:300px\" srcset=\"https:\/\/www.unioviedo.es\/ballet-esp\/wp-content\/uploads\/2025\/02\/MargaritaTortajada-1024x681.jpg 1024w, https:\/\/www.unioviedo.es\/ballet-esp\/wp-content\/uploads\/2025\/02\/MargaritaTortajada-300x200.jpg 300w, https:\/\/www.unioviedo.es\/ballet-esp\/wp-content\/uploads\/2025\/02\/MargaritaTortajada-768x511.jpg 768w, https:\/\/www.unioviedo.es\/ballet-esp\/wp-content\/uploads\/2025\/02\/MargaritaTortajada-1536x1022.jpg 1536w, https:\/\/www.unioviedo.es\/ballet-esp\/wp-content\/uploads\/2025\/02\/MargaritaTortajada.jpg 2048w\" sizes=\"auto, (max-width: 1024px) 100vw, 1024px\" \/><\/figure>\n<\/div>\n<\/div>\n<\/div>\n","protected":false},"excerpt":{"rendered":"<p>Margarita Tortajada Quiroz Doctora en Ciencias Sociales. Investigadora del Cenidi Danza \u201cJos\u00e9 Lim\u00f3n\u201d del INBAL. Miembro del Sistema Nacional de Investigadores. Conjunta su experiencia danc\u00edstica y formaci\u00f3n acad\u00e9mica en numerosos art\u00edculos y 15 libros que reflexionan sobre aspectos te\u00f3ricos, pol\u00edticos e hist\u00f3ricos de la danza. Ha sido pionera en los estudios de g\u00e9nero dentro de [&hellip;]<\/p>\n","protected":false},"author":1,"featured_media":0,"parent":2,"menu_order":0,"comment_status":"closed","ping_status":"closed","template":"","meta":{"footnotes":""},"class_list":["post-187","page","type-page","status-publish","hentry"],"_links":{"self":[{"href":"https:\/\/www.unioviedo.es\/ballet-esp\/index.php\/wp-json\/wp\/v2\/pages\/187","targetHints":{"allow":["GET"]}}],"collection":[{"href":"https:\/\/www.unioviedo.es\/ballet-esp\/index.php\/wp-json\/wp\/v2\/pages"}],"about":[{"href":"https:\/\/www.unioviedo.es\/ballet-esp\/index.php\/wp-json\/wp\/v2\/types\/page"}],"author":[{"embeddable":true,"href":"https:\/\/www.unioviedo.es\/ballet-esp\/index.php\/wp-json\/wp\/v2\/users\/1"}],"replies":[{"embeddable":true,"href":"https:\/\/www.unioviedo.es\/ballet-esp\/index.php\/wp-json\/wp\/v2\/comments?post=187"}],"version-history":[{"count":4,"href":"https:\/\/www.unioviedo.es\/ballet-esp\/index.php\/wp-json\/wp\/v2\/pages\/187\/revisions"}],"predecessor-version":[{"id":525,"href":"https:\/\/www.unioviedo.es\/ballet-esp\/index.php\/wp-json\/wp\/v2\/pages\/187\/revisions\/525"}],"up":[{"embeddable":true,"href":"https:\/\/www.unioviedo.es\/ballet-esp\/index.php\/wp-json\/wp\/v2\/pages\/2"}],"wp:attachment":[{"href":"https:\/\/www.unioviedo.es\/ballet-esp\/index.php\/wp-json\/wp\/v2\/media?parent=187"}],"curies":[{"name":"wp","href":"https:\/\/api.w.org\/{rel}","templated":true}]}}