{"id":199,"date":"2025-02-18T11:50:08","date_gmt":"2025-02-18T10:50:08","guid":{"rendered":"https:\/\/www.unioviedo.es\/ballet-esp\/?page_id=199"},"modified":"2025-03-01T08:50:02","modified_gmt":"2025-03-01T07:50:02","slug":"mariana-signorelli","status":"publish","type":"page","link":"https:\/\/www.unioviedo.es\/ballet-esp\/index.php\/equipo\/mariana-signorelli\/","title":{"rendered":"Mariana Signorelli"},"content":{"rendered":"\n<div class=\"wp-block-group alignfull has-accent-background-color has-background has-global-padding is-layout-constrained wp-container-core-group-is-layout-669513ed wp-block-group-is-layout-constrained\" style=\"margin-top:0;margin-bottom:0;padding-top:var(--wp--preset--spacing--50);padding-right:var(--wp--preset--spacing--50);padding-bottom:var(--wp--preset--spacing--50);padding-left:var(--wp--preset--spacing--50)\">\n<div class=\"wp-block-columns alignwide is-layout-flex wp-container-core-columns-is-layout-1da03c2a wp-block-columns-is-layout-flex\">\n<div class=\"wp-block-column is-vertically-aligned-stretch is-layout-flow wp-block-column-is-layout-flow\" style=\"flex-basis:50%\">\n<div class=\"wp-block-group is-vertical is-content-justification-stretch is-layout-flex wp-container-core-group-is-layout-444d5ee8 wp-block-group-is-layout-flex\" style=\"min-height:100%\">\n<div class=\"wp-block-group has-global-padding is-layout-constrained wp-block-group-is-layout-constrained\">\n<p class=\"has-contrast-color has-text-color has-link-color has-heading-font-family wp-elements-f091826188d25bd208699ba165ecbd49\"><strong><strong>Mariana Signorelli <\/strong><\/strong><\/p>\n\n\n\n<div class=\"wp-block-group has-global-padding is-layout-constrained wp-block-group-is-layout-constrained\">\n<figure class=\"wp-block-image size-full is-resized\"><img loading=\"lazy\" decoding=\"async\" width=\"318\" height=\"242\" src=\"https:\/\/www.unioviedo.es\/ballet-esp\/wp-content\/uploads\/2025\/02\/Captura-de-pantalla-2025-02-19-a-las-9.11.00.png\" alt=\"\" class=\"wp-image-208\" style=\"width:26px;height:auto\" srcset=\"https:\/\/www.unioviedo.es\/ballet-esp\/wp-content\/uploads\/2025\/02\/Captura-de-pantalla-2025-02-19-a-las-9.11.00.png 318w, https:\/\/www.unioviedo.es\/ballet-esp\/wp-content\/uploads\/2025\/02\/Captura-de-pantalla-2025-02-19-a-las-9.11.00-300x228.png 300w\" sizes=\"auto, (max-width: 318px) 100vw, 318px\" \/><figcaption class=\"wp-element-caption\">marianasignorelli@yahoo.com<\/figcaption><\/figure>\n<\/div>\n<\/div>\n\n\n\n<p class=\"has-contrast-color has-text-color has-link-color has-heading-font-family has-medium-font-size wp-elements-0e77ecb2fd1ff0431de31b806989eb4d\" style=\"line-height:1.5\">Licenciada y Profesora en Artes orientaci\u00f3n M\u00fasica de la Facultad de Filosof\u00eda y Letras en Universidad de Buenos Aires. Doctoranda en Historia y Teor\u00edas de las Artes con Beca Interna Doctoral de CONICET, \u00e1rea Artes Perform\u00e1ticas del Instituto Artes del Espect\u00e1culo, dir. Dr Juan Vallejos. Trabaja como Profesora de <em>Historia de la danza,<\/em> <em>Apreciaci\u00f3n musical para la danza<\/em> y <em>T\u00e9cnica de la danza cl\u00e1sica<\/em> en Institutos de Formaci\u00f3n Docente de Danzas de Buenos Aires. Participa de congresos acad\u00e9micos de musicolog\u00eda e historia de las artes en Argentina y en el exterior. Tiene publicaciones sobre versiones coreogr\u00e1ficas de los ballets de Ginastera, la representaci\u00f3n del gaucho y naci\u00f3n, danza y pol\u00edtica entrecruzando perspectivas te\u00f3ricas y disciplinares. Integra los equipos de investigaci\u00f3n: Proyecto \u201cTerritorios de la m\u00fasica argentina contempor\u00e1nea, etapa 2\u201d Universidad Nacional de Quilmes; Mygla, \u201cM\u00fasicas y g\u00e9nero. Grupo de estudios latinoamericanos\u201d; Proyecto \u201cDanza y Pol\u00edtica: Intervenciones de la danza moderna y contempor\u00e1nea en la historia argentina (1960-2015)\u201d Universidad Provincial de C\u00f3rdoba; Grupo de estudios \u201cDanzas, cuerpo y naci\u00f3n\u201d Universidad Nacional de Quilmes. Miembro de la Asociaci\u00f3n Argentina de Musicolog\u00eda y de la ICTMD\/Lat Car.<\/p>\n\n\n\n<div class=\"wp-block-group has-global-padding is-content-justification-left is-layout-constrained wp-container-core-group-is-layout-9fe8ed88 wp-block-group-is-layout-constrained\"><\/div>\n<\/div>\n<\/div>\n\n\n\n<div class=\"wp-block-column is-vertically-aligned-center is-layout-flow wp-block-column-is-layout-flow\" style=\"flex-basis:50%\">\n<figure class=\"wp-block-image aligncenter size-full is-resized is-style-rounded is-style-rounded--1\"><img loading=\"lazy\" decoding=\"async\" width=\"824\" height=\"618\" src=\"https:\/\/www.unioviedo.es\/ballet-esp\/wp-content\/uploads\/2025\/02\/271841244_344336077511749_2811723536686356306_n.jpg\" alt=\"\" class=\"wp-image-197\" style=\"aspect-ratio:1;object-fit:cover;width:300px\" srcset=\"https:\/\/www.unioviedo.es\/ballet-esp\/wp-content\/uploads\/2025\/02\/271841244_344336077511749_2811723536686356306_n.jpg 824w, https:\/\/www.unioviedo.es\/ballet-esp\/wp-content\/uploads\/2025\/02\/271841244_344336077511749_2811723536686356306_n-300x225.jpg 300w, https:\/\/www.unioviedo.es\/ballet-esp\/wp-content\/uploads\/2025\/02\/271841244_344336077511749_2811723536686356306_n-768x576.jpg 768w\" sizes=\"auto, (max-width: 824px) 100vw, 824px\" \/><\/figure>\n<\/div>\n<\/div>\n<\/div>\n","protected":false},"excerpt":{"rendered":"<p>Mariana Signorelli Licenciada y Profesora en Artes orientaci\u00f3n M\u00fasica de la Facultad de Filosof\u00eda y Letras en Universidad de Buenos Aires. Doctoranda en Historia y Teor\u00edas de las Artes con Beca Interna Doctoral de CONICET, \u00e1rea Artes Perform\u00e1ticas del Instituto Artes del Espect\u00e1culo, dir. Dr Juan Vallejos. Trabaja como Profesora de Historia de la danza, [&hellip;]<\/p>\n","protected":false},"author":1,"featured_media":0,"parent":2,"menu_order":0,"comment_status":"closed","ping_status":"closed","template":"","meta":{"footnotes":""},"class_list":["post-199","page","type-page","status-publish","hentry"],"_links":{"self":[{"href":"https:\/\/www.unioviedo.es\/ballet-esp\/index.php\/wp-json\/wp\/v2\/pages\/199","targetHints":{"allow":["GET"]}}],"collection":[{"href":"https:\/\/www.unioviedo.es\/ballet-esp\/index.php\/wp-json\/wp\/v2\/pages"}],"about":[{"href":"https:\/\/www.unioviedo.es\/ballet-esp\/index.php\/wp-json\/wp\/v2\/types\/page"}],"author":[{"embeddable":true,"href":"https:\/\/www.unioviedo.es\/ballet-esp\/index.php\/wp-json\/wp\/v2\/users\/1"}],"replies":[{"embeddable":true,"href":"https:\/\/www.unioviedo.es\/ballet-esp\/index.php\/wp-json\/wp\/v2\/comments?post=199"}],"version-history":[{"count":5,"href":"https:\/\/www.unioviedo.es\/ballet-esp\/index.php\/wp-json\/wp\/v2\/pages\/199\/revisions"}],"predecessor-version":[{"id":526,"href":"https:\/\/www.unioviedo.es\/ballet-esp\/index.php\/wp-json\/wp\/v2\/pages\/199\/revisions\/526"}],"up":[{"embeddable":true,"href":"https:\/\/www.unioviedo.es\/ballet-esp\/index.php\/wp-json\/wp\/v2\/pages\/2"}],"wp:attachment":[{"href":"https:\/\/www.unioviedo.es\/ballet-esp\/index.php\/wp-json\/wp\/v2\/media?parent=199"}],"curies":[{"name":"wp","href":"https:\/\/api.w.org\/{rel}","templated":true}]}}