{"id":218,"date":"2025-02-19T13:56:45","date_gmt":"2025-02-19T12:56:45","guid":{"rendered":"https:\/\/www.unioviedo.es\/ballet-esp\/?page_id=218"},"modified":"2025-03-06T08:59:25","modified_gmt":"2025-03-06T07:59:25","slug":"publicaciones","status":"publish","type":"page","link":"https:\/\/www.unioviedo.es\/ballet-esp\/index.php\/publicaciones\/","title":{"rendered":"Publicaciones"},"content":{"rendered":"\n<h5 class=\"wp-block-heading has-text-align-center is-style-default\">Recopilaci\u00f3n de art\u00edculos, estudios y trabajos realizados por el equipo, que reflejan sus contribuciones en el campo<\/h5>\n\n\n\n<div class=\"wp-block-group alignfull has-global-padding is-layout-constrained wp-container-core-group-is-layout-d89aad35 wp-block-group-is-layout-constrained\" style=\"margin-top:0;margin-bottom:0;padding-top:var(--wp--preset--spacing--50);padding-right:var(--wp--preset--spacing--50);padding-bottom:var(--wp--preset--spacing--50);padding-left:var(--wp--preset--spacing--50)\">\n<div class=\"wp-block-group alignwide has-global-padding is-layout-constrained wp-container-core-group-is-layout-19e250f3 wp-block-group-is-layout-constrained\">\n<div class=\"wp-block-columns alignwide is-layout-flex wp-container-core-columns-is-layout-d1c656ed wp-block-columns-is-layout-flex\">\n<div class=\"wp-block-column is-vertically-aligned-center is-layout-flow wp-block-column-is-layout-flow\" style=\"flex-basis:40%\">\n<h3 class=\"wp-block-heading is-style-default\"><strong>Publicaciones de los participantes en el proyecto<\/strong><\/h3>\n\n\n\n<p class=\"has-contrast-color has-text-color has-link-color has-heading-font-family has-medium-font-size wp-elements-9f637a0f2cf54cee01a2424e29760833\"><em><strong>Equipo de Investigaci\u00f3n<\/strong><\/em><\/p>\n\n\n\n<ol class=\"wp-block-list\">\n<li class=\"has-contrast-2-color has-text-color has-link-color has-heading-font-family wp-elements-291f3a5eed022c5b511124a274a17e8b\"><a href=\"https:\/\/www.unioviedo.es\/ballet-esp\/index.php\/publicaciones\/publicaciones-beatriz-martinez-del-fresno\">Beatriz Mart\u00ednez del Fresno<\/a><\/li>\n\n\n\n<li class=\"has-contrast-2-color has-text-color has-link-color has-heading-font-family wp-elements-3f6b2b7bbc4fe511f765e20fe5082119\"><a href=\"https:\/\/www.unioviedo.es\/ballet-esp\/index.php\/publicaciones\/publicaciones-eva-alvarez-martino\/\">Eva \u00c1lvarez Martino<\/a><\/li>\n\n\n\n<li class=\"has-contrast-2-color has-text-color has-link-color has-heading-font-family wp-elements-ffea9afaff6ed5ba4bd23f03c741f028\"><a href=\"https:\/\/www.unioviedo.es\/ballet-esp\/index.php\/publicaciones\/publicaciones-atenea-fernandez-higuero\/\">Atenea Fern\u00e1ndez Higuero<\/a><\/li>\n\n\n\n<li class=\"has-contrast-2-color has-text-color has-link-color has-heading-font-family wp-elements-e382eb6ae5c400443f148b86553b4456\"><a href=\"https:\/\/www.unioviedo.es\/ballet-esp\/index.php\/publicaciones\/publicaciones-jose-antonio-gomez-rodriguez\/\">Jos\u00e9 Antonio G\u00f3mez Rodr\u00edguez<\/a><\/li>\n\n\n\n<li class=\"has-contrast-2-color has-text-color has-link-color has-heading-font-family has-medium-font-size wp-elements-7eaeb48edffd8eaf09616bed21b75d67\"><a href=\"https:\/\/www.unioviedo.es\/ballet-esp\/index.php\/publicaciones\/publicaciones-karlos-xabier-sanchez-ekiza\/\">Karlos Xabier S\u00e1nchez Ekiza<\/a><\/li>\n<\/ol>\n\n\n\n<p class=\"has-contrast-color has-text-color has-link-color has-heading-font-family has-medium-font-size wp-elements-7d7d935143ee3ec4195ad6b44f6b1647\"><em><strong>Equipo de Trabajo<\/strong><\/em><\/p>\n\n\n\n<ol class=\"wp-block-list\">\n<li class=\"has-contrast-2-color has-text-color has-link-color has-heading-font-family wp-elements-b7f0cb7ae0bf5be945f45f11268dfb7c\"><a href=\"https:\/\/www.unioviedo.es\/ballet-esp\/index.php\/publicaciones\/publicaciones-raquel-alarcon-saguar\/\">Raquel Alarc\u00f3n Saguar<\/a><\/li>\n\n\n\n<li class=\"has-contrast-2-color has-text-color has-link-color has-heading-font-family wp-elements-b24b6b6b4693d9a83d5a84920116add9\"><a href=\"https:\/\/www.unioviedo.es\/ballet-esp\/index.php\/publicaciones\/publicaciones-roger-costa-sole\/\">Roger Costa Sol\u00e9<\/a><\/li>\n\n\n\n<li class=\"has-contrast-2-color has-text-color has-link-color has-heading-font-family wp-elements-d22c56cdec105f1ed2db28486110d2f3\"><a href=\"https:\/\/www.unioviedo.es\/ballet-esp\/index.php\/publicaciones\/publicaciones-gabriela-estrada\/\">M. Gabriela Estrada<\/a><\/li>\n\n\n\n<li class=\"has-contrast-2-color has-text-color has-link-color has-heading-font-family wp-elements-a8aa6bdf4a469f9a7dae3bd99281ca05\"><a href=\"https:\/\/www.unioviedo.es\/ballet-esp\/index.php\/publicaciones\/publicaciones-christian-franco-torre\/\">Christian Franco Torre<\/a><\/li>\n\n\n\n<li class=\"has-contrast-2-color has-text-color has-link-color has-heading-font-family wp-elements-6c3c0ecea595b61565b7f14a8b1d4a92\">Elena Garc\u00eda \u00c1lvarez<\/li>\n\n\n\n<li class=\"has-contrast-2-color has-text-color has-link-color has-heading-font-family wp-elements-699722e91cea081497f250fe9d9ce359\"><a href=\"https:\/\/www.unioviedo.es\/ballet-esp\/index.php\/publicaciones\/publicaciones-llorian-garcia-florez\/\">Llori\u00e1n Garc\u00eda Fl\u00f3rez<\/a><\/li>\n\n\n\n<li class=\"has-contrast-2-color has-text-color has-link-color has-heading-font-family wp-elements-b2b9e83c83c5807fded2bb49484afd30\"><a href=\"https:\/\/www.unioviedo.es\/ballet-esp\/index.php\/publicaciones\/publicaciones-raquel-lopez-fernandez\/\">Raquel L\u00f3pez Fern\u00e1ndez<\/a><\/li>\n\n\n\n<li class=\"has-contrast-2-color has-text-color has-link-color has-heading-font-family wp-elements-80a7896dc8dcfdb0b2713f0ef7f3c92c\"><a href=\"https:\/\/www.unioviedo.es\/ballet-esp\/index.php\/publicaciones\/publicaciones-aida-marino-ardura\/\">Aida Mari\u00f1o Ardura<\/a><\/li>\n\n\n\n<li class=\"has-contrast-2-color has-text-color has-link-color has-heading-font-family wp-elements-bee3c442b33698542b820dd2fb1869d4\"><a href=\"https:\/\/www.unioviedo.es\/ballet-esp\/index.php\/publicaciones\/publicaciones-guadalupe-mera-felipe\/\">Guadalupe Mera Felipe<\/a><\/li>\n\n\n\n<li class=\"has-contrast-2-color has-text-color has-link-color has-heading-font-family wp-elements-78d723ac5f43b1dd2e30581ad315d3fa\">Noem\u00ed Orgaz Arag\u00f3n<\/li>\n\n\n\n<li class=\"has-contrast-2-color has-text-color has-link-color has-heading-font-family wp-elements-de5e5b029edb39e96c1f197f9d0d0a7e\">Elisa P\u00e9rez Buchelli<\/li>\n\n\n\n<li class=\"has-contrast-2-color has-text-color has-link-color has-heading-font-family wp-elements-2a593b8b714e8f3a1b274223bc05cb23\"><a href=\"https:\/\/www.unioviedo.es\/ballet-esp\/index.php\/publicaciones\/publicaciones-mariana-signorelli\/\">Mariana Signorelli<\/a><\/li>\n\n\n\n<li class=\"has-contrast-2-color has-text-color has-link-color has-heading-font-family wp-elements-db3407953c44f587a36ca317e1417b26\"><a href=\"https:\/\/www.unioviedo.es\/ballet-esp\/index.php\/publicaciones\/publicaciones-margarita-tortajada-quiroz\/\">Margarita Tortajada Quiroz<\/a><\/li>\n\n\n\n<li class=\"has-contrast-2-color has-text-color has-link-color has-heading-font-family wp-elements-ef791b98e9639e5681ebe7620c4bb87b\"><a href=\"https:\/\/www.unioviedo.es\/ballet-esp\/index.php\/publicaciones\/publicaciones-ariadna-yanez-diez\/\">Ariadna Xochitl Y\u00e1\u00f1ez D\u00edez<\/a><\/li>\n<\/ol>\n<\/div>\n\n\n\n<div class=\"wp-block-column has-global-padding is-content-justification-right is-layout-constrained wp-container-core-column-is-layout-f1f2ed93 wp-block-column-is-layout-constrained\" style=\"flex-basis:50%\">\n<figure class=\"wp-block-image aligncenter size-large is-style-rounded is-style-rounded--1\"><img loading=\"lazy\" decoding=\"async\" width=\"1024\" height=\"309\" src=\"https:\/\/www.unioviedo.es\/ballet-esp\/wp-content\/uploads\/2025\/02\/publiproyecto-1024x309.png\" alt=\"\" class=\"wp-image-256\" style=\"aspect-ratio:4\/3;object-fit:cover\" srcset=\"https:\/\/www.unioviedo.es\/ballet-esp\/wp-content\/uploads\/2025\/02\/publiproyecto-1024x309.png 1024w, https:\/\/www.unioviedo.es\/ballet-esp\/wp-content\/uploads\/2025\/02\/publiproyecto-300x91.png 300w, https:\/\/www.unioviedo.es\/ballet-esp\/wp-content\/uploads\/2025\/02\/publiproyecto-768x232.png 768w, https:\/\/www.unioviedo.es\/ballet-esp\/wp-content\/uploads\/2025\/02\/publiproyecto.png 1274w\" sizes=\"auto, (max-width: 1024px) 100vw, 1024px\" \/><\/figure>\n<\/div>\n<\/div>\n\n\n\n<div style=\"height:var(--wp--preset--spacing--40)\" aria-hidden=\"true\" class=\"wp-block-spacer\"><\/div>\n\n\n\n<div class=\"wp-block-columns alignwide is-layout-flex wp-container-core-columns-is-layout-d1c656ed wp-block-columns-is-layout-flex\">\n<div class=\"wp-block-column is-layout-flow wp-block-column-is-layout-flow\" style=\"flex-basis:50%\">\n<figure class=\"wp-block-image size-large is-style-rounded is-style-rounded--2\"><img loading=\"lazy\" decoding=\"async\" width=\"1024\" height=\"309\" src=\"https:\/\/www.unioviedo.es\/ballet-esp\/wp-content\/uploads\/2025\/02\/publiproyecto-1024x309.png\" alt=\"\" class=\"wp-image-256\" srcset=\"https:\/\/www.unioviedo.es\/ballet-esp\/wp-content\/uploads\/2025\/02\/publiproyecto-1024x309.png 1024w, https:\/\/www.unioviedo.es\/ballet-esp\/wp-content\/uploads\/2025\/02\/publiproyecto-300x91.png 300w, https:\/\/www.unioviedo.es\/ballet-esp\/wp-content\/uploads\/2025\/02\/publiproyecto-768x232.png 768w, https:\/\/www.unioviedo.es\/ballet-esp\/wp-content\/uploads\/2025\/02\/publiproyecto.png 1274w\" sizes=\"auto, (max-width: 1024px) 100vw, 1024px\" \/><\/figure>\n<\/div>\n\n\n\n<div class=\"wp-block-column is-vertically-aligned-center is-layout-flow wp-block-column-is-layout-flow\" style=\"flex-basis:40%\">\n<h3 class=\"wp-block-heading is-style-default\"><strong>Publicaciones derivadas del proyecto de investigaci\u00f3n<\/strong><\/h3>\n\n\n\n<ul style=\"line-height:1.75\" class=\"wp-block-list is-style-checkmark-list\">\n<li class=\"has-heading-font-family\"><em>En construcci\u00f3n<\/em><\/li>\n<\/ul>\n<\/div>\n<\/div>\n<\/div>\n<\/div>\n","protected":false},"excerpt":{"rendered":"<p>Recopilaci\u00f3n de art\u00edculos, estudios y trabajos realizados por el equipo, que reflejan sus contribuciones en el campo Publicaciones de los participantes en el proyecto Equipo de Investigaci\u00f3n Equipo de Trabajo Publicaciones derivadas del proyecto de investigaci\u00f3n<\/p>\n","protected":false},"author":1,"featured_media":0,"parent":0,"menu_order":0,"comment_status":"closed","ping_status":"closed","template":"","meta":{"footnotes":""},"class_list":["post-218","page","type-page","status-publish","hentry"],"_links":{"self":[{"href":"https:\/\/www.unioviedo.es\/ballet-esp\/index.php\/wp-json\/wp\/v2\/pages\/218","targetHints":{"allow":["GET"]}}],"collection":[{"href":"https:\/\/www.unioviedo.es\/ballet-esp\/index.php\/wp-json\/wp\/v2\/pages"}],"about":[{"href":"https:\/\/www.unioviedo.es\/ballet-esp\/index.php\/wp-json\/wp\/v2\/types\/page"}],"author":[{"embeddable":true,"href":"https:\/\/www.unioviedo.es\/ballet-esp\/index.php\/wp-json\/wp\/v2\/users\/1"}],"replies":[{"embeddable":true,"href":"https:\/\/www.unioviedo.es\/ballet-esp\/index.php\/wp-json\/wp\/v2\/comments?post=218"}],"version-history":[{"count":34,"href":"https:\/\/www.unioviedo.es\/ballet-esp\/index.php\/wp-json\/wp\/v2\/pages\/218\/revisions"}],"predecessor-version":[{"id":597,"href":"https:\/\/www.unioviedo.es\/ballet-esp\/index.php\/wp-json\/wp\/v2\/pages\/218\/revisions\/597"}],"wp:attachment":[{"href":"https:\/\/www.unioviedo.es\/ballet-esp\/index.php\/wp-json\/wp\/v2\/media?parent=218"}],"curies":[{"name":"wp","href":"https:\/\/api.w.org\/{rel}","templated":true}]}}