{"id":226,"date":"2025-02-20T08:48:22","date_gmt":"2025-02-20T07:48:22","guid":{"rendered":"https:\/\/www.unioviedo.es\/ballet-esp\/?page_id=226"},"modified":"2025-03-06T09:27:49","modified_gmt":"2025-03-06T08:27:49","slug":"roger-costa-sole","status":"publish","type":"page","link":"https:\/\/www.unioviedo.es\/ballet-esp\/index.php\/equipo\/roger-costa-sole\/","title":{"rendered":"Roger Costa Sol\u00e9"},"content":{"rendered":"\n<div class=\"wp-block-group alignfull has-accent-background-color has-background has-global-padding is-layout-constrained wp-container-core-group-is-layout-669513ed wp-block-group-is-layout-constrained\" style=\"margin-top:0;margin-bottom:0;padding-top:var(--wp--preset--spacing--50);padding-right:var(--wp--preset--spacing--50);padding-bottom:var(--wp--preset--spacing--50);padding-left:var(--wp--preset--spacing--50)\">\n<div class=\"wp-block-columns alignwide is-layout-flex wp-container-core-columns-is-layout-1da03c2a wp-block-columns-is-layout-flex\">\n<div class=\"wp-block-column is-vertically-aligned-stretch is-layout-flow wp-block-column-is-layout-flow\" style=\"flex-basis:50%\">\n<div class=\"wp-block-group is-vertical is-content-justification-stretch is-layout-flex wp-container-core-group-is-layout-444d5ee8 wp-block-group-is-layout-flex\" style=\"min-height:100%\">\n<div class=\"wp-block-group has-global-padding is-layout-constrained wp-block-group-is-layout-constrained\">\n<div class=\"wp-block-group has-global-padding is-layout-constrained wp-block-group-is-layout-constrained\">\n<p class=\"has-contrast-color has-text-color has-link-color has-heading-font-family has-medium-font-size wp-elements-487bc2ecb740ef0cd677d00dd23fe783\">Roger Costa Sol\u00e9<\/p>\n\n\n\n<figure class=\"wp-block-image is-resized\"><img loading=\"lazy\" decoding=\"async\" width=\"318\" height=\"242\" src=\"https:\/\/www.unioviedo.es\/ballet-esp\/wp-content\/uploads\/2025\/02\/Captura-de-pantalla-2025-02-19-a-las-9.11.00.png\" alt=\"\" class=\"wp-image-208\" style=\"width:26px;height:auto\" srcset=\"https:\/\/www.unioviedo.es\/ballet-esp\/wp-content\/uploads\/2025\/02\/Captura-de-pantalla-2025-02-19-a-las-9.11.00.png 318w, https:\/\/www.unioviedo.es\/ballet-esp\/wp-content\/uploads\/2025\/02\/Captura-de-pantalla-2025-02-19-a-las-9.11.00-300x228.png 300w\" sizes=\"auto, (max-width: 318px) 100vw, 318px\" \/><figcaption class=\"wp-element-caption\">rcosta@gencat.cat<\/figcaption><\/figure>\n<\/div>\n\n\n\n<p class=\"justificar\"> <p class=\"has-contrast-color has-text-color has-link-color has-heading-font-family has-medium-font-size\" style=\"line-height:1.5\">Licenciado en Geograf\u00eda e Historia, especialidad en Antropolog\u00eda Social y Cultural, por la Universidad de Barcelona (1995). T\u00e9cnico del Servicio de Investigaci\u00f3n y Protecci\u00f3n de la Direcci\u00f3n General de Cultura Popular y Asociacionismo Cultural, Departamento de Cultura de la Generalitat de Catalunya. Coordinador del Observatorio del Patrimonio Etnol\u00f3gico e Inmaterial de Catalunya, red de 29 entidades especializadas. Ha investigado sobre los <em>esbarts dansaires<\/em> de Catalunya (grupos de danza tradicional), tanto desde el punto de vista asociativo como, sobre todo, hist\u00f3rico. Para ello ha combinado las perspectivas hist\u00f3rica y etnol\u00f3gica, centrando su inter\u00e9s en el proceso de folklorizaci\u00f3n del aut\u00e9ntico baile popular, as\u00ed como en la significaci\u00f3n pol\u00edtica de este movimiento cultural desde principios del siglo xx hasta el final de la dictadura franquista. Fue durante veinte a\u00f1os bailar\u00edn del Esbart Albada (T\u00e0rrega, Lleida), su poblaci\u00f3n natal.<\/p> <\/p>\n<\/div>\n<\/div>\n<\/div>\n\n\n\n<div class=\"wp-block-column is-vertically-aligned-center is-layout-flow wp-block-column-is-layout-flow\" style=\"flex-basis:50%\">\n<figure class=\"wp-block-image aligncenter size-large is-resized is-style-rounded is-style-rounded--1\"><img loading=\"lazy\" decoding=\"async\" width=\"880\" height=\"1024\" src=\"https:\/\/www.unioviedo.es\/ballet-esp\/wp-content\/uploads\/2025\/02\/Roger-Costa-880x1024.jpg\" alt=\"\" class=\"wp-image-224\" style=\"aspect-ratio:0.75;object-fit:cover;width:300px\" srcset=\"https:\/\/www.unioviedo.es\/ballet-esp\/wp-content\/uploads\/2025\/02\/Roger-Costa-880x1024.jpg 880w, https:\/\/www.unioviedo.es\/ballet-esp\/wp-content\/uploads\/2025\/02\/Roger-Costa-258x300.jpg 258w, https:\/\/www.unioviedo.es\/ballet-esp\/wp-content\/uploads\/2025\/02\/Roger-Costa-768x894.jpg 768w, https:\/\/www.unioviedo.es\/ballet-esp\/wp-content\/uploads\/2025\/02\/Roger-Costa-1320x1536.jpg 1320w, https:\/\/www.unioviedo.es\/ballet-esp\/wp-content\/uploads\/2025\/02\/Roger-Costa-1760x2048.jpg 1760w\" sizes=\"auto, (max-width: 880px) 100vw, 880px\" \/><\/figure>\n<\/div>\n<\/div>\n<\/div>\n","protected":false},"excerpt":{"rendered":"<p>Roger Costa Sol\u00e9 Licenciado en Geograf\u00eda e Historia, especialidad en Antropolog\u00eda Social y Cultural, por la Universidad de Barcelona (1995). T\u00e9cnico del Servicio de Investigaci\u00f3n y Protecci\u00f3n de la Direcci\u00f3n General de Cultura Popular y Asociacionismo Cultural, Departamento de Cultura de la Generalitat de Catalunya. Coordinador del Observatorio del Patrimonio Etnol\u00f3gico e Inmaterial de Catalunya, [&hellip;]<\/p>\n","protected":false},"author":1,"featured_media":0,"parent":2,"menu_order":0,"comment_status":"closed","ping_status":"closed","template":"","meta":{"footnotes":""},"class_list":["post-226","page","type-page","status-publish","hentry"],"_links":{"self":[{"href":"https:\/\/www.unioviedo.es\/ballet-esp\/index.php\/wp-json\/wp\/v2\/pages\/226","targetHints":{"allow":["GET"]}}],"collection":[{"href":"https:\/\/www.unioviedo.es\/ballet-esp\/index.php\/wp-json\/wp\/v2\/pages"}],"about":[{"href":"https:\/\/www.unioviedo.es\/ballet-esp\/index.php\/wp-json\/wp\/v2\/types\/page"}],"author":[{"embeddable":true,"href":"https:\/\/www.unioviedo.es\/ballet-esp\/index.php\/wp-json\/wp\/v2\/users\/1"}],"replies":[{"embeddable":true,"href":"https:\/\/www.unioviedo.es\/ballet-esp\/index.php\/wp-json\/wp\/v2\/comments?post=226"}],"version-history":[{"count":7,"href":"https:\/\/www.unioviedo.es\/ballet-esp\/index.php\/wp-json\/wp\/v2\/pages\/226\/revisions"}],"predecessor-version":[{"id":610,"href":"https:\/\/www.unioviedo.es\/ballet-esp\/index.php\/wp-json\/wp\/v2\/pages\/226\/revisions\/610"}],"up":[{"embeddable":true,"href":"https:\/\/www.unioviedo.es\/ballet-esp\/index.php\/wp-json\/wp\/v2\/pages\/2"}],"wp:attachment":[{"href":"https:\/\/www.unioviedo.es\/ballet-esp\/index.php\/wp-json\/wp\/v2\/media?parent=226"}],"curies":[{"name":"wp","href":"https:\/\/api.w.org\/{rel}","templated":true}]}}