{"id":232,"date":"2025-02-20T09:01:59","date_gmt":"2025-02-20T08:01:59","guid":{"rendered":"https:\/\/www.unioviedo.es\/ballet-esp\/?page_id=232"},"modified":"2025-03-01T08:49:07","modified_gmt":"2025-03-01T07:49:07","slug":"jose-antonio-gomez-rodriguez","status":"publish","type":"page","link":"https:\/\/www.unioviedo.es\/ballet-esp\/index.php\/equipo\/jose-antonio-gomez-rodriguez\/","title":{"rendered":"Jos\u00e9 Antonio G\u00f3mez Rodr\u00edguez"},"content":{"rendered":"\n<div class=\"wp-block-group alignfull has-accent-background-color has-background has-global-padding is-layout-constrained wp-container-core-group-is-layout-669513ed wp-block-group-is-layout-constrained\" style=\"margin-top:0;margin-bottom:0;padding-top:var(--wp--preset--spacing--50);padding-right:var(--wp--preset--spacing--50);padding-bottom:var(--wp--preset--spacing--50);padding-left:var(--wp--preset--spacing--50)\">\n<div class=\"wp-block-columns alignwide is-layout-flex wp-container-core-columns-is-layout-1da03c2a wp-block-columns-is-layout-flex\">\n<div class=\"wp-block-column is-vertically-aligned-stretch is-layout-flow wp-block-column-is-layout-flow\" style=\"flex-basis:50%\">\n<div class=\"wp-block-group is-vertical is-content-justification-stretch is-layout-flex wp-container-core-group-is-layout-444d5ee8 wp-block-group-is-layout-flex\" style=\"min-height:100%\">\n<div class=\"wp-block-group has-global-padding is-layout-constrained wp-block-group-is-layout-constrained\">\n<p class=\"has-contrast-color has-text-color has-link-color has-heading-font-family has-medium-font-size wp-elements-1f55795adaf594d9fe6d8da291bd8a12\" style=\"line-height:1.2\">Jos\u00e9 Antonio G\u00f3mez Rodr\u00edguez<\/p>\n\n\n\n<figure class=\"wp-block-image is-resized\"><img loading=\"lazy\" decoding=\"async\" width=\"318\" height=\"242\" src=\"https:\/\/www.unioviedo.es\/ballet-esp\/wp-content\/uploads\/2025\/02\/Captura-de-pantalla-2025-02-19-a-las-9.11.00.png\" alt=\"\" class=\"wp-image-208\" style=\"width:26px;height:auto\" srcset=\"https:\/\/www.unioviedo.es\/ballet-esp\/wp-content\/uploads\/2025\/02\/Captura-de-pantalla-2025-02-19-a-las-9.11.00.png 318w, https:\/\/www.unioviedo.es\/ballet-esp\/wp-content\/uploads\/2025\/02\/Captura-de-pantalla-2025-02-19-a-las-9.11.00-300x228.png 300w\" sizes=\"auto, (max-width: 318px) 100vw, 318px\" \/><figcaption class=\"wp-element-caption\">jagomez@uniovi.es<\/figcaption><\/figure>\n\n\n\n<p class=\"has-contrast-color has-text-color has-link-color has-heading-font-family wp-elements-02f2d103638539d71f5a0e77fab5e1b7\">Jos\u00e9 Antonio G\u00f3mez Rodr\u00edguez es Doctor con Premio Extraordinario por la Universidad de Oviedo, en cuyo Departamento de Historia del Arte y Musicolog\u00eda es Profesor Titular. Sus principales l\u00edneas de investigaci\u00f3n se centran en el estudio del patrimonio musical espa\u00f1ol y la etnomusicolog\u00eda, disciplina a la que ha contribuido de forma pionera desde la implantaci\u00f3n de los estudios de musicolog\u00eda en la Universidad de Oviedo en 1984. Ha sido IP de diversos proyectos de investigaci\u00f3n financiados en convocatorias p\u00fablicas nacionales y fundador y responsable del Archivo de M\u00fasica de Asturias. Ha participado en numerosos congresos, seminarios y cursos, entre los que cabe destacar el simposio <em>Ein spanischer Mozart? Tradition und Experiment im Werk von Juan Cris\u00f3stomo de Arriaga<\/em> (1806-1826), celebrado en el Staatliches Institut f\u00fcr Musikforschung Preu\u00dfischer Kulturbesitz, de Berl\u00edn, en mayo de 2006, con la ponencia de encargo \u00abManipulaciones (bienintencionadas) de la obra de Juan Cris\u00f3stomo de Arriaga\u00bb. De este compositor, tema de su tesis doctoral, ha revisado varias obras reestrenadas por int\u00e9rpretes de la talla de Arp\u00e1d Jo\u00f3, Mark Foster y Jordi Savall. Ha sido cr\u00edtico musical del diario <em>La Voz de Asturias, <\/em>de Oviedo, y comisario de la exposici\u00f3n <em>Musicae, <\/em>celebrada en el RIDEA en 1995 e inaugurada por Felipe de Borb\u00f3n. Ha sido decano de la Facultad de Filosof\u00eda y Letras de la Universidad de Oviedo, instituci\u00f3n en la que ha coordinado los m\u00e1steres oficiales en M\u00fasica, Comunicaci\u00f3n e Instituciones en la Espa\u00f1a Contempor\u00e1nea y Patrimonio Musical. Entre 2016 y 2024 ha sido presidente de la Sociedad Espa\u00f1ola de Musicolog\u00eda (SEdeM). Ha dirigido catorce tesis doctorales y a su cargo ha estado la edici\u00f3n de diversas monograf\u00edas en torno al patrimonio musical asturiano, adem\u00e1s de haber sido autor de un importante n\u00famero de publicaciones de la especialidad y responsable de varios contratos de I+D+i con empresas y administraciones de singular relevancia.<\/p>\n<\/div>\n<\/div>\n<\/div>\n\n\n\n<div class=\"wp-block-column is-vertically-aligned-center is-layout-flow wp-block-column-is-layout-flow\" style=\"flex-basis:50%\">\n<figure class=\"wp-block-image aligncenter size-large is-resized is-style-rounded is-style-rounded--1\"><img loading=\"lazy\" decoding=\"async\" width=\"768\" height=\"1024\" src=\"https:\/\/www.unioviedo.es\/ballet-esp\/wp-content\/uploads\/2025\/02\/IMG_8784-768x1024.jpg\" alt=\"\" class=\"wp-image-230\" style=\"width:300px\" srcset=\"https:\/\/www.unioviedo.es\/ballet-esp\/wp-content\/uploads\/2025\/02\/IMG_8784-768x1024.jpg 768w, https:\/\/www.unioviedo.es\/ballet-esp\/wp-content\/uploads\/2025\/02\/IMG_8784-225x300.jpg 225w, https:\/\/www.unioviedo.es\/ballet-esp\/wp-content\/uploads\/2025\/02\/IMG_8784-1152x1536.jpg 1152w, https:\/\/www.unioviedo.es\/ballet-esp\/wp-content\/uploads\/2025\/02\/IMG_8784-1536x2048.jpg 1536w, https:\/\/www.unioviedo.es\/ballet-esp\/wp-content\/uploads\/2025\/02\/IMG_8784-scaled.jpg 1920w\" sizes=\"auto, (max-width: 768px) 100vw, 768px\" \/><\/figure>\n<\/div>\n<\/div>\n<\/div>\n","protected":false},"excerpt":{"rendered":"<p>Jos\u00e9 Antonio G\u00f3mez Rodr\u00edguez Jos\u00e9 Antonio G\u00f3mez Rodr\u00edguez es Doctor con Premio Extraordinario por la Universidad de Oviedo, en cuyo Departamento de Historia del Arte y Musicolog\u00eda es Profesor Titular. Sus principales l\u00edneas de investigaci\u00f3n se centran en el estudio del patrimonio musical espa\u00f1ol y la etnomusicolog\u00eda, disciplina a la que ha contribuido de forma [&hellip;]<\/p>\n","protected":false},"author":1,"featured_media":0,"parent":2,"menu_order":0,"comment_status":"closed","ping_status":"closed","template":"","meta":{"footnotes":""},"class_list":["post-232","page","type-page","status-publish","hentry"],"_links":{"self":[{"href":"https:\/\/www.unioviedo.es\/ballet-esp\/index.php\/wp-json\/wp\/v2\/pages\/232","targetHints":{"allow":["GET"]}}],"collection":[{"href":"https:\/\/www.unioviedo.es\/ballet-esp\/index.php\/wp-json\/wp\/v2\/pages"}],"about":[{"href":"https:\/\/www.unioviedo.es\/ballet-esp\/index.php\/wp-json\/wp\/v2\/types\/page"}],"author":[{"embeddable":true,"href":"https:\/\/www.unioviedo.es\/ballet-esp\/index.php\/wp-json\/wp\/v2\/users\/1"}],"replies":[{"embeddable":true,"href":"https:\/\/www.unioviedo.es\/ballet-esp\/index.php\/wp-json\/wp\/v2\/comments?post=232"}],"version-history":[{"count":9,"href":"https:\/\/www.unioviedo.es\/ballet-esp\/index.php\/wp-json\/wp\/v2\/pages\/232\/revisions"}],"predecessor-version":[{"id":523,"href":"https:\/\/www.unioviedo.es\/ballet-esp\/index.php\/wp-json\/wp\/v2\/pages\/232\/revisions\/523"}],"up":[{"embeddable":true,"href":"https:\/\/www.unioviedo.es\/ballet-esp\/index.php\/wp-json\/wp\/v2\/pages\/2"}],"wp:attachment":[{"href":"https:\/\/www.unioviedo.es\/ballet-esp\/index.php\/wp-json\/wp\/v2\/media?parent=232"}],"curies":[{"name":"wp","href":"https:\/\/api.w.org\/{rel}","templated":true}]}}