{"id":238,"date":"2025-02-20T09:16:11","date_gmt":"2025-02-20T08:16:11","guid":{"rendered":"https:\/\/www.unioviedo.es\/ballet-esp\/?page_id=238"},"modified":"2025-03-01T08:50:38","modified_gmt":"2025-03-01T07:50:38","slug":"raquel-alarcon-saguar","status":"publish","type":"page","link":"https:\/\/www.unioviedo.es\/ballet-esp\/index.php\/equipo\/raquel-alarcon-saguar\/","title":{"rendered":"Raquel Alarc\u00f3n Saguar"},"content":{"rendered":"\n<div class=\"wp-block-group alignfull has-accent-background-color has-background has-global-padding is-layout-constrained wp-container-core-group-is-layout-669513ed wp-block-group-is-layout-constrained\" style=\"margin-top:0;margin-bottom:0;padding-top:var(--wp--preset--spacing--50);padding-right:var(--wp--preset--spacing--50);padding-bottom:var(--wp--preset--spacing--50);padding-left:var(--wp--preset--spacing--50)\">\n<div class=\"wp-block-columns alignwide is-layout-flex wp-container-core-columns-is-layout-1da03c2a wp-block-columns-is-layout-flex\">\n<div class=\"wp-block-column is-vertically-aligned-stretch is-layout-flow wp-block-column-is-layout-flow\" style=\"flex-basis:50%\">\n<div class=\"wp-block-group is-vertical is-content-justification-stretch is-layout-flex wp-container-core-group-is-layout-444d5ee8 wp-block-group-is-layout-flex\" style=\"min-height:100%\">\n<div class=\"wp-block-group has-global-padding is-layout-constrained wp-block-group-is-layout-constrained\">\n<p class=\"has-contrast-color has-text-color has-link-color has-heading-font-family has-medium-font-size wp-elements-e5612cd01fe6c96294aab1375e67630b\">Raquel Alarc\u00f3n Saguar<\/p>\n\n\n\n<figure class=\"wp-block-image is-resized\"><img loading=\"lazy\" decoding=\"async\" width=\"318\" height=\"242\" src=\"https:\/\/www.unioviedo.es\/ballet-esp\/wp-content\/uploads\/2025\/02\/Captura-de-pantalla-2025-02-19-a-las-9.11.00.png\" alt=\"\" class=\"wp-image-208\" style=\"width:26px;height:auto\" srcset=\"https:\/\/www.unioviedo.es\/ballet-esp\/wp-content\/uploads\/2025\/02\/Captura-de-pantalla-2025-02-19-a-las-9.11.00.png 318w, https:\/\/www.unioviedo.es\/ballet-esp\/wp-content\/uploads\/2025\/02\/Captura-de-pantalla-2025-02-19-a-las-9.11.00-300x228.png 300w\" sizes=\"auto, (max-width: 318px) 100vw, 318px\" \/><figcaption class=\"wp-element-caption\">raquelalarcondanza@gmail.com<\/figcaption><\/figure>\n<\/div>\n\n\n\n<p class=\"has-contrast-color has-text-color has-link-color has-heading-font-family has-medium-font-size wp-elements-50a76c25874a77dc018dda4fb42fdd23\" style=\"line-height:1.5\">Catedr\u00e1tica de Danza espa\u00f1ola en el Conservatorio Superior de Danza Mar\u00eda de \u00c1vila de Madrid, titulada Superior en Danza espa\u00f1ola por la Real Escuela Superior de Arte Dram\u00e1tico y Danza de Madrid, Licenciada en Filosof\u00eda y Ciencias de la Educaci\u00f3n por la UNED y M\u00e1ster en Artes Esc\u00e9nicas por la URJC. Es doctoranda del Programa de Historia del Arte y Musicolog\u00eda en la Universidad de Oviedo y forma parte del equipo de trabajo del Proyecto Estatal de Generaci\u00f3n del Conocimiento <em>En busca del ballet espa\u00f1ol (1952-1982): dimensiones pol\u00edticas y art\u00edsticas, identidades nacionales y de g\u00e9nero, funciones diplom\u00e1ticas y recepci\u00f3n en Espa\u00f1a y Am\u00e9rica.<\/em> Form\u00f3 parte del equipo del proyecto de I+D+i <em>Danza durante la Guerra Civil y el franquismo (1936-1960): pol\u00edticas culturales, identidad, g\u00e9nero y patrimonio coreogr\u00e1fico.<\/em> Como bailarina ha trabajado con grandes maestros y core\u00f3grafos de la danza espa\u00f1ola como Jos\u00e9 Granero, Antonio Gades, Mariemma, Luisillo y Rafael Aguilar, entre otros, y ha sido requerida como artista invitada en importantes galas de danza para interpretar piezas representativas de repertorio, as\u00ed como sus propias creaciones, con las que ha obtenido reconocidos premios en cert\u00e1menes coreogr\u00e1ficos. Su investigaci\u00f3n en danza parte de su experiencia como bailarina y docente en continua reflexi\u00f3n sobre los procedimientos de ense\u00f1anza de la danza espa\u00f1ola, versando su \u00faltima publicaci\u00f3n sobre el proceso de reconstrucci\u00f3n coreogr\u00e1fica de una pieza bolera.<\/p>\n\n\n\n<div class=\"wp-block-group has-global-padding is-content-justification-left is-layout-constrained wp-container-core-group-is-layout-9fe8ed88 wp-block-group-is-layout-constrained\"><\/div>\n<\/div>\n<\/div>\n\n\n\n<div class=\"wp-block-column is-vertically-aligned-center is-layout-flow wp-block-column-is-layout-flow\" style=\"flex-basis:50%\">\n<figure class=\"wp-block-image aligncenter size-large is-resized is-style-rounded is-style-rounded--1\"><img loading=\"lazy\" decoding=\"async\" width=\"871\" height=\"1024\" src=\"https:\/\/www.unioviedo.es\/ballet-esp\/wp-content\/uploads\/2025\/02\/Foto-cara-Raquel-Alarcon-871x1024.jpg\" alt=\"\" class=\"wp-image-236\" style=\"aspect-ratio:3\/4;object-fit:cover;width:300px\" srcset=\"https:\/\/www.unioviedo.es\/ballet-esp\/wp-content\/uploads\/2025\/02\/Foto-cara-Raquel-Alarcon-871x1024.jpg 871w, https:\/\/www.unioviedo.es\/ballet-esp\/wp-content\/uploads\/2025\/02\/Foto-cara-Raquel-Alarcon-255x300.jpg 255w, https:\/\/www.unioviedo.es\/ballet-esp\/wp-content\/uploads\/2025\/02\/Foto-cara-Raquel-Alarcon-768x903.jpg 768w, https:\/\/www.unioviedo.es\/ballet-esp\/wp-content\/uploads\/2025\/02\/Foto-cara-Raquel-Alarcon-1306x1536.jpg 1306w, https:\/\/www.unioviedo.es\/ballet-esp\/wp-content\/uploads\/2025\/02\/Foto-cara-Raquel-Alarcon-1742x2048.jpg 1742w\" sizes=\"auto, (max-width: 871px) 100vw, 871px\" \/><\/figure>\n<\/div>\n<\/div>\n<\/div>\n","protected":false},"excerpt":{"rendered":"<p>Raquel Alarc\u00f3n Saguar Catedr\u00e1tica de Danza espa\u00f1ola en el Conservatorio Superior de Danza Mar\u00eda de \u00c1vila de Madrid, titulada Superior en Danza espa\u00f1ola por la Real Escuela Superior de Arte Dram\u00e1tico y Danza de Madrid, Licenciada en Filosof\u00eda y Ciencias de la Educaci\u00f3n por la UNED y M\u00e1ster en Artes Esc\u00e9nicas por la URJC. Es [&hellip;]<\/p>\n","protected":false},"author":1,"featured_media":0,"parent":2,"menu_order":0,"comment_status":"closed","ping_status":"closed","template":"","meta":{"footnotes":""},"class_list":["post-238","page","type-page","status-publish","hentry"],"_links":{"self":[{"href":"https:\/\/www.unioviedo.es\/ballet-esp\/index.php\/wp-json\/wp\/v2\/pages\/238","targetHints":{"allow":["GET"]}}],"collection":[{"href":"https:\/\/www.unioviedo.es\/ballet-esp\/index.php\/wp-json\/wp\/v2\/pages"}],"about":[{"href":"https:\/\/www.unioviedo.es\/ballet-esp\/index.php\/wp-json\/wp\/v2\/types\/page"}],"author":[{"embeddable":true,"href":"https:\/\/www.unioviedo.es\/ballet-esp\/index.php\/wp-json\/wp\/v2\/users\/1"}],"replies":[{"embeddable":true,"href":"https:\/\/www.unioviedo.es\/ballet-esp\/index.php\/wp-json\/wp\/v2\/comments?post=238"}],"version-history":[{"count":3,"href":"https:\/\/www.unioviedo.es\/ballet-esp\/index.php\/wp-json\/wp\/v2\/pages\/238\/revisions"}],"predecessor-version":[{"id":528,"href":"https:\/\/www.unioviedo.es\/ballet-esp\/index.php\/wp-json\/wp\/v2\/pages\/238\/revisions\/528"}],"up":[{"embeddable":true,"href":"https:\/\/www.unioviedo.es\/ballet-esp\/index.php\/wp-json\/wp\/v2\/pages\/2"}],"wp:attachment":[{"href":"https:\/\/www.unioviedo.es\/ballet-esp\/index.php\/wp-json\/wp\/v2\/media?parent=238"}],"curies":[{"name":"wp","href":"https:\/\/api.w.org\/{rel}","templated":true}]}}