{"id":260,"date":"2025-02-20T10:04:15","date_gmt":"2025-02-20T09:04:15","guid":{"rendered":"https:\/\/www.unioviedo.es\/ballet-esp\/?page_id=260"},"modified":"2025-03-01T08:48:43","modified_gmt":"2025-03-01T07:48:43","slug":"guadalupe-mera-felipe","status":"publish","type":"page","link":"https:\/\/www.unioviedo.es\/ballet-esp\/index.php\/equipo\/guadalupe-mera-felipe\/","title":{"rendered":"Guadalupe Mera Felipe"},"content":{"rendered":"\n<div class=\"wp-block-group alignfull has-accent-background-color has-background has-global-padding is-layout-constrained wp-container-core-group-is-layout-669513ed wp-block-group-is-layout-constrained\" style=\"margin-top:0;margin-bottom:0;padding-top:var(--wp--preset--spacing--50);padding-right:var(--wp--preset--spacing--50);padding-bottom:var(--wp--preset--spacing--50);padding-left:var(--wp--preset--spacing--50)\">\n<div class=\"wp-block-columns alignwide is-layout-flex wp-container-core-columns-is-layout-1da03c2a wp-block-columns-is-layout-flex\">\n<div class=\"wp-block-column is-vertically-aligned-stretch is-layout-flow wp-block-column-is-layout-flow\" style=\"flex-basis:50%\">\n<div class=\"wp-block-group is-vertical is-content-justification-stretch is-layout-flex wp-container-core-group-is-layout-444d5ee8 wp-block-group-is-layout-flex\" style=\"min-height:100%\">\n<div class=\"wp-block-group has-global-padding is-layout-constrained wp-block-group-is-layout-constrained\">\n<div class=\"wp-block-group has-global-padding is-layout-constrained wp-block-group-is-layout-constrained\">\n<p class=\"has-contrast-color has-text-color has-link-color has-heading-font-family has-medium-font-size wp-elements-11abc0f1859aad0488005d0767d9ad1e\">Guadalupe Mera Felipe<\/p>\n\n\n\n<figure class=\"wp-block-image is-resized\"><img loading=\"lazy\" decoding=\"async\" width=\"318\" height=\"242\" src=\"https:\/\/www.unioviedo.es\/ballet-esp\/wp-content\/uploads\/2025\/02\/Captura-de-pantalla-2025-02-19-a-las-9.11.00.png\" alt=\"\" class=\"wp-image-208\" style=\"width:26px;height:auto\" srcset=\"https:\/\/www.unioviedo.es\/ballet-esp\/wp-content\/uploads\/2025\/02\/Captura-de-pantalla-2025-02-19-a-las-9.11.00.png 318w, https:\/\/www.unioviedo.es\/ballet-esp\/wp-content\/uploads\/2025\/02\/Captura-de-pantalla-2025-02-19-a-las-9.11.00-300x228.png 300w\" sizes=\"auto, (max-width: 318px) 100vw, 318px\" \/><figcaption class=\"wp-element-caption\">guadalupe.mera@gmail.com<\/figcaption><\/figure>\n<\/div>\n\n\n\n<p class=\"has-contrast-color has-text-color has-link-color has-heading-font-family has-medium-font-size wp-elements-b4bfbb5f0770c83d284e3119eafc1bf0\" style=\"line-height:1.5\">Catedr\u00e1tica de M\u00fasica y Artes Esc\u00e9nicas en la especialidad Historia de la Danza,&nbsp;doctora en Historia del Arte y Musicolog\u00eda por la Universidad de Oviedo. Licenciada en Filolog\u00eda Hisp\u00e1nica y en Historia Moderna y Contempor\u00e1nea por la Universidad Aut\u00f3noma de Madrid. Titulada Superior en Pedagog\u00eda de la Danza Espa\u00f1ola por el Conservatorio Superior de Danza de Madrid, en Coreograf\u00eda e Interpretaci\u00f3n de la Danza y en Arte Dram\u00e1tico por la Real Escuela Superior de Arte Dram\u00e1tico de Madrid. Ha publicado diversos art\u00edculos cient\u00edficos en relaci\u00f3n con la historia de la danza abarcando una amplia horquilla cronol\u00f3gica (siglos XVIII-XX). Es autora del&nbsp;\u00abInforme T\u00e9cnico para el expediente de Declaraci\u00f3n de la Danza Espa\u00f1ola como Manifestaci\u00f3n Representativa del Patrimonio Cultural en las formas de escuela bolera, danza estilizada y baile flamenco\u00bb encargado por el Instituto del Patrimonio Cultural des Espa\u00f1a del Ministerio de Educaci\u00f3n, Cultura y Deporte. Es secretaria de la Comisi\u00f3n de Danza de la SEdeM. &nbsp;Ha sido profesora de danza espa\u00f1ola en centros homologados y escuelas municipales y privadas de Madrid. Como bailarina form\u00f3 parte del Ballet de Antonio del Castillo, Ballet de Antonio Alonso y Cristina Hernando y del Ballet Los Goyescos.<\/p>\n<\/div>\n<\/div>\n<\/div>\n\n\n\n<div class=\"wp-block-column is-vertically-aligned-center is-layout-flow wp-block-column-is-layout-flow\" style=\"flex-basis:50%\">\n<figure class=\"wp-block-image aligncenter size-large is-resized is-style-rounded is-style-rounded--1\"><img loading=\"lazy\" decoding=\"async\" width=\"1024\" height=\"720\" src=\"https:\/\/www.unioviedo.es\/ballet-esp\/wp-content\/uploads\/2025\/02\/GUADALUPE-1024x720.jpeg\" alt=\"\" class=\"wp-image-258\" style=\"aspect-ratio:3\/4;object-fit:cover;width:300px\" srcset=\"https:\/\/www.unioviedo.es\/ballet-esp\/wp-content\/uploads\/2025\/02\/GUADALUPE-1024x720.jpeg 1024w, https:\/\/www.unioviedo.es\/ballet-esp\/wp-content\/uploads\/2025\/02\/GUADALUPE-300x211.jpeg 300w, https:\/\/www.unioviedo.es\/ballet-esp\/wp-content\/uploads\/2025\/02\/GUADALUPE-768x540.jpeg 768w, https:\/\/www.unioviedo.es\/ballet-esp\/wp-content\/uploads\/2025\/02\/GUADALUPE-1536x1080.jpeg 1536w, https:\/\/www.unioviedo.es\/ballet-esp\/wp-content\/uploads\/2025\/02\/GUADALUPE.jpeg 1600w\" sizes=\"auto, (max-width: 1024px) 100vw, 1024px\" \/><\/figure>\n<\/div>\n<\/div>\n<\/div>\n","protected":false},"excerpt":{"rendered":"<p>Guadalupe Mera Felipe Catedr\u00e1tica de M\u00fasica y Artes Esc\u00e9nicas en la especialidad Historia de la Danza,&nbsp;doctora en Historia del Arte y Musicolog\u00eda por la Universidad de Oviedo. Licenciada en Filolog\u00eda Hisp\u00e1nica y en Historia Moderna y Contempor\u00e1nea por la Universidad Aut\u00f3noma de Madrid. Titulada Superior en Pedagog\u00eda de la Danza Espa\u00f1ola por el Conservatorio Superior [&hellip;]<\/p>\n","protected":false},"author":1,"featured_media":0,"parent":2,"menu_order":0,"comment_status":"closed","ping_status":"closed","template":"","meta":{"footnotes":""},"class_list":["post-260","page","type-page","status-publish","hentry"],"_links":{"self":[{"href":"https:\/\/www.unioviedo.es\/ballet-esp\/index.php\/wp-json\/wp\/v2\/pages\/260","targetHints":{"allow":["GET"]}}],"collection":[{"href":"https:\/\/www.unioviedo.es\/ballet-esp\/index.php\/wp-json\/wp\/v2\/pages"}],"about":[{"href":"https:\/\/www.unioviedo.es\/ballet-esp\/index.php\/wp-json\/wp\/v2\/types\/page"}],"author":[{"embeddable":true,"href":"https:\/\/www.unioviedo.es\/ballet-esp\/index.php\/wp-json\/wp\/v2\/users\/1"}],"replies":[{"embeddable":true,"href":"https:\/\/www.unioviedo.es\/ballet-esp\/index.php\/wp-json\/wp\/v2\/comments?post=260"}],"version-history":[{"count":5,"href":"https:\/\/www.unioviedo.es\/ballet-esp\/index.php\/wp-json\/wp\/v2\/pages\/260\/revisions"}],"predecessor-version":[{"id":522,"href":"https:\/\/www.unioviedo.es\/ballet-esp\/index.php\/wp-json\/wp\/v2\/pages\/260\/revisions\/522"}],"up":[{"embeddable":true,"href":"https:\/\/www.unioviedo.es\/ballet-esp\/index.php\/wp-json\/wp\/v2\/pages\/2"}],"wp:attachment":[{"href":"https:\/\/www.unioviedo.es\/ballet-esp\/index.php\/wp-json\/wp\/v2\/media?parent=260"}],"curies":[{"name":"wp","href":"https:\/\/api.w.org\/{rel}","templated":true}]}}