{"id":285,"date":"2025-02-20T12:22:10","date_gmt":"2025-02-20T11:22:10","guid":{"rendered":"https:\/\/www.unioviedo.es\/ballet-esp\/?page_id=285"},"modified":"2025-11-11T21:56:19","modified_gmt":"2025-11-11T20:56:19","slug":"publicaciones-beatriz-martinez-del-fresno","status":"publish","type":"page","link":"https:\/\/www.unioviedo.es\/ballet-esp\/index.php\/publicaciones\/publicaciones-beatriz-martinez-del-fresno\/","title":{"rendered":""},"content":{"rendered":"\n<p class=\"has-heading-font-family\"><strong>BEATRIZ MART\u00cdNEZ DEL FRESNO<\/strong><\/p>\n\n\n\n<ul class=\"wp-block-list\">\n<li class=\"has-contrast-2-color has-text-color has-link-color has-heading-font-family wp-elements-fa3782814443fecc11547abb47dd4879\">MART\u00cdNEZ DEL FRESNO, Beatriz. 2024. \u201cVicente Escudero y el Gran Concurso Nacional de Arte Jondo (1948): una prueba m\u00e1s en el camino hacia el Dec\u00e1logo\u201d. <em>M\u00fasica Oral del Sur<\/em>, 21, ejemplar dedicado a \u201cEl Flamenco despu\u00e9s del Concurso de 1922\u201d, pp. 97-145 <a href=\"https:\/\/www.centrodedocumentacionmusicaldeandalucia.es\/ojs\/index.php\/mos\/article\/view\/425\">https:\/\/www.centrodedocumentacionmusicaldeandalucia.es\/ojs\/index.php\/mos\/article\/view\/425<\/a>.<\/li>\n\n\n\n<li class=\"has-contrast-2-color has-text-color has-link-color has-heading-font-family wp-elements-e869d89bd6d5dc7bf3c33e4e3a183c19\">MART\u00cdNEZ DEL FRESNO, Beatriz. 2024. \u201cEl papel de Coros y Danzas de Secci\u00f3n Femenina en la diplomacia del primer franquismo: un nacionalismo performativo y maleable\u201d. Rese\u00f1a de Jordan, David Daniel.\u00a0<em>Coros y Danzas: Folk Music and Spanish Nationalism in the Early Franco Regime (1939-1953)<\/em>. New York, Oxford University Press, 2023. 202 pp. ISBN 97801975865518.\u00a0<em>Revista de Musicolog\u00eda<\/em>, 47, 2, pp. 585-593.\u00a0<a href=\"https:\/\/doi.org\/10.2307\/27366192\" target=\"_blank\" rel=\"noreferrer noopener\">https:\/\/doi.org\/10.2307\/27366192<\/a>, <a href=\"https:\/\/www.jstor.org\/stable\/27366192\">https:\/\/www.jstor.org\/stable\/27366192<\/a>.<\/li>\n\n\n\n<li class=\"has-contrast-2-color has-text-color has-link-color has-heading-font-family wp-elements-73b35c5d88b2c245658dc19a570dc5f1\">MART\u00cdNEZ DEL FRESNO, Beatriz y MERA FELIPE, Guadalupe. 2024. \u201cUna nueva edici\u00f3n de la jornada de estudio\u00a0<em>Tesis en Danza<\/em>\u201d.<em>\u00a0Revista de Musicolog\u00eda<\/em>, 47, 2, pp. 714-718 <a href=\"https:\/\/doi.org\/10.2307\/27366210\" target=\"_blank\" rel=\"noreferrer noopener\">https:\/\/doi.org\/10.2307\/27366210<\/a><a href=\"https:\/\/www.jstor.org\/stable\/27366210\">https:\/\/www.jstor.org\/stable\/27366210<\/a>.<\/li>\n\n\n\n<li class=\"has-contrast-2-color has-text-color has-link-color has-heading-font-family wp-elements-bdf32928e88ce0371097bcb161c5fc60\">MART\u00cdNEZ DEL FRESNO, Beatriz. 2023. \u00abEl Ballet Espa\u00f1ol de Antonio en gira por la URSS: cruzar el tel\u00f3n de acero en 1966\u00bb. <em>Revista de Musicolog\u00eda<\/em>, XLVI, 2, pp. 467-509. URI: https:\/\/www.jstor.org\/stable\/27282337. DOI: <a href=\"https:\/\/doi.org\/10.2307\/27282337\">https:\/\/doi.org\/10.2307\/27282337<\/a>, <a href=\"https:\/\/digibuo.uniovi.es\/dspace\/handle\/10651\/71326\">https:\/\/digibuo.uniovi.es\/dspace\/handle\/10651\/71326<\/a>. <\/li>\n\n\n\n<li class=\"has-contrast-2-color has-text-color has-link-color has-heading-font-family has-medium-font-size wp-elements-4dad6b3f9fdb3af80545185e9d2d94d0\">MART\u00cdNEZ DEL FRESNO, Beatriz. 2023. \u00abLa promoci\u00f3n de la danza contempor\u00e1nea a partir de 1982: Nuevos agentes\/nuevas instituciones. Cuatro testimonios (Beatriu Daniel, Guillermo Heras, Manuel Llanes y Toni Pastor) y un balance treinta a\u00f1os despu\u00e9s\u00bb. <em>ADE Teatro<\/em>: Revista de la Asociaci\u00f3n de Directores de Escena de Espa\u00f1a, 193 (septiembre), pp. 160-172.<\/li>\n\n\n\n<li class=\"has-contrast-2-color has-text-color has-link-color has-heading-font-family has-medium-font-size wp-elements-0e30a6b8e7a6065ba5df6088de0015be\">MART\u00cdNEZ DEL FRESNO, Beatriz (ed.). 2022. <em>Tesis en Danza<\/em>. Madrid: Sociedad Espa\u00f1ola de Musicolog\u00eda. <a href=\"https:\/\/digibuo.uniovi.es\/dspace\/handle\/10651\/71274\">https:\/\/digibuo.uniovi.es\/dspace\/handle\/10651\/71274<\/a>. Rese\u00f1ado en <em>TRANS<\/em>, 27 (2023); <em>Telethusa<\/em>, 16, 18 (2023); y <em>Ars Musica<\/em> (Buenos Aires): <a href=\"http:\/\/arsmusica.iimcv.org\/\">http:\/\/arsmusica.iimcv.org\/<\/a>.<\/li>\n\n\n\n<li class=\"has-contrast-2-color has-text-color has-link-color has-heading-font-family has-medium-font-size wp-elements-2fcbc0a0479ca0f1a309dd2ca47c0e96\">MART\u00cdNEZ DEL FRESNO, Beatriz. 2022. \u00abLa reconstrucci\u00f3n coreogr\u00e1fica: fuentes, procesos, opciones\u00bb. En: <em>Musicolog\u00eda en transici\u00f3n<\/em>. J. Mar\u00edn-L\u00f3pez; A. Mazuela Anguita y J. J. Pastor Com\u00edn (eds). Madrid: Sociedad Espa\u00f1ola de Musicolog\u00eda, pp. 449-464. <a href=\"https:\/\/digibuo.uniovi.es\/dspace\/handle\/10651\/71259\">https:\/\/digibuo.uniovi.es\/dspace\/handle\/10651\/71259<\/a>.<\/li>\n\n\n\n<li class=\"has-contrast-2-color has-text-color has-link-color has-heading-font-family has-medium-font-size wp-elements-ba37ab01f5927aa2ed4224472a04a81c\">MART\u00cdNEZ DEL FRESNO, Beatriz. 2022. \u00abSebasti\u00e0 Gasch, cr\u00edtico de danza en la revista <em>Mirador<\/em>\u00bb. En: <em>Tras los pasos de la S\u00edlfide. Imaginarios espa\u00f1oles del ballet rom\u00e1ntico a la danza moderna<\/em>, I. Murga Castro, C. Miguel Arroyo, I. L\u00f3pez Arn\u00e1iz y A. Coello Hern\u00e1ndez (eds.). Madrid: Ministerio de Cultura y Deporte y Ministerio de Ciencia e Innovaci\u00f3n, con la colaboraci\u00f3n del CSIC y AISGE, pp. 445-461. <a href=\"https:\/\/hdl.handle.net\/10651\/71198\">https:\/\/hdl.handle.net\/10651\/71198<\/a> y <a href=\"https:\/\/digibuo.uniovi.es\/dspace\/handle\/10651\/71198\">https:\/\/digibuo.uniovi.es\/dspace\/handle\/10651\/71198<\/a>.<\/li>\n\n\n\n<li class=\"has-contrast-2-color has-text-color has-link-color has-heading-font-family has-medium-font-size wp-elements-5e513a12e7935a3c4ce7fe8e7dcb87e7\">MART\u00cdNEZ DEL FRESNO, Beatriz. 2021. \u00ab\u201cUn spectacle guerrier\u201d. Traditional Dance in the Spanish Pavilion at the International Exhibition in Paris (1937)\u00bb. En: <em>Music and the Spanish Civil War<\/em>, G. P\u00e9rez Zalduondo e I. Iglesias (eds.). Berlin: Peter Lang, pp. 277-319. DOI: <a href=\"https:\/\/doi.org\/10.3726\/b12904\">10.3726\/b12904<\/a> <a href=\"https:\/\/digibuo.uniovi.es\/dspace\/handle\/10651\/65302\">https:\/\/digibuo.uniovi.es\/dspace\/handle\/10651\/65302<\/a>. Libro rese\u00f1ado en <em>Pasado y Memoria<\/em>, 27 (2023).<\/li>\n\n\n\n<li class=\"has-contrast-2-color has-text-color has-link-color has-heading-font-family has-medium-font-size wp-elements-2f36979dfd52cb0b75f2db0e2d75f4d1\">MART\u00cdNEZ DEL FRESNO, Beatriz. 2021. \u00ab\u201dIgual que cincuenta rosas\u201d. Bailes y trajes en el homenaje de las provincias espa\u00f1olas a Eva Duarte de Per\u00f3n (1947)\u00bb. En: <em>M\u00fasica y danza entre Espa\u00f1a y Am\u00e9rica (1930-1960). Diplomacia, intercambios y transferencias<\/em>, G. P\u00e9rez Zalduondo y B. Mart\u00ednez del Fresno (eds.). Madrid: Fondo de Cultura Econ\u00f3mica, pp. 96-140. <a href=\"https:\/\/digibuo.uniovi.es\/dspace\/handle\/10651\/70866\">https:\/\/digibuo.uniovi.es\/dspace\/handle\/10651\/70866<\/a>. Libro rese\u00f1ado en <em>Sonograma<\/em>, 29\/04\/2022; e IDyM-<em>Investigaciones en Danza y Movimiento<\/em>, revista de la Universidad Nacional de las Artes (Argentina), 5, 9 (2024).<\/li>\n\n\n\n<li class=\"has-contrast-2-color has-text-color has-link-color has-heading-font-family has-medium-font-size wp-elements-ca1a063476b9f0c58433ad7cc477a008\">MART\u00cdNEZ DEL FRESNO, Beatriz. 2021. \u201c<em>El amor brujo<\/em>, cien a\u00f1os despu\u00e9s. Gitaner\u00eda y ballet\u00bb (rese\u00f1a). <em>Revista de Musicolog\u00eda<\/em>, XLIV, 1, pp. 229-243. JSTOR: <a href=\"https:\/\/doi.org\/10.2307\/27057539\">https:\/\/doi.org\/10.2307\/27057539<\/a><\/li>\n\n\n\n<li class=\"has-contrast-2-color has-text-color has-link-color has-heading-font-family has-medium-font-size wp-elements-f97f797a63275cbe592756e13b73427c\">MART\u00cdNEZ DEL FRESNO, Beatriz. 2021. \u00abLa danza contempor\u00e1nea espa\u00f1ola en el Centro Nacional de Nuevas Tendencias Esc\u00e9nicas (1984-1994). Un \u201cfen\u00f3meno emergente\u201d en la Sala Olimpia\u00bb. En: <em>Centro Nacional de Nuevas Tendencias Esc\u00e9nicas<\/em>. Madrid: Centro de Documentaci\u00f3n de las Artes Esc\u00e9nicas y de la M\u00fasica. <a href=\"https:\/\/www.musicadanza.es\/contenidos\/CNNTE\/articulos\/la-danza-contemporanea-espanola-en-elcnnte\/pagina-8.html\">https:\/\/www.musicadanza.es\/contenidos\/CNNTE\/articulos\/la-danza-contemporanea-espanola-en-elcnnte\/pagina-8.html<\/a>.<\/li>\n\n\n\n<li class=\"has-contrast-2-color has-text-color has-link-color has-heading-font-family has-medium-font-size wp-elements-9448f1629af59abf2b54213d422265cc\">MART\u00cdNEZ DEL FRESNO, Beatriz. 2020. \u00ab<em>El sombrero de tres picos<\/em>, un \u00abdelicioso ballet grotesco\u00bb en la Espa\u00f1a de la Edad de Plata\u00bb. En: <em>Un ballet en el balc\u00f3n de Europa. Repensar El sombrero de tres picos cien a\u00f1os despu\u00e9s<\/em>. D. Gonz\u00e1lez Mesa, A. Mart\u00edn Moreno, I. Murga Castro y E. Torres Clemente (eds.). Granada: Archivo Manuel de Falla, pp. 363-407.<\/li>\n\n\n\n<li class=\"has-contrast-2-color has-text-color has-link-color has-heading-font-family has-medium-font-size wp-elements-f4115a953219f4f16fc4232e693f6dbb\">MART\u00cdNEZ DEL FRESNO, Beatriz. 2018. \u00abHacia una historia feminista de la danza: core\u00f3grafas contempor\u00e1neas en la Espa\u00f1a de los ochenta\u00bb. En: <em>Mujeres en las artes<\/em>, J. Mart\u00edn-Jim\u00e9nez (coord.) Madrid: Comunidad de Madrid, pp. 256-271. <a href=\"https:\/\/digibuo.uniovi.es\/dspace\/handle\/10651\/48468\">https:\/\/digibuo.uniovi.es\/dspace\/handle\/10651\/48468<\/a><\/li>\n\n\n\n<li class=\"has-contrast-2-color has-text-color has-link-color has-heading-font-family has-medium-font-size wp-elements-30d73af2e6548f0906189bc2333665fd\">MART\u00cdNEZ DEL FRESNO, Beatriz. 2018. \u00abDon Quijote y la danza postmoderna\u00bb. En: <em>El Quijote y la m\u00fasica en la construcci\u00f3n de la cultura europea<\/em>. B. Lolo Herranz (ed.). Madrid: Universidad Aut\u00f3noma de Madrid, pp. 407-426. <a href=\"https:\/\/digibuo.uniovi.es\/dspace\/handle\/10651\/71222\">https:\/\/digibuo.uniovi.es\/dspace\/handle\/10651\/71222<\/a>. Libro rese\u00f1ado en <em>Anales Cervantinos<\/em>, 51 (2019).<\/li>\n\n\n\n<li class=\"has-contrast-2-color has-text-color has-link-color has-heading-font-family has-medium-font-size wp-elements-a9a9bae410ccb5ecd66889663ff6840b\">MART\u00cdNEZ DEL FRESNO, Beatriz. 2017. \u00abCantos y bailes para Mar\u00eda Eva Duarte de Per\u00f3n. El viaje a Espa\u00f1a de 1947 y la puesta en escena de la hispanidad\u00bb. <em>Resonancias: Revista de Investigaci\u00f3n Musical<\/em>, 41, pp. 87-119. DOI: <a href=\"https:\/\/doi.org\/10.7764\/res.2017.41.5\">https:\/\/doi.org\/10.7764\/res.2017.41.5<\/a><\/li>\n\n\n\n<li class=\"has-contrast-2-color has-text-color has-link-color has-heading-font-family has-medium-font-size wp-elements-7bf623d59360c9fc2cab892c7b9819a8\">MART\u00cdNEZ DEL FRESNO, Beatriz y VEGA PICHACO, Bel\u00e9n (eds.). 2017. <em>Dance, Ideology and Power in Francoist Spain (1938-1968). <\/em>Turnhout\/Chicago: Brepols Publishers (Colecci\u00f3n Music, Criticism &amp; Politics, n.\u00ba 5)<strong>. <\/strong>Rese\u00f1ado en <em>Historia y pol\u00edtica, <\/em>40 (2018); <em>Cuadernos de M\u00fasica Iberoamericana, <\/em>31 (2018); y <em>Revista de Musicolog\u00eda,<\/em> XLII,2 (2019).<\/li>\n\n\n\n<li class=\"has-contrast-2-color has-text-color has-link-color has-heading-font-family has-medium-font-size wp-elements-e5fb4d48755bdf8369ceeca370e2a918\">MART\u00cdNEZ DEL FRESNO, Beatriz. 2016. \u00abFronteras del baile flamenco en la cr\u00edtica de la posguerra\u00bb. En: <em>Arts &amp; fronti\u00e8res. Espagne &amp; France. XXe si\u00e8cle<\/em>, A. M.\u00aa Mora Luna, P. Ord\u00f3\u00f1ez Eslava &amp; F. Soulages (eds.). Paris: L\u2019Harmattan, pp. 135-170.<\/li>\n<\/ul>\n","protected":false},"excerpt":{"rendered":"<p>BEATRIZ MART\u00cdNEZ DEL FRESNO<\/p>\n","protected":false},"author":1,"featured_media":256,"parent":218,"menu_order":0,"comment_status":"closed","ping_status":"closed","template":"","meta":{"footnotes":""},"class_list":["post-285","page","type-page","status-publish","has-post-thumbnail","hentry"],"_links":{"self":[{"href":"https:\/\/www.unioviedo.es\/ballet-esp\/index.php\/wp-json\/wp\/v2\/pages\/285","targetHints":{"allow":["GET"]}}],"collection":[{"href":"https:\/\/www.unioviedo.es\/ballet-esp\/index.php\/wp-json\/wp\/v2\/pages"}],"about":[{"href":"https:\/\/www.unioviedo.es\/ballet-esp\/index.php\/wp-json\/wp\/v2\/types\/page"}],"author":[{"embeddable":true,"href":"https:\/\/www.unioviedo.es\/ballet-esp\/index.php\/wp-json\/wp\/v2\/users\/1"}],"replies":[{"embeddable":true,"href":"https:\/\/www.unioviedo.es\/ballet-esp\/index.php\/wp-json\/wp\/v2\/comments?post=285"}],"version-history":[{"count":7,"href":"https:\/\/www.unioviedo.es\/ballet-esp\/index.php\/wp-json\/wp\/v2\/pages\/285\/revisions"}],"predecessor-version":[{"id":724,"href":"https:\/\/www.unioviedo.es\/ballet-esp\/index.php\/wp-json\/wp\/v2\/pages\/285\/revisions\/724"}],"up":[{"embeddable":true,"href":"https:\/\/www.unioviedo.es\/ballet-esp\/index.php\/wp-json\/wp\/v2\/pages\/218"}],"wp:featuredmedia":[{"embeddable":true,"href":"https:\/\/www.unioviedo.es\/ballet-esp\/index.php\/wp-json\/wp\/v2\/media\/256"}],"wp:attachment":[{"href":"https:\/\/www.unioviedo.es\/ballet-esp\/index.php\/wp-json\/wp\/v2\/media?parent=285"}],"curies":[{"name":"wp","href":"https:\/\/api.w.org\/{rel}","templated":true}]}}