{"id":315,"date":"2025-02-22T18:13:19","date_gmt":"2025-02-22T17:13:19","guid":{"rendered":"https:\/\/www.unioviedo.es\/ballet-esp\/?page_id=315"},"modified":"2025-03-07T11:40:21","modified_gmt":"2025-03-07T10:40:21","slug":"publicaciones-eva-alvarez-martino","status":"publish","type":"page","link":"https:\/\/www.unioviedo.es\/ballet-esp\/index.php\/publicaciones\/publicaciones-eva-alvarez-martino\/","title":{"rendered":""},"content":{"rendered":"\n<figure class=\"wp-block-image size-large\"><img loading=\"lazy\" decoding=\"async\" width=\"1024\" height=\"309\" src=\"https:\/\/www.unioviedo.es\/ballet-esp\/wp-content\/uploads\/2025\/02\/publiproyecto-1024x309.png\" alt=\"\" class=\"wp-image-256\" srcset=\"https:\/\/www.unioviedo.es\/ballet-esp\/wp-content\/uploads\/2025\/02\/publiproyecto-1024x309.png 1024w, https:\/\/www.unioviedo.es\/ballet-esp\/wp-content\/uploads\/2025\/02\/publiproyecto-300x91.png 300w, https:\/\/www.unioviedo.es\/ballet-esp\/wp-content\/uploads\/2025\/02\/publiproyecto-768x232.png 768w, https:\/\/www.unioviedo.es\/ballet-esp\/wp-content\/uploads\/2025\/02\/publiproyecto.png 1274w\" sizes=\"auto, (max-width: 1024px) 100vw, 1024px\" \/><\/figure>\n\n\n\n<p class=\"has-heading-font-family\"><strong>EVA \u00c1LVAREZ MARTINO<\/strong><\/p>\n\n\n\n<ul class=\"wp-block-list\">\n<li class=\"has-contrast-2-color has-text-color has-link-color has-heading-font-family has-medium-font-size wp-elements-f1872b88e1f29b338c92ff8207db8afd\">\u00c1LVAREZ MARTINO, Eva. 2023. <em>La investigaci\u00f3n en Artes y Humanidades<\/em>. <em>A\u00f1os 2018-2022<\/em>. Oviedo: Universidad de Oviedo. ISBN: 978-84-18482-93-9. DL: AS 2716-2023. <a href=\"https:\/\/hdl.handle.net\/10651\/69776\">https:\/\/hdl.handle.net\/10651\/69776<\/a><\/li>\n\n\n\n<li class=\"has-contrast-2-color has-text-color has-link-color has-heading-font-family has-medium-font-size wp-elements-f2cacc2cda630262b2d9f25056a1cba4\">HIDALGO TU\u00d1\u00d3N, Alberto, \u00c1LVAREZ MARTINO, Eva <em>et al. <\/em>2023. <em>Historia de la Filosof\u00eda II<\/em>. Madrid: Paraninfo. <a href=\"https:\/\/hdl.handle.net\/10651\/76210\">https:\/\/hdl.handle.net\/10651\/76210<\/a><\/li>\n\n\n\n<li class=\"has-contrast-2-color has-text-color has-link-color has-heading-font-family has-medium-font-size wp-elements-4fb9a40a6a1c572c704cdd6ecce8f91c\">HIDALGO TU\u00d1\u00d3N, Alberto, \u00c1LVAREZ MARTINO, Eva <em>et al.<\/em> 2017. <em>Historia de la Filosof\u00eda.<\/em> Madrid: Paraninfo. <a href=\"https:\/\/hdl.handle.net\/10651\/76210\">htt<\/a><a href=\"https:\/\/hdl.handle.net\/10651\/76211\">ps:\/\/hdl.handle.net\/10651\/76210<\/a><\/li>\n<\/ul>\n\n\n\n<div class=\"wp-block-group has-global-padding is-layout-constrained wp-block-group-is-layout-constrained\"><\/div>\n","protected":false},"excerpt":{"rendered":"<p>EVA \u00c1LVAREZ MARTINO<\/p>\n","protected":false},"author":1,"featured_media":0,"parent":218,"menu_order":0,"comment_status":"closed","ping_status":"closed","template":"","meta":{"footnotes":""},"class_list":["post-315","page","type-page","status-publish","hentry"],"_links":{"self":[{"href":"https:\/\/www.unioviedo.es\/ballet-esp\/index.php\/wp-json\/wp\/v2\/pages\/315","targetHints":{"allow":["GET"]}}],"collection":[{"href":"https:\/\/www.unioviedo.es\/ballet-esp\/index.php\/wp-json\/wp\/v2\/pages"}],"about":[{"href":"https:\/\/www.unioviedo.es\/ballet-esp\/index.php\/wp-json\/wp\/v2\/types\/page"}],"author":[{"embeddable":true,"href":"https:\/\/www.unioviedo.es\/ballet-esp\/index.php\/wp-json\/wp\/v2\/users\/1"}],"replies":[{"embeddable":true,"href":"https:\/\/www.unioviedo.es\/ballet-esp\/index.php\/wp-json\/wp\/v2\/comments?post=315"}],"version-history":[{"count":9,"href":"https:\/\/www.unioviedo.es\/ballet-esp\/index.php\/wp-json\/wp\/v2\/pages\/315\/revisions"}],"predecessor-version":[{"id":626,"href":"https:\/\/www.unioviedo.es\/ballet-esp\/index.php\/wp-json\/wp\/v2\/pages\/315\/revisions\/626"}],"up":[{"embeddable":true,"href":"https:\/\/www.unioviedo.es\/ballet-esp\/index.php\/wp-json\/wp\/v2\/pages\/218"}],"wp:attachment":[{"href":"https:\/\/www.unioviedo.es\/ballet-esp\/index.php\/wp-json\/wp\/v2\/media?parent=315"}],"curies":[{"name":"wp","href":"https:\/\/api.w.org\/{rel}","templated":true}]}}