{"id":325,"date":"2025-02-22T18:25:50","date_gmt":"2025-02-22T17:25:50","guid":{"rendered":"https:\/\/www.unioviedo.es\/ballet-esp\/?page_id=325"},"modified":"2025-03-06T09:01:36","modified_gmt":"2025-03-06T08:01:36","slug":"publicaciones-raquel-alarcon-saguar","status":"publish","type":"page","link":"https:\/\/www.unioviedo.es\/ballet-esp\/index.php\/publicaciones\/publicaciones-raquel-alarcon-saguar\/","title":{"rendered":""},"content":{"rendered":"\n<figure class=\"wp-block-image size-large\"><img loading=\"lazy\" decoding=\"async\" width=\"1024\" height=\"309\" src=\"https:\/\/www.unioviedo.es\/ballet-esp\/wp-content\/uploads\/2025\/02\/publiproyecto-1024x309.png\" alt=\"\" class=\"wp-image-256\" srcset=\"https:\/\/www.unioviedo.es\/ballet-esp\/wp-content\/uploads\/2025\/02\/publiproyecto-1024x309.png 1024w, https:\/\/www.unioviedo.es\/ballet-esp\/wp-content\/uploads\/2025\/02\/publiproyecto-300x91.png 300w, https:\/\/www.unioviedo.es\/ballet-esp\/wp-content\/uploads\/2025\/02\/publiproyecto-768x232.png 768w, https:\/\/www.unioviedo.es\/ballet-esp\/wp-content\/uploads\/2025\/02\/publiproyecto.png 1274w\" sizes=\"auto, (max-width: 1024px) 100vw, 1024px\" \/><\/figure>\n\n\n\n<p class=\"has-heading-font-family\"><strong>RAQUEL ALARC\u00d3N SAGUAR<\/strong><\/p>\n\n\n\n<ul class=\"wp-block-list\">\n<li class=\"has-contrast-2-color has-text-color has-link-color has-heading-font-family wp-elements-9d264f4543e3ada742455c23bc681bab\">ALARC\u00d3N SAGUAR, Raquel. 2022. \u00abAn\u00e1lisis y reconstrucci\u00f3n coreogr\u00e1fica de \u201cLos panaderos\u201d de Juli\u00e1n Arcas coreografiados por Vicente Escudero (1942)\u00bb. En: <em>Musicolog\u00eda en transici\u00f3n<\/em>, J. Mar\u00edn L\u00f3pez J., A. Mazuela Anguita J.J. y Pastor Com\u00edn (eds.). Sociedad Espa\u00f1ola de Musicolog\u00eda Ediciones digitales, pp. 529-544.<\/li>\n\n\n\n<li class=\"has-contrast-2-color has-text-color has-link-color has-heading-font-family wp-elements-8ea081af7336f627269ae693f1013a85\">MART\u00cdNEZ DEL FRESNO, Beatriz. ALARC\u00d3N SAGUAR, Raquel. MERA FELIPE, Guadalupe. 2022. \u00abInvestigaci\u00f3n de excelencia (proyecto mineco har 2013-48658- c2-2-p) en el conservatorio superior de danza Mar\u00eda de \u00c1vila: taller de investigaci\u00f3n y reconstrucci\u00f3n coreogr\u00e1fica desarrollado en el curso 2016-17\u00bb. &nbsp;En: <em>Actas I Congreso Internacional de Investigaci\u00f3n y Creaci\u00f3n. Ense\u00f1anzas Art\u00edsticas Superiores Comunidad de Madrid.<\/em> PublicaMadrid en l\u00ednea (Madrid), pp. 257-264. <a href=\"https:\/\/www.comunidad.madrid\/publicacion\/ref\/50658\">https:\/\/www.comunidad.madrid\/publicacion\/ref\/50658<\/a><\/li>\n\n\n\n<li class=\"has-contrast-2-color has-text-color has-link-color has-heading-font-family wp-elements-205a6061d0b8cfa26adb1466c6ba4a52\">ALARC\u00d3N SAGUAR, Raquel. 2019. \u00abAportaciones metodol\u00f3gicas para innovar la ense\u00f1anza de la danza espa\u00f1ola\u00bb. En: <em>Innovaci\u00f3n en el \u00e1mbito escolar: Un acercamiento multidimensional a las variables psicol\u00f3gicas y educativas,<\/em> M\u00aa. M. Molero Jurado et al. (comps.) Vol. IV Almer\u00eda, Espa\u00f1a: ASUNIVEP, pp.113-118<\/li>\n<\/ul>\n","protected":false},"excerpt":{"rendered":"<p>RAQUEL ALARC\u00d3N SAGUAR<\/p>\n","protected":false},"author":1,"featured_media":0,"parent":218,"menu_order":0,"comment_status":"closed","ping_status":"closed","template":"","meta":{"footnotes":""},"class_list":["post-325","page","type-page","status-publish","hentry"],"_links":{"self":[{"href":"https:\/\/www.unioviedo.es\/ballet-esp\/index.php\/wp-json\/wp\/v2\/pages\/325","targetHints":{"allow":["GET"]}}],"collection":[{"href":"https:\/\/www.unioviedo.es\/ballet-esp\/index.php\/wp-json\/wp\/v2\/pages"}],"about":[{"href":"https:\/\/www.unioviedo.es\/ballet-esp\/index.php\/wp-json\/wp\/v2\/types\/page"}],"author":[{"embeddable":true,"href":"https:\/\/www.unioviedo.es\/ballet-esp\/index.php\/wp-json\/wp\/v2\/users\/1"}],"replies":[{"embeddable":true,"href":"https:\/\/www.unioviedo.es\/ballet-esp\/index.php\/wp-json\/wp\/v2\/comments?post=325"}],"version-history":[{"count":2,"href":"https:\/\/www.unioviedo.es\/ballet-esp\/index.php\/wp-json\/wp\/v2\/pages\/325\/revisions"}],"predecessor-version":[{"id":598,"href":"https:\/\/www.unioviedo.es\/ballet-esp\/index.php\/wp-json\/wp\/v2\/pages\/325\/revisions\/598"}],"up":[{"embeddable":true,"href":"https:\/\/www.unioviedo.es\/ballet-esp\/index.php\/wp-json\/wp\/v2\/pages\/218"}],"wp:attachment":[{"href":"https:\/\/www.unioviedo.es\/ballet-esp\/index.php\/wp-json\/wp\/v2\/media?parent=325"}],"curies":[{"name":"wp","href":"https:\/\/api.w.org\/{rel}","templated":true}]}}