{"id":329,"date":"2025-02-22T18:29:34","date_gmt":"2025-02-22T17:29:34","guid":{"rendered":"https:\/\/www.unioviedo.es\/ballet-esp\/?page_id=329"},"modified":"2025-03-07T12:22:47","modified_gmt":"2025-03-07T11:22:47","slug":"publicaciones-roger-costa-sole","status":"publish","type":"page","link":"https:\/\/www.unioviedo.es\/ballet-esp\/index.php\/publicaciones\/publicaciones-roger-costa-sole\/","title":{"rendered":""},"content":{"rendered":"\n<figure class=\"wp-block-image size-large\"><img loading=\"lazy\" decoding=\"async\" width=\"1024\" height=\"309\" src=\"https:\/\/www.unioviedo.es\/ballet-esp\/wp-content\/uploads\/2025\/02\/publiproyecto-1024x309.png\" alt=\"\" class=\"wp-image-256\" srcset=\"https:\/\/www.unioviedo.es\/ballet-esp\/wp-content\/uploads\/2025\/02\/publiproyecto-1024x309.png 1024w, https:\/\/www.unioviedo.es\/ballet-esp\/wp-content\/uploads\/2025\/02\/publiproyecto-300x91.png 300w, https:\/\/www.unioviedo.es\/ballet-esp\/wp-content\/uploads\/2025\/02\/publiproyecto-768x232.png 768w, https:\/\/www.unioviedo.es\/ballet-esp\/wp-content\/uploads\/2025\/02\/publiproyecto.png 1274w\" sizes=\"auto, (max-width: 1024px) 100vw, 1024px\" \/><\/figure>\n\n\n\n<p class=\"has-heading-font-family\"><strong>ROGER COSTA SOL<\/strong>\u00c9<\/p>\n\n\n\n<ul class=\"wp-block-list\">\n<li class=\"has-contrast-2-color has-text-color has-link-color has-heading-font-family has-medium-font-size wp-elements-b26b1c08536de7e9322a2668e9140571\">COSTA SOL\u00c9, Roger. 2021. \u00abLa dansa popular a Catalunya durant el Franquisme: entre Coros y Danzas i un model propi\u00bb. <em>Caramella: revista de m\u00fasica i cultura popular<\/em>, 44, pp. 24-27.<\/li>\n\n\n\n<li class=\"has-contrast-2-color has-text-color has-link-color has-heading-font-family has-medium-font-size wp-elements-a87472069a8c9d51db6d6aa6bb461ce0\">COSTA SOL\u00c9, Roger. 2011. \u00abJota, recerca folkl\u00f2rica i esbarts. Breu hist\u00f2ria d\u2019un desencontre\u00bb. <em>Caramella: revista de m\u00fasica i cultura popular<\/em>, 24, pp. 59-61.<\/li>\n\n\n\n<li class=\"has-contrast-2-color has-text-color has-link-color has-heading-font-family has-medium-font-size wp-elements-a8e6a577eb4d4d208d72a148e6524767\">COSTA SOL\u00c9, Roger. 2008. \u00abConsideracions a l\u2019entorn de l\u2019origen i el desenvolupament posterior dels esbarts dansaires\u00bb. En: <em>Aportacions a la dansa catalana. Trobada d\u2019in\u00e8dits, inpublicats i publicats<\/em>. VV.AA. Barcelona: Esbart Catal\u00e0 de Dansaires, pp. 50-54.<\/li>\n\n\n\n<li class=\"has-contrast-2-color has-text-color has-link-color has-heading-font-family has-medium-font-size wp-elements-c089555963c948b36701211dfa7aea37\">COSTA SOL\u00c9, Roger. 2005. <em>Cien a\u00f1os de <\/em>esbarts<em>: una historia cr\u00edtica del proceso de folklorizaci\u00f3n de la danza popular en Catalu\u00f1a<\/em>. Ciudad Real: CIOFF \u2013 Ministerio de Cultura.<\/li>\n\n\n\n<li class=\"has-contrast-2-color has-text-color has-link-color has-heading-font-family has-medium-font-size wp-elements-1655a1a4a421e510c3c204e9493d30f8\">COSTA SOL\u00c9, Roger. \u00abL&#8217;Esbart Verdaguer i els estudis de folklore de postguerra a Catalunya\u00bb. 2002. <em>Revista d\u2019Etnologia de Catalunya<\/em>, 21, p\u00e1g. 169.<\/li>\n\n\n\n<li class=\"has-contrast-2-color has-text-color has-link-color has-heading-font-family has-medium-font-size wp-elements-eff5b7277ac629c1d31196ac49fee1d1\">COSTA SOL\u00c9, Roger. 2002. \u00abL\u2019Esbart Albada de T\u00e0rrega: cinquanta anys d\u2019associacionisme i folklore\u00bb. <em>Urtx, Revista Cultural de l\u2019Urgell<\/em>, 15.<\/li>\n<\/ul>\n","protected":false},"excerpt":{"rendered":"<p>ROGER COSTA SOL\u00c9<\/p>\n","protected":false},"author":1,"featured_media":0,"parent":218,"menu_order":0,"comment_status":"closed","ping_status":"closed","template":"","meta":{"footnotes":""},"class_list":["post-329","page","type-page","status-publish","hentry"],"_links":{"self":[{"href":"https:\/\/www.unioviedo.es\/ballet-esp\/index.php\/wp-json\/wp\/v2\/pages\/329","targetHints":{"allow":["GET"]}}],"collection":[{"href":"https:\/\/www.unioviedo.es\/ballet-esp\/index.php\/wp-json\/wp\/v2\/pages"}],"about":[{"href":"https:\/\/www.unioviedo.es\/ballet-esp\/index.php\/wp-json\/wp\/v2\/types\/page"}],"author":[{"embeddable":true,"href":"https:\/\/www.unioviedo.es\/ballet-esp\/index.php\/wp-json\/wp\/v2\/users\/1"}],"replies":[{"embeddable":true,"href":"https:\/\/www.unioviedo.es\/ballet-esp\/index.php\/wp-json\/wp\/v2\/comments?post=329"}],"version-history":[{"count":6,"href":"https:\/\/www.unioviedo.es\/ballet-esp\/index.php\/wp-json\/wp\/v2\/pages\/329\/revisions"}],"predecessor-version":[{"id":640,"href":"https:\/\/www.unioviedo.es\/ballet-esp\/index.php\/wp-json\/wp\/v2\/pages\/329\/revisions\/640"}],"up":[{"embeddable":true,"href":"https:\/\/www.unioviedo.es\/ballet-esp\/index.php\/wp-json\/wp\/v2\/pages\/218"}],"wp:attachment":[{"href":"https:\/\/www.unioviedo.es\/ballet-esp\/index.php\/wp-json\/wp\/v2\/media?parent=329"}],"curies":[{"name":"wp","href":"https:\/\/api.w.org\/{rel}","templated":true}]}}