{"id":345,"date":"2025-02-22T18:51:42","date_gmt":"2025-02-22T17:51:42","guid":{"rendered":"https:\/\/www.unioviedo.es\/ballet-esp\/?page_id=345"},"modified":"2025-11-11T22:09:17","modified_gmt":"2025-11-11T21:09:17","slug":"publicaciones-margarita-tortajada-quiroz","status":"publish","type":"page","link":"https:\/\/www.unioviedo.es\/ballet-esp\/index.php\/publicaciones\/publicaciones-margarita-tortajada-quiroz\/","title":{"rendered":""},"content":{"rendered":"\n<p class=\"has-heading-font-family\"><strong>MARGARITA TORTAJADA QUIROZ<\/strong><\/p>\n\n\n\n<ul class=\"wp-block-list\">\n<li class=\"has-contrast-2-color has-text-color has-link-color has-heading-font-family has-medium-font-size wp-elements-a956acd03baffd9b42d9455adbe84aa3\">TORTAJADA QUIROZ, Margarita. 2024. \u00abLas mujeres y sus representaciones en la danza premoderna y moderna mexicana\u201d. En Estudios de g\u00e9nero y arte, D. Comisarenco (ed.). Ciudad de M\u00e9xico: Secretar\u00eda de Cultura-INBAL, pp. 59-76.<\/li>\n\n\n\n<li class=\"has-contrast-2-color has-text-color has-link-color has-heading-font-family has-medium-font-size wp-elements-15dc81a9f0ab72e1586cae7ec3eddab7\">TORTAJADA QUIROZ, MARGARITA. (2024). \u00abPresentaci\u00f3n\u00bb (pp. 18-21), \u00abUna historia de investigaci\u00f3n\u00bb (pp. 27-35), \u00abConstrucci\u00f3n y representaci\u00f3n en la danza esc\u00e9nica: el g\u00e9nero y los cuerpos de la academia\u00bb (pp. 37-62), \u00abLas huellas de la danza. Registros para su historia\u00bb (pp. 63-76), \u00abTrazos de la obra coreogr\u00e1fica de Amalia Hern\u00e1ndez\u00bb (pp. 107-127), \u00abRupturas: otros g\u00e9neros, otras identidades\u00bb (pp. 187-204). En: <em>C\u00e1tedra patrimonial de danza<\/em>, M. Tortajada Quiroz y J. Galindo Zavala (coords.). Pachuca (Hidalgo): Universidad Aut\u00f3noma del Estado de Hidalgo. <a href=\"https:\/\/repository.uaeh.edu.mx\/books\/194\/cp.pdf\">https:\/\/repository.uaeh.edu.mx\/books\/194\/cp.pdf<\/a><\/li>\n\n\n\n<li class=\"has-contrast-2-color has-text-color has-link-color has-heading-font-family has-medium-font-size wp-elements-59945422411011df59cebcc0b0a329b5\">TORTAJADA QUIROZ, MARGARITA. (2024). \u00abM\u00e9xico\u00bb.&nbsp; <em>Dossier La investigaci\u00f3n en danza en Latinoam\u00e9rica. Un mapa en construcci\u00f3n. Revista Investigaci\u00f3n, Danza y Movimiento<\/em>, vol. 6, n\u00fam. 10, a\u00f1o 6, pp. 64-67. <a href=\"https:\/\/revistasojs.una.edu.ar\/index.php\/IDyM\/issue\/view\/12\/22\">https:\/\/revistasojs.una.edu.ar\/index.php\/IDyM\/issue\/view\/12\/22<\/a><\/li>\n\n\n\n<li class=\"has-contrast-2-color has-text-color has-link-color has-heading-font-family has-medium-font-size wp-elements-5377fa31edebf5c93737ea95d2a29619\">TORTAJADA QUIROZ, Margarita. 2023. \u00abLa danza vive. La lucha sigue: experiencias en tiempos de pandemia y pospandemia en M\u00e9xico\u00bb. <em>Dan\u00e7a. Revista do Programa de P\u00f3s-Gradua\u00e7\u00e3o em Dan\u00e7a<\/em>, vol. 8, n\u00fam. 11, pp. 12-26. <a href=\"https:\/\/periodicos.ufba.br\/index.php\/revistadanca\/article\/view\/58149\/30653 &nbsp;\">https:\/\/periodicos.ufba.br\/index.php\/revistadanca\/article\/view\/58149\/30653 &nbsp;<\/a><\/li>\n\n\n\n<li class=\"has-contrast-2-color has-text-color has-link-color has-heading-font-family has-medium-font-size wp-elements-ceb1273ed004b71a8c655f4a2589e243\"><a>TORTAJADA QUIROZ, Margarita. 2023.<\/a> \u00abBailarines. Identidades disruptivas en construcci\u00f3n\u00bb. <em>Nierika. Revista de Arte Ibero. 10 ANIVERSARIO<\/em>, a\u00f1o 12, n\u00fam. 23, pp. 90-117. <a href=\"https:\/\/nierika.ibero.mx\/index.php\/nierika\/issue\/curren\">https:\/\/nierika.ibero.mx\/index.php\/nierika\/issue\/curren<\/a><\/li>\n\n\n\n<li class=\"has-contrast-2-color has-text-color has-link-color has-heading-font-family has-medium-font-size wp-elements-b0348f9e299dd3b983682e16284dd3a3\"><a>TORTAJADA QUIROZ, Margarita. 2021.<\/a> \u00abLa Paloma Azul y los transterrados en la danza moderna mexicana\u00bb. En:<em> M\u00fasica y danza entre Espa\u00f1a y Am\u00e9rica (1930-1960). Diplomacia, intercambios y transferencias<\/em>, G. P\u00e9rez Valduondo y B. Mart\u00ednez del Fresno (coords.). Madrid: FCE, pp. 500-533.<\/li>\n\n\n\n<li class=\"has-contrast-2-color has-text-color has-link-color has-heading-font-family has-medium-font-size wp-elements-96b5753f2cc86a8b98cd0be8b5dd2790\">TORTAJADA QUIROZ, Margarita. 2021. \u00abOrden en el caos. El campo danc\u00edstico mexicano\u00bb. <em>Fractal. Revista Iberoamericana de ensayo y literatura<\/em>, 24. <a href=\"https:\/\/www.mxfractal.org\/articulos\/RevistaFractal94Tortajada.php\">https:\/\/www.mxfractal.org\/articulos\/RevistaFractal94Tortajada.php<\/a><\/li>\n\n\n\n<li class=\"has-contrast-2-color has-text-color has-link-color has-heading-font-family has-medium-font-size wp-elements-504e6c6ed0b26db4a45d6c9692af2a70\">TORTAJADA QUIROZ, Margarita. 2020. <em>85 Aniversario de la Escuela Nacional de Danza Nellie y Gloria Campobello. Danza que resiste y construye.<\/em> Ciudad de M\u00e9xico: SC-INBAL-CENART-PADID-(IN) Fluir Ediciones Danza. <a href=\"http:\/\/inbadigital.bellasartes.gob.mx:8080\/jspui\/handle\/11271\/2668 \">http:\/\/inbadigital.bellasartes.gob.mx:8080\/jspui\/handle\/11271\/2668 <\/a><\/li>\n\n\n\n<li class=\"has-contrast-2-color has-text-color has-link-color has-heading-font-family has-medium-font-size wp-elements-38e3c091bdd94ae5399715c8a80c5de3\">TORTAJADA QUIROZ, Margarita. 2020. \u00abTrazos de la obra coreogr\u00e1fica de Amalia Hern\u00e1ndez\u00bb. En:<em> Ense\u00f1anza de la composici\u00f3n coreogr\u00e1fica desde un enfoque transdisciplinario<\/em>, A. Le\u00f3n (comp.). Colima (Colima): Universidad de Colima, pp. 249-272. &nbsp;<a href=\"http:\/\/ww.ucol.mx\/content\/publicacionesenlinea\/adjuntos\/La_ensenianza_489.pdf\">http:\/\/ww.ucol.mx\/content\/publicacionesenlinea\/adjuntos\/La_ensenianza_489.pdf<\/a><\/li>\n\n\n\n<li class=\"has-contrast-2-color has-text-color has-link-color has-heading-font-family has-medium-font-size wp-elements-9860ffc9231b66a0bbf908fc959b51ca\">TORTAJADA QUIROZ, Margarita. 2017. \u00abLas vanguardias en la danza mexicana\u00bb. En: <em>Homenaje Una vida en la danza. Amalia Hern\u00e1ndez<\/em>, O. Ch\u00e1vez (coord..). Ciudad de M\u00e9xico: Cenidi-Danza Jos\u00e9 Lim\u00f3n-INBA, pp. 43-71. http:\/\/inbadigital.bellasartes.gob.mx:8080\/jspui\/handle\/11271\/2336<\/li>\n\n\n\n<li class=\"has-contrast-2-color has-text-color has-link-color has-heading-font-family has-medium-font-size wp-elements-5df50dfc472f20aad6ef68473440f2fc\">TORTAJADA QUIROZ, Margarita. 2017. \u00abA bailar. Provocadores, informantes y custodios de los saberes del cuerpo\u00bb. <em>Revista electr\u00f3nica Intrdanza<\/em>, a\u00f1o 5, n\u00fam. 45, pp. 77-85. <a href=\"https:\/\/issuu.com\/interdanza\/docs\/revista_n__m.45\">https:\/\/issuu.com\/interdanza\/docs\/revista_n__m.45<\/a><\/li>\n\n\n\n<li class=\"has-contrast-2-color has-text-color has-link-color has-heading-font-family has-medium-font-size wp-elements-be24a8aeb9f233da8f6501375cfffe0b\"><a>TORTAJADA QUIROZ, Margarita. 2017. <\/a><em>Amalia Hern\u00e1ndez. Artista universal y profeta en su tierra<\/em>. Ciudad de M\u00e9xico: BFM, A.C.-SC-INBA-Fomento Cultural Banamex-Fundaci\u00f3n Roberto Hern\u00e1ndez.<\/li>\n\n\n\n<li class=\"has-contrast-2-color has-text-color has-link-color has-heading-font-family has-medium-font-size wp-elements-5014003d97f40f3b78ae028837b3b055\">TORTAJADA QUIROZ, Margarita. 2016. \u00abConstrucci\u00f3n y representaci\u00f3n en la danza esc\u00e9nica: el g\u00e9nero y los cuerpos de la academia\u00bb. En: <em>Corporalidades esc\u00e9nicas. Representaciones del cuerpo en el teatro, la danza y el performance<\/em>, E. Fediuk y A. Prieto Stambough (ed.). Xalapa (Veracruz): Universidad Veracruzana, pp. 43-64. <a href=\"https:\/\/www.uv.mx\/cecda\/files\/2018\/06\/LIBRO-Corporalidades-escenicas-2016.pdf\">https:\/\/www.uv.mx\/cecda\/files\/2018\/06\/LIBRO-Corporalidades-escenicas-2016.pdf<\/a><\/li>\n\n\n\n<li class=\"has-contrast-2-color has-text-color has-link-color has-heading-font-family has-medium-font-size wp-elements-bc86e4c388ee154b1c5ccda1678c7d06\">TORTAJADA QUIROZ, Margarita. 2015. \u00abEntre la imitaci\u00f3n y el jarabe. Las <em>ballerinas<\/em> del M\u00e9xico independiente\u00bb. En: <em>Cantos de guerra y paz. La m\u00fasica en las independencias iberoamericanas<\/em> (1800-1840), B. Lolo y A. Presas (eds.). Colecc. M\u00fasica y musicolog\u00eda, n\u00fam. 3. Madrid: Universidad Aut\u00f3noma de Madrid Ediciones, pp. 369-388.<\/li>\n<\/ul>\n\n\n\n<p><\/p>\n","protected":false},"excerpt":{"rendered":"<p>MARGARITA TORTAJADA QUIROZ<\/p>\n","protected":false},"author":1,"featured_media":256,"parent":218,"menu_order":0,"comment_status":"closed","ping_status":"closed","template":"","meta":{"footnotes":""},"class_list":["post-345","page","type-page","status-publish","has-post-thumbnail","hentry"],"_links":{"self":[{"href":"https:\/\/www.unioviedo.es\/ballet-esp\/index.php\/wp-json\/wp\/v2\/pages\/345","targetHints":{"allow":["GET"]}}],"collection":[{"href":"https:\/\/www.unioviedo.es\/ballet-esp\/index.php\/wp-json\/wp\/v2\/pages"}],"about":[{"href":"https:\/\/www.unioviedo.es\/ballet-esp\/index.php\/wp-json\/wp\/v2\/types\/page"}],"author":[{"embeddable":true,"href":"https:\/\/www.unioviedo.es\/ballet-esp\/index.php\/wp-json\/wp\/v2\/users\/1"}],"replies":[{"embeddable":true,"href":"https:\/\/www.unioviedo.es\/ballet-esp\/index.php\/wp-json\/wp\/v2\/comments?post=345"}],"version-history":[{"count":5,"href":"https:\/\/www.unioviedo.es\/ballet-esp\/index.php\/wp-json\/wp\/v2\/pages\/345\/revisions"}],"predecessor-version":[{"id":682,"href":"https:\/\/www.unioviedo.es\/ballet-esp\/index.php\/wp-json\/wp\/v2\/pages\/345\/revisions\/682"}],"up":[{"embeddable":true,"href":"https:\/\/www.unioviedo.es\/ballet-esp\/index.php\/wp-json\/wp\/v2\/pages\/218"}],"wp:featuredmedia":[{"embeddable":true,"href":"https:\/\/www.unioviedo.es\/ballet-esp\/index.php\/wp-json\/wp\/v2\/media\/256"}],"wp:attachment":[{"href":"https:\/\/www.unioviedo.es\/ballet-esp\/index.php\/wp-json\/wp\/v2\/media?parent=345"}],"curies":[{"name":"wp","href":"https:\/\/api.w.org\/{rel}","templated":true}]}}