{"id":382,"date":"2025-02-23T12:09:34","date_gmt":"2025-02-23T11:09:34","guid":{"rendered":"https:\/\/www.unioviedo.es\/ballet-esp\/?page_id=382"},"modified":"2025-11-20T16:12:59","modified_gmt":"2025-11-20T15:12:59","slug":"congresos","status":"publish","type":"page","link":"https:\/\/www.unioviedo.es\/ballet-esp\/index.php\/congresos\/","title":{"rendered":"Congresos"},"content":{"rendered":"\n<p class=\"has-heading-font-family\"><strong><em>Ponencias y comunicaciones presentadas en congresos (desde 1 de septiembre de 2024)<\/em><\/strong><\/p>\n\n\n\n<p class=\"has-text-align-center has-contrast-color has-text-color has-link-color has-heading-font-family wp-elements-6901a4648e34db4b3b97e1b11fb4bd03\"><strong><em>Equipo de investigaci\u00f3n<\/em><\/strong><\/p>\n\n\n\n<p class=\"has-contrast-color has-text-color has-link-color has-heading-font-family wp-elements-9c7ebc3adfcf9192def02ffad7b7a639\"><strong>Beatriz Mart\u00ednez del Fresno<\/strong><\/p>\n\n\n\n<ul class=\"wp-block-list\">\n<li class=\"has-contrast-2-color has-text-color has-link-color has-heading-font-family has-medium-font-size wp-elements-2be655e583e19e88538ea0cab78b3f18\">MART\u00cdNEZ DEL FRESNO, Beatriz y MARI\u00d1O ARDURA, Aida. 2025. \u00abBaile tradicional y g\u00e9nero durante el primer franquismo. De la imagen feminizada de la Naci\u00f3n a la incorporaci\u00f3n de hombres a los grupos de danza de Secci\u00f3n Femenina\u00bb.&nbsp;<em>XII Congreso sobre investigaciones del Franquismo<\/em>. Oviedo, 5-7 de noviembre.<\/li>\n\n\n\n<li class=\"has-contrast-2-color has-text-color has-link-color has-heading-font-family has-medium-font-size wp-elements-8404f7c6420e613b75ea286a7b11098e\">MART\u00cdNEZ DEL FRESNO, Beatriz. 2024. \u00abEl Laboratorio de Danza de la Universidad de Oviedo (1977-1981): un experimento novedoso en la Extensi\u00f3n Universitaria de la Transici\u00f3n\u00bb. Congreso Internacional <em>\u00a1Ele, Manolo, la calle es tuya! Espacios y Discursos Sonoros en Transici\u00f3n<\/em>. Universidad de Granada y Fundaci\u00f3n Miguel R\u00edos, 21 y 22 de noviembre de 2024.<\/li>\n\n\n\n<li class=\"has-contrast-2-color has-text-color has-link-color has-heading-font-family has-medium-font-size wp-elements-08c28745c3a89a198a2fdf150ea1a25f\">MART\u00cdNEZ DEL FRESNO, Beatriz. 2024. \u00ab\u201dLos palillos aguardaban mudos hasta que los pies les autorizasen la entrada\u201d. Trazas sonoras del baile de Antonia Merc\u00e9 la Argentina\u00bb, comunicaci\u00f3n integrada en el panel tem\u00e1tico \u00abEscuchar la danza y ver la m\u00fasica. Relaciones y sinergias entre dos pr\u00e1cticas art\u00edsticas\u00bb. Congreso Internacional <em>XI Congreso de la Sociedad Espa\u00f1ola de Musicolog\u00eda<\/em>, \u00abMusicolog\u00eda: historias (inter)conectadas\u00bb. Elche (Alicante), 23-26 de octubre de 2024.<\/li>\n<\/ul>\n\n\n\n<p class=\"has-contrast-color has-text-color has-link-color has-heading-font-family wp-elements-607035dd1c422167752925748cdad831\"><strong>Atenea Fern\u00e1ndez Higuero<\/strong><\/p>\n\n\n\n<ul class=\"wp-block-list\">\n<li class=\"has-contrast-2-color has-text-color has-link-color has-heading-font-family has-medium-font-size wp-elements-58a124da2fe514b7c1f3db1d3aaf86f2\">FERN\u00c1NDEZ HIGUERO, Atenea. 2024. \u00abManifestaciones musicales y coreogr\u00e1ficas en las pr\u00e1cticas del Instituto de Investigaciones y Experiencias Cinematogr\u00e1ficas (Madrid, 1947-1957)\u00bb. <em>XI Congreso de la Sociedad Espa\u00f1ola de Musicolog\u00eda, Musicolog\u00eda: historias (inter)conectadas<\/em>. Elche, 23 de octubre.<\/li>\n<\/ul>\n\n\n\n<p class=\"has-text-align-center has-contrast-color has-text-color has-link-color has-heading-font-family wp-elements-b3525062df739ed091751b7380f49576\"><em><strong>Equipo de trabajo<\/strong><\/em><\/p>\n\n\n\n<p class=\"has-contrast-color has-text-color has-link-color has-heading-font-family wp-elements-0e1c889be5cbf6b094128b0a898d7e7d\"><strong>Raquel Alarc\u00f3n Saguar<\/strong><\/p>\n\n\n\n<ul class=\"wp-block-list\">\n<li class=\"has-contrast-2-color has-text-color has-link-color has-heading-font-family wp-elements-40693278a4b4de2cef8b412327496e0e\">ALARC\u00d3N SAGUAR, Raquel y SAN QUIRICO RUBIO, Alberto. 2024. \u00abGenerando sinergias. Metodolog\u00eda para el trabajo colaborativo entre los maestros de m\u00fasica y danza en una clase de T\u00e9cnicas de Danza Espa\u00f1ola\u00bb comunicaci\u00f3n integrada en el panel tem\u00e1tico \u00abEscuchar la danza y ver la m\u00fasica. Relaciones y sinergias entre dos pr\u00e1cticas art\u00edsticas\u00bb. Congreso Internacional XI Congreso de la Sociedad Espa\u00f1ola de Musicolog\u00eda, \u00abMusicolog\u00eda: historias (inter)conectadas\u00bb. Elche (Alicante), 23-26 de octubre de 2024.<\/li>\n<\/ul>\n\n\n\n<p class=\"has-contrast-color has-text-color has-link-color has-heading-font-family wp-elements-b42e7df8297caf636f6c6bbf160cd3b9\"><strong>Llori\u00e1n Garc\u00eda Fl\u00f3rez<\/strong><\/p>\n\n\n\n<ul class=\"wp-block-list\">\n<li class=\"has-contrast-2-color has-text-color has-link-color has-heading-font-family wp-elements-3a7caf3013ce97fc3edeaceeb5f7daa5\">GARC\u00cdA FL\u00d3REZ, Llori\u00e1n. 2025. \u00abLa <em>nueche en danza <\/em>como patrimonio temporalmente aut\u00f3nomo\u00bb. XI Jornadas de Patrimonio Cultural \u00abTejiendo en el rural: patrimonio vivo, artesan\u00eda y sostenibilidad\u00bb. Teberga, 27 de septiembre de 2025. <\/li>\n\n\n\n<li class=\"has-contrast-2-color has-text-color has-link-color has-heading-font-family wp-elements-390a4230d6fb00ced57249fb78e92e4b\">GARC\u00cdA FL\u00d3REZ, Llori\u00e1n. 2025. \u00abLa danza como infraestructura de lo com\u00fan\u00bb. Laboratorio \u00abLa sostenibilidad de los comunes en un mundo neoliberal\u00bb. Red de Laboratorios Ciudadanos del Programa de Extensi\u00f3n Universitaria PEU de la Universitat Jaume I. Almed\u00edjar (Castell\u00f3n), 16-18 de julio de 2025. <\/li>\n\n\n\n<li class=\"has-contrast-2-color has-text-color has-link-color has-heading-font-family wp-elements-54fffe5aa8047c85347d5383b1f28f1d\">GARC\u00cdA FL\u00d3REZ, Llori\u00e1n. 2025. \u00abProblemas con la patrimonializaci\u00f3n de la jota en Asturias: aportaciones metodol\u00f3gicas para lidiar con las ontolog\u00edas m\u00faltiples\u00bb. Simposio Internacional \u00abLas tradiciones musicales y coreogr\u00e1ficas contempor\u00e1neas: procesos y proyecciones en el marco ib\u00e9rico\u00bb. Valladolid, 25-27 de junio de 2025. <\/li>\n\n\n\n<li class=\"has-contrast-2-color has-text-color has-link-color has-heading-font-family wp-elements-f85ec6fb903c79dbeed5dea8defa462e\">GARC\u00cdA FL\u00d3REZ, Llori\u00e1n. 2025. \u00abEl baile como plantaci\u00f3n: una heur\u00edstica con la que recomponer los legados de la coreo-pol\u00edtica franquista\u00bb. I Jornadas Cient\u00edficas del Proyecto de I+D+i Ballet-Espa\u00f1ol. Oviedo, 27 y 28 de marzo de 2025. <\/li>\n\n\n\n<li class=\"has-contrast-2-color has-text-color has-link-color has-heading-font-family wp-elements-ff37d664a830c1d9774e7ca0e149a7e4\">GARC\u00cdA FL\u00d3REZ, Llori\u00e1n. 2025. \u00abEl llogru de la nueche en danza: retos pal desendolque d\u2019un asturianismu aural\u00bb. <em>Congresu Mundial de Cultura Asturiana<\/em>. Oviedo\/Uvi\u00e9u, 4-7 de febrero de 2025.<\/li>\n\n\n\n<li class=\"has-contrast-2-color has-text-color has-link-color has-heading-font-family wp-elements-b6b5887715d70c11dda5dac05e999300\">GARC\u00cdA FL\u00d3REZ, Llori\u00e1n. 2024. \u00abEscucha intransitiva: lo que insiste en el umbral de la modernidad (post)franquista y su contrato musical\u00bb. Congreso Internacional <em>\u00a1Ele, Manolo, la calle es tuya! Espacios y Discursos Sonoros en Transici\u00f3n<\/em>. Granada, 21-22 de noviembre de 2024.<\/li>\n\n\n\n<li class=\"has-contrast-2-color has-text-color has-link-color has-heading-font-family wp-elements-d2e50ae674fa671bcffbc47918db40a5\">GARC\u00cdA FL\u00d3REZ, Llori\u00e1n. 2024. \u00ab\u00bfUna vuelta de la autonom\u00eda de la m\u00fasica? Los poderes de lo audible en el movimiento de la <em>nueche en danza<\/em> en Asturias\u00bb. Congreso Internacional&nbsp;<em>XI Congreso de la Sociedad Espa\u00f1ola de Musicolog\u00eda<\/em>, \u00abMusicolog\u00eda: historias (inter)conectadas\u00bb. Elche (Alicante), 23-26 de octubre de 2024.<\/li>\n<\/ul>\n\n\n\n<p class=\"has-contrast-color has-text-color has-link-color has-heading-font-family wp-elements-d4bb1bf135ee58b4842aebf390a4f112\"><strong>Raquel L\u00f3pez Fern\u00e1ndez<\/strong><\/p>\n\n\n\n<ul class=\"wp-block-list\">\n<li class=\"has-contrast-2-color has-text-color has-link-color has-heading-font-family wp-elements-d88838551817e2b0b2e6650eb477ac82\">L\u00d3PEZ FERN\u00c1NDEZ, Raquel. \u00abAlzar los brazos viejos: danza, envejecimiento o una som\u00e1tica que rebordea la representaci\u00f3n\u00bb, Jornada \u00abExceso y descontrol corporal: pr\u00e1cticas y representaciones transgresoras de la danza\u00bb, Universidad Complutense de Madrid, 22 de octubre de 2025.<\/li>\n\n\n\n<li class=\"has-contrast-2-color has-text-color has-link-color has-heading-font-family wp-elements-f54ef0d331e4ae5d68cda009fe28a8d5\">L\u00d3PEZ FERN\u00c1NDEZ, Raquel. \u00abBetween the eye and the needle: Spanish dance and the limits of soft power during the Franco dictatorship\u00bb, Univeristy of Massachusetts, College of Humanities and Fine Arts, 28 de octubre de 2025.<\/li>\n\n\n\n<li class=\"has-contrast-2-color has-text-color has-link-color has-heading-font-family wp-elements-3065b8492882a27939d2184ab9560ff3\">L\u00d3PEZ FERN\u00c1NDEZ, Raquel. \u00a0\u00abUna gestualidad sorora: lazos afectivos, hermandades art\u00edsticas y aires flamencos entre la obra de Mar\u00eda Paz Jim\u00e9nez y Rosario Escudero\u00bb, Simposio sobre Mar\u00eda Paz Jim\u00e9nez, Museo San Telmo, San Sebasti\u00e1n, 7 de marzo de 2025.<\/li>\n\n\n\n<li class=\"has-contrast-2-color has-text-color has-link-color has-heading-font-family wp-elements-1041713f765d0471b54180d41920faa8\">L\u00d3PEZ FERN\u00c1NDEZ, Raquel. \u00abEl p\u00e1jaro de Hermes: movimientos pict\u00f3ricos y ballet en el siglo XX, un matrimonio alqu\u00edmico\u00bb, Ciclo Trascendencia y espiritualidad en el arte, organizado por el Centro de Arte la Regenta, Gran Canaria, 14 de noviembre de 2024.<\/li>\n\n\n\n<li class=\"has-contrast-2-color has-text-color has-link-color has-heading-font-family wp-elements-88d2ae7446295cf36b5e98bfb16d91db\">L\u00d3PEZ FERN\u00c1NDEZ, Raquel. \u00abEl poder de la escena: pintura para danza durante el franquismo\u00bb, Jornada de estudio <em>Tesis en Danza V<\/em>, organizada por la Comisi\u00f3n de Danza de la Sociedad Espa\u00f1ola de Musicolog\u00eda (ComDanza), 22 de octubre de 2024.<\/li>\n<\/ul>\n\n\n\n<p class=\"has-contrast-color has-text-color has-link-color has-heading-font-family wp-elements-356b803c80596b2353b0f574a995cdaa\"><strong>Aida Mari\u00f1o Ardura<\/strong><\/p>\n\n\n\n<ul class=\"wp-block-list\">\n<li class=\"has-contrast-2-color has-text-color has-link-color has-heading-font-family wp-elements-59927d37613a05648f2b17403402e65c\">MARI\u00d1O ARDURA, Aida. 2025. \u00abProblem\u00e1ticas en el estudio de los grupos de baile tradicional en Asturias: an\u00e1lisis del Registro de Asociaciones del Principado de Asturias (RAPA), su utilidad y sus limitaciones\u00bb. I Jornadas Cient\u00edficas del Proyecto de I+D+i Ballet-Espa\u00f1ol. Oviedo, 27 y 28 de marzo.<\/li>\n\n\n\n<li class=\"has-contrast-2-color has-text-color has-link-color has-heading-font-family wp-elements-88bd6a053c73ddb08f0b05b5819ea459\">MARI\u00d1O ARDURA, Aida y FERN\u00c1NDEZ VILAR, Marta. 2025. \u00abPa\u00eds de pandereta: procesos de conflicto y (de)construcci\u00f3n de un instrumento feminista\u00bb.&nbsp;<em>XVIII Congreso SIBE<\/em>, \u00abM\u00fasica y conflicto social: paradigmas, enfoques y retos de la etnomusicolog\u00eda contempor\u00e1nea\u00bb. Barcelona, 6-9 de noviembre. <\/li>\n\n\n\n<li class=\"has-contrast-2-color has-text-color has-link-color has-heading-font-family wp-elements-19e019aa62e11e6979861913dd307b8f\">MARI\u00d1O ARDURA, Aida. 2024. \u00abEl baile tradicional asturiano al servicio de las aspiraciones democr\u00e1ticas: la Cultura de la Transici\u00f3n a trav\u00e9s de los primeros grupos de investigaci\u00f3n etnogr\u00e1fica\u00bb. Congreso Internacional <em>\u00a1Ele, Manolo, la calle es tuya! Espacios y Discursos Sonoros en Transici\u00f3n<\/em>. Granada, 21 y 22 de noviembre de 2024.<\/li>\n\n\n\n<li class=\"has-contrast-2-color has-text-color has-link-color has-heading-font-family has-medium-font-size wp-elements-edd96dd8156cfcb82d09434a88ecea34\">MARI\u00d1O ARDURA, Aida. 2024. \u00abEntemeciendo la tradici\u00f3n y la diversid\u00e1: Taller de Baille tradicuir asturianu\u00bb, taller de baile. Congreso Internacional <em>IV Congreso Internacional de Estudios Interdisciplinares LGTBIAQ+ en espa\u00f1ol \u201cMaricorners\u201d<\/em>. Valladolid, 2-4 de octubre de 2024.<\/li>\n<\/ul>\n\n\n\n<p class=\"has-contrast-color has-text-color has-link-color has-heading-font-family wp-elements-e13e8d807f213baf7a288708f1b72864\"><strong>Guadalupe Mera Felipe<\/strong><\/p>\n\n\n\n<ul class=\"wp-block-list\">\n<li class=\"has-contrast-2-color has-text-color has-link-color has-heading-font-family wp-elements-0265adbe36d792209ce4b759588168d6\">MERA FELIPE, Guadalupe. 2024. \u00abComisi\u00f3n de trabajo \u201cDanza\u201d\u00bb. Congreso Internacional&nbsp;<em>XI Congreso de la Sociedad Espa\u00f1ola de Musicolog\u00eda<\/em>, \u00abMusicolog\u00eda: historias (inter)conectadas\u00bb. Elche (Alicante), 23-26 de octubre de 2024.<\/li>\n<\/ul>\n\n\n\n<p class=\"has-contrast-color has-text-color has-link-color has-heading-font-family wp-elements-c6514b30ed429baf8caba9aaa31f2254\"><strong>Margarita Tortajada Quiroz<\/strong><\/p>\n\n\n\n<ul class=\"wp-block-list\">\n<li class=\"has-contrast-2-color has-text-color has-link-color has-heading-font-family wp-elements-2e8c5e7937b0477096c89baee90ccb3e\">TORTAJADA QUIROZ, Margarita. 2025. \u00abLa est\u00e9tica y la risa en Propuesta\u00bb, comunicaci\u00f3n integrada en el panel tem\u00e1tico \u00abPropuestas cr\u00edticas con humor e investigaci\u00f3n en la danza folkl\u00f3rica\u00bb. II Coloquio de Danza Folk-tempor\u00e1nea y Neofolkl\u00f3rica. Ciudad de M\u00e9xico, 8-9 de marzo de 2025.<\/li>\n\n\n\n<li><mark style=\"background-color:rgba(0, 0, 0, 0)\" class=\"has-inline-color has-contrast-2-color\">TORTAJADA QUIROZ, Margarita. 2025. \u00abM\u00e9xico y Espa\u00f1a en 1968, dos realidades de la danza y la protesta\u00bb, comunicaci\u00f3n virtual integrada en el panel tem\u00e1tico \u00abSesi\u00f3n I Danza Espa\u00f1ola en Am\u00e9rica\u00bb. I Jornadas Cient\u00edficas del Proyecto del I+D+Ballet Espa\u00f1ol. Universidad de Oviedo (Espa\u00f1a). 27-28 de marzo de 2025. Como integrante del proyecto de investigaci\u00f3n \u201cEn busca del ballet espa\u00f1ol (1952-1982): dimensiones pol\u00edticas y art\u00edstica, identidades nacionales y de g\u00e9nero, funciones diplom\u00e1ticas y recepci\u00f3n en Espa\u00f1a y Am\u00e9rica\u201d. Apoyo del Plan Estatal de Investigaci\u00f3n, Cient\u00edfica, T\u00e9cnica y de Innovaci\u00f3n. Espa\u00f1a.<\/mark><\/li>\n\n\n\n<li><mark style=\"background-color:rgba(0, 0, 0, 0)\" class=\"has-inline-color has-contrast-2-color\">TORTAJADA QUIROZ, Margarita. 2025. \u00abMovimiento y signo: la coreograf\u00eda como creaci\u00f3n y transcripci\u00f3n\u00bb, conferencia magistral. C\u00e1tedra Patrimonial de Danza Margarita Tortajada Quiroz 2025. La notaci\u00f3n y el an\u00e1lisis de movimiento: vicisitudes, aplicaciones y posibilidades. Instituto de Artes de la Universidad Aut\u00f3noma del Estado de Hidalgo. Mineral del Monte, Hidalgo (M\u00e9xico), 21-22 de mayo de 2025.<\/mark><\/li>\n\n\n\n<li><mark style=\"background-color:rgba(0, 0, 0, 0)\" class=\"has-inline-color has-contrast-2-color\">TORTAJADA QUIROZ, Margarita. 2025. \u00abOn Snakes and Governments: Dance and Diplomacy\u00bb, comunicaci\u00f3n integrada en el panel tem\u00e1tico inaugural \u00abMexican Dance across Borders\u00bb. Congress Dance Studies Association 2025. Indeterminate States: Bodies, Fields, Praxis. Mexican Cultural Institute, Washington, D.C. (EUA), 25-29 de junio de 2025.<\/mark><\/li>\n\n\n\n<li><mark style=\"background-color:rgba(0, 0, 0, 0)\" class=\"has-inline-color has-contrast-2-color\">TORTAJADA QUIROZ, Margarita. 2025. \u00abDance without Papers. Bodies stranded in Mexico\u00bb, comunicaci\u00f3n integrada en el panel tem\u00e1tico \u00abMigration, Belonging, and Displacement\u00bb. Congress Dance Studies Association 2025. Indeterminate States: Bodies, Fields, Praxis. Corcoran School of Arts and Design. George Washington University. Washington, D.C. (EUA), 25-29 de junio de 2025.<\/mark><\/li>\n\n\n\n<li><mark style=\"background-color:rgba(0, 0, 0, 0)\" class=\"has-inline-color has-contrast-2-color\">TORTAJADA QUIROZ, Margarita. 2025. \u00abMujeres ind\u00edgenas en la danza esc\u00e9nica. Ancestralidades y resistencias\u00bb, conferencia magistral inaugural. Congreso Nacional de Investigadores en Danza. Comienzo, medio y comienzo. Ancestralidades y cosmotecnolog\u00edas. A Negro Bispo. Escuela de Bellas Artes de la Universidad Federal de Mina Gerais, Belo Horizonte, Minas Gerais (Brasil), 8-12 de jujio de 2025.<\/mark><\/li>\n\n\n\n<li class=\"has-contrast-2-color has-text-color has-link-color has-heading-font-family wp-elements-e60a5f34c99ff5e75ba8138417772381\">TORTAJADA QUIROZ, Margarita. 2025. \u00abRetos de la investigaci\u00f3n danc\u00edstica en M\u00e9xico\u00bb, comunicaci\u00f3n integrada al panel virtual tem\u00e1tico \u00abEstado y proyecciones de las investigaciones acad\u00e9micas de las danzas latinoamericanas: cruces y perspectivas de nuestros territorios\u00bb. Congreso Nacional de Investigadores en Danza. Comienzo, medio y comienzo. VII Edici\u00f3n de Di\u00e1logos en el Instituto de Investigaci\u00f3n Gino Germani (IIGG). Buenos Aires (Argentina), 4 de septiembre de 2025.TORTAJADA QUIROZ, Margarita. 2025. \u00abAlicia Monta\u00f1o, lucha desde la danza y la pol\u00edtica\u00bb, comunicaci\u00f3n integrada en el panel tem\u00e1tico \u00abSeminario internacional de estudios de g\u00e9nero en el arte\u00bb. <em>XXXI Encuentro Internacional-XXVII Iberoamericano de Mujeres en el Arte<\/em>, \u00abPol\u00edticas culturales: acciones y reacciones, di\u00e1logos y luchas\u00bb. Ciudad de M\u00e9xico, 2-9 de marzo de 2025. <\/li>\n\n\n\n<li class=\"has-contrast-2-color has-text-color has-link-color has-heading-font-family wp-elements-8d0fb6f035e8d16298967dd7130cb0d5\">TORTAJADA QUIROZ, Margarita. 2024. \u00abLa Expresi\u00f3n Corporal y la creatividad: la experiencia docente de Cecilia Kamen\u00bb, comunicaci\u00f3n integrada en el panel tem\u00e1tico \u00abSeminario internacional de estudios de g\u00e9nero en el arte\u00bb. <em>XXX Encuentro Internacional-XXVI Iberoamericano de Mujeres en el Arte<\/em>, \u00abAlzando nuestras voces mujeres en el arte y las ciencias frente a la globalizaci\u00f3n, al holocausto clim\u00e1tico y la vulneraci\u00f3n de los derechos humanos\u00bb. Ciudad de M\u00e9xico, 27 de noviembre de 2024.<\/li>\n\n\n\n<li class=\"has-contrast-2-color has-text-color has-link-color has-heading-font-family wp-elements-60e830ce849a39ac4ea1b3f5f575807f\">TORTAJADA QUIROZ, Margarita. 2024. \u00abDanza, palabra y resonancias. Escritos de danza esc\u00e9nica de los siglos XIX y XX\u00bb, comunicaci\u00f3n integrada en el panel tem\u00e1tico \u00abLa danza en viajeros y cronistas\u00bb. <em>III Encuentro Internacional de Danzas del Pasado<\/em>, \u00abDanzas y graf\u00edas\u00bb. Ciudad de M\u00e9xico, 16-18 de octubre de 2024<\/li>\n\n\n\n<li class=\"has-contrast-2-color has-text-color has-link-color has-heading-font-family wp-elements-22f1fcdf46ffdee726ead7ecbd48e1a3\">TORTAJADA QUIROZ, Margarita. 2024. Moderadora del panel tem\u00e1tico \u00abLa escena danc\u00edstica en la actualidad\u00bb. <em>Coloquio Internacional #Pensar la escena<\/em>. M\u00e9rida (Yucat\u00e1n), 9-13 de octubre de 2024.<\/li>\n\n\n\n<li class=\"has-contrast-2-color has-text-color has-link-color has-heading-font-family wp-elements-8ff5e67ba834ac6216d9208d3ccaa677\">TORTAJADA QUIROZ, Margarita. 2024. \u00abFestivales de danza en M\u00e9xico: un esfuerzo sostenido\u00bb, comunicaci\u00f3n integrada en el panel tem\u00e1tico \u00abRed de festivales en Latinoam\u00e9rica\u00bb. <em>Festival Internacional de Danza del Estado de M\u00e9xico<\/em>. Toluca (Estado de M\u00e9xico), 4-6 de octubre de 2024.<\/li>\n\n\n\n<li class=\"has-contrast-2-color has-text-color has-link-color has-heading-font-family wp-elements-234b2712b6cc5fa1d32f5953c7a1574b\">TORTAJADA QUIROZ, Margarita. 2024. \u00abProvincializing Dance Studies:el caso de M\u00e9xico\u00bb, comunicaci\u00f3n integrada en el panel tem\u00e1tico \u00abProvincializing Dance Studies\u00bb, e \u00abInvestigar danza en M\u00e9xico\u00bb, comunicaci\u00f3n integrada en el panel tem\u00e1tico \u00abInvestigar danza en Am\u00e9rica Latina\u00bb. Congreso internacional <em>Congreso Cartograf\u00edas del Movimiento de Dance Studies Association 2024<\/em>. Buenos Aires (Argentina), 23-27 de julio de 2024.<\/li>\n<\/ul>\n","protected":false},"excerpt":{"rendered":"<p>Ponencias y comunicaciones presentadas en congresos (desde 1 de septiembre de 2024) Equipo de investigaci\u00f3n Beatriz Mart\u00ednez del Fresno Atenea Fern\u00e1ndez Higuero Equipo de trabajo Raquel Alarc\u00f3n Saguar Llori\u00e1n Garc\u00eda Fl\u00f3rez Raquel L\u00f3pez Fern\u00e1ndez Aida Mari\u00f1o Ardura Guadalupe Mera Felipe Margarita Tortajada Quiroz<\/p>\n","protected":false},"author":1,"featured_media":0,"parent":0,"menu_order":0,"comment_status":"closed","ping_status":"closed","template":"","meta":{"footnotes":""},"class_list":["post-382","page","type-page","status-publish","hentry"],"_links":{"self":[{"href":"https:\/\/www.unioviedo.es\/ballet-esp\/index.php\/wp-json\/wp\/v2\/pages\/382","targetHints":{"allow":["GET"]}}],"collection":[{"href":"https:\/\/www.unioviedo.es\/ballet-esp\/index.php\/wp-json\/wp\/v2\/pages"}],"about":[{"href":"https:\/\/www.unioviedo.es\/ballet-esp\/index.php\/wp-json\/wp\/v2\/types\/page"}],"author":[{"embeddable":true,"href":"https:\/\/www.unioviedo.es\/ballet-esp\/index.php\/wp-json\/wp\/v2\/users\/1"}],"replies":[{"embeddable":true,"href":"https:\/\/www.unioviedo.es\/ballet-esp\/index.php\/wp-json\/wp\/v2\/comments?post=382"}],"version-history":[{"count":22,"href":"https:\/\/www.unioviedo.es\/ballet-esp\/index.php\/wp-json\/wp\/v2\/pages\/382\/revisions"}],"predecessor-version":[{"id":730,"href":"https:\/\/www.unioviedo.es\/ballet-esp\/index.php\/wp-json\/wp\/v2\/pages\/382\/revisions\/730"}],"wp:attachment":[{"href":"https:\/\/www.unioviedo.es\/ballet-esp\/index.php\/wp-json\/wp\/v2\/media?parent=382"}],"curies":[{"name":"wp","href":"https:\/\/api.w.org\/{rel}","templated":true}]}}