{"id":424,"date":"2025-02-24T17:22:11","date_gmt":"2025-02-24T16:22:11","guid":{"rendered":"https:\/\/www.unioviedo.es\/ballet-esp\/?page_id=424"},"modified":"2025-03-01T08:47:24","modified_gmt":"2025-03-01T07:47:24","slug":"atenea-fernandez-higuero-2","status":"publish","type":"page","link":"https:\/\/www.unioviedo.es\/ballet-esp\/index.php\/equipo\/atenea-fernandez-higuero-2\/","title":{"rendered":"Atenea Fern\u00e1ndez Higuero"},"content":{"rendered":"\n<div class=\"wp-block-group alignfull has-accent-background-color has-background has-global-padding is-layout-constrained wp-container-core-group-is-layout-669513ed wp-block-group-is-layout-constrained\" style=\"margin-top:0;margin-bottom:0;padding-top:var(--wp--preset--spacing--50);padding-right:var(--wp--preset--spacing--50);padding-bottom:var(--wp--preset--spacing--50);padding-left:var(--wp--preset--spacing--50)\">\n<div class=\"wp-block-columns alignwide is-layout-flex wp-container-core-columns-is-layout-1da03c2a wp-block-columns-is-layout-flex\">\n<div class=\"wp-block-column is-vertically-aligned-stretch is-layout-flow wp-block-column-is-layout-flow\" style=\"flex-basis:50%\">\n<div class=\"wp-block-group is-vertical is-content-justification-stretch is-layout-flex wp-container-core-group-is-layout-444d5ee8 wp-block-group-is-layout-flex\" style=\"min-height:100%\">\n<div class=\"wp-block-group has-global-padding is-layout-constrained wp-block-group-is-layout-constrained\">\n<div class=\"wp-block-group has-global-padding is-layout-constrained wp-block-group-is-layout-constrained\">\n<p class=\"has-contrast-color has-text-color has-link-color has-heading-font-family has-small-font-size wp-elements-2386f99e9bed6641e4fd8c5c3466a294\" style=\"line-height:1.2\"><strong>Atenea Fern\u00e1ndez Higuero<\/strong><\/p>\n\n\n\n<figure class=\"wp-block-image is-resized\"><img loading=\"lazy\" decoding=\"async\" width=\"318\" height=\"242\" src=\"https:\/\/www.unioviedo.es\/ballet-esp\/wp-content\/uploads\/2025\/02\/Captura-de-pantalla-2025-02-19-a-las-9.11.00.png\" alt=\"\" class=\"wp-image-208\" style=\"width:26px;height:auto\" srcset=\"https:\/\/www.unioviedo.es\/ballet-esp\/wp-content\/uploads\/2025\/02\/Captura-de-pantalla-2025-02-19-a-las-9.11.00.png 318w, https:\/\/www.unioviedo.es\/ballet-esp\/wp-content\/uploads\/2025\/02\/Captura-de-pantalla-2025-02-19-a-las-9.11.00-300x228.png 300w\" sizes=\"auto, (max-width: 318px) 100vw, 318px\" \/><figcaption class=\"wp-element-caption\">atenea.fernandezhiguero@unir.net<\/figcaption><\/figure>\n<\/div>\n\n\n\n<p class=\"has-contrast-color has-text-color has-link-color has-heading-font-family has-medium-font-size wp-elements-261c65035254161641fe468514af395c\" style=\"line-height:1.4\">Doctora en Historia y Ciencias de la M\u00fasica por la Universidad de Oviedo, donde desarroll\u00f3 la tesis doctoral <em>M\u00fasica y pol\u00edtica en Madrid, de la Guerra Civil a la Posguerra (1936-1945): propaganda, instituciones, represi\u00f3n y actitudes individuales<\/em>, bajo la direcci\u00f3n de Beatriz Mart\u00ednez del Fresno. Para su realizaci\u00f3n obtuvo la ayuda predoctoral \u201cSevero Ochoa\u201d (BP12140) de la Fundaci\u00f3n para el fomento en Asturias de la Investigaci\u00f3n Cient\u00edfica aplicada y Tecnolog\u00eda (FICYT) del Principado de Asturias. Asimismo ha realizado estancias de investigaci\u00f3n en L\u00b4Institut de Recherche en Musicologie (Par\u00eds) y en la Universidad de Groningen (Pa\u00edses Bajos). En la actualidad es docente en el Grado de Historia del Arte y los m\u00e1steres en Musicolog\u00eda, Investigaci\u00f3n Musical y Pedagog\u00eda Musical de la Universidad Internacional de La Rioja. Sus investigaciones ahondan en los procesos de censura y represi\u00f3n, actitudes pol\u00edticas y la danza a trav\u00e9s del cine durante la Guerra Civil y el franquismo.<\/p>\n<\/div>\n<\/div>\n<\/div>\n\n\n\n<div class=\"wp-block-column is-vertically-aligned-center is-layout-flow wp-block-column-is-layout-flow\" style=\"flex-basis:50%\">\n<figure class=\"wp-block-image aligncenter size-full is-resized is-style-rounded is-style-rounded--1\"><img loading=\"lazy\" decoding=\"async\" width=\"569\" height=\"800\" src=\"https:\/\/www.unioviedo.es\/ballet-esp\/wp-content\/uploads\/2025\/02\/atenea-fernandez-higuero.jpg\" alt=\"\" class=\"wp-image-420\" style=\"aspect-ratio:0.75;object-fit:cover;width:300px\" srcset=\"https:\/\/www.unioviedo.es\/ballet-esp\/wp-content\/uploads\/2025\/02\/atenea-fernandez-higuero.jpg 569w, https:\/\/www.unioviedo.es\/ballet-esp\/wp-content\/uploads\/2025\/02\/atenea-fernandez-higuero-213x300.jpg 213w\" sizes=\"auto, (max-width: 569px) 100vw, 569px\" \/><\/figure>\n<\/div>\n<\/div>\n<\/div>\n","protected":false},"excerpt":{"rendered":"<p>Atenea Fern\u00e1ndez Higuero Doctora en Historia y Ciencias de la M\u00fasica por la Universidad de Oviedo, donde desarroll\u00f3 la tesis doctoral M\u00fasica y pol\u00edtica en Madrid, de la Guerra Civil a la Posguerra (1936-1945): propaganda, instituciones, represi\u00f3n y actitudes individuales, bajo la direcci\u00f3n de Beatriz Mart\u00ednez del Fresno. Para su realizaci\u00f3n obtuvo la ayuda predoctoral [&hellip;]<\/p>\n","protected":false},"author":1,"featured_media":0,"parent":2,"menu_order":0,"comment_status":"closed","ping_status":"closed","template":"","meta":{"footnotes":""},"class_list":["post-424","page","type-page","status-publish","hentry"],"_links":{"self":[{"href":"https:\/\/www.unioviedo.es\/ballet-esp\/index.php\/wp-json\/wp\/v2\/pages\/424","targetHints":{"allow":["GET"]}}],"collection":[{"href":"https:\/\/www.unioviedo.es\/ballet-esp\/index.php\/wp-json\/wp\/v2\/pages"}],"about":[{"href":"https:\/\/www.unioviedo.es\/ballet-esp\/index.php\/wp-json\/wp\/v2\/types\/page"}],"author":[{"embeddable":true,"href":"https:\/\/www.unioviedo.es\/ballet-esp\/index.php\/wp-json\/wp\/v2\/users\/1"}],"replies":[{"embeddable":true,"href":"https:\/\/www.unioviedo.es\/ballet-esp\/index.php\/wp-json\/wp\/v2\/comments?post=424"}],"version-history":[{"count":5,"href":"https:\/\/www.unioviedo.es\/ballet-esp\/index.php\/wp-json\/wp\/v2\/pages\/424\/revisions"}],"predecessor-version":[{"id":517,"href":"https:\/\/www.unioviedo.es\/ballet-esp\/index.php\/wp-json\/wp\/v2\/pages\/424\/revisions\/517"}],"up":[{"embeddable":true,"href":"https:\/\/www.unioviedo.es\/ballet-esp\/index.php\/wp-json\/wp\/v2\/pages\/2"}],"wp:attachment":[{"href":"https:\/\/www.unioviedo.es\/ballet-esp\/index.php\/wp-json\/wp\/v2\/media?parent=424"}],"curies":[{"name":"wp","href":"https:\/\/api.w.org\/{rel}","templated":true}]}}