{"id":452,"date":"2025-02-26T09:41:56","date_gmt":"2025-02-26T08:41:56","guid":{"rendered":"https:\/\/www.unioviedo.es\/ballet-esp\/?page_id=452"},"modified":"2025-03-01T08:47:52","modified_gmt":"2025-03-01T07:47:52","slug":"elena-garcia-alvarez","status":"publish","type":"page","link":"https:\/\/www.unioviedo.es\/ballet-esp\/index.php\/equipo\/elena-garcia-alvarez\/","title":{"rendered":"Elena Garc\u00eda \u00c1lvarez"},"content":{"rendered":"\n<div class=\"wp-block-group alignfull has-accent-background-color has-background has-global-padding is-layout-constrained wp-container-core-group-is-layout-669513ed wp-block-group-is-layout-constrained\" style=\"margin-top:0;margin-bottom:0;padding-top:var(--wp--preset--spacing--50);padding-right:var(--wp--preset--spacing--50);padding-bottom:var(--wp--preset--spacing--50);padding-left:var(--wp--preset--spacing--50)\">\n<div class=\"wp-block-columns alignwide is-layout-flex wp-container-core-columns-is-layout-1da03c2a wp-block-columns-is-layout-flex\">\n<div class=\"wp-block-column is-vertically-aligned-stretch is-layout-flow wp-block-column-is-layout-flow\" style=\"flex-basis:50%\">\n<div class=\"wp-block-group is-vertical is-content-justification-stretch is-layout-flex wp-container-core-group-is-layout-444d5ee8 wp-block-group-is-layout-flex\" style=\"min-height:100%\">\n<div class=\"wp-block-group has-global-padding is-layout-constrained wp-block-group-is-layout-constrained\">\n<p class=\"has-contrast-color has-text-color has-link-color has-heading-font-family has-medium-font-size wp-elements-cc2c00bd9370913952ffaf9e8e5aa482\" style=\"line-height:1.2\"><strong>Elena Garc\u00eda \u00c1lvarez<\/strong><\/p>\n\n\n\n<figure class=\"wp-block-image is-resized\"><img loading=\"lazy\" decoding=\"async\" width=\"318\" height=\"242\" src=\"https:\/\/www.unioviedo.es\/ballet-esp\/wp-content\/uploads\/2025\/02\/Captura-de-pantalla-2025-02-19-a-las-9.11.00.png\" alt=\"\" class=\"wp-image-208\" style=\"width:26px;height:auto\" srcset=\"https:\/\/www.unioviedo.es\/ballet-esp\/wp-content\/uploads\/2025\/02\/Captura-de-pantalla-2025-02-19-a-las-9.11.00.png 318w, https:\/\/www.unioviedo.es\/ballet-esp\/wp-content\/uploads\/2025\/02\/Captura-de-pantalla-2025-02-19-a-las-9.11.00-300x228.png 300w\" sizes=\"auto, (max-width: 318px) 100vw, 318px\" \/><figcaption class=\"wp-element-caption\">UO43187@uniovi.es<\/figcaption><\/figure>\n<\/div>\n\n\n\n<p class=\"has-contrast-color has-text-color has-link-color has-heading-font-family has-medium-font-size wp-elements-0bed09f5e77a85e3dc3ef4de915d4d4d\" style=\"line-height:1.3\">Inici\u00f3 sus estudios de Piano en su localidad natal, Pola de Lena, con Gabino Antu\u00f1a Fern\u00e1ndez, y los finaliz\u00f3 en el Conservatorio de Oviedo bajo la tutela de Amador Fern\u00e1ndez Iglesias. Adem\u00e1s, obtuvo titulaciones en Flauta Travesera, Solfeo y Teor\u00eda de la M\u00fasica, y Pedagog\u00eda. En la Universidad de Oviedo, curs\u00f3 Magisterio en la especialidad de Educaci\u00f3n Musical. Es docente en el Conservatorio Superior Eduardo Mart\u00ednez Torner de Oviedo, donde imparte Fundamentos de Composici\u00f3n e Improvisaci\u00f3n. Cuenta con un M\u00e1ster en Pedagog\u00eda para M\u00fasicos por la ESMUC y un M\u00e1ster en Patrimonio Musical por la Universidad de Oviedo. Su Trabajo Fin de M\u00e1ster, <em>Los Festivales de Espa\u00f1a en Asturias (1954-1963)<\/em>, dirigido por Beatriz Mart\u00ednez del Fresno, constituye la base de su actual investigaci\u00f3n doctoral sobre los Festivales de Espa\u00f1a en Asturias (1954-1976). Ha presentado comunicaciones en las Jornadas Cient\u00edficas del Proyecto de I+D+i <em>M\u00fasica y danza en los procesos socioculturales, identitarios y pol\u00edticos del segundo franquismo y la transici\u00f3n (1959-1978)<\/em>, entre ellas: \u201cFestivales de Espa\u00f1a en Salinas (Asturias), 1961-1962\u201d (Oviedo, 2021) y \u201cCultura oficial y cultura <em>silenciada<\/em> en la cuenca minera asturiana. Mieres, 1964-1976\u201d (Granada, 2022). <\/p>\n<\/div>\n<\/div>\n\n\n\n<div class=\"wp-block-column is-vertically-aligned-center is-layout-flow wp-block-column-is-layout-flow\" style=\"flex-basis:50%\">\n<figure class=\"wp-block-image aligncenter size-large is-resized is-style-rounded is-style-rounded--1\"><img loading=\"lazy\" decoding=\"async\" width=\"768\" height=\"1024\" src=\"https:\/\/www.unioviedo.es\/ballet-esp\/wp-content\/uploads\/2025\/02\/IMG-20250225-WA0024-768x1024.jpg\" alt=\"\" class=\"wp-image-448\" style=\"width:300px\" srcset=\"https:\/\/www.unioviedo.es\/ballet-esp\/wp-content\/uploads\/2025\/02\/IMG-20250225-WA0024-768x1024.jpg 768w, https:\/\/www.unioviedo.es\/ballet-esp\/wp-content\/uploads\/2025\/02\/IMG-20250225-WA0024-225x300.jpg 225w, https:\/\/www.unioviedo.es\/ballet-esp\/wp-content\/uploads\/2025\/02\/IMG-20250225-WA0024-1152x1536.jpg 1152w, https:\/\/www.unioviedo.es\/ballet-esp\/wp-content\/uploads\/2025\/02\/IMG-20250225-WA0024.jpg 1536w\" sizes=\"auto, (max-width: 768px) 100vw, 768px\" \/><\/figure>\n<\/div>\n<\/div>\n<\/div>\n","protected":false},"excerpt":{"rendered":"<p>Elena Garc\u00eda \u00c1lvarez Inici\u00f3 sus estudios de Piano en su localidad natal, Pola de Lena, con Gabino Antu\u00f1a Fern\u00e1ndez, y los finaliz\u00f3 en el Conservatorio de Oviedo bajo la tutela de Amador Fern\u00e1ndez Iglesias. Adem\u00e1s, obtuvo titulaciones en Flauta Travesera, Solfeo y Teor\u00eda de la M\u00fasica, y Pedagog\u00eda. En la Universidad de Oviedo, curs\u00f3 Magisterio [&hellip;]<\/p>\n","protected":false},"author":1,"featured_media":0,"parent":2,"menu_order":0,"comment_status":"closed","ping_status":"closed","template":"","meta":{"footnotes":""},"class_list":["post-452","page","type-page","status-publish","hentry"],"_links":{"self":[{"href":"https:\/\/www.unioviedo.es\/ballet-esp\/index.php\/wp-json\/wp\/v2\/pages\/452","targetHints":{"allow":["GET"]}}],"collection":[{"href":"https:\/\/www.unioviedo.es\/ballet-esp\/index.php\/wp-json\/wp\/v2\/pages"}],"about":[{"href":"https:\/\/www.unioviedo.es\/ballet-esp\/index.php\/wp-json\/wp\/v2\/types\/page"}],"author":[{"embeddable":true,"href":"https:\/\/www.unioviedo.es\/ballet-esp\/index.php\/wp-json\/wp\/v2\/users\/1"}],"replies":[{"embeddable":true,"href":"https:\/\/www.unioviedo.es\/ballet-esp\/index.php\/wp-json\/wp\/v2\/comments?post=452"}],"version-history":[{"count":2,"href":"https:\/\/www.unioviedo.es\/ballet-esp\/index.php\/wp-json\/wp\/v2\/pages\/452\/revisions"}],"predecessor-version":[{"id":519,"href":"https:\/\/www.unioviedo.es\/ballet-esp\/index.php\/wp-json\/wp\/v2\/pages\/452\/revisions\/519"}],"up":[{"embeddable":true,"href":"https:\/\/www.unioviedo.es\/ballet-esp\/index.php\/wp-json\/wp\/v2\/pages\/2"}],"wp:attachment":[{"href":"https:\/\/www.unioviedo.es\/ballet-esp\/index.php\/wp-json\/wp\/v2\/media?parent=452"}],"curies":[{"name":"wp","href":"https:\/\/api.w.org\/{rel}","templated":true}]}}