{"id":455,"date":"2025-02-26T09:45:11","date_gmt":"2025-02-26T08:45:11","guid":{"rendered":"https:\/\/www.unioviedo.es\/ballet-esp\/?page_id=455"},"modified":"2025-03-24T08:58:00","modified_gmt":"2025-03-24T07:58:00","slug":"publicaciones-mariana-signorelli","status":"publish","type":"page","link":"https:\/\/www.unioviedo.es\/ballet-esp\/index.php\/publicaciones\/publicaciones-mariana-signorelli\/","title":{"rendered":""},"content":{"rendered":"\n<p class=\"has-heading-font-family\"><strong>MARIANA SIGNORELLI<\/strong><\/p>\n\n\n\n<ul class=\"wp-block-list\">\n<li class=\"has-contrast-2-color has-text-color has-link-color has-heading-font-family wp-elements-b6300b57b95a924e04abdfb3616b3732\">LOBATO, Silvia y SIGNORELLI, Mariana. 2023. <a href=\"https:\/\/bibliotecavirtual.unl.edu.ar\/publicaciones\/index.php\/ISM\/article\/view\/13351\/18695\">\u201cIm\u00e1genes que suenan. Representaci\u00f3n y g\u00e9nero en pr\u00e1cticas musicales y perform\u00e1ticas\u201d<\/a>. <em>Revista del Instituto Superior de M\u00fasica<\/em>, Universidad del Litoral, 23, e0046.<\/li>\n\n\n\n<li class=\"has-contrast-2-color has-text-color has-link-color has-heading-font-family wp-elements-9d6adc2a2ff16bd2da4f688e1f59fc11\">SIGNORELLI, Mariana. 2022<strong>. <\/strong><a href=\"https:\/\/inmcv.cultura.gob.ar\/media\/uploads\/site-32\/multimedia\/Musica%20e%20Investigacion\/mei_30_2022\/mei_30_2022_07_143-185_signorelli.pdf\">\u201cLos <em>ballets<\/em> con m\u00fasicas de compositoras argentinas entre 1943-1964: Ana Serrano Redonnet, Mar\u00eda Lucrecia Madariaga, Silvia Eisenstein y Elsa Calcagno<\/a><a href=\"https:\/\/inmcv.cultura.gob.ar\/media\/uploads\/site-32\/multimediaMusica%20e%20Investigacion\/mei_30_2022\/mei_30_2022_07_143-185_signorelli.pdf\">\u201d<\/a>. <em>Revista<\/em> <em>M\u00fasica e Investigaci\u00f3n<\/em>, 30, 143-185.<\/li>\n\n\n\n<li class=\"has-contrast-2-color has-text-color has-link-color has-heading-font-family wp-elements-b21fc1e885e6a1001af8539cd1ac5197\">SIGNORELLI, Mariana. 2022. <a href=\"http:\/\/revistas.filo.uba.ar\/index.php\/artesenfilo\/article\/viewFile\/3999\/2690\">\u201cRese\u00f1a sobre el libro Danzar el modernismo\/actuar la pol\u00edtica de Mark Franko\u201d<\/a>. <em>Revista Artes en Filo, <\/em>Facultad de Filosof\u00eda y Letras, 3, 100-103.<\/li>\n<\/ul>\n\n\n\n<p><\/p>\n","protected":false},"excerpt":{"rendered":"<p>MARIANA SIGNORELLI<\/p>\n","protected":false},"author":1,"featured_media":256,"parent":218,"menu_order":0,"comment_status":"closed","ping_status":"closed","template":"","meta":{"footnotes":""},"class_list":["post-455","page","type-page","status-publish","has-post-thumbnail","hentry"],"_links":{"self":[{"href":"https:\/\/www.unioviedo.es\/ballet-esp\/index.php\/wp-json\/wp\/v2\/pages\/455","targetHints":{"allow":["GET"]}}],"collection":[{"href":"https:\/\/www.unioviedo.es\/ballet-esp\/index.php\/wp-json\/wp\/v2\/pages"}],"about":[{"href":"https:\/\/www.unioviedo.es\/ballet-esp\/index.php\/wp-json\/wp\/v2\/types\/page"}],"author":[{"embeddable":true,"href":"https:\/\/www.unioviedo.es\/ballet-esp\/index.php\/wp-json\/wp\/v2\/users\/1"}],"replies":[{"embeddable":true,"href":"https:\/\/www.unioviedo.es\/ballet-esp\/index.php\/wp-json\/wp\/v2\/comments?post=455"}],"version-history":[{"count":5,"href":"https:\/\/www.unioviedo.es\/ballet-esp\/index.php\/wp-json\/wp\/v2\/pages\/455\/revisions"}],"predecessor-version":[{"id":655,"href":"https:\/\/www.unioviedo.es\/ballet-esp\/index.php\/wp-json\/wp\/v2\/pages\/455\/revisions\/655"}],"up":[{"embeddable":true,"href":"https:\/\/www.unioviedo.es\/ballet-esp\/index.php\/wp-json\/wp\/v2\/pages\/218"}],"wp:featuredmedia":[{"embeddable":true,"href":"https:\/\/www.unioviedo.es\/ballet-esp\/index.php\/wp-json\/wp\/v2\/media\/256"}],"wp:attachment":[{"href":"https:\/\/www.unioviedo.es\/ballet-esp\/index.php\/wp-json\/wp\/v2\/media?parent=455"}],"curies":[{"name":"wp","href":"https:\/\/api.w.org\/{rel}","templated":true}]}}