{"id":461,"date":"2025-02-26T09:52:18","date_gmt":"2025-02-26T08:52:18","guid":{"rendered":"https:\/\/www.unioviedo.es\/ballet-esp\/?page_id=461"},"modified":"2025-03-01T08:47:10","modified_gmt":"2025-03-01T07:47:10","slug":"ariadna-yanez-diez","status":"publish","type":"page","link":"https:\/\/www.unioviedo.es\/ballet-esp\/index.php\/equipo\/ariadna-yanez-diez\/","title":{"rendered":"Ariadna Xochitl Y\u00e1\u00f1ez D\u00edez"},"content":{"rendered":"\n<div class=\"wp-block-group alignfull has-accent-background-color has-background has-global-padding is-layout-constrained wp-container-core-group-is-layout-669513ed wp-block-group-is-layout-constrained\" style=\"margin-top:0;margin-bottom:0;padding-top:var(--wp--preset--spacing--50);padding-right:var(--wp--preset--spacing--50);padding-bottom:var(--wp--preset--spacing--50);padding-left:var(--wp--preset--spacing--50)\">\n<div class=\"wp-block-columns alignwide is-layout-flex wp-container-core-columns-is-layout-1da03c2a wp-block-columns-is-layout-flex\">\n<div class=\"wp-block-column is-vertically-aligned-stretch is-layout-flow wp-block-column-is-layout-flow\" style=\"flex-basis:50%\">\n<div class=\"wp-block-group is-vertical is-content-justification-stretch is-layout-flex wp-container-core-group-is-layout-444d5ee8 wp-block-group-is-layout-flex\" style=\"min-height:100%\">\n<div class=\"wp-block-group has-global-padding is-layout-constrained wp-block-group-is-layout-constrained\">\n<div class=\"wp-block-group has-global-padding is-layout-constrained wp-block-group-is-layout-constrained\">\n<p class=\"has-contrast-color has-text-color has-link-color has-heading-font-family has-medium-font-size wp-elements-8ab44763abd7e539ff2637e7cb9a398b\" style=\"line-height:1.2\">Ariadna Xochilt Y\u00e1\u00f1ez D\u00edez<\/p>\n\n\n\n<figure class=\"wp-block-image is-resized\"><img loading=\"lazy\" decoding=\"async\" width=\"318\" height=\"242\" src=\"https:\/\/www.unioviedo.es\/ballet-esp\/wp-content\/uploads\/2025\/02\/Captura-de-pantalla-2025-02-19-a-las-9.11.00.png\" alt=\"\" class=\"wp-image-208\" style=\"width:26px;height:auto\" srcset=\"https:\/\/www.unioviedo.es\/ballet-esp\/wp-content\/uploads\/2025\/02\/Captura-de-pantalla-2025-02-19-a-las-9.11.00.png 318w, https:\/\/www.unioviedo.es\/ballet-esp\/wp-content\/uploads\/2025\/02\/Captura-de-pantalla-2025-02-19-a-las-9.11.00-300x228.png 300w\" sizes=\"auto, (max-width: 318px) 100vw, 318px\" \/><figcaption class=\"wp-element-caption\">cenidid.axyanez@inba.edu.mx<\/figcaption><\/figure>\n<\/div>\n\n\n\n<p class=\"has-contrast-color has-text-color has-link-color has-heading-font-family has-medium-font-size wp-elements-1f858d5b765c56f92a580e66202b4224\" style=\"line-height:1.4\">Licenciada en Historia por la Facultad de Filosof\u00eda y Letras de la UNAM, maestra en Investigaci\u00f3n de la Danza por el INBAL. Es Investigadora del Centro Nacional de Investigaci\u00f3n, Documentaci\u00f3n e Informaci\u00f3n de la Danza Jos\u00e9 Lim\u00f3n (Cenidi-Danza) desde el 2007 en donde desarrolla la l\u00ednea investigaci\u00f3n de danza espa\u00f1ola. Ha realizado la compilaci\u00f3n del <em>Archivo digital de hemerograf\u00eda de danza espa\u00f1ola en M\u00e9xico 1915-1930<\/em>; la investigaci\u00f3n <em>Fragmentos de danza espa\u00f1ola en M\u00e9xico (1920-1930)<\/em>; y es cocoordinadora de las <em>Jornadas de danza espa\u00f1ola. Reflexi\u00f3n y creaci\u00f3n <\/em>del Cenidi-Danza, proyecto que se efect\u00faa anualmente desde el 2015 hasta la fecha. Tambi\u00e9n se desarroll\u00f3 en el \u00e1rea de iconolog\u00eda danc\u00edstica mexicana con el an\u00e1lisis de la obra gr\u00e1fica de Ernesto Garc\u00eda Cabral. Form\u00f3 parte del proyecto colectivo de <em>La reedici\u00f3n del Manual de bailes de sala de Domingo Ibarra<\/em>, con la reconstrucci\u00f3n de los bailes del siglo XIX. Actualmente desarrolla su investigaci\u00f3n <em>Los bailes populares en la Ciudad de M\u00e9xico 1920-1930<\/em>.<\/p>\n<\/div>\n<\/div>\n<\/div>\n\n\n\n<div class=\"wp-block-column is-vertically-aligned-center is-layout-flow wp-block-column-is-layout-flow\" style=\"flex-basis:50%\">\n<figure class=\"wp-block-image aligncenter size-large is-resized is-style-rounded is-style-rounded--1\"><img loading=\"lazy\" decoding=\"async\" width=\"1024\" height=\"683\" src=\"https:\/\/www.unioviedo.es\/ballet-esp\/wp-content\/uploads\/2025\/02\/Ariadna-X-Yanez-Diez-1024x683.jpg\" alt=\"\" class=\"wp-image-458\" style=\"aspect-ratio:0.75;object-fit:cover;width:300px\" srcset=\"https:\/\/www.unioviedo.es\/ballet-esp\/wp-content\/uploads\/2025\/02\/Ariadna-X-Yanez-Diez-1024x683.jpg 1024w, https:\/\/www.unioviedo.es\/ballet-esp\/wp-content\/uploads\/2025\/02\/Ariadna-X-Yanez-Diez-300x200.jpg 300w, https:\/\/www.unioviedo.es\/ballet-esp\/wp-content\/uploads\/2025\/02\/Ariadna-X-Yanez-Diez-768x512.jpg 768w, https:\/\/www.unioviedo.es\/ballet-esp\/wp-content\/uploads\/2025\/02\/Ariadna-X-Yanez-Diez-1536x1024.jpg 1536w, https:\/\/www.unioviedo.es\/ballet-esp\/wp-content\/uploads\/2025\/02\/Ariadna-X-Yanez-Diez-2048x1365.jpg 2048w\" sizes=\"auto, (max-width: 1024px) 100vw, 1024px\" \/><\/figure>\n<\/div>\n<\/div>\n<\/div>\n","protected":false},"excerpt":{"rendered":"<p>Ariadna Xochilt Y\u00e1\u00f1ez D\u00edez Licenciada en Historia por la Facultad de Filosof\u00eda y Letras de la UNAM, maestra en Investigaci\u00f3n de la Danza por el INBAL. Es Investigadora del Centro Nacional de Investigaci\u00f3n, Documentaci\u00f3n e Informaci\u00f3n de la Danza Jos\u00e9 Lim\u00f3n (Cenidi-Danza) desde el 2007 en donde desarrolla la l\u00ednea investigaci\u00f3n de danza espa\u00f1ola. Ha [&hellip;]<\/p>\n","protected":false},"author":1,"featured_media":0,"parent":2,"menu_order":0,"comment_status":"closed","ping_status":"closed","template":"","meta":{"footnotes":""},"class_list":["post-461","page","type-page","status-publish","hentry"],"_links":{"self":[{"href":"https:\/\/www.unioviedo.es\/ballet-esp\/index.php\/wp-json\/wp\/v2\/pages\/461","targetHints":{"allow":["GET"]}}],"collection":[{"href":"https:\/\/www.unioviedo.es\/ballet-esp\/index.php\/wp-json\/wp\/v2\/pages"}],"about":[{"href":"https:\/\/www.unioviedo.es\/ballet-esp\/index.php\/wp-json\/wp\/v2\/types\/page"}],"author":[{"embeddable":true,"href":"https:\/\/www.unioviedo.es\/ballet-esp\/index.php\/wp-json\/wp\/v2\/users\/1"}],"replies":[{"embeddable":true,"href":"https:\/\/www.unioviedo.es\/ballet-esp\/index.php\/wp-json\/wp\/v2\/comments?post=461"}],"version-history":[{"count":3,"href":"https:\/\/www.unioviedo.es\/ballet-esp\/index.php\/wp-json\/wp\/v2\/pages\/461\/revisions"}],"predecessor-version":[{"id":516,"href":"https:\/\/www.unioviedo.es\/ballet-esp\/index.php\/wp-json\/wp\/v2\/pages\/461\/revisions\/516"}],"up":[{"embeddable":true,"href":"https:\/\/www.unioviedo.es\/ballet-esp\/index.php\/wp-json\/wp\/v2\/pages\/2"}],"wp:attachment":[{"href":"https:\/\/www.unioviedo.es\/ballet-esp\/index.php\/wp-json\/wp\/v2\/media?parent=461"}],"curies":[{"name":"wp","href":"https:\/\/api.w.org\/{rel}","templated":true}]}}