{"id":466,"date":"2025-02-26T09:57:18","date_gmt":"2025-02-26T08:57:18","guid":{"rendered":"https:\/\/www.unioviedo.es\/ballet-esp\/?page_id=466"},"modified":"2025-11-11T22:13:38","modified_gmt":"2025-11-11T21:13:38","slug":"publicaciones-ariadna-yanez-diez","status":"publish","type":"page","link":"https:\/\/www.unioviedo.es\/ballet-esp\/index.php\/publicaciones\/publicaciones-ariadna-yanez-diez\/","title":{"rendered":""},"content":{"rendered":"\n<p class=\"has-heading-font-family\"><strong>ARIADNA XOCHILT Y\u00c1\u00d1EZ D\u00cdEZ <\/strong><\/p>\n\n\n\n<ul class=\"wp-block-list\">\n<li class=\"has-contrast-2-color has-text-color has-link-color has-heading-font-family wp-elements-963a3092b62d0a7284a6a91565028069\">Y\u00c1\u00d1EZ D\u00cdEZ, Ariadna. 2025. <em>Fragmentos de danza espa\u00f1ola en M\u00e9xico (1920-1930)<\/em>. M\u00e9xico: Instituto Nacional de bellas Artes y literatura \/ Centro Nacional de Investigaci\u00f3n Documentaci\u00f3n e Informaci\u00f3n de la Danza. ISBN: 978-607-605-866-4. <\/li>\n\n\n\n<li class=\"has-contrast-2-color has-text-color has-link-color has-heading-font-family has-medium-font-size wp-elements-eff034fffc6d6b92dd9034dd60be44fd\">Y\u00c1\u00d1EZ D\u00cdEZ, Ariadna. 2024. \u00abSoledad Fuentes: cuando la sangre se invade de duende\u00bb. En: <em>Homenaje una vida en la danza. Segunda \u00e9poca<\/em>. M\u00e9xico: Cenidi\/INBAL, [en prensa].<\/li>\n\n\n\n<li class=\"has-contrast-2-color has-text-color has-link-color has-heading-font-family wp-elements-d90856ad102d898f3589b6e6c265a559\">Y\u00c1\u00d1EZ D\u00cdEZ, Ariadna. 2024.\u00abRosa Mar\u00eda Navarrete\u00bb. En: <em>Homenaje una vida en la danza. Segunda \u00e9poca<\/em>. M\u00e9xico: Cenidi\/INBAL, [en prensa].<\/li>\n\n\n\n<li class=\"has-contrast-2-color has-text-color has-link-color has-heading-font-family wp-elements-3efb684fd19eb38c312f5fa1b4deff53\">Y\u00c1\u00d1EZ D\u00cdEZ, Ariadna. 2019. \u00abUn cuerpo entre fronteras. Pilar Rioja, una mexicana a la espa\u00f1ola\u00bb. En: <em>Puentes sonoros y coreogr\u00e1ficos durante el franquismo. Imaginarios, intercambios y propaganda en clave internacional<\/em>. Vega Pichacho <em>et. al<\/em>. Espa\u00f1a: Libargo, pp. 85-105.<\/li>\n\n\n\n<li class=\"has-contrast-2-color has-text-color has-link-color has-heading-font-family wp-elements-c64a000cc9764efc4a81fb5f4d2e8642\">Y\u00c1\u00d1EZ D\u00cdEZ, Ariadna. 2016. \u00abSab\u00e1s Santos: Luz, c\u00e1mara y ol\u00e9\u00bb. <em>Homenaje una vida en la danza. Segunda \u00e9poca<\/em>. M\u00e9xico: Cenidi\/INBA, pp. 127-136.<\/li>\n\n\n\n<li class=\"has-contrast-2-color has-text-color has-link-color has-heading-font-family wp-elements-3153aa0d7c98447a1cedb42c8d08030e\">Y\u00c1\u00d1EZ D\u00cdEZ, Ariadna. 2015. \u00abMilagros Rioja: El sol en silencio\u00bb. <em>Homenaje una vida en la danza. Segunda \u00e9poca<\/em>, M\u00e9xico: Cenidi\/ INBA, pp. 111-126.<\/li>\n\n\n\n<li class=\"has-contrast-2-color has-text-color has-link-color has-heading-font-family wp-elements-628594802ada5265b503c21e72b83c01\">Y\u00c1\u00d1EZ D\u00cdEZ, Ariadna. 2015. \u00abEnrique Iglesias: comp\u00e1s, simpat\u00eda y ocurrencia\u00bb.  <em>Homenaje una vida en la danza. Segunda \u00e9poca<\/em>, M\u00e9xico: Cenidi\/ INBA, pp. 190-198.<\/li>\n\n\n\n<li class=\"has-contrast-2-color has-text-color has-link-color has-heading-font-family wp-elements-b8f2fcf0e97fafb342553c08223a10d2\">Y\u00c1\u00d1EZ D\u00cdEZ, Ariadna.2014. \u00abAl comp\u00e1s de Mart\u00edn\u00bb. <em>Homenaje una vida en la danza. Segunda \u00e9poca<\/em>, M\u00e9xico: Cenidi\/ INBA, pp. 159-169.<\/li>\n\n\n\n<li class=\"has-contrast-2-color has-text-color has-link-color has-heading-font-family wp-elements-673ac8d0a1bd33251d254b5e23b2f390\">Y\u00c1\u00d1EZ D\u00cdEZ, Ariadna y Ra\u00fal Mart\u00ednez. 2014. \u00abEl arte apasionado de Raquel Ruiz\u00bb. <em>Homenaje una vida en la danza<\/em>. Segunda \u00e9poca, M\u00e9xico: Cenidi\/ INBA, pp. 171-178.<\/li>\n\n\n\n<li class=\"has-contrast-2-color has-text-color has-link-color has-heading-font-family wp-elements-d9dade08d48a20d934360b69069105d1\">Y\u00c1\u00d1EZ D\u00cdEZ, Ariadna. 2013. \u00abTorbellino de fuego. Carmen Algaba Amaya, La Chuny\u00bb. <em>Homenaje una vida en la danza. Segunda \u00e9poca<\/em>, M\u00e9xico: Cenidi\/ INBA, pp. 134-143.<\/li>\n<\/ul>\n","protected":false},"excerpt":{"rendered":"<p>ARIADNA XOCHILT Y\u00c1\u00d1EZ D\u00cdEZ<\/p>\n","protected":false},"author":1,"featured_media":256,"parent":218,"menu_order":0,"comment_status":"closed","ping_status":"closed","template":"","meta":{"footnotes":""},"class_list":["post-466","page","type-page","status-publish","has-post-thumbnail","hentry"],"_links":{"self":[{"href":"https:\/\/www.unioviedo.es\/ballet-esp\/index.php\/wp-json\/wp\/v2\/pages\/466","targetHints":{"allow":["GET"]}}],"collection":[{"href":"https:\/\/www.unioviedo.es\/ballet-esp\/index.php\/wp-json\/wp\/v2\/pages"}],"about":[{"href":"https:\/\/www.unioviedo.es\/ballet-esp\/index.php\/wp-json\/wp\/v2\/types\/page"}],"author":[{"embeddable":true,"href":"https:\/\/www.unioviedo.es\/ballet-esp\/index.php\/wp-json\/wp\/v2\/users\/1"}],"replies":[{"embeddable":true,"href":"https:\/\/www.unioviedo.es\/ballet-esp\/index.php\/wp-json\/wp\/v2\/comments?post=466"}],"version-history":[{"count":7,"href":"https:\/\/www.unioviedo.es\/ballet-esp\/index.php\/wp-json\/wp\/v2\/pages\/466\/revisions"}],"predecessor-version":[{"id":684,"href":"https:\/\/www.unioviedo.es\/ballet-esp\/index.php\/wp-json\/wp\/v2\/pages\/466\/revisions\/684"}],"up":[{"embeddable":true,"href":"https:\/\/www.unioviedo.es\/ballet-esp\/index.php\/wp-json\/wp\/v2\/pages\/218"}],"wp:featuredmedia":[{"embeddable":true,"href":"https:\/\/www.unioviedo.es\/ballet-esp\/index.php\/wp-json\/wp\/v2\/media\/256"}],"wp:attachment":[{"href":"https:\/\/www.unioviedo.es\/ballet-esp\/index.php\/wp-json\/wp\/v2\/media?parent=466"}],"curies":[{"name":"wp","href":"https:\/\/api.w.org\/{rel}","templated":true}]}}