{"id":484,"date":"2025-02-28T09:09:27","date_gmt":"2025-02-28T08:09:27","guid":{"rendered":"https:\/\/www.unioviedo.es\/ballet-esp\/?page_id=484"},"modified":"2025-03-06T08:52:46","modified_gmt":"2025-03-06T07:52:46","slug":"gabriela-estrada","status":"publish","type":"page","link":"https:\/\/www.unioviedo.es\/ballet-esp\/index.php\/equipo\/gabriela-estrada\/","title":{"rendered":"M. Gabriela Estrada"},"content":{"rendered":"\n<div class=\"wp-block-group alignfull has-accent-background-color has-background has-global-padding is-layout-constrained wp-container-core-group-is-layout-669513ed wp-block-group-is-layout-constrained\" style=\"margin-top:0;margin-bottom:0;padding-top:var(--wp--preset--spacing--50);padding-right:var(--wp--preset--spacing--50);padding-bottom:var(--wp--preset--spacing--50);padding-left:var(--wp--preset--spacing--50)\">\n<div class=\"wp-block-columns alignwide is-layout-flex wp-container-core-columns-is-layout-1da03c2a wp-block-columns-is-layout-flex\">\n<div class=\"wp-block-column is-vertically-aligned-stretch is-layout-flow wp-block-column-is-layout-flow\" style=\"flex-basis:50%\">\n<div class=\"wp-block-group is-vertical is-content-justification-stretch is-layout-flex wp-container-core-group-is-layout-444d5ee8 wp-block-group-is-layout-flex\" style=\"min-height:100%\">\n<div class=\"wp-block-group has-global-padding is-layout-constrained wp-block-group-is-layout-constrained\">\n<div class=\"wp-block-group has-global-padding is-layout-constrained wp-block-group-is-layout-constrained\">\n<p class=\"has-contrast-color has-text-color has-link-color has-heading-font-family has-medium-font-size wp-elements-5be76104f97dd195e481bd50df6a5779\" style=\"line-height:1.2\">M. <strong>Gabriela Estrada<\/strong><\/p>\n\n\n\n<figure class=\"wp-block-image is-resized\"><img loading=\"lazy\" decoding=\"async\" width=\"318\" height=\"242\" src=\"https:\/\/www.unioviedo.es\/ballet-esp\/wp-content\/uploads\/2025\/02\/Captura-de-pantalla-2025-02-19-a-las-9.11.00.png\" alt=\"\" class=\"wp-image-208\" style=\"width:26px;height:auto\" srcset=\"https:\/\/www.unioviedo.es\/ballet-esp\/wp-content\/uploads\/2025\/02\/Captura-de-pantalla-2025-02-19-a-las-9.11.00.png 318w, https:\/\/www.unioviedo.es\/ballet-esp\/wp-content\/uploads\/2025\/02\/Captura-de-pantalla-2025-02-19-a-las-9.11.00-300x228.png 300w\" sizes=\"auto, (max-width: 318px) 100vw, 318px\" \/><figcaption class=\"wp-element-caption\">getflamenco@gmail.com<\/figcaption><\/figure>\n<\/div>\n\n\n\n<p class=\"has-contrast-color has-text-color has-link-color has-heading-font-family has-medium-font-size wp-elements-6378e4e668355220e2f694d1edd7c779\" style=\"line-height:1.3\">Educadora biling\u00fce de danza, artista y productora dedicada a promover el desarrollo del arte, la tradici\u00f3n y la cultura. Es licenciada y m\u00e1ster en Danza por la Universidad de California, Irvine, y y doctora en estudios interdisciplinarios de flamenco por la Universidad de Sevilla. Su tesis de licenciatura, <em>El Desarrollo Coreogr\u00e1fico de El Sombrero de Tres Picos a lo largo del siglo XX<\/em>, y el estudio de caso de su disertaci\u00f3n doctoral, C<em>ontribuciones del Flamenco al Ballet<\/em>, condujeron a la producci\u00f3n del documental <em>ENI9MA: La Leyenda de F\u00e9lix<\/em>. Su investigaci\u00f3n ha sido presentada en la <em>Conferencia Internacional del Centenario de Tricorne<\/em> en Granada, Espa\u00f1a, y en el <em>Seminario de Estudios de Historia de la Danza<\/em> de la Universidad de Columbia.<br>Como educadora, fund\u00f3 <em>Dance Collage<\/em>, afiliada a la <em>Real Academia de la Danza<\/em>. Tambi\u00e9n ha impartido cursos de conferencias y t\u00e9cnicas de danza en la Universidad de Sonora y UC Irvine, colaborando como core\u00f3grafa y artista docente en organizaciones teatrales y de danza a nivel internacional. Su trabajo creativo abarca el flamenco, el ballet, la danza moderna, el jazz y el teatro musical. Con frecuencia, sus producciones de danza teatral contempor\u00e1nea promueven la justicia social, como se ejemplifica en <em>\u00a1Ni una Carmen m\u00e1s!<\/em> Como defensora de la educaci\u00f3n art\u00edstica, colabora con organizaciones culturales como Ballet Hisp\u00e1nico y Flamenco Vivo, fortaleciendo puentes entre las comunidades y las artes, y con <em>Eye on the Arts<\/em> como periodista.<\/p>\n<\/div>\n<\/div>\n<\/div>\n\n\n\n<div class=\"wp-block-column is-vertically-aligned-center is-layout-flow wp-block-column-is-layout-flow\" style=\"flex-basis:50%\">\n<figure class=\"wp-block-image aligncenter size-large is-resized is-style-rounded is-style-rounded--1\"><img loading=\"lazy\" decoding=\"async\" width=\"811\" height=\"1024\" src=\"https:\/\/www.unioviedo.es\/ballet-esp\/wp-content\/uploads\/2025\/02\/Maria-Gabriela-Estrada-Headshot-1-811x1024.jpg\" alt=\"\" class=\"wp-image-479\" style=\"aspect-ratio:0.75;object-fit:cover;width:300px\" srcset=\"https:\/\/www.unioviedo.es\/ballet-esp\/wp-content\/uploads\/2025\/02\/Maria-Gabriela-Estrada-Headshot-1-811x1024.jpg 811w, https:\/\/www.unioviedo.es\/ballet-esp\/wp-content\/uploads\/2025\/02\/Maria-Gabriela-Estrada-Headshot-1-238x300.jpg 238w, https:\/\/www.unioviedo.es\/ballet-esp\/wp-content\/uploads\/2025\/02\/Maria-Gabriela-Estrada-Headshot-1-768x969.jpg 768w, https:\/\/www.unioviedo.es\/ballet-esp\/wp-content\/uploads\/2025\/02\/Maria-Gabriela-Estrada-Headshot-1.jpg 957w\" sizes=\"auto, (max-width: 811px) 100vw, 811px\" \/><\/figure>\n<\/div>\n<\/div>\n<\/div>\n","protected":false},"excerpt":{"rendered":"<p>M. Gabriela Estrada Educadora biling\u00fce de danza, artista y productora dedicada a promover el desarrollo del arte, la tradici\u00f3n y la cultura. Es licenciada y m\u00e1ster en Danza por la Universidad de California, Irvine, y y doctora en estudios interdisciplinarios de flamenco por la Universidad de Sevilla. Su tesis de licenciatura, El Desarrollo Coreogr\u00e1fico de [&hellip;]<\/p>\n","protected":false},"author":1,"featured_media":0,"parent":2,"menu_order":0,"comment_status":"closed","ping_status":"closed","template":"","meta":{"footnotes":""},"class_list":["post-484","page","type-page","status-publish","hentry"],"_links":{"self":[{"href":"https:\/\/www.unioviedo.es\/ballet-esp\/index.php\/wp-json\/wp\/v2\/pages\/484","targetHints":{"allow":["GET"]}}],"collection":[{"href":"https:\/\/www.unioviedo.es\/ballet-esp\/index.php\/wp-json\/wp\/v2\/pages"}],"about":[{"href":"https:\/\/www.unioviedo.es\/ballet-esp\/index.php\/wp-json\/wp\/v2\/types\/page"}],"author":[{"embeddable":true,"href":"https:\/\/www.unioviedo.es\/ballet-esp\/index.php\/wp-json\/wp\/v2\/users\/1"}],"replies":[{"embeddable":true,"href":"https:\/\/www.unioviedo.es\/ballet-esp\/index.php\/wp-json\/wp\/v2\/comments?post=484"}],"version-history":[{"count":3,"href":"https:\/\/www.unioviedo.es\/ballet-esp\/index.php\/wp-json\/wp\/v2\/pages\/484\/revisions"}],"predecessor-version":[{"id":592,"href":"https:\/\/www.unioviedo.es\/ballet-esp\/index.php\/wp-json\/wp\/v2\/pages\/484\/revisions\/592"}],"up":[{"embeddable":true,"href":"https:\/\/www.unioviedo.es\/ballet-esp\/index.php\/wp-json\/wp\/v2\/pages\/2"}],"wp:attachment":[{"href":"https:\/\/www.unioviedo.es\/ballet-esp\/index.php\/wp-json\/wp\/v2\/media?parent=484"}],"curies":[{"name":"wp","href":"https:\/\/api.w.org\/{rel}","templated":true}]}}