{"id":490,"date":"2025-02-28T09:19:12","date_gmt":"2025-02-28T08:19:12","guid":{"rendered":"https:\/\/www.unioviedo.es\/ballet-esp\/?page_id=490"},"modified":"2025-03-01T08:50:52","modified_gmt":"2025-03-01T07:50:52","slug":"raquel-lopez-fernandez","status":"publish","type":"page","link":"https:\/\/www.unioviedo.es\/ballet-esp\/index.php\/equipo\/raquel-lopez-fernandez\/","title":{"rendered":"Raquel L\u00f3pez Fern\u00e1ndez"},"content":{"rendered":"\n<div class=\"wp-block-group alignfull has-accent-background-color has-background has-global-padding is-layout-constrained wp-container-core-group-is-layout-669513ed wp-block-group-is-layout-constrained\" style=\"margin-top:0;margin-bottom:0;padding-top:var(--wp--preset--spacing--50);padding-right:var(--wp--preset--spacing--50);padding-bottom:var(--wp--preset--spacing--50);padding-left:var(--wp--preset--spacing--50)\">\n<div class=\"wp-block-columns alignwide is-layout-flex wp-container-core-columns-is-layout-1da03c2a wp-block-columns-is-layout-flex\">\n<div class=\"wp-block-column is-vertically-aligned-stretch is-layout-flow wp-block-column-is-layout-flow\" style=\"flex-basis:50%\">\n<div class=\"wp-block-group is-vertical is-content-justification-stretch is-layout-flex wp-container-core-group-is-layout-444d5ee8 wp-block-group-is-layout-flex\" style=\"min-height:100%\">\n<div class=\"wp-block-group has-global-padding is-layout-constrained wp-block-group-is-layout-constrained\">\n<p class=\"has-contrast-color has-text-color has-link-color has-heading-font-family has-medium-font-size wp-elements-e3c3509d6e9ca9bdd236632f7ee9063d\" style=\"line-height:1.2\"><strong>Raquel L\u00f3pez Fern\u00e1ndez<\/strong><\/p>\n\n\n\n<figure class=\"wp-block-image is-resized\"><img loading=\"lazy\" decoding=\"async\" width=\"318\" height=\"242\" src=\"https:\/\/www.unioviedo.es\/ballet-esp\/wp-content\/uploads\/2025\/02\/Captura-de-pantalla-2025-02-19-a-las-9.11.00.png\" alt=\"\" class=\"wp-image-208\" style=\"width:26px;height:auto\" srcset=\"https:\/\/www.unioviedo.es\/ballet-esp\/wp-content\/uploads\/2025\/02\/Captura-de-pantalla-2025-02-19-a-las-9.11.00.png 318w, https:\/\/www.unioviedo.es\/ballet-esp\/wp-content\/uploads\/2025\/02\/Captura-de-pantalla-2025-02-19-a-las-9.11.00-300x228.png 300w\" sizes=\"auto, (max-width: 318px) 100vw, 318px\" \/><figcaption class=\"wp-element-caption\">lopezfraquel@uniovi.es<\/figcaption><\/figure>\n\n\n\n<p class=\"has-contrast-color has-text-color has-link-color has-heading-font-family has-medium-font-size wp-elements-aa4ec9e10ca608f896bb08cea6a362e7\" style=\"line-height:1.3\">Investigadora posdoctoral Juan de la Cierva en el Departamento de Historia del Arte y Musicolog\u00eda de la Universidad de Oviedo y profesora tutora en el Departamento de Educaci\u00f3n de la UNED. Es doctora en Historia del Arte y Graduada en Enfermer\u00eda. Realiz\u00f3 su tesis doctoral en la UCM y el CSIC con la tesis <em>El poder del escenario: pintura para danza durante el franquismo <\/em>(2022). Es autora de diversas publicaciones y coeditora de monograf\u00edas como <a href=\"https:\/\/sanssoleil.es\/producto\/coreografiar-lo-invisible-irene-lopez-arnaiz-y-raquel-lopez-fernandez\/\"><em>Coreografiar lo invisible. Danza, arte y esoterismo en los albores del siglo XX<\/em><\/a><em> <\/em>(Sans Soleil, 2023) o <a href=\"https:\/\/www.musicadanza.es\/es\/publicaciones\/publicaciones-propias-y-coediciones\/antonia-merce-la-argentina-epistolario-1915-1936\">Antonia Merc\u00e9 \u201cLa Argentina. Epistolario 1915-1936.<\/a>(CDAEM-INAEM, 2020). En sus investigaciones ha abordado la cultura visual y material de la escena, contribuyendo a la historia de la escenograf\u00eda y la danza en Espa\u00f1a del s. XX. Ha estudiado las continuidades entre la cultura art\u00edstica de la II Rep\u00fablica y el franquismo, el uso de la escena como <em>soft power<\/em> o las relaciones entre la Espa\u00f1a franquista y el exilio espa\u00f1ol de 1939. Sus enfoques abarcan perspectivas pol\u00edtico-identitarias, los estudios culturales y el ecofemenismo. Le interesan la afectividad colectiva, la memoria comunitaria y la espiritualidad contempor\u00e1nea.<\/p>\n<\/div>\n<\/div>\n<\/div>\n\n\n\n<div class=\"wp-block-column is-vertically-aligned-center is-layout-flow wp-block-column-is-layout-flow\" style=\"flex-basis:50%\">\n<figure class=\"wp-block-image aligncenter size-large is-resized is-style-rounded is-style-rounded--1\"><img loading=\"lazy\" decoding=\"async\" width=\"803\" height=\"1024\" src=\"https:\/\/www.unioviedo.es\/ballet-esp\/wp-content\/uploads\/2025\/02\/54-_RAQUEL-copia-803x1024.jpg\" alt=\"\" class=\"wp-image-487\" style=\"aspect-ratio:0.75;object-fit:cover;width:300px\" srcset=\"https:\/\/www.unioviedo.es\/ballet-esp\/wp-content\/uploads\/2025\/02\/54-_RAQUEL-copia-803x1024.jpg 803w, https:\/\/www.unioviedo.es\/ballet-esp\/wp-content\/uploads\/2025\/02\/54-_RAQUEL-copia-235x300.jpg 235w, https:\/\/www.unioviedo.es\/ballet-esp\/wp-content\/uploads\/2025\/02\/54-_RAQUEL-copia-768x979.jpg 768w, https:\/\/www.unioviedo.es\/ballet-esp\/wp-content\/uploads\/2025\/02\/54-_RAQUEL-copia-1205x1536.jpg 1205w, https:\/\/www.unioviedo.es\/ballet-esp\/wp-content\/uploads\/2025\/02\/54-_RAQUEL-copia.jpg 1307w\" sizes=\"auto, (max-width: 803px) 100vw, 803px\" \/><\/figure>\n<\/div>\n<\/div>\n<\/div>\n","protected":false},"excerpt":{"rendered":"<p>Raquel L\u00f3pez Fern\u00e1ndez Investigadora posdoctoral Juan de la Cierva en el Departamento de Historia del Arte y Musicolog\u00eda de la Universidad de Oviedo y profesora tutora en el Departamento de Educaci\u00f3n de la UNED. Es doctora en Historia del Arte y Graduada en Enfermer\u00eda. Realiz\u00f3 su tesis doctoral en la UCM y el CSIC con [&hellip;]<\/p>\n","protected":false},"author":1,"featured_media":0,"parent":2,"menu_order":0,"comment_status":"closed","ping_status":"closed","template":"","meta":{"footnotes":""},"class_list":["post-490","page","type-page","status-publish","hentry"],"_links":{"self":[{"href":"https:\/\/www.unioviedo.es\/ballet-esp\/index.php\/wp-json\/wp\/v2\/pages\/490","targetHints":{"allow":["GET"]}}],"collection":[{"href":"https:\/\/www.unioviedo.es\/ballet-esp\/index.php\/wp-json\/wp\/v2\/pages"}],"about":[{"href":"https:\/\/www.unioviedo.es\/ballet-esp\/index.php\/wp-json\/wp\/v2\/types\/page"}],"author":[{"embeddable":true,"href":"https:\/\/www.unioviedo.es\/ballet-esp\/index.php\/wp-json\/wp\/v2\/users\/1"}],"replies":[{"embeddable":true,"href":"https:\/\/www.unioviedo.es\/ballet-esp\/index.php\/wp-json\/wp\/v2\/comments?post=490"}],"version-history":[{"count":2,"href":"https:\/\/www.unioviedo.es\/ballet-esp\/index.php\/wp-json\/wp\/v2\/pages\/490\/revisions"}],"predecessor-version":[{"id":529,"href":"https:\/\/www.unioviedo.es\/ballet-esp\/index.php\/wp-json\/wp\/v2\/pages\/490\/revisions\/529"}],"up":[{"embeddable":true,"href":"https:\/\/www.unioviedo.es\/ballet-esp\/index.php\/wp-json\/wp\/v2\/pages\/2"}],"wp:attachment":[{"href":"https:\/\/www.unioviedo.es\/ballet-esp\/index.php\/wp-json\/wp\/v2\/media?parent=490"}],"curies":[{"name":"wp","href":"https:\/\/api.w.org\/{rel}","templated":true}]}}