{"id":500,"date":"2025-02-28T09:55:09","date_gmt":"2025-02-28T08:55:09","guid":{"rendered":"https:\/\/www.unioviedo.es\/ballet-esp\/?page_id=500"},"modified":"2025-03-07T12:23:35","modified_gmt":"2025-03-07T11:23:35","slug":"publicaciones-gabriela-estrada","status":"publish","type":"page","link":"https:\/\/www.unioviedo.es\/ballet-esp\/index.php\/publicaciones\/publicaciones-gabriela-estrada\/","title":{"rendered":""},"content":{"rendered":"\n<p class=\"has-heading-font-family\"><strong>M. GABRIELA ESTRADA<\/strong><\/p>\n\n\n\n<ul class=\"wp-block-list\">\n<li class=\"has-contrast-2-color has-text-color has-link-color has-heading-font-family wp-elements-9b1084ade19d286d3eea84666278aaef\">ESTRADA, M.Gabriela. 2024. \u00abResearching Doris Humphrey\u2019s Lost Work: <em>Felipe \u201cEl Loco\u201d<\/em> (1954)\u00bb. <em>Dance Education in Practice<\/em>, <em>10<\/em>(3), 26\u201334. https:\/\/doi.org\/10.1080\/23734833.2024.2372218.<\/li>\n\n\n\n<li class=\"has-contrast-2-color has-text-color has-link-color has-heading-font-family wp-elements-caf3aef0cba520cf4b170d624d8d1fdf\">ESTRADA, M.Gabriela. 2022. \u00ab<a href=\"https:\/\/dialnet.unirioja.es\/servlet\/articulo?codigo=9078056\">\u00abFaux Amis\u00bb<\/a>: False Cognates in Flamencos Discourse within Ballet and Spanish Dance Contexts\u00bb. En: <a href=\"https:\/\/dialnet.unirioja.es\/servlet\/libro?codigo=894886\">Celebrating Flamenco&#8217;s Tangled Roots<\/a>: The Body Questions. K. Meira Goldberg y Antoni Piz\u00e0 Prohens (coords). Cambridge: Cambridge Scholars Publishing.pp. 211-225<\/li>\n\n\n\n<li class=\"has-contrast-2-color has-text-color has-link-color has-heading-font-family has-medium-font-size wp-elements-36dd31f2e5672f18b9e473faf0789b7a\">ESTRADA, M.Gabriela. 2020. \u00abLas aportaciones de F\u00e9lix al Tricornio y a la danza a partir de su reconstrucci\u00f3n biogr\u00e1fica\u00bb. 2020. En: <em>Un ballet en el balc\u00f3n de Europa: repensar \u00abEl sombrero de tres picos\u00bb cien a\u00f1os despu\u00e9s<\/em>. D. Gonz\u00e1lez Mesa, A. Mart\u00edn Moreno y I. Murga Castro. Fundaci\u00f3n Archivo Manuel de Falla, pp.271-288.<\/li>\n\n\n\n<li class=\"has-contrast-2-color has-text-color has-link-color has-heading-font-family wp-elements-f6cede7f278dd9ef1fbd159542ed0e7f\">ESTRADA, M.Gabriela. 2018. \u00abArtistas flamencos que colaboraron en Ballet Theatre\u00bb. 2020. En: <em>Danza, investigaci\u00f3n y educaci\u00f3n: Danza e ideolog\u00eda(s)<\/em>. A. M. D\u00edaz Olaya, A. Calvo Lluch, C. Pedrero Mu\u00f1oz (coords.). M\u00e1laga: Libargo, pp.165-176.<\/li>\n<\/ul>\n\n\n\n<p><\/p>\n","protected":false},"excerpt":{"rendered":"<p>M. GABRIELA ESTRADA<\/p>\n","protected":false},"author":1,"featured_media":256,"parent":218,"menu_order":0,"comment_status":"closed","ping_status":"closed","template":"","meta":{"footnotes":""},"class_list":["post-500","page","type-page","status-publish","has-post-thumbnail","hentry"],"_links":{"self":[{"href":"https:\/\/www.unioviedo.es\/ballet-esp\/index.php\/wp-json\/wp\/v2\/pages\/500","targetHints":{"allow":["GET"]}}],"collection":[{"href":"https:\/\/www.unioviedo.es\/ballet-esp\/index.php\/wp-json\/wp\/v2\/pages"}],"about":[{"href":"https:\/\/www.unioviedo.es\/ballet-esp\/index.php\/wp-json\/wp\/v2\/types\/page"}],"author":[{"embeddable":true,"href":"https:\/\/www.unioviedo.es\/ballet-esp\/index.php\/wp-json\/wp\/v2\/users\/1"}],"replies":[{"embeddable":true,"href":"https:\/\/www.unioviedo.es\/ballet-esp\/index.php\/wp-json\/wp\/v2\/comments?post=500"}],"version-history":[{"count":2,"href":"https:\/\/www.unioviedo.es\/ballet-esp\/index.php\/wp-json\/wp\/v2\/pages\/500\/revisions"}],"predecessor-version":[{"id":641,"href":"https:\/\/www.unioviedo.es\/ballet-esp\/index.php\/wp-json\/wp\/v2\/pages\/500\/revisions\/641"}],"up":[{"embeddable":true,"href":"https:\/\/www.unioviedo.es\/ballet-esp\/index.php\/wp-json\/wp\/v2\/pages\/218"}],"wp:featuredmedia":[{"embeddable":true,"href":"https:\/\/www.unioviedo.es\/ballet-esp\/index.php\/wp-json\/wp\/v2\/media\/256"}],"wp:attachment":[{"href":"https:\/\/www.unioviedo.es\/ballet-esp\/index.php\/wp-json\/wp\/v2\/media?parent=500"}],"curies":[{"name":"wp","href":"https:\/\/api.w.org\/{rel}","templated":true}]}}