{"id":531,"date":"2025-03-01T08:56:32","date_gmt":"2025-03-01T07:56:32","guid":{"rendered":"https:\/\/www.unioviedo.es\/ballet-esp\/?page_id=531"},"modified":"2025-03-01T08:56:52","modified_gmt":"2025-03-01T07:56:52","slug":"karlos-xabier-sanchez-ekiza","status":"publish","type":"page","link":"https:\/\/www.unioviedo.es\/ballet-esp\/index.php\/equipo\/karlos-xabier-sanchez-ekiza\/","title":{"rendered":"Karlos Xabier S\u00e1nchez Ekiza"},"content":{"rendered":"\n<div class=\"wp-block-group alignfull has-accent-background-color has-background has-global-padding is-layout-constrained wp-container-core-group-is-layout-669513ed wp-block-group-is-layout-constrained\" style=\"margin-top:0;margin-bottom:0;padding-top:var(--wp--preset--spacing--50);padding-right:var(--wp--preset--spacing--50);padding-bottom:var(--wp--preset--spacing--50);padding-left:var(--wp--preset--spacing--50)\">\n<div class=\"wp-block-columns alignwide is-layout-flex wp-container-core-columns-is-layout-1da03c2a wp-block-columns-is-layout-flex\">\n<div class=\"wp-block-column is-vertically-aligned-stretch is-layout-flow wp-block-column-is-layout-flow\" style=\"flex-basis:50%\">\n<div class=\"wp-block-group is-vertical is-content-justification-stretch is-layout-flex wp-container-core-group-is-layout-444d5ee8 wp-block-group-is-layout-flex\" style=\"min-height:100%\">\n<div class=\"wp-block-group has-global-padding is-layout-constrained wp-block-group-is-layout-constrained\">\n<div class=\"wp-block-group has-global-padding is-layout-constrained wp-block-group-is-layout-constrained\">\n<p class=\"has-contrast-color has-text-color has-link-color has-heading-font-family wp-elements-ab35d9366a46c187eb0988943f06a3e1\"><strong>Karlos Xabier S\u00e1nchez Equiza<\/strong><\/p>\n\n\n\n<figure class=\"wp-block-image is-resized\"><img loading=\"lazy\" decoding=\"async\" width=\"318\" height=\"242\" src=\"https:\/\/www.unioviedo.es\/ballet-esp\/wp-content\/uploads\/2025\/02\/Captura-de-pantalla-2025-02-19-a-las-9.11.00.png\" alt=\"\" class=\"wp-image-208\" style=\"width:26px;height:auto\" srcset=\"https:\/\/www.unioviedo.es\/ballet-esp\/wp-content\/uploads\/2025\/02\/Captura-de-pantalla-2025-02-19-a-las-9.11.00.png 318w, https:\/\/www.unioviedo.es\/ballet-esp\/wp-content\/uploads\/2025\/02\/Captura-de-pantalla-2025-02-19-a-las-9.11.00-300x228.png 300w\" sizes=\"auto, (max-width: 318px) 100vw, 318px\" \/><figcaption class=\"wp-element-caption\">karlos.sanchezekiza@ehu.eus<\/figcaption><\/figure>\n<\/div>\n\n\n\n<div class=\"wp-block-group has-global-padding is-layout-constrained wp-block-group-is-layout-constrained\">\n<p class=\"has-contrast-color has-text-color has-link-color has-heading-font-family has-medium-font-size wp-elements-0dc2c960fa416aba1a5bc5913685685c\" style=\"line-height:1.3\">Karlos S\u00e1nchez Ekiza es profesor titular de m\u00fasica en la Facultad de Letras de la Universidad del Pa\u00eds Vasco. Etnomusic\u00f3logo y m\u00fasico pr\u00e1ctico, sus l\u00edneas de investigaci\u00f3n se centran en m\u00fasica vasca, sus imaginarios y sus manifestaciones, y especialmente en lo referente a m\u00fasica e identidad. Ha sido director de <em>Trans<\/em>, revista transcultural de m\u00fasica, vicepresidente de la Sociedad Ib\u00e9rica de Etnomusicolog\u00eda y presidente de la Secci\u00f3n de Folklore de la Sociedad de Estudios Vascos. Entre sus publicaciones pueden destacarse los libros <em>Txuntxuneroak: Narrativas, identidades e ideolog\u00edas en la historia de los txistularis<\/em>, <em>Del danbolin al silbo: txistu, tamboril y danza vasca en la \u00e9poca de la Ilustraci\u00f3n <\/em>y <em>Euskal Musika Klasikoa<\/em>, encargo del Instituto Etxepare. Es autor adem\u00e1s de una treintena de art\u00edculos en publicaciones nacionales e internacionales, que abarcan desde los imaginarios anteriores al nacionalismo hasta la participaci\u00f3n vasca en los concursos de la Secci\u00f3n Femenina del franquismo o el rock radical vasco.<\/p>\n<\/div>\n<\/div>\n<\/div>\n<\/div>\n\n\n\n<div class=\"wp-block-column is-vertically-aligned-center is-layout-flow wp-block-column-is-layout-flow\" style=\"flex-basis:50%\">\n<figure class=\"wp-block-image aligncenter size-large is-resized is-style-rounded is-style-rounded--1\"><img loading=\"lazy\" decoding=\"async\" width=\"930\" height=\"1024\" src=\"https:\/\/www.unioviedo.es\/ballet-esp\/wp-content\/uploads\/2025\/03\/EKIZA-930x1024.png\" alt=\"\" class=\"wp-image-512\" style=\"aspect-ratio:3\/4;object-fit:cover;width:300px\" srcset=\"https:\/\/www.unioviedo.es\/ballet-esp\/wp-content\/uploads\/2025\/03\/EKIZA-930x1024.png 930w, https:\/\/www.unioviedo.es\/ballet-esp\/wp-content\/uploads\/2025\/03\/EKIZA-272x300.png 272w, https:\/\/www.unioviedo.es\/ballet-esp\/wp-content\/uploads\/2025\/03\/EKIZA-768x846.png 768w, https:\/\/www.unioviedo.es\/ballet-esp\/wp-content\/uploads\/2025\/03\/EKIZA.png 1107w\" sizes=\"auto, (max-width: 930px) 100vw, 930px\" \/><\/figure>\n<\/div>\n<\/div>\n<\/div>\n","protected":false},"excerpt":{"rendered":"<p>Karlos Xabier S\u00e1nchez Equiza Karlos S\u00e1nchez Ekiza es profesor titular de m\u00fasica en la Facultad de Letras de la Universidad del Pa\u00eds Vasco. Etnomusic\u00f3logo y m\u00fasico pr\u00e1ctico, sus l\u00edneas de investigaci\u00f3n se centran en m\u00fasica vasca, sus imaginarios y sus manifestaciones, y especialmente en lo referente a m\u00fasica e identidad. Ha sido director de Trans, [&hellip;]<\/p>\n","protected":false},"author":1,"featured_media":0,"parent":2,"menu_order":0,"comment_status":"closed","ping_status":"closed","template":"","meta":{"footnotes":""},"class_list":["post-531","page","type-page","status-publish","hentry"],"_links":{"self":[{"href":"https:\/\/www.unioviedo.es\/ballet-esp\/index.php\/wp-json\/wp\/v2\/pages\/531","targetHints":{"allow":["GET"]}}],"collection":[{"href":"https:\/\/www.unioviedo.es\/ballet-esp\/index.php\/wp-json\/wp\/v2\/pages"}],"about":[{"href":"https:\/\/www.unioviedo.es\/ballet-esp\/index.php\/wp-json\/wp\/v2\/types\/page"}],"author":[{"embeddable":true,"href":"https:\/\/www.unioviedo.es\/ballet-esp\/index.php\/wp-json\/wp\/v2\/users\/1"}],"replies":[{"embeddable":true,"href":"https:\/\/www.unioviedo.es\/ballet-esp\/index.php\/wp-json\/wp\/v2\/comments?post=531"}],"version-history":[{"count":1,"href":"https:\/\/www.unioviedo.es\/ballet-esp\/index.php\/wp-json\/wp\/v2\/pages\/531\/revisions"}],"predecessor-version":[{"id":533,"href":"https:\/\/www.unioviedo.es\/ballet-esp\/index.php\/wp-json\/wp\/v2\/pages\/531\/revisions\/533"}],"up":[{"embeddable":true,"href":"https:\/\/www.unioviedo.es\/ballet-esp\/index.php\/wp-json\/wp\/v2\/pages\/2"}],"wp:attachment":[{"href":"https:\/\/www.unioviedo.es\/ballet-esp\/index.php\/wp-json\/wp\/v2\/media?parent=531"}],"curies":[{"name":"wp","href":"https:\/\/api.w.org\/{rel}","templated":true}]}}