{"id":569,"date":"2025-03-03T18:03:19","date_gmt":"2025-03-03T17:03:19","guid":{"rendered":"https:\/\/www.unioviedo.es\/ballet-esp\/?page_id=569"},"modified":"2025-03-03T18:14:17","modified_gmt":"2025-03-03T17:14:17","slug":"christian-franco-torre","status":"publish","type":"page","link":"https:\/\/www.unioviedo.es\/ballet-esp\/index.php\/equipo\/christian-franco-torre\/","title":{"rendered":"Christian Franco Torre"},"content":{"rendered":"\n<div class=\"wp-block-group alignfull has-accent-background-color has-background has-global-padding is-layout-constrained wp-container-core-group-is-layout-669513ed wp-block-group-is-layout-constrained\" style=\"margin-top:0;margin-bottom:0;padding-top:var(--wp--preset--spacing--50);padding-right:var(--wp--preset--spacing--50);padding-bottom:var(--wp--preset--spacing--50);padding-left:var(--wp--preset--spacing--50)\">\n<div class=\"wp-block-columns alignwide is-layout-flex wp-container-core-columns-is-layout-1da03c2a wp-block-columns-is-layout-flex\">\n<div class=\"wp-block-column is-vertically-aligned-stretch is-layout-flow wp-block-column-is-layout-flow\" style=\"flex-basis:50%\">\n<div class=\"wp-block-group is-vertical is-content-justification-stretch is-layout-flex wp-container-core-group-is-layout-444d5ee8 wp-block-group-is-layout-flex\" style=\"min-height:100%\">\n<div class=\"wp-block-group has-global-padding is-layout-constrained wp-block-group-is-layout-constrained\">\n<p class=\"has-contrast-color has-text-color has-link-color has-heading-font-family has-medium-font-size wp-elements-6d546647b2f7cc923452db7fba505463\" style=\"line-height:1.2\"><strong>Christian Franco Torre<\/strong><\/p>\n\n\n\n<figure class=\"wp-block-image is-resized\"><img loading=\"lazy\" decoding=\"async\" width=\"318\" height=\"242\" src=\"https:\/\/www.unioviedo.es\/ballet-esp\/wp-content\/uploads\/2025\/02\/Captura-de-pantalla-2025-02-19-a-las-9.11.00.png\" alt=\"\" class=\"wp-image-208\" style=\"width:26px;height:auto\" srcset=\"https:\/\/www.unioviedo.es\/ballet-esp\/wp-content\/uploads\/2025\/02\/Captura-de-pantalla-2025-02-19-a-las-9.11.00.png 318w, https:\/\/www.unioviedo.es\/ballet-esp\/wp-content\/uploads\/2025\/02\/Captura-de-pantalla-2025-02-19-a-las-9.11.00-300x228.png 300w\" sizes=\"auto, (max-width: 318px) 100vw, 318px\" \/><figcaption class=\"wp-element-caption\">cfrancotorre@gmail.com<\/figcaption><\/figure>\n<\/div>\n\n\n\n<p class=\"has-contrast-color has-text-color has-link-color has-heading-font-family has-medium-font-size wp-elements-fec96dded6689f648088338906dfc132\" style=\"line-height:1.3\">Doctor en Historia del Arte por la Universidad de Oviedo con la tesis <em>La obra cinematogr\u00e1fica de Edgar Neville (1899-1967)<\/em>, le\u00edda en 2014. M\u00e1ster en Historia y Est\u00e9tica de la Cinematograf\u00eda por la Universidad de Valladolid. Desde 2020 imparte, junto a Vidal de la Madrid y Enrique Mel\u00e9ndez, la \u00a0asignatura \u00abHistoria del cine espa\u00f1ol. Estado de la cuesti\u00f3n y nuevas l\u00edneas de investigaci\u00f3n\u00bb, dentro del M\u00e1ster Universitario en Estudios Avanzados en Historia del Arte: Investigaci\u00f3n y Gesti\u00f3n, de la Universidad de Oviedo. En agosto de 2023 asume la direcci\u00f3n de la Filmoteca de Cantabria Mario Camus, cargo en el que contin\u00faa. En octubre de 2023 se incorpora, en representaci\u00f3n de la Comunidad Aut\u00f3noma de Cantabria, a la comisi\u00f3n de redacci\u00f3n del Plan Nacional de Arte y Cultura Visual y Sonora Contempor\u00e1neas.<\/p>\n<\/div>\n<\/div>\n\n\n\n<div class=\"wp-block-column is-vertically-aligned-center is-layout-flow wp-block-column-is-layout-flow\" style=\"flex-basis:50%\">\n<figure class=\"wp-block-image aligncenter size-large is-resized is-style-rounded is-style-rounded--1\"><img loading=\"lazy\" decoding=\"async\" width=\"1024\" height=\"768\" src=\"https:\/\/www.unioviedo.es\/ballet-esp\/wp-content\/uploads\/2025\/03\/Christian-Franco-1024x768.jpg\" alt=\"\" class=\"wp-image-566\" style=\"aspect-ratio:3\/4;object-fit:cover;width:300px\" srcset=\"https:\/\/www.unioviedo.es\/ballet-esp\/wp-content\/uploads\/2025\/03\/Christian-Franco-1024x768.jpg 1024w, https:\/\/www.unioviedo.es\/ballet-esp\/wp-content\/uploads\/2025\/03\/Christian-Franco-300x225.jpg 300w, https:\/\/www.unioviedo.es\/ballet-esp\/wp-content\/uploads\/2025\/03\/Christian-Franco-768x576.jpg 768w, https:\/\/www.unioviedo.es\/ballet-esp\/wp-content\/uploads\/2025\/03\/Christian-Franco-1536x1152.jpg 1536w, https:\/\/www.unioviedo.es\/ballet-esp\/wp-content\/uploads\/2025\/03\/Christian-Franco-2048x1536.jpg 2048w\" sizes=\"auto, (max-width: 1024px) 100vw, 1024px\" \/><\/figure>\n<\/div>\n<\/div>\n<\/div>\n","protected":false},"excerpt":{"rendered":"<p>Christian Franco Torre Doctor en Historia del Arte por la Universidad de Oviedo con la tesis La obra cinematogr\u00e1fica de Edgar Neville (1899-1967), le\u00edda en 2014. M\u00e1ster en Historia y Est\u00e9tica de la Cinematograf\u00eda por la Universidad de Valladolid. Desde 2020 imparte, junto a Vidal de la Madrid y Enrique Mel\u00e9ndez, la \u00a0asignatura \u00abHistoria del [&hellip;]<\/p>\n","protected":false},"author":1,"featured_media":0,"parent":2,"menu_order":0,"comment_status":"closed","ping_status":"closed","template":"","meta":{"footnotes":""},"class_list":["post-569","page","type-page","status-publish","hentry"],"_links":{"self":[{"href":"https:\/\/www.unioviedo.es\/ballet-esp\/index.php\/wp-json\/wp\/v2\/pages\/569","targetHints":{"allow":["GET"]}}],"collection":[{"href":"https:\/\/www.unioviedo.es\/ballet-esp\/index.php\/wp-json\/wp\/v2\/pages"}],"about":[{"href":"https:\/\/www.unioviedo.es\/ballet-esp\/index.php\/wp-json\/wp\/v2\/types\/page"}],"author":[{"embeddable":true,"href":"https:\/\/www.unioviedo.es\/ballet-esp\/index.php\/wp-json\/wp\/v2\/users\/1"}],"replies":[{"embeddable":true,"href":"https:\/\/www.unioviedo.es\/ballet-esp\/index.php\/wp-json\/wp\/v2\/comments?post=569"}],"version-history":[{"count":4,"href":"https:\/\/www.unioviedo.es\/ballet-esp\/index.php\/wp-json\/wp\/v2\/pages\/569\/revisions"}],"predecessor-version":[{"id":579,"href":"https:\/\/www.unioviedo.es\/ballet-esp\/index.php\/wp-json\/wp\/v2\/pages\/569\/revisions\/579"}],"up":[{"embeddable":true,"href":"https:\/\/www.unioviedo.es\/ballet-esp\/index.php\/wp-json\/wp\/v2\/pages\/2"}],"wp:attachment":[{"href":"https:\/\/www.unioviedo.es\/ballet-esp\/index.php\/wp-json\/wp\/v2\/media?parent=569"}],"curies":[{"name":"wp","href":"https:\/\/api.w.org\/{rel}","templated":true}]}}