{"id":621,"date":"2025-03-07T07:36:33","date_gmt":"2025-03-07T06:36:33","guid":{"rendered":"https:\/\/www.unioviedo.es\/ballet-esp\/?page_id=621"},"modified":"2025-03-07T07:36:33","modified_gmt":"2025-03-07T06:36:33","slug":"elisa-perez-buchelli","status":"publish","type":"page","link":"https:\/\/www.unioviedo.es\/ballet-esp\/index.php\/elisa-perez-buchelli\/","title":{"rendered":"Elisa P\u00e9rez Buchelli"},"content":{"rendered":"\n<div class=\"wp-block-group alignfull has-accent-background-color has-background has-global-padding is-layout-constrained wp-container-core-group-is-layout-669513ed wp-block-group-is-layout-constrained\" style=\"margin-top:0;margin-bottom:0;padding-top:var(--wp--preset--spacing--50);padding-right:var(--wp--preset--spacing--50);padding-bottom:var(--wp--preset--spacing--50);padding-left:var(--wp--preset--spacing--50)\">\n<div class=\"wp-block-columns alignwide is-layout-flex wp-container-core-columns-is-layout-1da03c2a wp-block-columns-is-layout-flex\">\n<div class=\"wp-block-column is-vertically-aligned-stretch is-layout-flow wp-block-column-is-layout-flow\" style=\"flex-basis:50%\">\n<div class=\"wp-block-group is-vertical is-content-justification-stretch is-layout-flex wp-container-core-group-is-layout-444d5ee8 wp-block-group-is-layout-flex\" style=\"min-height:100%\">\n<div class=\"wp-block-group has-global-padding is-layout-constrained wp-block-group-is-layout-constrained\">\n<div class=\"wp-block-group has-global-padding is-layout-constrained wp-block-group-is-layout-constrained\">\n<p class=\"has-contrast-color has-text-color has-link-color has-heading-font-family has-medium-font-size wp-elements-4dda0445857973a1dfb74a1bc741a025\" style=\"line-height:1.2\"><strong>Elisa P\u00e9rez Buchelli<\/strong><\/p>\n\n\n\n<figure class=\"wp-block-image is-resized\"><img loading=\"lazy\" decoding=\"async\" width=\"318\" height=\"242\" src=\"https:\/\/www.unioviedo.es\/ballet-esp\/wp-content\/uploads\/2025\/02\/Captura-de-pantalla-2025-02-19-a-las-9.11.00.png\" alt=\"\" class=\"wp-image-208\" style=\"width:26px;height:auto\" srcset=\"https:\/\/www.unioviedo.es\/ballet-esp\/wp-content\/uploads\/2025\/02\/Captura-de-pantalla-2025-02-19-a-las-9.11.00.png 318w, https:\/\/www.unioviedo.es\/ballet-esp\/wp-content\/uploads\/2025\/02\/Captura-de-pantalla-2025-02-19-a-las-9.11.00-300x228.png 300w\" sizes=\"auto, (max-width: 318px) 100vw, 318px\" \/><figcaption class=\"wp-element-caption\">elisaperezbuq@gmail.com<\/figcaption><\/figure>\n<\/div>\n\n\n\n<p class=\"has-contrast-color has-text-color has-link-color has-heading-font-family has-medium-font-size wp-elements-4f3c98ebc07991d068dd20769d0e0eac\" style=\"line-height:1.3\">Magister en Ciencias Humanas opci\u00f3n Estudios Latinoamericanos, licenciada en Ciencias Hist\u00f3ricas, t\u00e9cnica universitaria en Museolog\u00eda y especialista en Gesti\u00f3n Cultural por la Universidad de la Rep\u00fablica. Realiza el Doctorado en Historia con especializaci\u00f3n en Historia del Arte en la Escuela Interdisciplinaria de Altos Estudios Sociales de la Universidad Nacional de San Mart\u00edn(IDAES-UNSAM), Argentina. Ha investigado sobre historia de las artes visuales y la danza en Uruguay. Su l\u00ednea de investigaci\u00f3n doctoral actualmente se centra en la consolidaci\u00f3n de la abstracci\u00f3n en las artes visuales en Uruguay entre los a\u00f1os treinta y los sesenta y sus intersecciones con el campointelectual y pol\u00edtico de proyecci\u00f3n regional. Es autora del libro <em>Arte y pol\u00edtica. Mujeres artistas y artes de acci\u00f3n en los sesenta y setenta<\/em>, resultado de su tesis de maestr\u00eda. En 2021 obtuvo el Premio Nacional de Letras por esta obra en la categor\u00eda Ensayos de Arte y M\u00fasica, otorgado por el Ministerio de Educaci\u00f3n y Cultura.<br>Se desempe\u00f1a como historiadora en el Museo Juan Manuel Blanes de la Intendencia de Montevideo y como docente en el Instituto de Profesores Artigas.<\/p>\n<\/div>\n<\/div>\n<\/div>\n\n\n\n<div class=\"wp-block-column is-vertically-aligned-center is-layout-flow wp-block-column-is-layout-flow\" style=\"flex-basis:50%\">\n<figure class=\"wp-block-image aligncenter size-large is-resized is-style-rounded is-style-rounded--1\"><img loading=\"lazy\" decoding=\"async\" width=\"1024\" height=\"683\" src=\"https:\/\/www.unioviedo.es\/ballet-esp\/wp-content\/uploads\/2025\/03\/Foto-de-perfil-Elisa-Perez-Buchelli-1024x683.jpg\" alt=\"\" class=\"wp-image-618\" style=\"aspect-ratio:3\/4;object-fit:cover;width:300px\" srcset=\"https:\/\/www.unioviedo.es\/ballet-esp\/wp-content\/uploads\/2025\/03\/Foto-de-perfil-Elisa-Perez-Buchelli-1024x683.jpg 1024w, https:\/\/www.unioviedo.es\/ballet-esp\/wp-content\/uploads\/2025\/03\/Foto-de-perfil-Elisa-Perez-Buchelli-300x200.jpg 300w, https:\/\/www.unioviedo.es\/ballet-esp\/wp-content\/uploads\/2025\/03\/Foto-de-perfil-Elisa-Perez-Buchelli-768x512.jpg 768w, https:\/\/www.unioviedo.es\/ballet-esp\/wp-content\/uploads\/2025\/03\/Foto-de-perfil-Elisa-Perez-Buchelli.jpg 1080w\" sizes=\"auto, (max-width: 1024px) 100vw, 1024px\" \/><\/figure>\n<\/div>\n<\/div>\n<\/div>\n","protected":false},"excerpt":{"rendered":"<p>Elisa P\u00e9rez Buchelli Magister en Ciencias Humanas opci\u00f3n Estudios Latinoamericanos, licenciada en Ciencias Hist\u00f3ricas, t\u00e9cnica universitaria en Museolog\u00eda y especialista en Gesti\u00f3n Cultural por la Universidad de la Rep\u00fablica. Realiza el Doctorado en Historia con especializaci\u00f3n en Historia del Arte en la Escuela Interdisciplinaria de Altos Estudios Sociales de la Universidad Nacional de San Mart\u00edn(IDAES-UNSAM), [&hellip;]<\/p>\n","protected":false},"author":1,"featured_media":0,"parent":0,"menu_order":0,"comment_status":"closed","ping_status":"closed","template":"","meta":{"footnotes":""},"class_list":["post-621","page","type-page","status-publish","hentry"],"_links":{"self":[{"href":"https:\/\/www.unioviedo.es\/ballet-esp\/index.php\/wp-json\/wp\/v2\/pages\/621","targetHints":{"allow":["GET"]}}],"collection":[{"href":"https:\/\/www.unioviedo.es\/ballet-esp\/index.php\/wp-json\/wp\/v2\/pages"}],"about":[{"href":"https:\/\/www.unioviedo.es\/ballet-esp\/index.php\/wp-json\/wp\/v2\/types\/page"}],"author":[{"embeddable":true,"href":"https:\/\/www.unioviedo.es\/ballet-esp\/index.php\/wp-json\/wp\/v2\/users\/1"}],"replies":[{"embeddable":true,"href":"https:\/\/www.unioviedo.es\/ballet-esp\/index.php\/wp-json\/wp\/v2\/comments?post=621"}],"version-history":[{"count":1,"href":"https:\/\/www.unioviedo.es\/ballet-esp\/index.php\/wp-json\/wp\/v2\/pages\/621\/revisions"}],"predecessor-version":[{"id":623,"href":"https:\/\/www.unioviedo.es\/ballet-esp\/index.php\/wp-json\/wp\/v2\/pages\/621\/revisions\/623"}],"wp:attachment":[{"href":"https:\/\/www.unioviedo.es\/ballet-esp\/index.php\/wp-json\/wp\/v2\/media?parent=621"}],"curies":[{"name":"wp","href":"https:\/\/api.w.org\/{rel}","templated":true}]}}