{"id":102,"date":"2019-05-16T14:24:17","date_gmt":"2019-05-16T12:24:17","guid":{"rendered":"https:\/\/www.unioviedo.es\/TBR\/catedraIPA\/?page_id=102"},"modified":"2019-12-03T16:28:18","modified_gmt":"2019-12-03T15:28:18","slug":"investigacion-del-grupo-tbr","status":"publish","type":"page","link":"https:\/\/www.unioviedo.es\/catedraIPA\/investigacion-del-grupo-tbr\/","title":{"rendered":"Investigaci\u00f3n del Grupo TBR"},"content":{"rendered":"\n<p> El grupo TBR trabaja desde hace m\u00e1s de 25 a\u00f1os en el departamento de Ingenier\u00eda Qu\u00edmica y Tecnolog\u00eda del Medio Ambiente en el desarrollo de la tecnolog\u00eda en procesos relacionados con productos de base qu\u00edmica y biol\u00f3gica y el tratamiento de efluentes industriales utilizando distintas t\u00e9cnicas. <\/p>\n\n\n\n<p>Las l\u00edneas de investigaci\u00f3n se basan cuatro \u00e1reas:<\/p>\n\n\n\n<ul><li> <strong>Recursos bio-econ\u00f3micos<\/strong>: aprovechamiento de biomasa y revalorizaci\u00f3n de residuos.<\/li><li><strong>Gesti\u00f3n y tratamiento de aguas<\/strong>: Eliminaci\u00f3n de contaminantes, y gesti\u00f3n de lodos y aguas.<\/li><li><strong>Alimentos y procesos fermentativos:<\/strong> Desarrollo de nuevos alimentos y tecnolog\u00eda, obtenci\u00f3n de productos a trav\u00e9s de fermentaciones e hidr\u00f3lisis.<\/li><li><strong>Materiales:<\/strong> Desarrollo y aplicaci\u00f3n de nuevos materiales. <\/li><\/ul>\n\n\n\n<p><a href=\"https:\/\/www.unioviedo.es\/TBR\/\">Saber m\u00e1s&#8230;<\/a><\/p>\n","protected":false},"excerpt":{"rendered":"<p>El grupo TBR trabaja desde hace m\u00e1s de 25 a\u00f1os en el departamento de Ingenier\u00eda Qu\u00edmica y Tecnolog\u00eda del Medio Ambiente en el desarrollo de la tecnolog\u00eda en procesos relacionados con productos de base qu\u00edmica y biol\u00f3gica y el tratamiento de efluentes industriales utilizando distintas t\u00e9cnicas. Las l\u00edneas de investigaci\u00f3n se basan cuatro \u00e1reas: Recursos [&hellip;]<\/p>\n","protected":false},"author":1,"featured_media":103,"parent":0,"menu_order":0,"comment_status":"closed","ping_status":"closed","template":"","meta":[],"_links":{"self":[{"href":"https:\/\/www.unioviedo.es\/catedraIPA\/wp-json\/wp\/v2\/pages\/102"}],"collection":[{"href":"https:\/\/www.unioviedo.es\/catedraIPA\/wp-json\/wp\/v2\/pages"}],"about":[{"href":"https:\/\/www.unioviedo.es\/catedraIPA\/wp-json\/wp\/v2\/types\/page"}],"author":[{"embeddable":true,"href":"https:\/\/www.unioviedo.es\/catedraIPA\/wp-json\/wp\/v2\/users\/1"}],"replies":[{"embeddable":true,"href":"https:\/\/www.unioviedo.es\/catedraIPA\/wp-json\/wp\/v2\/comments?post=102"}],"version-history":[{"count":2,"href":"https:\/\/www.unioviedo.es\/catedraIPA\/wp-json\/wp\/v2\/pages\/102\/revisions"}],"predecessor-version":[{"id":1063,"href":"https:\/\/www.unioviedo.es\/catedraIPA\/wp-json\/wp\/v2\/pages\/102\/revisions\/1063"}],"wp:featuredmedia":[{"embeddable":true,"href":"https:\/\/www.unioviedo.es\/catedraIPA\/wp-json\/wp\/v2\/media\/103"}],"wp:attachment":[{"href":"https:\/\/www.unioviedo.es\/catedraIPA\/wp-json\/wp\/v2\/media?parent=102"}],"curies":[{"name":"wp","href":"https:\/\/api.w.org\/{rel}","templated":true}]}}