{"id":1184,"date":"2019-12-12T09:26:09","date_gmt":"2019-12-12T08:26:09","guid":{"rendered":"https:\/\/www.unioviedo.es\/catedraIPA\/?page_id=1184"},"modified":"2025-10-02T12:45:35","modified_gmt":"2025-10-02T10:45:35","slug":"premio-tfm","status":"publish","type":"page","link":"https:\/\/www.unioviedo.es\/catedraIPA\/premio-tfm\/","title":{"rendered":"VI Edici\u00f3n Premios TFM (2025) &#8211; CERRADO"},"content":{"rendered":"\n<h4 class=\"has-text-align-center\"><strong>CONVOCATORIA VI EDICI\u00d3N<br> \u201cPREMIOS A LOS MEJORES TRABAJOS FIN DE M\u00c1STER (TFM) EN EL CAMPO ALIMENTARIO\u201d<\/strong><\/h4>\n\n\n\n<p><\/p>\n\n\n\n<p>La C\u00e1tedra de Industrias y Procesos Agroalimentarios (IPA) de la Universidad de Oviedo y Fundaci\u00f3n Caja Rural de Asturias, tiene entre sus objetivos promover en distintas formas la mejora del sector agroalimentario. En este contexto, se convoca esta VI Edici\u00f3n de Premios a los Mejores Trabajos Fin de M\u00e1ster en el Campo Alimentario.<\/p>\n\n\n\n<p class=\"has-text-align-left\"><br>Los candidatos que se presenten a esta convocatoria deben haber cursado un M\u00e1ster (Oficial o Propio) impartido en la Universidad de Oviedo, y haber realizado un Trabajo de Fin de M\u00e1ster en el que se presenten contribuciones relevantes en alg\u00fan \u00e1mbito que tenga relaci\u00f3n con el sector alimentario (cient\u00edfico, ingenieril, social, econ\u00f3mico o jur\u00eddico).<\/p>\n\n\n<div class=\"wp-block-image is-style-default\">\n<figure class=\"aligncenter is-resized\"><a href=\"https:\/\/www.unioviedo.es\/catedraIPA\/wp-content\/uploads\/2025\/09\/Convocatoria-Premios-TFM-Catedra-2025-1.pdf\" target=\"_blank\" rel=\"noreferrer noopener\"><img decoding=\"async\" loading=\"lazy\" src=\"https:\/\/www.unioviedo.es\/catedraIPA\/wp-content\/uploads\/2019\/12\/image-5.png\" alt=\"\" class=\"wp-image-1205\" width=\"85\" height=\"85\"\/><\/a><figcaption class=\"wp-element-caption\"><a href=\"https:\/\/www.unioviedo.es\/catedraIPA\/wp-content\/uploads\/2025\/09\/Convocatoria-Premios-TFM-Catedra-2025-1.pdf\" data-type=\"URL\" data-id=\"https:\/\/www.unioviedo.es\/catedraIPA\/wp-content\/uploads\/2025\/09\/Convocatoria-Premios-TFM-Catedra-2025.pdf\">PDF Bases<\/a><\/figcaption><\/figure><\/div>\n\n\n<p><\/p>\n\n\n\n<p><\/p>\n\n\n\n<p><\/p>\n\n\n\n<p><\/p>\n\n\n\n<p><\/p>\n\n\n\n<p><\/p>\n\n\n<div class=\"wpcf7 no-js\" id=\"wpcf7-f1183-o1\" lang=\"es-ES\" dir=\"ltr\">\n<div class=\"screen-reader-response\"><p role=\"status\" aria-live=\"polite\" aria-atomic=\"true\"><\/p> <ul><\/ul><\/div>\n<form action=\"\/catedraIPA\/wp-json\/wp\/v2\/pages\/1184#wpcf7-f1183-o1\" method=\"post\" class=\"wpcf7-form init\" aria-label=\"Formulario de contacto\" enctype=\"multipart\/form-data\" novalidate=\"novalidate\" data-status=\"init\">\n<div style=\"display: none;\">\n<input type=\"hidden\" name=\"_wpcf7\" value=\"1183\" \/>\n<input type=\"hidden\" name=\"_wpcf7_version\" value=\"5.7\" \/>\n<input type=\"hidden\" name=\"_wpcf7_locale\" value=\"es_ES\" \/>\n<input type=\"hidden\" name=\"_wpcf7_unit_tag\" value=\"wpcf7-f1183-o1\" \/>\n<input type=\"hidden\" name=\"_wpcf7_container_post\" value=\"0\" \/>\n<input type=\"hidden\" name=\"_wpcf7_posted_data_hash\" value=\"\" \/>\n<\/div>\n<p><label> Tu nombre y apellidos (requerido)<br \/>\n<span class=\"wpcf7-form-control-wrap\" data-name=\"your-name\"><input size=\"40\" class=\"wpcf7-form-control wpcf7-text wpcf7-validates-as-required\" aria-required=\"true\" aria-invalid=\"false\" value=\"\" type=\"text\" name=\"your-name\" \/><\/span> <\/label>\n<\/p>\n<p><label> Tu correo electr\u00f3nico (requerido)<br \/>\n<span class=\"wpcf7-form-control-wrap\" data-name=\"your-email\"><input size=\"40\" class=\"wpcf7-form-control wpcf7-text wpcf7-email wpcf7-validates-as-required wpcf7-validates-as-email\" aria-required=\"true\" aria-invalid=\"false\" value=\"\" type=\"email\" name=\"your-email\" \/><\/span> <\/label>\n<\/p>\n<p><label> Nombre del m\u00e1ster<br \/>\n<span class=\"wpcf7-form-control-wrap\" data-name=\"textarea-590\"><textarea cols=\"40\" rows=\"10\" class=\"wpcf7-form-control wpcf7-textarea wpcf7-validates-as-required\" aria-required=\"true\" aria-invalid=\"false\" name=\"textarea-590\"><\/textarea><\/span><\/label>\n<\/p>\n<p><label> Documento resumen TFM <\/label><br \/>\n<span class=\"wpcf7-form-control-wrap\" data-name=\"DocumentoreferentealTFM\"><input size=\"40\" class=\"wpcf7-form-control wpcf7-file wpcf7-validates-as-required\" accept=\".pdf\" aria-required=\"true\" aria-invalid=\"false\" type=\"file\" name=\"DocumentoreferentealTFM\" \/><\/span><br \/>\n<label> Archivo TFM completo <\/label><br \/>\n<span class=\"wpcf7-form-control-wrap\" data-name=\"TFM\"><input size=\"40\" class=\"wpcf7-form-control wpcf7-file wpcf7-validates-as-required\" accept=\".pdf\" aria-required=\"true\" aria-invalid=\"false\" type=\"file\" name=\"TFM\" \/><\/span><br \/>\n<label> Archivo DNI <\/label><br \/>\n<span class=\"wpcf7-form-control-wrap\" data-name=\"file-868\"><input size=\"40\" class=\"wpcf7-form-control wpcf7-file wpcf7-validates-as-required\" accept=\".pdf,.jpg,.jpeg\" aria-required=\"true\" aria-invalid=\"false\" type=\"file\" name=\"file-868\" \/><\/span>\n<\/p>\n<p>Al enviar su candidatura ACEPTA la difusi\u00f3n del TFM por parte de la C\u00e1tedra Caja Rural de Asturias de Industrias y Procesos Agroalimentarios en la forma que se estime por la misma, y AUTORIZA, de conformidad con lo dispuesto en los art\u00edculos 27 v 28 de La Ley 11\/2007, de 22 de junio, de acceso electr\u00f3nico de los ciudadanos a los Servicios p\u00fablicos y respecto a la solicitud presentada para participar en los premios a Trabajos Fin de M\u00e1ster en el marco de la C\u00e1tedra Industrias y Procesos Agroalimentarios, a efectuar las notificaciones y comunicaciones que se deriven de estos premios en el correo electr\u00f3nico proporcionado.\n<\/p>\n<p><input class=\"wpcf7-form-control has-spinner wpcf7-submit\" type=\"submit\" value=\"Enviar\" \/>\n<\/p><div class=\"wpcf7-response-output\" aria-hidden=\"true\"><\/div><\/form><\/div>","protected":false},"excerpt":{"rendered":"<p>CONVOCATORIA VI EDICI\u00d3N \u201cPREMIOS A LOS MEJORES TRABAJOS FIN DE M\u00c1STER (TFM) EN EL CAMPO ALIMENTARIO\u201d La C\u00e1tedra de Industrias y Procesos Agroalimentarios (IPA) de la Universidad de Oviedo y Fundaci\u00f3n Caja Rural de Asturias, tiene entre sus objetivos promover en distintas formas la mejora del sector agroalimentario. En este contexto, se convoca esta VI [&hellip;]<\/p>\n","protected":false},"author":1,"featured_media":0,"parent":0,"menu_order":0,"comment_status":"closed","ping_status":"closed","template":"","meta":[],"_links":{"self":[{"href":"https:\/\/www.unioviedo.es\/catedraIPA\/wp-json\/wp\/v2\/pages\/1184"}],"collection":[{"href":"https:\/\/www.unioviedo.es\/catedraIPA\/wp-json\/wp\/v2\/pages"}],"about":[{"href":"https:\/\/www.unioviedo.es\/catedraIPA\/wp-json\/wp\/v2\/types\/page"}],"author":[{"embeddable":true,"href":"https:\/\/www.unioviedo.es\/catedraIPA\/wp-json\/wp\/v2\/users\/1"}],"replies":[{"embeddable":true,"href":"https:\/\/www.unioviedo.es\/catedraIPA\/wp-json\/wp\/v2\/comments?post=1184"}],"version-history":[{"count":43,"href":"https:\/\/www.unioviedo.es\/catedraIPA\/wp-json\/wp\/v2\/pages\/1184\/revisions"}],"predecessor-version":[{"id":2976,"href":"https:\/\/www.unioviedo.es\/catedraIPA\/wp-json\/wp\/v2\/pages\/1184\/revisions\/2976"}],"wp:attachment":[{"href":"https:\/\/www.unioviedo.es\/catedraIPA\/wp-json\/wp\/v2\/media?parent=1184"}],"curies":[{"name":"wp","href":"https:\/\/api.w.org\/{rel}","templated":true}]}}