{"id":1188,"date":"2019-12-12T10:00:27","date_gmt":"2019-12-12T09:00:27","guid":{"rendered":"https:\/\/www.unioviedo.es\/catedraIPA\/?page_id=1188"},"modified":"2025-10-02T12:44:55","modified_gmt":"2025-10-02T10:44:55","slug":"premios","status":"publish","type":"page","link":"https:\/\/www.unioviedo.es\/catedraIPA\/premios\/","title":{"rendered":"Premios"},"content":{"rendered":"\n<div class=\"is-layout-flex wp-container-2 wp-block-columns\">\n<div class=\"is-layout-flow wp-block-column\">\n<p class=\"has-text-align-left has-medium-font-size\"><strong>1.<\/strong> <a href=\"https:\/\/www.unioviedo.es\/catedraIPA\/premios-innovacion\/\" data-type=\"URL\" data-id=\"https:\/\/www.unioviedo.es\/catedraIPA\/premios-innovacion\/\"><strong>VI Edici\u00f3n Premios Innovaci\u00f3n (2025) &#8211;  Convocatoria CERRADA<\/strong><\/a><\/p>\n\n\n\n<p class=\"has-text-align-center has-medium-font-size\"><a href=\"https:\/\/www.unioviedo.es\/catedraIPA\/?page_id=2513\" data-type=\"page\" data-id=\"2513\">Convocatorias anteriores &#8211; Premios Innovaci\u00f3n Agroalimentaria<\/a><\/p>\n\n\n<div class=\"wp-block-image\">\n<figure class=\"aligncenter size-large is-resized\"><img decoding=\"async\" loading=\"lazy\" src=\"https:\/\/www.unioviedo.es\/catedraIPA\/wp-content\/uploads\/2025\/09\/Premios-innovacion-1024x576.png\" alt=\"\" class=\"wp-image-2918\" width=\"672\" height=\"378\" srcset=\"https:\/\/www.unioviedo.es\/catedraIPA\/wp-content\/uploads\/2025\/09\/Premios-innovacion-1024x576.png 1024w, https:\/\/www.unioviedo.es\/catedraIPA\/wp-content\/uploads\/2025\/09\/Premios-innovacion-300x169.png 300w, https:\/\/www.unioviedo.es\/catedraIPA\/wp-content\/uploads\/2025\/09\/Premios-innovacion-768x432.png 768w, https:\/\/www.unioviedo.es\/catedraIPA\/wp-content\/uploads\/2025\/09\/Premios-innovacion-570x321.png 570w, https:\/\/www.unioviedo.es\/catedraIPA\/wp-content\/uploads\/2025\/09\/Premios-innovacion-1110x624.png 1110w, https:\/\/www.unioviedo.es\/catedraIPA\/wp-content\/uploads\/2025\/09\/Premios-innovacion-528x297.png 528w, https:\/\/www.unioviedo.es\/catedraIPA\/wp-content\/uploads\/2025\/09\/Premios-innovacion.png 1280w\" sizes=\"(max-width: 672px) 100vw, 672px\" \/><\/figure><\/div><\/div>\n<\/div>\n\n\n\n<p class=\"has-text-align-left has-medium-font-size\"><strong>2. <a href=\"https:\/\/www.unioviedo.es\/catedraIPA\/premio-tfm\/\">VI Edici\u00f3n Premios TFM (2025) &#8211; Convocatoria CERRADA<\/a><\/strong><\/p>\n\n\n\n<p class=\"has-text-align-center has-medium-font-size\"><a href=\"https:\/\/www.unioviedo.es\/catedraIPA\/?page_id=2511\" data-type=\"page\" data-id=\"2511\">Convocatorias anteriores &#8211; Premios TFM<\/a><\/p>\n\n\n<div class=\"wp-block-image\">\n<figure class=\"aligncenter size-large is-resized\"><img decoding=\"async\" loading=\"lazy\" src=\"https:\/\/www.unioviedo.es\/catedraIPA\/wp-content\/uploads\/2025\/07\/Premios-TFM-1024x576.png\" alt=\"\" class=\"wp-image-2869\" width=\"598\" height=\"336\" srcset=\"https:\/\/www.unioviedo.es\/catedraIPA\/wp-content\/uploads\/2025\/07\/Premios-TFM-1024x576.png 1024w, https:\/\/www.unioviedo.es\/catedraIPA\/wp-content\/uploads\/2025\/07\/Premios-TFM-300x169.png 300w, https:\/\/www.unioviedo.es\/catedraIPA\/wp-content\/uploads\/2025\/07\/Premios-TFM-768x432.png 768w, https:\/\/www.unioviedo.es\/catedraIPA\/wp-content\/uploads\/2025\/07\/Premios-TFM-570x321.png 570w, https:\/\/www.unioviedo.es\/catedraIPA\/wp-content\/uploads\/2025\/07\/Premios-TFM-1110x624.png 1110w, https:\/\/www.unioviedo.es\/catedraIPA\/wp-content\/uploads\/2025\/07\/Premios-TFM-528x297.png 528w, https:\/\/www.unioviedo.es\/catedraIPA\/wp-content\/uploads\/2025\/07\/Premios-TFM.png 1280w\" sizes=\"(max-width: 598px) 100vw, 598px\" \/><\/figure><\/div>","protected":false},"excerpt":{"rendered":"<p>1. VI Edici\u00f3n Premios Innovaci\u00f3n (2025) &#8211; Convocatoria CERRADA Convocatorias anteriores &#8211; Premios Innovaci\u00f3n Agroalimentaria 2. VI Edici\u00f3n Premios TFM (2025) &#8211; Convocatoria CERRADA Convocatorias anteriores &#8211; Premios TFM<\/p>\n","protected":false},"author":1,"featured_media":0,"parent":0,"menu_order":0,"comment_status":"closed","ping_status":"closed","template":"","meta":[],"_links":{"self":[{"href":"https:\/\/www.unioviedo.es\/catedraIPA\/wp-json\/wp\/v2\/pages\/1188"}],"collection":[{"href":"https:\/\/www.unioviedo.es\/catedraIPA\/wp-json\/wp\/v2\/pages"}],"about":[{"href":"https:\/\/www.unioviedo.es\/catedraIPA\/wp-json\/wp\/v2\/types\/page"}],"author":[{"embeddable":true,"href":"https:\/\/www.unioviedo.es\/catedraIPA\/wp-json\/wp\/v2\/users\/1"}],"replies":[{"embeddable":true,"href":"https:\/\/www.unioviedo.es\/catedraIPA\/wp-json\/wp\/v2\/comments?post=1188"}],"version-history":[{"count":29,"href":"https:\/\/www.unioviedo.es\/catedraIPA\/wp-json\/wp\/v2\/pages\/1188\/revisions"}],"predecessor-version":[{"id":2974,"href":"https:\/\/www.unioviedo.es\/catedraIPA\/wp-json\/wp\/v2\/pages\/1188\/revisions\/2974"}],"wp:attachment":[{"href":"https:\/\/www.unioviedo.es\/catedraIPA\/wp-json\/wp\/v2\/media?parent=1188"}],"curies":[{"name":"wp","href":"https:\/\/api.w.org\/{rel}","templated":true}]}}