{"id":412,"date":"2019-10-24T19:12:13","date_gmt":"2019-10-24T17:12:13","guid":{"rendered":"https:\/\/www.unioviedo.es\/TBR\/catedraIPA\/?page_id=412"},"modified":"2019-11-26T13:07:17","modified_gmt":"2019-11-26T12:07:17","slug":"enlaces","status":"publish","type":"page","link":"https:\/\/www.unioviedo.es\/catedraIPA\/enlaces\/","title":{"rendered":"Links"},"content":{"rendered":"\n<ul><li><a href=\"http:\/\/www.quesocabrales.org\/\">D.O.P. Cabrales Regulatory Council<\/a><\/li><li><a href=\"http:\/\/www.doafuegalpitu.com\/\">D.O.P. Afuega&#8217;l Pitu\u00a0Regulatory\u00a0Council<\/a><\/li><li><a href=\"http:\/\/www.dopgamoneu.com\/\">D.O.P. Gamoneu Regulatory Council<\/a><\/li><li><a href=\"http:\/\/www.dopquesocasin.es\/\">D.O.P. Cas\u00edn Regulatory Council<\/a><\/li><li><\/li><li><a href=\"http:\/\/asociaciondequeserosartesanos.com\/asturias\/\">Asociaci\u00f3n de Queseros Artesanos de Asturias<\/a><\/li><li><a href=\"https:\/\/www.facebook.com\/pages\/category\/Organization\/Cofradia-Amigos-Quesos-Asturias-151314124924300\/\">Cofrad\u00eda Amigos de los Quesos de Asturias<\/a><\/li><\/ul>\n","protected":false},"excerpt":{"rendered":"<p>D.O.P. Cabrales Regulatory Council D.O.P. Afuega&#8217;l Pitu\u00a0Regulatory\u00a0Council D.O.P. Gamoneu Regulatory Council D.O.P. Cas\u00edn Regulatory Council Asociaci\u00f3n de Queseros Artesanos de Asturias Cofrad\u00eda Amigos de los Quesos de Asturias<\/p>\n","protected":false},"author":1,"featured_media":20,"parent":0,"menu_order":0,"comment_status":"closed","ping_status":"closed","template":"","meta":[],"_links":{"self":[{"href":"https:\/\/www.unioviedo.es\/catedraIPA\/wp-json\/wp\/v2\/pages\/412"}],"collection":[{"href":"https:\/\/www.unioviedo.es\/catedraIPA\/wp-json\/wp\/v2\/pages"}],"about":[{"href":"https:\/\/www.unioviedo.es\/catedraIPA\/wp-json\/wp\/v2\/types\/page"}],"author":[{"embeddable":true,"href":"https:\/\/www.unioviedo.es\/catedraIPA\/wp-json\/wp\/v2\/users\/1"}],"replies":[{"embeddable":true,"href":"https:\/\/www.unioviedo.es\/catedraIPA\/wp-json\/wp\/v2\/comments?post=412"}],"version-history":[{"count":6,"href":"https:\/\/www.unioviedo.es\/catedraIPA\/wp-json\/wp\/v2\/pages\/412\/revisions"}],"predecessor-version":[{"id":825,"href":"https:\/\/www.unioviedo.es\/catedraIPA\/wp-json\/wp\/v2\/pages\/412\/revisions\/825"}],"wp:featuredmedia":[{"embeddable":true,"href":"https:\/\/www.unioviedo.es\/catedraIPA\/wp-json\/wp\/v2\/media\/20"}],"wp:attachment":[{"href":"https:\/\/www.unioviedo.es\/catedraIPA\/wp-json\/wp\/v2\/media?parent=412"}],"curies":[{"name":"wp","href":"https:\/\/api.w.org\/{rel}","templated":true}]}}