{"id":80,"date":"2019-05-16T14:15:51","date_gmt":"2019-05-16T12:15:51","guid":{"rendered":"https:\/\/www.unioviedo.es\/TBR\/catedraIPA\/?page_id=80"},"modified":"2025-01-20T14:57:40","modified_gmt":"2025-01-20T13:57:40","slug":"programacion-de-la-catedra","status":"publish","type":"page","link":"https:\/\/www.unioviedo.es\/catedraIPA\/programacion-de-la-catedra\/","title":{"rendered":"Programaci\u00f3n de la C\u00e1tedra"},"content":{"rendered":"\n<p>El sector agroalimentario es el primer sector industrial del pa\u00eds, y presenta una gran tendencia a la tecnificaci\u00f3n en un proceso continuo de innovaci\u00f3n. En dicho contexto, entre los objetivos de esta\u00a0<em>C\u00e1tedra Industrias y Procesos Agroalimentarios \u2013 Fundaci\u00f3n Caja Rural de Asturias <\/em>destacan la contribuci\u00f3n para la identificaci\u00f3n de los aspectos determinantes en el futuro del sector, el apoyo para la introducci\u00f3n de herramientas tecnol\u00f3gicas y cient\u00edficas, as\u00ed como el incremento de la difusi\u00f3n social, promoviendo la cooperaci\u00f3n Universidad \u2013 Empresa \u2013 Sociedad, siempre con el apoyo de las industrias y de la Fundaci\u00f3n Caja Rural de Asturias.<\/p>\n","protected":false},"excerpt":{"rendered":"<p>El sector agroalimentario es el primer sector industrial del pa\u00eds, y presenta una gran tendencia a la tecnificaci\u00f3n en un proceso continuo de innovaci\u00f3n. En dicho contexto, entre los objetivos de esta\u00a0C\u00e1tedra Industrias y Procesos Agroalimentarios \u2013 Fundaci\u00f3n Caja Rural de Asturias destacan la contribuci\u00f3n para la identificaci\u00f3n de los aspectos determinantes en el futuro [&hellip;]<\/p>\n","protected":false},"author":1,"featured_media":24,"parent":0,"menu_order":0,"comment_status":"closed","ping_status":"closed","template":"","meta":[],"_links":{"self":[{"href":"https:\/\/www.unioviedo.es\/catedraIPA\/wp-json\/wp\/v2\/pages\/80"}],"collection":[{"href":"https:\/\/www.unioviedo.es\/catedraIPA\/wp-json\/wp\/v2\/pages"}],"about":[{"href":"https:\/\/www.unioviedo.es\/catedraIPA\/wp-json\/wp\/v2\/types\/page"}],"author":[{"embeddable":true,"href":"https:\/\/www.unioviedo.es\/catedraIPA\/wp-json\/wp\/v2\/users\/1"}],"replies":[{"embeddable":true,"href":"https:\/\/www.unioviedo.es\/catedraIPA\/wp-json\/wp\/v2\/comments?post=80"}],"version-history":[{"count":5,"href":"https:\/\/www.unioviedo.es\/catedraIPA\/wp-json\/wp\/v2\/pages\/80\/revisions"}],"predecessor-version":[{"id":2696,"href":"https:\/\/www.unioviedo.es\/catedraIPA\/wp-json\/wp\/v2\/pages\/80\/revisions\/2696"}],"wp:featuredmedia":[{"embeddable":true,"href":"https:\/\/www.unioviedo.es\/catedraIPA\/wp-json\/wp\/v2\/media\/24"}],"wp:attachment":[{"href":"https:\/\/www.unioviedo.es\/catedraIPA\/wp-json\/wp\/v2\/media?parent=80"}],"curies":[{"name":"wp","href":"https:\/\/api.w.org\/{rel}","templated":true}]}}