{"id":878,"date":"2019-11-28T11:34:22","date_gmt":"2019-11-28T10:34:22","guid":{"rendered":"https:\/\/www.unioviedo.es\/catedraIPA\/?page_id=878"},"modified":"2021-01-21T16:26:33","modified_gmt":"2021-01-21T15:26:33","slug":"jornadas-y-actos","status":"publish","type":"page","link":"https:\/\/www.unioviedo.es\/catedraIPA\/jornadas-y-actos\/","title":{"rendered":"Jornadas y actos"},"content":{"rendered":"\n<h3>&#8211; <a href=\"https:\/\/www.unioviedo.es\/catedraIPA\/jornada-con-empresas-del-polo-alimentario\/\">Reuni\u00f3n Polo Alimentario<\/a> (27.11.2019)  <\/h3>\n\n\n\n<h3>&#8211; <a href=\"https:\/\/www.unioviedo.es\/catedraIPA\/acto-promocional-de-la-asociacion-de-queseros-artesanos-de-asturias\/\">Acto Promocional Asociaci\u00f3n de Queseros Artesanos de Asturias<\/a> (04.03.2020)<\/h3>\n\n\n\n<h3>&#8211; <a href=\"https:\/\/www.unioviedo.es\/catedraIPA\/celebracion-del-acto-de-entrega-de-los-premios-innovacion-en-el-sector-alimentario\/\">Acto de entrega Premios Innovaci\u00f3n 2020<\/a> (23.12.2020)<\/h3>\n\n\n\n<p><\/p>\n","protected":false},"excerpt":{"rendered":"<p>&#8211; Reuni\u00f3n Polo Alimentario (27.11.2019) &#8211; Acto Promocional Asociaci\u00f3n de Queseros Artesanos de Asturias (04.03.2020) &#8211; Acto de entrega Premios Innovaci\u00f3n 2020 (23.12.2020)<\/p>\n","protected":false},"author":1,"featured_media":0,"parent":0,"menu_order":0,"comment_status":"closed","ping_status":"closed","template":"","meta":[],"_links":{"self":[{"href":"https:\/\/www.unioviedo.es\/catedraIPA\/wp-json\/wp\/v2\/pages\/878"}],"collection":[{"href":"https:\/\/www.unioviedo.es\/catedraIPA\/wp-json\/wp\/v2\/pages"}],"about":[{"href":"https:\/\/www.unioviedo.es\/catedraIPA\/wp-json\/wp\/v2\/types\/page"}],"author":[{"embeddable":true,"href":"https:\/\/www.unioviedo.es\/catedraIPA\/wp-json\/wp\/v2\/users\/1"}],"replies":[{"embeddable":true,"href":"https:\/\/www.unioviedo.es\/catedraIPA\/wp-json\/wp\/v2\/comments?post=878"}],"version-history":[{"count":8,"href":"https:\/\/www.unioviedo.es\/catedraIPA\/wp-json\/wp\/v2\/pages\/878\/revisions"}],"predecessor-version":[{"id":1785,"href":"https:\/\/www.unioviedo.es\/catedraIPA\/wp-json\/wp\/v2\/pages\/878\/revisions\/1785"}],"wp:attachment":[{"href":"https:\/\/www.unioviedo.es\/catedraIPA\/wp-json\/wp\/v2\/media?parent=878"}],"curies":[{"name":"wp","href":"https:\/\/api.w.org\/{rel}","templated":true}]}}