{"id":88,"date":"2019-05-16T14:17:51","date_gmt":"2019-05-16T12:17:51","guid":{"rendered":"https:\/\/www.unioviedo.es\/TBR\/catedraIPA\/?page_id=88"},"modified":"2019-11-07T09:06:15","modified_gmt":"2019-11-07T08:06:15","slug":"cursos-master-oficiales","status":"publish","type":"page","link":"https:\/\/www.unioviedo.es\/catedraIPA\/cursos-master-oficiales\/","title":{"rendered":"Cursos Master Oficiales"},"content":{"rendered":"\n<h3>M\u00e1ster en Biotecnolog\u00eda Alimentaria (MBtA)<\/h3>\n\n\n\n<div class=\"wp-block-image\"><figure class=\"alignleft is-resized\"><img decoding=\"async\" loading=\"lazy\" src=\"https:\/\/www.unioviedo.es\/TBR\/catedraIPA\/wp-content\/uploads\/2019\/11\/logo_mbta-768x384-1.png\" alt=\"\" class=\"wp-image-568\" width=\"278\" height=\"138\" srcset=\"https:\/\/www.unioviedo.es\/catedraIPA\/wp-content\/uploads\/2019\/11\/logo_mbta-768x384-1.png 768w, https:\/\/www.unioviedo.es\/catedraIPA\/wp-content\/uploads\/2019\/11\/logo_mbta-768x384-1-300x150.png 300w, https:\/\/www.unioviedo.es\/catedraIPA\/wp-content\/uploads\/2019\/11\/logo_mbta-768x384-1-570x285.png 570w\" sizes=\"(max-width: 278px) 100vw, 278px\" \/><\/figure><\/div>\n\n\n\n<p> Este t\u00edtulo de m\u00e1ster pretende aportar a titulados de grado de diversa procedencia, una formaci\u00f3n en biotecnolog\u00eda alimentaria que les permita desarrollar actividades de investigaci\u00f3n, y darles formaci\u00f3n profesional para la industria alimentaria. La Universidad de Oviedo quiere aportar profesionales e investigaci\u00f3n para el principal sector industrial de Espa\u00f1a. La relevancia cient\u00edfica viene derivada no s\u00f3lo de la investigaci\u00f3n realizada en el sector alimentario y mostrado en el apartado correspondiente, sino, tambi\u00e9n por el amplio potencial de desarrollo en un campo de gran diversidad y gran importancia industrial como es el sector alimentario y su relaci\u00f3n con el campo de la salud. Por otro lado, la relevancia espec\u00edfica de tipo acad\u00e9mico es clara en la Universidad de Oviedo por el car\u00e1cter casi \u00fanico que este curso tiene en el \u00e1rea espec\u00edfica de alimentaci\u00f3n. <\/p>\n\n\n\n<p><a href=\"https:\/\/www.unioviedo.es\/MBTA\/\">Ver web<\/a><\/p>\n","protected":false},"excerpt":{"rendered":"<p>M\u00e1ster en Biotecnolog\u00eda Alimentaria (MBtA) Este t\u00edtulo de m\u00e1ster pretende aportar a titulados de grado de diversa procedencia, una formaci\u00f3n en biotecnolog\u00eda alimentaria que les permita desarrollar actividades de investigaci\u00f3n, y darles formaci\u00f3n profesional para la industria alimentaria. La Universidad de Oviedo quiere aportar profesionales e investigaci\u00f3n para el principal sector industrial de Espa\u00f1a. La [&hellip;]<\/p>\n","protected":false},"author":1,"featured_media":25,"parent":0,"menu_order":0,"comment_status":"closed","ping_status":"closed","template":"","meta":[],"_links":{"self":[{"href":"https:\/\/www.unioviedo.es\/catedraIPA\/wp-json\/wp\/v2\/pages\/88"}],"collection":[{"href":"https:\/\/www.unioviedo.es\/catedraIPA\/wp-json\/wp\/v2\/pages"}],"about":[{"href":"https:\/\/www.unioviedo.es\/catedraIPA\/wp-json\/wp\/v2\/types\/page"}],"author":[{"embeddable":true,"href":"https:\/\/www.unioviedo.es\/catedraIPA\/wp-json\/wp\/v2\/users\/1"}],"replies":[{"embeddable":true,"href":"https:\/\/www.unioviedo.es\/catedraIPA\/wp-json\/wp\/v2\/comments?post=88"}],"version-history":[{"count":2,"href":"https:\/\/www.unioviedo.es\/catedraIPA\/wp-json\/wp\/v2\/pages\/88\/revisions"}],"predecessor-version":[{"id":569,"href":"https:\/\/www.unioviedo.es\/catedraIPA\/wp-json\/wp\/v2\/pages\/88\/revisions\/569"}],"wp:featuredmedia":[{"embeddable":true,"href":"https:\/\/www.unioviedo.es\/catedraIPA\/wp-json\/wp\/v2\/media\/25"}],"wp:attachment":[{"href":"https:\/\/www.unioviedo.es\/catedraIPA\/wp-json\/wp\/v2\/media?parent=88"}],"curies":[{"name":"wp","href":"https:\/\/api.w.org\/{rel}","templated":true}]}}