{"id":92,"date":"2019-05-16T14:18:45","date_gmt":"2019-05-16T12:18:45","guid":{"rendered":"https:\/\/www.unioviedo.es\/TBR\/catedraIPA\/?page_id=92"},"modified":"2019-11-26T13:02:58","modified_gmt":"2019-11-26T12:02:58","slug":"cursos-cortos","status":"publish","type":"page","link":"https:\/\/www.unioviedo.es\/catedraIPA\/cursos-cortos\/","title":{"rendered":"Cursos Cortos"},"content":{"rendered":"\n<h4><strong>Curso de Tecnolog\u00eda Quesera<\/strong><\/h4>\n\n\n\n<p>Los dias 29 y 30 de Mayo de 2019, tuvo lugar el curso de tecnolog\u00eda quesera con la participaci\u00f3n de 12 alumnos, profesionales del sector quesero, t\u00e9cnicos relacionados con la tecnolog\u00eda y la producci\u00f3n agro-alimentaria y personas interesadas en el mundo de los quesos. El curso ha contado con profesorado de la Universidad de Oviedo, del Instituto de Productos L\u00e1cteos de Asturias (IPLA) y del Laboratorio Interprofesional L\u00e1cteo de Asturias (LILA). El curso ha servido de punto de encuentro entre profesionales del sector l\u00e1cteo, el sector investigador y el formativo , tratando de mejorar las conexiones entre ellos.<\/p>\n\n\n\n<div class=\"wp-block-file\"><a href=\"https:\/\/www.unioviedo.es\/TBR\/catedraIPA\/wp-content\/uploads\/2019\/11\/Programa-Curso-Tecnologia-Quesera.pdf\">PROGRAMA DEL CURSO<\/a><a href=\"https:\/\/www.unioviedo.es\/TBR\/catedraIPA\/wp-content\/uploads\/2019\/11\/Programa-Curso-Tecnologia-Quesera.pdf\" class=\"wp-block-file__button\" download>Descargar<\/a><\/div>\n\n\n\n<p><\/p>\n","protected":false},"excerpt":{"rendered":"<p>Curso de Tecnolog\u00eda Quesera Los dias 29 y 30 de Mayo de 2019, tuvo lugar el curso de tecnolog\u00eda quesera con la participaci\u00f3n de 12 alumnos, profesionales del sector quesero, t\u00e9cnicos relacionados con la tecnolog\u00eda y la producci\u00f3n agro-alimentaria y personas interesadas en el mundo de los quesos. El curso ha contado con profesorado de [&hellip;]<\/p>\n","protected":false},"author":1,"featured_media":190,"parent":0,"menu_order":0,"comment_status":"closed","ping_status":"closed","template":"","meta":[],"_links":{"self":[{"href":"https:\/\/www.unioviedo.es\/catedraIPA\/wp-json\/wp\/v2\/pages\/92"}],"collection":[{"href":"https:\/\/www.unioviedo.es\/catedraIPA\/wp-json\/wp\/v2\/pages"}],"about":[{"href":"https:\/\/www.unioviedo.es\/catedraIPA\/wp-json\/wp\/v2\/types\/page"}],"author":[{"embeddable":true,"href":"https:\/\/www.unioviedo.es\/catedraIPA\/wp-json\/wp\/v2\/users\/1"}],"replies":[{"embeddable":true,"href":"https:\/\/www.unioviedo.es\/catedraIPA\/wp-json\/wp\/v2\/comments?post=92"}],"version-history":[{"count":6,"href":"https:\/\/www.unioviedo.es\/catedraIPA\/wp-json\/wp\/v2\/pages\/92\/revisions"}],"predecessor-version":[{"id":823,"href":"https:\/\/www.unioviedo.es\/catedraIPA\/wp-json\/wp\/v2\/pages\/92\/revisions\/823"}],"wp:featuredmedia":[{"embeddable":true,"href":"https:\/\/www.unioviedo.es\/catedraIPA\/wp-json\/wp\/v2\/media\/190"}],"wp:attachment":[{"href":"https:\/\/www.unioviedo.es\/catedraIPA\/wp-json\/wp\/v2\/media?parent=92"}],"curies":[{"name":"wp","href":"https:\/\/api.w.org\/{rel}","templated":true}]}}