{"id":186,"date":"2018-06-22T13:54:10","date_gmt":"2018-06-22T11:54:10","guid":{"rendered":"https:\/\/www.unioviedo.es\/catedracrecimiento\/?page_id=186"},"modified":"2021-12-03T19:02:23","modified_gmt":"2021-12-03T17:02:23","slug":"resumen-de-medios","status":"publish","type":"page","link":"https:\/\/www.unioviedo.es\/catedracrecimiento\/resumen-de-medios\/","title":{"rendered":"Resumen de medios"},"content":{"rendered":"<p><strong><b>2 diciembre 2021<\/b><\/strong><\/p>\n<p><a href=\"https:\/\/www.lne.es\/oviedo\/2021\/12\/03\/colaboracion-universidad-empresa-formula-mundo-60266936.html\">\u201cLa colaboraci\u00f3n entre Universidad y empresa, \u00abuna f\u00f3rmula en la que todo el mundo gana\u00bb\u201d<\/a><\/p>\n<p><strong><b>4 noviembre 2021<\/b><\/strong><\/p>\n<p><a href=\"https:\/\/www.unioviedo.es\/catedracrecimiento\/wp-content\/uploads\/2021\/11\/EmpresaFamiliar.jpeg\">\u201cLa empresa familiar asturiana, con pies de plomo para crecer y con muchas novias<\/a>\u201d<\/p>\n<p><strong><b>18 septiembre 2021<\/b><\/strong><\/p>\n<p><a href=\"https:\/\/www.unioviedo.es\/catedracrecimiento\/wp-content\/uploads\/2021\/09\/Imagen-1.jpg\">\u201cBin Laden, vacunas y boom exportador: las lecciones de los j\u00f3venes economistas<\/a>\u201d<\/p>\n<p><strong><b>25 junio 2021<\/b><\/strong><\/p>\n<p><a href=\"https:\/\/www.unioviedo.es\/catedracrecimiento\/resumen-de-medios\/20210625-noticia-lne\/\">\u201cEl IUDE consolida su oferta formativa para la gesti\u00f3n empresarial<\/a>\u201d<\/p>\n<p><strong><b>6 junio 2021<\/b><\/strong><\/p>\n<p><a href=\"https:\/\/www.unioviedo.es\/catedracrecimiento\/wp-content\/uploads\/2021\/06\/GARCIA-CANAL-ESTEBAN-entrevista.pdf\">\u201cEl balance de la transici\u00f3n energ\u00e9tica es desfavorable para la regi\u00f3n\u201d <\/a>(<a href=\"https:\/\/www.lne.es\/economia\/2021\/06\/06\/balance-transicion-energetica-desfavorable-region-52667970.html\">enlace a la web de La Nueva Espa\u00f1a<\/a>)<\/p>\n<p><strong><b>24 marzo 2021<\/b><\/strong><\/p>\n<p><a href=\"https:\/\/www.lne.es\/asturias\/2021\/03\/24\/guillen-empleo-futuro-sera-destrezas-45190612.html\">Guill\u00e9n: \u201cEl empleo del futuro ser\u00e1 para las destrezas sociales, no para las t\u00e9cnicas\u201d<\/a><\/p>\n<p><strong><b>21 marzo 2021<\/b><\/strong><\/p>\n<p><a href=\"https:\/\/www.lne.es\/economia\/2021\/03\/21\/asturias-debe-reinventarse-sociedad-inercia-43638579.html\">\u201cAsturias debe reinventarse como sociedad, pero la inercia del pasado es muy grande\u201d<\/a><\/p>\n<p><strong><b>18 marzo 2021<\/b><\/strong><\/p>\n<p><a href=\"https:\/\/www.lne.es\/sociedad\/2021\/03\/18\/mauro-guillen-hablara-viernes-futuro-43444935.html\">Mauro Guill\u00e9n hablar\u00e1 el martes del futuro de los mercados en el Club Prensa Asturiana Digital<\/a><\/p>\n<p><strong><b>11 marzo 2021<\/b><\/strong><\/p>\n<p><a href=\"https:\/\/www.lne.es\/asturias\/2021\/03\/11\/mauro-guillen-sera-decano-escuela-40288224.html\">Mauro Guill\u00e9n ser\u00e1 decano de la Escuela de Negocios de Cambridge<\/a><\/p>\n<p><strong><b>25 octubre 2020<\/b><\/strong><\/p>\n<p><a href=\"https:\/\/www.abc.es\/economia\/abci-esteban-garcia-canal-faltado-voluntad-para-implantar-reformas-mejoren-competitividad-202010290157_noticia.html\">Entrevista a Esteban Garc\u00eda-Canal en el suplemento de econom\u00eda del ABC<\/a><\/p>\n<p><strong><b>7 junio 2019<\/b><\/strong><\/p>\n<p><a href=\"https:\/\/www.lne.es\/oviedo\/2019\/06\/07\/rafael-contreras-detras-maquina-habra\/2484599.html\">Rafael Contreras: \u00abDetr\u00e1s de una m\u00e1quina siempre habr\u00e1 un cerebro humano\u00bb<\/a><\/p>\n<p><strong><b>30 mayo 2019<\/b><\/strong><\/p>\n<p><a href=\"https:\/\/www.lne.es\/economia\/2019\/05\/30\/guillen-plataformas-exito-supieron-entender\/2480327.html\">Guill\u00e9n: \u00abLas plataformas de \u00e9xito supieron entender el mercado\u00bb<\/a><\/p>\n<p><strong><b>29 mayo 2019<\/b><\/strong><\/p>\n<p><a href=\"https:\/\/club.lne.es\/programacion\/3425\/tendencias-demograficas-globales-nuevos-modelos-negocio.html?fbclid=IwAR0hh_GmYBJbR-hqsjGGg8jVT1ouSJOPaFHv0lC6WDP78EW1dvfRUilk7rY\">Tendencias demogr\u00e1ficas globales y nuevos modelos de negocio<\/a><\/p>\n<p style=\"text-align: justify;\"><strong><b>22 noviembre 2018<\/b><\/strong><\/p>\n<p><a href=\"https:\/\/www.elcomercio.es\/asturias\/catedra-crecimiento-empresarial-20181122220109-nt.html\">C\u00e1tedra de Crecimiento Empresarial e Internacionalizaci\u00f3n<\/a><\/p>\n<p style=\"text-align: justify;\"><strong>22 junio 2018<\/strong><\/p>\n<p style=\"text-align: justify;\"><a href=\"https:\/\/www.lne.es\/asturias\/2018\/06\/22\/julio-bruno-subes-jefe\/2306865.html\">Julio Bruno: \u00abCuanto m\u00e1s arriba subes, menos jefe eres\u00bb<\/a><\/p>\n<p><strong>19 junio 2018<\/strong><\/p>\n<p><a href=\"https:\/\/www.lne.es\/asturias\/2018\/06\/19\/niebla-noticias-falsas-gente-busca\/2305200.html\">Julio Bruno: \u00abEn esta era de niebla de noticias falsas, la gente busca el periodismo real\u00bb<\/a><\/p>\n<p><a href=\"https:\/\/www.laopinioncoruna.es\/contraportada\/2018\/06\/19\/niebla-noticias-falsas-gente-busca\/1302370.html?fbclid=IwAR077A_hOekWF6W8XdKooiTsNU90NIAL-osHOwzbPMIH97x0adL9_uOy_HQ\">\u00abEn esta era de niebla de noticias falsas, la gente busca el periodismo real\u00bb<\/a><\/p>\n<p style=\"text-align: justify;\"><strong>18 junio 2018<\/strong><\/p>\n<p style=\"text-align: justify;\"><a href=\"https:\/\/www.lne.es\/asturias\/2018\/06\/18\/universidad-fundacion-sabadell-crean-catedra\/2305054.html\">La Universidad y Sabadell crean la C\u00e1tedra de Crecimiento e Internacionalizaci\u00f3n<\/a><\/p>\n<p style=\"text-align: justify;\"><strong>26 abril 2018<\/strong><\/p>\n<p style=\"text-align: justify;\"><a href=\"https:\/\/www.rtpa.es\/asturias:-Increase,-un-proyecto-para-facilitar-el-crecimiento-de-las-empresas_111524740059.html?fbclid=IwAR0bsxyGnyEqj6hmIJcsD-NFFslc6IN_XXn_LbN5-sE1tmAT1ybS5DYiIUg\" rel=\"bookmark\">Increase, un proyecto para facilitar el crecimiento de las empresas<\/a><\/p>\n","protected":false},"excerpt":{"rendered":"<p>2 diciembre 2021 \u201cLa colaboraci\u00f3n entre Universidad y empresa, \u00abuna f\u00f3rmula en la que todo el mundo gana\u00bb\u201d 4 noviembre 2021 \u201cLa empresa familiar asturiana, con pies de plomo para crecer y con muchas novias\u201d 18 septiembre 2021 \u201cBin Laden, vacunas y boom exportador: las lecciones de los j\u00f3venes economistas\u201d 25 junio 2021 \u201cEl IUDE &hellip; <\/p>\n<p class=\"link-more\"><a href=\"https:\/\/www.unioviedo.es\/catedracrecimiento\/resumen-de-medios\/\" class=\"more-link\">Continuar leyendo<span class=\"screen-reader-text\"> \u00abResumen de medios\u00bb<\/span><\/a><\/p>\n","protected":false},"author":1,"featured_media":0,"parent":0,"menu_order":0,"comment_status":"closed","ping_status":"closed","template":"","meta":{"footnotes":""},"class_list":["post-186","page","type-page","status-publish","hentry"],"_links":{"self":[{"href":"https:\/\/www.unioviedo.es\/catedracrecimiento\/wp-json\/wp\/v2\/pages\/186","targetHints":{"allow":["GET"]}}],"collection":[{"href":"https:\/\/www.unioviedo.es\/catedracrecimiento\/wp-json\/wp\/v2\/pages"}],"about":[{"href":"https:\/\/www.unioviedo.es\/catedracrecimiento\/wp-json\/wp\/v2\/types\/page"}],"author":[{"embeddable":true,"href":"https:\/\/www.unioviedo.es\/catedracrecimiento\/wp-json\/wp\/v2\/users\/1"}],"replies":[{"embeddable":true,"href":"https:\/\/www.unioviedo.es\/catedracrecimiento\/wp-json\/wp\/v2\/comments?post=186"}],"version-history":[{"count":28,"href":"https:\/\/www.unioviedo.es\/catedracrecimiento\/wp-json\/wp\/v2\/pages\/186\/revisions"}],"predecessor-version":[{"id":918,"href":"https:\/\/www.unioviedo.es\/catedracrecimiento\/wp-json\/wp\/v2\/pages\/186\/revisions\/918"}],"wp:attachment":[{"href":"https:\/\/www.unioviedo.es\/catedracrecimiento\/wp-json\/wp\/v2\/media?parent=186"}],"curies":[{"name":"wp","href":"https:\/\/api.w.org\/{rel}","templated":true}]}}